{"id":1739,"date":"2022-08-24T09:05:53","date_gmt":"2022-08-24T01:05:53","guid":{"rendered":"http:\/\/www.garden-kit.com\/product\/heirloom-vegetable-seeds-pack\/"},"modified":"2023-11-28T16:10:22","modified_gmt":"2023-11-28T08:10:22","slug":"vegetable-seed-variety-pack","status":"publish","type":"product","link":"https:\/\/www.garden-kit.com\/pt\/product\/vegetable-seed-variety-pack\/","title":{"rendered":"Pacote de Variedades de Sementes Vegetais"},"content":{"rendered":"<h3 style=\"line-height: 1.5;font-size: 19px\"><span style=\"font-family: arial, helvetica, sans-serif;font-size: 16px\">Vis\u00e3o geral<\/span><\/h3>\n<table style=\"border-collapse: collapse;width: 100%;height: 254px\">\n<tbody>\n<tr style=\"height: 30.6875px\">\n<td style=\"width: 49.4196%;height: 30.6875px\" width=\"298\"><span style=\"font-family: arial, helvetica, sans-serif;font-size: 16px\">Instru\u00e7\u00f5es de cuidados com o produto<\/span><\/td>\n<td style=\"width: 49.4196%;height: 30.6875px\" width=\"298\"><span style=\"font-family: arial, helvetica, sans-serif;font-size: 16px\">Dispon\u00edvel<\/span><\/td>\n<\/tr>\n<tr style=\"height: 30.6875px\">\n<td style=\"width: 49.4196%;height: 30.6875px\" width=\"298\"><span style=\"font-family: arial, helvetica, sans-serif;font-size: 16px\">Tipo de produto vegetal<\/span><\/td>\n<td style=\"width: 49.4196%;height: 30.6875px\" width=\"298\"><span style=\"font-family: arial, helvetica, sans-serif;font-size: 16px\">Sementes de Legumes Rel\u00edquias<\/span><\/td>\n<\/tr>\n<tr style=\"height: 30.6875px\">\n<td style=\"width: 49.4196%;height: 30.6875px\" width=\"298\"><span style=\"font-family: arial, helvetica, sans-serif;font-size: 16px\">Caracter\u00edstica especial<\/span><\/td>\n<td style=\"width: 49.4196%;height: 30.6875px\" width=\"298\"><span style=\"font-family: arial, helvetica, sans-serif;font-size: 16px\">Cultivo interno-externo<\/span><\/td>\n<\/tr>\n<tr style=\"height: 30.6875px\">\n<td style=\"width: 49.4196%;height: 30.6875px\" width=\"298\"><span style=\"font-family: arial, helvetica, sans-serif;font-size: 16px\">Marca<\/span><\/td>\n<td style=\"width: 49.4196%;height: 30.6875px\" width=\"298\"><span style=\"font-family: arial, helvetica, sans-serif;font-size: 16px\">kit jardim<\/span><\/td>\n<\/tr>\n<tr style=\"height: 30.6875px\">\n<td style=\"width: 49.4196%;height: 30.6875px\" width=\"298\"><span style=\"font-family: arial, helvetica, sans-serif;font-size: 16px\">Lugar de origem<\/span><\/td>\n<td style=\"width: 49.4196%;height: 30.6875px\" width=\"298\"><span style=\"font-family: arial, helvetica, sans-serif;font-size: 16px\">Fujian, China<\/span><\/td>\n<\/tr>\n<tr style=\"height: 30.6875px\">\n<td style=\"width: 49.4196%;height: 30.6875px\" width=\"298\"><span style=\"font-family: arial, helvetica, sans-serif;font-size: 16px\">ODM\/OEM<\/span><\/td>\n<td style=\"width: 49.4196%;height: 30.6875px\" width=\"298\"><span style=\"font-family: arial, helvetica, sans-serif;font-size: 16px\">Dispon\u00edvel<\/span><\/td>\n<\/tr>\n<tr style=\"height: 30.6875px\">\n<td style=\"width: 49.4196%;height: 30.6875px\" width=\"298\"><span style=\"font-family: arial, helvetica, sans-serif;font-size: 16px\">MOQ para pedido personalizado<\/span><\/td>\n<td style=\"width: 49.4196%;height: 30.6875px\" width=\"298\"><span style=\"font-family: arial, helvetica, sans-serif;font-size: 16px\">3000 unidades<\/span><\/td>\n<\/tr>\n<tr style=\"height: 39.1875px\">\n<td style=\"width: 49.4196%;height: 39.1875px\" width=\"298\"><span style=\"font-family: arial, helvetica, sans-serif;font-size: 16px\">Custo da amostra<\/span><\/td>\n<td style=\"width: 49.4196%;height: 39.1875px\" width=\"298\"><span style=\"font-family: arial, helvetica, sans-serif;font-size: 16px\">US$400\/Sample, retorno completo ap\u00f3s o pedido de n\u00f3s<\/span><\/td>\n<\/tr>\n<\/tbody>\n<\/table>\n<p style=\"line-height: 1.5\">&nbsp;<\/p>\n<p style=\"line-height: 1.5\"><span style=\"font-family: arial, helvetica, sans-serif;font-size: 16px\">Preparamos 55 variedades de sementes de hortali\u00e7as Kit: \u00c9 f\u00e1cil \u2013 eliminamos as d\u00favidas sobre o cultivo de hortali\u00e7as a partir das sementes, guiando voc\u00ea em cada passo do caminho. Tudo o que voc\u00ea precisa para trazer a alegria dos vegetais para a sua vida ou para a de quem voc\u00ea ama em uma linda embalagem. Planta isso!<\/span><\/p>\n<p style=\"line-height: 1.5\">&nbsp;<\/p>\n<p style=\"line-height: 1.5\"><span style=\"font-family: arial, helvetica, sans-serif;font-size: 16px\">Os seguintes itens est\u00e3o inclu\u00eddos no kit.<\/span><\/p>\n<p style=\"line-height: 1.5\"><span style=\"font-family: arial, helvetica, sans-serif;font-size: 16px\">55 variedades de vegetais, como Contender Beans, Waltham Broccoli, Blue Scotch Kale, Oregon Sugar Peas, Marglobe Heirloom Tomatoes, Black Beauty Summer Squash e muito mais.<\/span><\/p>\n<p style=\"line-height: 1.5\"><span style=\"font-family: arial, helvetica, sans-serif;font-size: 16px\">1 Guia de plantio passo a passo<\/span><\/p>\n<p style=\"line-height: 1.5\"><span style=\"font-family: arial, helvetica, sans-serif;font-size: 16px\">1 saco de embalagem personalizado<\/span><\/p>\n<p style=\"line-height: 1.5\">&nbsp;<\/p>\n<p style=\"line-height: 1.5\"><span style=\"font-family: arial, helvetica, sans-serif;font-size: 16px\">55 vegetais, alfaces e frutas incr\u00edveis - variedades de vegetais de primeira linha em cada pacote. Cada pacote inclui variedades como Contender Beans, Waltham Couve-flor, Blue Scotch Kale, Oregon Jelly Beans, Marglobe Heirloom Tomatoes, Black Beauty Summer Squash e muito mais. Voc\u00ea n\u00e3o pode errar com essas guloseimas favoritas.<\/span><\/p>\n<p style=\"line-height: 1.5\">&nbsp;<\/p>\n<p style=\"line-height: 1.5\"><span style=\"font-family: arial, helvetica, sans-serif;font-size: 16px\">Jardinagem sem complica\u00e7\u00f5es com altas taxas de germina\u00e7\u00e3o \u2013 Nossas sementes germinam consistentemente em 95% ou mais sob condi\u00e7\u00f5es ideais de crescimento. Voc\u00ea n\u00e3o precisa se preocupar com sementes mudas e n\u00e3o germinadas. Al\u00e9m de nossas altas taxas de germina\u00e7\u00e3o, tamb\u00e9m oferecemos nosso pr\u00f3prio guia de cultivo de jardins, que inclui dicas e pr\u00e1ticas recomendadas para ajud\u00e1-lo em sua jornada de jardinagem.<\/span><\/p>\n<p style=\"line-height: 1.5\">&nbsp;<\/p>\n<p style=\"line-height: 1.5\"><span style=\"font-family: arial, helvetica, sans-serif;font-size: 16px\">Plante uma horta saud\u00e1vel este ano e no pr\u00f3ximo - com mais de 27.500 sementes, voc\u00ea poder\u00e1 cultivar uma horta exuberante, grande o suficiente para crescer, cozinhar e comer o ano todo. As sementes s\u00e3o embaladas em sacos de mylar \u00e0 prova d&#039;\u00e1gua lindamente projetados para manter o frescor e a qualidade para f\u00e1cil armazenamento a longo prazo.<\/span><\/p>\n<p style=\"line-height: 1.5\">&nbsp;<\/p>\n<p style=\"line-height: 1.5\"><span style=\"font-family: arial, helvetica, sans-serif;font-size: 16px\">Economize centenas de d\u00f3lares cultivando sua pr\u00f3pria comida \u2013 n\u00f3s agrupamos as melhores sementes de vegetais para crescer, para que voc\u00ea n\u00e3o precise gastar centenas de d\u00f3lares em vegetais de heran\u00e7a superfaturados na loja ou no mercado. Esses vegetais f\u00e1ceis de cultivar s\u00e3o \u00f3timos para jardineiros iniciantes e experientes.<\/span><\/p>\n<p style=\"line-height: 1.5\">&nbsp;<\/p>\n<p style=\"line-height: 1.5\"><span style=\"font-family: arial, helvetica, sans-serif;font-size: 16px\">Prove novos sabores frescos da horta \u2013 explore novas variedades de vegetais na horta este ano. Estoque suprimentos de prepara\u00e7\u00e3o com essas sementes de sobreviv\u00eancia resistentes e conclua projetos de prepara\u00e7\u00e3o para emerg\u00eancias com alimentos de sobreviv\u00eancia prontos!<\/span><\/p>\n<\/p>\n<p>Um pacote de variedades de sementes de hort\u00edcolas inclui normalmente uma sele\u00e7\u00e3o de diferentes sementes de hort\u00edcolas, permitindo aos indiv\u00edduos cultivar uma gama diversificada de hort\u00edcolas na sua horta ou espa\u00e7o exterior. Estes pacotes s\u00e3o frequentemente seleccionados para incluir tipos de vegetais populares ou diversos, oferecendo uma mistura de sabores, cores e h\u00e1bitos de crescimento. O conte\u00fado de um pacote de variedades pode variar muito consoante o vendedor, a esta\u00e7\u00e3o do ano ou temas espec\u00edficos.<\/p>\n<p>Eis algumas caracter\u00edsticas e considera\u00e7\u00f5es comuns relativas aos pacotes de variedades de sementes de produtos hort\u00edcolas:<\/p>\n<ul>\n<li>\n<p><strong>Diversidade<\/strong>: Os pacotes podem conter sementes de v\u00e1rios legumes como tomates, pimentos, alface, cenouras, pepinos, ab\u00f3boras, feij\u00f5es, ervilhas, rabanetes e ervas arom\u00e1ticas. Alguns pacotes podem focar um tema espec\u00edfico, como uma horta de saladas, variedades de heran\u00e7a ou vegetais de crescimento r\u00e1pido.<\/p>\n<\/li>\n<li>\n<p><strong>Sele\u00e7\u00e3o sazonal<\/strong>: Alguns pacotes s\u00e3o concebidos para esta\u00e7\u00f5es ou climas espec\u00edficos para garantir um crescimento e rendimento \u00f3ptimos. Por exemplo, pode haver pacotes de sementes para a primavera, ver\u00e3o ou outono, concebidos para serem plantados nessas alturas.<\/p>\n<\/li>\n<li>\n<p><strong>Variedades biol\u00f3gicas ou de heran\u00e7a<\/strong>: Alguns pacotes apresentam especificamente sementes biol\u00f3gicas ou variedades heredit\u00e1rias, que s\u00e3o polinizadas de forma aberta e frequentemente valorizadas pelo seu sabor, singularidade e significado hist\u00f3rico.<\/p>\n<\/li>\n<li>\n<p><strong>Pacotes para principiantes<\/strong>: Estes podem ser destinados aos principiantes, contendo legumes f\u00e1ceis de cultivar ou que requerem cuidados m\u00ednimos.<\/p>\n<\/li>\n<li>\n<p><strong>Tamanho e quantidade<\/strong>: Os tamanhos dos pacotes podem variar entre uma m\u00e3o-cheia de sementes para cada tipo de legume e quantidades maiores, consoante o pacote e o vendedor.<\/p>\n<\/li>\n<li>\n<p><strong>Instru\u00e7\u00f5es de cultivo<\/strong>: Alguns pacotes incluem instru\u00e7\u00f5es b\u00e1sicas de cultivo ou dicas para cada tipo de vegetal, o que pode ser \u00fatil, especialmente para jardineiros principiantes.<\/p>\n<\/li>\n<li>\n<p><strong>Especificidade da marca ou do vendedor<\/strong>: Diferentes empresas ou vendedores de sementes podem oferecer os seus pr\u00f3prios pacotes de variedades \u00fanicas, combinando as suas sementes mais vendidas ou mais populares.<\/p>\n<\/li>\n<\/ul>\n<p>Ao escolher um pacote de variedades de sementes de legumes, tenha em conta factores como a sua experi\u00eancia de jardinagem, o espa\u00e7o dispon\u00edvel para a planta\u00e7\u00e3o, o clima da sua regi\u00e3o e as suas prefer\u00eancias em rela\u00e7\u00e3o a legumes biol\u00f3gicos, de heran\u00e7a ou espec\u00edficos.<\/p>\n<p>Pode encontrar frequentemente estes pacotes de variedades em viveiros locais, centros de jardinagem ou lojas online especializadas em sementes e material de jardinagem. Mercados online como a Amazon, sites espec\u00edficos de sementes como Burpee, Baker Creek Heirloom Seeds, ou empresas locais de sementes oferecem frequentemente uma vasta sele\u00e7\u00e3o de pacotes de variedades por onde escolher.<\/p>","protected":false},"excerpt":{"rendered":"<p>Mais de 27.500 sementes | N\u00e3o OGM | Sementes de hortali\u00e7as para plantar hortas, propriedades rurais e sementes de jardinagem de sobreviv\u00eancia \u2013 Sementes para plantar frutas e vegetais<\/p>","protected":false},"featured_media":17487,"comment_status":"open","ping_status":"closed","template":"","meta":[],"product_cat":[59],"product_tag":[284,60,288,311,281,287],"acf":[],"_links":{"self":[{"href":"https:\/\/www.garden-kit.com\/pt\/wp-json\/wp\/v2\/product\/1739"}],"collection":[{"href":"https:\/\/www.garden-kit.com\/pt\/wp-json\/wp\/v2\/product"}],"about":[{"href":"https:\/\/www.garden-kit.com\/pt\/wp-json\/wp\/v2\/types\/product"}],"replies":[{"embeddable":true,"href":"https:\/\/www.garden-kit.com\/pt\/wp-json\/wp\/v2\/comments?post=1739"}],"wp:featuredmedia":[{"embeddable":true,"href":"https:\/\/www.garden-kit.com\/pt\/wp-json\/wp\/v2\/media\/17487"}],"wp:attachment":[{"href":"https:\/\/www.garden-kit.com\/pt\/wp-json\/wp\/v2\/media?parent=1739"}],"wp:term":[{"taxonomy":"product_cat","embeddable":true,"href":"https:\/\/www.garden-kit.com\/pt\/wp-json\/wp\/v2\/product_cat?post=1739"},{"taxonomy":"product_tag","embeddable":true,"href":"https:\/\/www.garden-kit.com\/pt\/wp-json\/wp\/v2\/product_tag?post=1739"}],"curies":[{"name":"wp","href":"https:\/\/api.w.org\/{rel}","templated":true}]}}