{"id":1748,"date":"2022-08-24T09:06:10","date_gmt":"2022-08-24T01:06:10","guid":{"rendered":"http:\/\/www.garden-kit.com\/product\/heirloom-vegetable-seeds\/"},"modified":"2023-03-31T16:38:18","modified_gmt":"2023-03-31T08:38:18","slug":"heirloom-vegetable-seeds","status":"publish","type":"product","link":"https:\/\/www.garden-kit.com\/pt\/product\/heirloom-vegetable-seeds\/","title":{"rendered":"Sementes de Legumes Rel\u00edquias"},"content":{"rendered":"<p><span style=\"font-family: arial, helvetica, sans-serif\">Geralmente, existem dois m\u00e9todos de plantio de hortali\u00e7as: um \u00e9 cultivar primeiro as mudas e depois transplantar; a outra \u00e9 semear diretamente.<\/span><br \/><span style=\"font-family: arial, helvetica, sans-serif\">Alguns vegetais como feij\u00e3o, rabanete e cenoura de ra\u00edzes, por serem ra\u00edzes principais, o sistema radicular \u00e9 subdesenvolvido e o transplante de mudas danificar\u00e1 as ra\u00edzes e afetar\u00e1 o desenvolvimento normal. Geralmente, a semeadura direta \u00e9 o m\u00e9todo principal.<\/span><br \/><span style=\"font-family: arial, helvetica, sans-serif\">Al\u00e9m disso, algumas hortali\u00e7as possuem sistema radicular mais desenvolvido e ra\u00edzes mais fibrosas, como repolho, couve-flor, berinjela, tomate, etc., que podem ser transplantadas para cultivo de mudas.<\/span><\/p>\n<h3 style=\"font-size: 19px\"><span style=\"font-family: arial, helvetica, sans-serif;font-size: 18px\">Vis\u00e3o geral<\/span><\/h3>\n<table style=\"width: 79.9431%;height: 352px\">\n<tbody>\n<tr style=\"height: 44px\">\n<td width=\"224\" style=\"width: 39.8577%;height: 44px\">\n<pre><span style=\"font-family: arial, helvetica, sans-serif\">Instru\u00e7\u00f5es de cuidados com o produto<\/span><\/pre>\n<\/td>\n<td width=\"224\" style=\"width: 39.8577%;height: 44px\">\n<pre><span style=\"font-family: arial, helvetica, sans-serif\">Dispon\u00edvel<\/span><\/pre>\n<\/td>\n<\/tr>\n<tr style=\"height: 44px\">\n<td width=\"224\" style=\"width: 39.8577%;height: 44px\">\n<pre><span style=\"font-family: arial, helvetica, sans-serif\">Tipo de produto vegetal<\/span><\/pre>\n<\/td>\n<td width=\"224\" style=\"width: 39.8577%;height: 44px\">\n<pre><span style=\"font-family: arial, helvetica, sans-serif\">Sementes de Hortali\u00e7as<\/span><\/pre>\n<\/td>\n<\/tr>\n<tr style=\"height: 44px\">\n<td width=\"224\" style=\"width: 39.8577%;height: 44px\">\n<pre><span style=\"font-family: arial, helvetica, sans-serif\">Caracter\u00edstica especial<\/span><\/pre>\n<\/td>\n<td width=\"224\" style=\"width: 39.8577%;height: 44px\">\n<pre><span style=\"font-family: arial, helvetica, sans-serif\">Cultivo interno-externo<\/span><\/pre>\n<\/td>\n<\/tr>\n<tr style=\"height: 44px\">\n<td width=\"224\" style=\"width: 39.8577%;height: 44px\">\n<pre><span style=\"font-family: arial, helvetica, sans-serif\">Marca<\/span><\/pre>\n<\/td>\n<td width=\"224\" style=\"width: 39.8577%;height: 44px\">\n<pre><span style=\"font-family: arial, helvetica, sans-serif\">kit jardim<\/span><\/pre>\n<\/td>\n<\/tr>\n<tr style=\"height: 44px\">\n<td width=\"224\" style=\"width: 39.8577%;height: 44px\">\n<pre><span style=\"font-family: arial, helvetica, sans-serif\">Lugar de origem<\/span><\/pre>\n<\/td>\n<td width=\"224\" style=\"width: 39.8577%;height: 44px\">\n<pre><span style=\"font-family: arial, helvetica, sans-serif\">Fujian, China<\/span><\/pre>\n<\/td>\n<\/tr>\n<tr style=\"height: 44px\">\n<td width=\"224\" style=\"width: 39.8577%;height: 44px\">\n<pre><span style=\"font-family: arial, helvetica, sans-serif\">ODM\/OEM<\/span><\/pre>\n<\/td>\n<td width=\"224\" style=\"width: 39.8577%;height: 44px\">\n<pre><span style=\"font-family: arial, helvetica, sans-serif\">Dispon\u00edvel<\/span><\/pre>\n<\/td>\n<\/tr>\n<tr style=\"height: 44px\">\n<td width=\"224\" style=\"width: 39.8577%;height: 44px\">\n<pre><span style=\"font-family: arial, helvetica, sans-serif\">MOQ para pedido personalizado<\/span><\/pre>\n<\/td>\n<td width=\"224\" style=\"width: 39.8577%;height: 44px\">\n<pre><span style=\"font-family: arial, helvetica, sans-serif\">3000 unidades<\/span><\/pre>\n<\/td>\n<\/tr>\n<tr style=\"height: 44px\">\n<td width=\"224\" style=\"width: 39.8577%;height: 44px\">\n<pre><span style=\"font-family: arial, helvetica, sans-serif\">Custo da amostra<\/span><\/pre>\n<\/td>\n<td width=\"224\" style=\"width: 39.8577%;height: 44px\">\n<pre><span style=\"font-family: arial, helvetica, sans-serif\">US$400\/Sample, retorno completo ap\u00f3s o pedido de n\u00f3s<\/span><\/pre>\n<\/td>\n<\/tr>\n<\/tbody>\n<\/table>\n<p><span style=\"font-family: arial, helvetica, sans-serif\"> Kit de sementes de hortali\u00e7as preparadas com 20 variedades: \u00c9 f\u00e1cil - eliminamos as suposi\u00e7\u00f5es ao cultivar hortali\u00e7as a partir de sementes, orientando voc\u00ea em cada etapa do caminho. Tudo o que voc\u00ea precisa para trazer a alegria do Vegetal para a sua vida ou para a vida de seu ente querido em uma linda sacola. Planta isso! <\/span><br \/><span style=\"font-family: arial, helvetica, sans-serif\">Os seguintes itens est\u00e3o inclu\u00eddos no kit. 20 variedades de sementes de vegetais, como Feij\u00e3o Contender, Br\u00f3colis Waltham, Couve Scotch Azul, Ervilhas de Oregon, Tomates Heirloom Marglobe, Ab\u00f3bora Black Beauty Summer e muito mais. 1 Guia de plantio passo a passo 1 sacola de embalagem personalizada A sele\u00e7\u00e3o perfeita de vegetais para sua horta \u2013 cada embalagem cont\u00e9m as principais variedades de vegetais tradicionais. Cada pacote inclui variedades como Contender Beans, Waltham Couve-flor, Blue Scotch Kale, Oregon Jelly Beans, Marglobe Heirloom Tomatoes, Black Beauty Summer Squash e muito mais. Voc\u00ea n\u00e3o pode errar com essas guloseimas favoritas. Jardinagem sem preocupa\u00e7\u00f5es \u2013 Nossas sementes s\u00e3o testadas consistentemente para 95% ou mais germina\u00e7\u00e3o sob condi\u00e7\u00f5es ideais de crescimento, o que \u00e9 cr\u00edtico para seus suprimentos de prepara\u00e7\u00e3o. Voc\u00ea n\u00e3o precisa se preocupar com sementes mudas e n\u00e3o germinadas. Al\u00e9m de nossas altas taxas de germina\u00e7\u00e3o, tamb\u00e9m oferecemos nosso pr\u00f3prio guia de cultivo de jardins, que inclui dicas e pr\u00e1ticas recomendadas para ajud\u00e1-lo em sua jornada de jardinagem. Cultive milhares de quilos de comida \u2013 Com mais de 10.000 sementes, voc\u00ea pode cultivar uma horta exuberante o suficiente para cultivar, cozinhar e comer o ano todo. As sementes s\u00e3o embaladas em uma bolsa de mylar \u00e0 prova d&#039;\u00e1gua lindamente projetada para manter o frescor e a qualidade para f\u00e1cil armazenamento a longo prazo e s\u00e3o o complemento perfeito para seus itens de prepara\u00e7\u00e3o para emerg\u00eancias. &nbsp;<\/span><\/p>\n<p><span style=\"font-family: arial, helvetica, sans-serif\">m\u00e9todo de semeadura<\/span><\/p>\n<p><span style=\"font-family: arial, helvetica, sans-serif\">Dependendo do tamanho e qualidade das sementes, o m\u00e9todo de semeadura pode ser a lan\u00e7o, sob demanda ou semeado.<\/span><br \/><span style=\"font-family: arial, helvetica, sans-serif\">Semeadura: \u00c9 espalhar as sementes uniformemente no solo de semeadura, muitas vezes usado para pequenas sementes de hortali\u00e7as;<\/span><br \/><span style=\"font-family: arial, helvetica, sans-serif\">Semeadura sob demanda: \u00c9 cavar buracos e semear de acordo com um determinado espa\u00e7amento entre linhas, adequado para sementes grandes e sementes de hortali\u00e7as relativamente raras;<\/span><br \/><span style=\"font-family: arial, helvetica, sans-serif\">Semeadura em semeadura: Cavidade e semeadura de acordo com um determinado espa\u00e7amento entre linhas, adequado para sementes de hortali\u00e7as m\u00e9dias e pequenas. Este m\u00e9todo n\u00e3o \u00e9 comumente usado para envasamento de varanda.<\/span><\/p>\n<p><span style=\"font-family: arial, helvetica, sans-serif\">Economize centenas de d\u00f3lares - n\u00f3s agrupamos as melhores sementes de vegetais para crescer, para que voc\u00ea n\u00e3o precise gastar centenas de d\u00f3lares em vegetais de heran\u00e7a superfaturados na loja ou no mercado. Esses vegetais f\u00e1ceis de cultivar s\u00e3o \u00f3timos para jardineiros iniciantes e experientes.<\/span><\/p>\n<p style=\"line-height: 1.5\"><span style=\"font-size: 16px;font-family: arial, helvetica, sans-serif\"><span style=\"font-size: 18px\">Como as sementes de hortali\u00e7as s\u00e3o plantadas<br \/><span style=\"font-size: 16px\">1. Tratamento de sementes<\/span><br \/><span style=\"font-size: 16px\">Antes de plantar as sementes de hortali\u00e7as, elas devem ser colocadas ao sol por 1-2 dias para desinfetar e esterilizar as bact\u00e9rias patog\u00eanicas transportadas pelas sementes e, em seguida, embebidas em \u00e1gua morna por 3-4 horas, mexendo continuamente durante o per\u00edodo E a crian\u00e7a \u00e9 aquecido uniformemente.<\/span><br \/><span style=\"font-size: 16px\">2. Prepare o solo<\/span><br \/><span style=\"font-size: 16px\">A terra onde as sementes de hortali\u00e7as s\u00e3o plantadas deve estar seca e livre de ac\u00famulo de \u00e1gua, caso contr\u00e1rio as sementes ficar\u00e3o encharcadas e apodrecidas, e o solo para o plantio deve ter caracter\u00edsticas de forte permeabilidade ao ar e rico em nutrientes. fofinho.<\/span><br \/><span style=\"font-size: 16px\">3. Semear<\/span><br \/><span style=\"font-size: 16px\">Depois que as sementes de hortali\u00e7as e dez solos estiverem preparados, uma vala pode ser aberta na parcela e, em seguida, as sementes podem ser espalhadas uniformemente ao longo da vala, prestando aten\u00e7\u00e3o para controlar a espessura razoavelmente. Para evitar o fen\u00f4meno da vac\u00e2ncia, as sementes s\u00e3o semeadas e depois cobertas com uma fina camada.<\/span><br \/><span style=\"font-size: 16px\">4. P\u00f3s-gest\u00e3o<\/span><br \/><span style=\"font-size: 16px\">Depois que as sementes de vegetais s\u00e3o plantadas, elas devem ser irrigadas com \u00e1gua uma vez para garantir que a qualidade seja \u00famida e prop\u00edcia \u00e0 germina\u00e7\u00e3o r\u00e1pida. Quando as mudas atingirem cerca de 5-10 cm, devem ser desbastadas e preenchidas para que as mudas cres\u00e7am uniformemente na parcela.<\/span><\/span><\/span><\/p>\n<p style=\"line-height: 1.5\"><span style=\"font-size: 16px;font-family: arial, helvetica, sans-serif\"><span style=\"font-size: 18px\">Precau\u00e7\u00f5es<\/span><br \/>Se o clima estiver quente e a temperatura do solo baixa, \u00e9 melhor usar o m\u00e9todo de semeadura \u00famida, ou seja, regar bem antes do plantio e semear depois que a \u00e1gua penetrar. Se o clima for relativamente quente, pode-se cobrir com cortinas de palha. Quando as sementes da hortali\u00e7a surgirem, tome cuidado para n\u00e3o ficar exposta ao sol direto, pois as mudas n\u00e3o gostam de sol muito forte. Se a luz do sol for muito forte, as mudas podem morrer queimadas pelo sol. Pouco saud\u00e1vel<br \/>Mudas saud\u00e1veis ou muito compactas geralmente s\u00e3o arrancadas.<\/span><\/p>\n<p><span style=\"font-size: 18px;font-family: arial, helvetica, sans-serif\">Cuidados ap\u00f3s a germina\u00e7\u00e3o:<\/span><\/p>\n<p><span style=\"font-family: arial, helvetica, sans-serif\">1. Mudas precisam de luz. Seja uma semente que precisa de luz ou n\u00e3o, ela precisa de uma certa quantidade de luz ap\u00f3s a germina\u00e7\u00e3o.<\/span><br \/><span style=\"font-family: arial, helvetica, sans-serif\">2. As duas primeiras folhas das mudas germinadas s\u00e3o cotil\u00e9dones, que geralmente s\u00e3o verdes. N\u00e3o se engane ao ver o branco surgindo, esse material costuma ser uma raiz, n\u00e3o se apresse em tomar sol nessa hora.<\/span><br \/><span style=\"font-family: arial, helvetica, sans-serif\">3. Depois que as sementes germinam, elas n\u00e3o conseguem ver o grande sol de uma s\u00f3 vez, primeiro astigmatismo e lentamente se movem para o grande sol.<\/span><br \/><span style=\"font-family: arial, helvetica, sans-serif\">4. Para mudas jovens, preste aten\u00e7\u00e3o \u00e0 hidrata\u00e7\u00e3o das folhas. Voc\u00ea pode borrif\u00e1-los com um pequeno regador. As mudas grandes caem quando a \u00e1gua flui e, \u00e0s vezes, grudam no solo, resultando em mudas mortas.<\/span><br \/><span style=\"font-family: arial, helvetica, sans-serif\">5. Geralmente, quando o segundo par de folhas verdadeiras emerge, voc\u00ea pode aplicar um pouco de fertilizante fino. Neste momento, \u00e9 principalmente fertilizante de nitrog\u00eanio para tornar as folhas verdes e fortes e, em seguida, aumentar lentamente o fertilizante composto para complementar todos os aspectos da nutri\u00e7\u00e3o.<\/span><\/p>\n<p><span style=\"font-family: arial, helvetica, sans-serif\"><br \/>Dica: Certifique-se de manter a luz acesa. A luz solar \u00e9 o requisito b\u00e1sico para o crescimento de todas as coisas. Tente colocar a caixa de plantio em uma posi\u00e7\u00e3o onde o sol possa ser mantido por muito tempo. E mudas de tempo e transplante. Para evitar a superlota\u00e7\u00e3o de mudas, as mudas podem ser desbastadas e fixadas no tempo de acordo com a diferen\u00e7a nas instru\u00e7\u00f5es de sementes. Alguns vegetais de folhas verdes, como a alface, tamb\u00e9m podem ser transplantados no momento adequado para liberar espa\u00e7o de crescimento e expandir a \u00e1rea de plantio.<\/span><br \/><span style=\"font-family: arial, helvetica, sans-serif\">controlar a rega<\/span><br \/><span style=\"font-family: arial, helvetica, sans-serif\">Vendo as verduras crescendo em casa, n\u00e3o posso deixar de reg\u00e1-las. Eu rego todas as plantas todos os dias, e as plantas s\u00e3o finas e fracas, e as ra\u00edzes tendem a apodrecer. Na verdade, muitos problemas s\u00e3o causados por rega inadequada. \u00c9 melhor ver o solo seco e \u00famido do que ficar molhado por muito tempo, especialmente para alguns vegetais com sistemas radiculares rasos, o solo do vaso est\u00e1 seco antes de regar. Mais exposi\u00e7\u00e3o ao sol, muitas vezes borrifando-o com \u00e1gua e chuva, tamb\u00e9m pode fazer com que os vegetais cres\u00e7am com mais vigor.<\/span><br \/><span style=\"font-family: arial, helvetica, sans-serif\">mais ventila\u00e7\u00e3o<\/span><br \/><span style=\"font-family: arial, helvetica, sans-serif\">Se voc\u00ea cultiva flores e vegetais na varanda, a ventila\u00e7\u00e3o tamb\u00e9m \u00e9 uma quest\u00e3o muito importante. A ventila\u00e7\u00e3o pode remover o excesso de \u00e1gua na superf\u00edcie do solo e permitir que as plantas respirem, o que \u00e9 especialmente bom para o crescimento das plantas e pode evitar o alagamento e o apodrecimento das ra\u00edzes. Portanto, abrir janelas com frequ\u00eancia para ventila\u00e7\u00e3o na primavera tamb\u00e9m \u00e9 uma condi\u00e7\u00e3o importante para o cultivo de boas flores e vegetais.<\/span><\/p>\n<pre><\/pre><\/p>","protected":false},"excerpt":{"rendered":"<p>20 sementes de vegetais da heran\u00e7a - mais de 10.000 sementes de sobreviv\u00eancia e equipamento de prepara\u00e7\u00e3o de emerg\u00eancia - pacote de variedade de sementes de vegetais n\u00e3o transg\u00eanicos para plantio em casa<\/p>","protected":false},"featured_media":13200,"comment_status":"open","ping_status":"closed","template":"","meta":[],"product_cat":[59],"product_tag":[566,302,290,282,304,81,567],"acf":[],"_links":{"self":[{"href":"https:\/\/www.garden-kit.com\/pt\/wp-json\/wp\/v2\/product\/1748"}],"collection":[{"href":"https:\/\/www.garden-kit.com\/pt\/wp-json\/wp\/v2\/product"}],"about":[{"href":"https:\/\/www.garden-kit.com\/pt\/wp-json\/wp\/v2\/types\/product"}],"replies":[{"embeddable":true,"href":"https:\/\/www.garden-kit.com\/pt\/wp-json\/wp\/v2\/comments?post=1748"}],"wp:featuredmedia":[{"embeddable":true,"href":"https:\/\/www.garden-kit.com\/pt\/wp-json\/wp\/v2\/media\/13200"}],"wp:attachment":[{"href":"https:\/\/www.garden-kit.com\/pt\/wp-json\/wp\/v2\/media?parent=1748"}],"wp:term":[{"taxonomy":"product_cat","embeddable":true,"href":"https:\/\/www.garden-kit.com\/pt\/wp-json\/wp\/v2\/product_cat?post=1748"},{"taxonomy":"product_tag","embeddable":true,"href":"https:\/\/www.garden-kit.com\/pt\/wp-json\/wp\/v2\/product_tag?post=1748"}],"curies":[{"name":"wp","href":"https:\/\/api.w.org\/{rel}","templated":true}]}}