{"id":1778,"date":"2022-08-24T09:08:05","date_gmt":"2022-08-24T01:08:05","guid":{"rendered":"http:\/\/www.garden-kit.com\/product\/paint-plant-flower-growing-kit\/"},"modified":"2023-08-23T13:55:09","modified_gmt":"2023-08-23T05:55:09","slug":"paint-amp-plant-flower-growing-kit","status":"publish","type":"product","link":"https:\/\/www.garden-kit.com\/pt\/product\/paint-amp-plant-flower-growing-kit\/","title":{"rendered":"Kit de cultivo de flores para pintar e plantar"},"content":{"rendered":"<h3 style=\"line-height: 1.5;font-size: 19px\"><span style=\"font-family: arial, helvetica, sans-serif;font-size: 18px\">Vis\u00e3o geral<\/span><\/h3>\n<table style=\"width: 66.4474%;height: 269px\">\n<tbody>\n<tr style=\"height: 31px\">\n<td width=\"298\" style=\"width: 49.1749%;height: 31px\">\n<p><span style=\"font-family: arial, helvetica, sans-serif\">Instru\u00e7\u00f5es de cuidados com o produto<\/span><\/p>\n<\/td>\n<td width=\"298\" style=\"width: 49.1749%;height: 31px\">\n<p><span style=\"font-family: arial, helvetica, sans-serif\">Dispon\u00edvel<\/span><\/p>\n<\/td>\n<\/tr>\n<tr style=\"height: 31px\">\n<td width=\"298\" style=\"width: 49.1749%;height: 31px\">\n<p><span style=\"font-family: arial, helvetica, sans-serif\">Tipo de produto vegetal<\/span><\/p>\n<\/td>\n<td width=\"298\" style=\"width: 49.1749%;height: 31px\">\n<p><span style=\"font-family: arial, helvetica, sans-serif\">Flor<\/span><\/p>\n<\/td>\n<\/tr>\n<tr style=\"height: 31px\">\n<td width=\"298\" style=\"width: 49.1749%;height: 31px\">\n<p><span style=\"font-family: arial, helvetica, sans-serif\">Caracter\u00edstica especial<\/span><\/p>\n<\/td>\n<td width=\"298\" style=\"width: 49.1749%;height: 31px\">\n<p><span style=\"font-family: arial, helvetica, sans-serif\">Cultivo interno-externo<\/span><\/p>\n<\/td>\n<\/tr>\n<tr style=\"height: 31px\">\n<td width=\"298\" style=\"width: 49.1749%;height: 31px\">\n<p><span style=\"font-family: arial, helvetica, sans-serif\">Marca<\/span><\/p>\n<\/td>\n<td width=\"298\" style=\"width: 49.1749%;height: 31px\">\n<p><span style=\"font-family: arial, helvetica, sans-serif\">kit jardim<\/span><\/p>\n<\/td>\n<\/tr>\n<tr style=\"height: 31px\">\n<td width=\"298\" style=\"width: 49.1749%;height: 31px\">\n<p><span style=\"font-family: arial, helvetica, sans-serif\">Lugar de origem<\/span><\/p>\n<\/td>\n<td width=\"298\" style=\"width: 49.1749%;height: 31px\">\n<p><span style=\"font-family: arial, helvetica, sans-serif\">Fujian, China<\/span><\/p>\n<\/td>\n<\/tr>\n<tr style=\"height: 31px\">\n<td width=\"298\" style=\"width: 49.1749%;height: 31px\">\n<p><span style=\"font-family: arial, helvetica, sans-serif\">ODM\/OEM<\/span><\/p>\n<\/td>\n<td width=\"298\" style=\"width: 49.1749%;height: 31px\">\n<p><span style=\"font-family: arial, helvetica, sans-serif\">Dispon\u00edvel<\/span><\/p>\n<\/td>\n<\/tr>\n<tr style=\"height: 31px\">\n<td width=\"298\" style=\"width: 49.1749%;height: 31px\">\n<p><span style=\"font-family: arial, helvetica, sans-serif\">MOQ para pedido personalizado<\/span><\/p>\n<\/td>\n<td width=\"298\" style=\"width: 49.1749%;height: 31px\">\n<p><span style=\"font-family: arial, helvetica, sans-serif\">3000 unidades<\/span><\/p>\n<\/td>\n<\/tr>\n<tr style=\"height: 52px\">\n<td width=\"298\" style=\"width: 49.1749%;height: 52px\">\n<p><span style=\"font-family: arial, helvetica, sans-serif\">Custo da amostra<\/span><\/p>\n<\/td>\n<td width=\"298\" style=\"width: 49.1749%;height: 52px\">\n<p><span style=\"font-family: arial, helvetica, sans-serif\">US$400\/Sample, retorno completo ap\u00f3s o pedido de n\u00f3s<\/span><\/p>\n<\/td>\n<\/tr>\n<\/tbody>\n<\/table>\n<h3 style=\"line-height: 1.5;font-size: 19px\"><span style=\"font-family: arial, helvetica, sans-serif\">Descri\u00e7\u00e3o <\/span><\/h3>\n<h3 style=\"font-size: 19px\"><span style=\"font-family: arial, helvetica, sans-serif\">Comece a jornada de misturar criatividade e natureza! Kit de cultivo de flores para pintar e plantar<\/span><\/h3>\n<p><span style=\"font-family: arial, helvetica, sans-serif\">Imagine que sua vida est\u00e1 repleta de criatividade e belezas naturais. Agora, fundimos os dois para trazer a voc\u00ea uma experi\u00eancia totalmente nova \u2013 o Kit de cultivo de flores para pintar e plantar! \u00c9 mais do que uma simples ferramenta de plantio, \u00e9 uma oportunidade para deixar a sua criatividade florescer em flores.<\/span><\/p>\n<\/p>\n<h3 style=\"font-size: 19px\"><span style=\"font-family: arial, helvetica, sans-serif\">Caracter\u00edsticas do produto:<\/span><\/h3>\n<p><strong><span style=\"font-family: arial, helvetica, sans-serif\">1. Combina\u00e7\u00e3o de criatividade e natureza:<\/span><\/strong><\/p>\n<p><span style=\"font-family: arial, helvetica, sans-serif\">O kit de cultivo de flores para pintar e plantar combina plantio e pintura, permitindo que voc\u00ea crie vasos \u00fanicos enquanto espera as flores desabrocharem.<\/span><\/p>\n<\/p>\n<p><span style=\"font-family: arial, helvetica, sans-serif\"><strong>2\u3001Uma grande variedade de flores pode ser cultivada: <\/strong><\/span><\/p>\n<p><span style=\"font-family: arial, helvetica, sans-serif\">Oferecemos uma ampla variedade de diferentes tipos de sementes de flores para atender \u00e0s suas prefer\u00eancias e necessidades. Quer seja uma tulipa colorida ou um l\u00edrio puro e elegante, voc\u00ea encontrar\u00e1 um lugar para elas no seu jardim.<\/span><\/p>\n<\/p>\n<p><strong><span style=\"font-family: arial, helvetica, sans-serif\">3. Pintura e decora\u00e7\u00e3o:<\/span><\/strong><\/p>\n<p><span style=\"font-family: arial, helvetica, sans-serif\">Cada kit de cultivo de flores e tintas vem com ferramentas de pintura e tintas de n\u00edvel profissional, permitindo que voc\u00ea seja criativo com seus vasos. Voc\u00ea pode pintar seu padr\u00e3o, texto favorito ou at\u00e9 mesmo um pequeno rabisco, tornando cada vaso uma obra de arte \u00fanica.<\/span><\/p>\n<\/p>\n<p><span style=\"font-family: arial, helvetica, sans-serif\"><strong>4\u3001Produ\u00e7\u00e3o personalizada OEM: <\/strong><\/span><\/p>\n<p><span style=\"font-family: arial, helvetica, sans-serif\">Entendemos que cada pessoa tem prefer\u00eancias diferentes em termos de criatividade e flores, por isso oferecemos servi\u00e7os de produ\u00e7\u00e3o personalizados OEM. Voc\u00ea pode personalizar seu kit de cultivo de flores para pintar e plantar para se adequar \u00e0 sua marca, evento ou necessidades especiais e colocar sua marca exclusiva em sua criatividade.<\/span><\/p>\n<\/p>\n<h3 style=\"font-size: 19px\"><span style=\"font-family: arial, helvetica, sans-serif\">Como usar o kit de cultivo de flores para pintar e plantar:<\/span><\/h3>\n<p><span style=\"font-family: arial, helvetica, sans-serif\"><strong>1\u3001Prepara\u00e7\u00e3o: <\/strong><\/span><\/p>\n<p><span style=\"font-family: arial, helvetica, sans-serif\">Abra a embalagem e retire o vaso, as sementes, a terra e os utens\u00edlios de pintura. Voc\u00ea pode escolher as sementes de flores que deseja plantar de acordo com sua prefer\u00eancia.<\/span><\/p>\n<\/p>\n<p><span style=\"font-family: arial, helvetica, sans-serif\"><strong>2\u3001Pintura: <\/strong><\/span><\/p>\n<p><span style=\"font-family: arial, helvetica, sans-serif\">Use as ferramentas de pintura e tintas inclu\u00eddas para pintar suas ideias nos vasos de flores. Seja um padr\u00e3o simples ou um rabisco colorido, voc\u00ea pode mostrar sua personalidade e talento art\u00edstico.<\/span><\/p>\n<\/p>\n<p><span style=\"font-family: arial, helvetica, sans-serif\"><strong>3. Processo de plantio:<\/strong><\/span><\/p>\n<p><span style=\"font-family: arial, helvetica, sans-serif\">Despeje terra na plantadeira e enterre suavemente as sementes no solo de acordo com a profundidade de plantio das sementes. Mantenha a umidade e a luz solar adequadas e espere pacientemente que as flores cres\u00e7am.<\/span><\/p>\n<\/p>\n<p><span style=\"font-family: arial, helvetica, sans-serif\"><strong>4\u3001Aprecie os resultados: <\/strong><\/span><\/p>\n<p><span style=\"font-family: arial, helvetica, sans-serif\">Durante os dias de espera, voc\u00ea poder\u00e1 observar constantemente o crescimento das flores, e cada desabrochar \u00e9 a cristaliza\u00e7\u00e3o da sua criatividade e da sua natureza.<\/span><\/p>\n<\/p>\n<p><span style=\"font-family: arial, helvetica, sans-serif\">Quer voc\u00ea seja um entusiasta de jardinagem que adora plantas ou um artista que busca a criatividade, o Paint And Plant Flower Growing Kit lhe trar\u00e1 uma experi\u00eancia cheia de surpresas e criatividade. Vamos semear juntos as sementes dos nossos sonhos no campo da criatividade e testemunhar a maravilhosa fus\u00e3o entre criatividade e natureza!<\/span><\/p>\n<p style=\"line-height: 1.5\"><span style=\"font-family: arial, helvetica, sans-serif\"><img decoding=\"async\" src=\"https:\/\/data.adwebcloud.com\/public\/material\/2206293ihquj\/product\/imageFile_1676287807429.jpg\" alt=\"imagem 2 1 15\" title=\"\"><\/span><span style=\"font-family: arial, helvetica, sans-serif;font-size: 18px\"><\/span><\/p>","protected":false},"excerpt":{"rendered":"<p><span style=\"font-family: arial, helvetica, sans-serif\">Dan&amp;Darci Paint &amp; Plant Flower Growing Kit for Kids \u2013 Best Birthday Crafts Gifts for Girls &amp; Boys Age 4, 5, 6, 7, 8-12 Year Old Girl Children&#039;s Gardening Kits, Art Projects Toys for Ages 4-12<\/span><\/p>","protected":false},"featured_media":16195,"comment_status":"closed","ping_status":"closed","template":"","meta":[],"product_cat":[61],"product_tag":[472,413,473,474,452,334],"acf":[],"_links":{"self":[{"href":"https:\/\/www.garden-kit.com\/pt\/wp-json\/wp\/v2\/product\/1778"}],"collection":[{"href":"https:\/\/www.garden-kit.com\/pt\/wp-json\/wp\/v2\/product"}],"about":[{"href":"https:\/\/www.garden-kit.com\/pt\/wp-json\/wp\/v2\/types\/product"}],"replies":[{"embeddable":true,"href":"https:\/\/www.garden-kit.com\/pt\/wp-json\/wp\/v2\/comments?post=1778"}],"wp:featuredmedia":[{"embeddable":true,"href":"https:\/\/www.garden-kit.com\/pt\/wp-json\/wp\/v2\/media\/16195"}],"wp:attachment":[{"href":"https:\/\/www.garden-kit.com\/pt\/wp-json\/wp\/v2\/media?parent=1778"}],"wp:term":[{"taxonomy":"product_cat","embeddable":true,"href":"https:\/\/www.garden-kit.com\/pt\/wp-json\/wp\/v2\/product_cat?post=1778"},{"taxonomy":"product_tag","embeddable":true,"href":"https:\/\/www.garden-kit.com\/pt\/wp-json\/wp\/v2\/product_tag?post=1778"}],"curies":[{"name":"wp","href":"https:\/\/api.w.org\/{rel}","templated":true}]}}