{"id":1797,"date":"2022-08-24T09:09:06","date_gmt":"2022-08-24T01:09:06","guid":{"rendered":"http:\/\/www.garden-kit.com\/product\/seed-ball-kits\/"},"modified":"2023-04-03T11:25:54","modified_gmt":"2023-04-03T03:25:54","slug":"seed-ball-kits","status":"publish","type":"product","link":"https:\/\/www.garden-kit.com\/pt\/product\/seed-ball-kits\/","title":{"rendered":"Kits de bolas de sementes"},"content":{"rendered":"<h3 style=\"font-size: 19px\"><strong><span style=\"font-family: arial, helvetica, sans-serif;font-size: 18px\">Vis\u00e3o geral<\/span><\/strong><\/h3>\n<table width=\"597\" style=\"height: 278px\">\n<tbody>\n<tr style=\"height: 32px\">\n<td width=\"299\" style=\"width: 299px;border-color: #169179;border-style: hidden;height: 32px\">\n<p style=\"font-size: 16px\"><span style=\"font-family: arial, helvetica, sans-serif;font-size: 16px\">Instru\u00e7\u00f5es de cuidados com o produto<\/span><\/p>\n<\/td>\n<td width=\"299\" style=\"height: 32px\">\n<p style=\"font-size: 16px\"><span style=\"font-family: arial, helvetica, sans-serif;font-size: 16px\">Dispon\u00edvel<\/span><\/p>\n<\/td>\n<\/tr>\n<tr style=\"height: 32px\">\n<td width=\"299\" style=\"height: 32px\">\n<p style=\"font-size: 16px\"><span style=\"font-family: arial, helvetica, sans-serif;font-size: 16px\">Tipo de produto vegetal<\/span><\/p>\n<\/td>\n<td width=\"299\" style=\"height: 32px\">\n<p style=\"font-size: 16px\"><span style=\"font-family: arial, helvetica, sans-serif;font-size: 16px\">tomate e ervas<\/span><\/p>\n<\/td>\n<\/tr>\n<tr style=\"height: 32px\">\n<td width=\"299\" style=\"height: 32px\">\n<p style=\"font-size: 16px\"><span style=\"font-family: arial, helvetica, sans-serif;font-size: 16px\">Caracter\u00edstica especial<\/span><\/p>\n<\/td>\n<td width=\"299\" style=\"height: 32px\">\n<p style=\"font-size: 16px\"><span style=\"font-family: arial, helvetica, sans-serif;font-size: 16px\">Cultivo interno-externo<\/span><\/p>\n<\/td>\n<\/tr>\n<tr style=\"height: 32px\">\n<td width=\"299\" style=\"height: 32px\">\n<p style=\"font-size: 16px\"><span style=\"font-family: arial, helvetica, sans-serif;font-size: 16px\">Marca<\/span><\/p>\n<\/td>\n<td width=\"299\" style=\"height: 32px\">\n<p style=\"font-size: 16px\"><span style=\"font-family: arial, helvetica, sans-serif;font-size: 16px\">kit jardim<\/span><\/p>\n<\/td>\n<\/tr>\n<tr style=\"height: 32px\">\n<td width=\"299\" style=\"height: 32px\">\n<p style=\"font-size: 16px\"><span style=\"font-family: arial, helvetica, sans-serif;font-size: 16px\">Lugar de origem<\/span><\/p>\n<\/td>\n<td width=\"299\" style=\"height: 32px\">\n<p style=\"font-size: 16px\"><span style=\"font-family: arial, helvetica, sans-serif;font-size: 16px\">Fujian, China<\/span><\/p>\n<\/td>\n<\/tr>\n<tr style=\"height: 32px\">\n<td width=\"299\" style=\"height: 32px\">\n<p style=\"font-size: 16px\"><span style=\"font-family: arial, helvetica, sans-serif;font-size: 16px\">ODM\/OEM<\/span><\/p>\n<\/td>\n<td width=\"299\" style=\"height: 32px\">\n<p style=\"font-size: 16px\"><span style=\"font-family: arial, helvetica, sans-serif;font-size: 16px\">Dispon\u00edvel<\/span><\/p>\n<\/td>\n<\/tr>\n<tr style=\"height: 32px\">\n<td width=\"299\" style=\"height: 32px\">\n<p style=\"font-size: 16px\"><span style=\"font-family: arial, helvetica, sans-serif;font-size: 16px\">MOQ para pedido personalizado<\/span><\/p>\n<\/td>\n<td width=\"299\" style=\"height: 32px\">\n<p style=\"font-size: 16px\"><span style=\"font-family: arial, helvetica, sans-serif;font-size: 16px\">3000 unidades<\/span><\/p>\n<\/td>\n<\/tr>\n<tr style=\"height: 54px\">\n<td width=\"299\" style=\"height: 54px\">\n<p style=\"font-size: 16px\"><span style=\"font-family: arial, helvetica, sans-serif;font-size: 16px\">Custo da amostra<\/span><\/p>\n<\/td>\n<td width=\"299\" style=\"height: 54px\">\n<p style=\"font-size: 16px\"><span style=\"font-family: arial, helvetica, sans-serif;font-size: 16px\">US$400\/Sample, retorno completo ap\u00f3s o pedido de n\u00f3s<\/span><\/p>\n<\/td>\n<\/tr>\n<\/tbody>\n<\/table>\n<p style=\"font-size: 16px;text-align: center\"><span style=\"font-family: arial, helvetica, sans-serif;font-size: 18px\">&nbsp; <img decoding=\"async\" src=\"https:\/\/data.adwebcloud.com\/public\/material\/2206293ihquj\/product\/xwnrgrmito_1661257235889.jpg\" alt=\"exemplo\" width=\"400\" title=\"\"> <img decoding=\"async\" src=\"https:\/\/data.adwebcloud.com\/public\/material\/2206293ihquj\/product\/rm91ge46hx_1661257237615.jpg\" alt=\"exemplo\" width=\"400\" title=\"\">&nbsp;<\/span><\/p>\n<p><span style=\"font-size: 16px;font-family: arial, helvetica, sans-serif\">Kits de bolas de sementes: \u00e9 f\u00e1cil - eliminamos as suposi\u00e7\u00f5es ao cultivar sementes de tomate e ervas, orientando voc\u00ea a cada passo do caminho. Tudo o que voc\u00ea precisa para trazer a alegria do Tomate e ervas para a sua vida ou para a de quem voc\u00ea ama em uma linda caixa de presente. Planta isso!<\/span><\/p>\n<p><span style=\"font-size: 16px;font-family: arial, helvetica, sans-serif\">Os seguintes itens est\u00e3o inclu\u00eddos no kit.<\/span><\/p>\n<p><span style=\"font-size: 16px;font-family: arial, helvetica, sans-serif\">Pizza Garden Seed Ball Kit: Argila e minhocas fundidas em um saco biodegrad\u00e1vel, manjeric\u00e3o kenovis org\u00e2nico, tomate cereja org\u00e2nico, r\u00facula org\u00e2nica e sementes de or\u00e9gano grego org\u00e2nico, r\u00e9gua de guia de jardim e instru\u00e7\u00f5es de plantio. At\u00e9 20 bolas de sementes.<\/span><\/p>\n<p><span style=\"font-size: 16px;font-family: arial, helvetica, sans-serif\">Cortador de pizza: l\u00e2mina de a\u00e7o inoxid\u00e1vel, capa protetora da l\u00e2mina, lav\u00e1vel na lava-lou\u00e7as<\/span><\/p>\n<p><span style=\"font-size: 16px;font-family: arial, helvetica, sans-serif\">Etiqueta de Jardim: Bambu<\/span><\/p>\n<p><span style=\"font-size: 16px;font-family: arial, helvetica, sans-serif\">Uma cole\u00e7\u00e3o colorida para que sua fam\u00edlia comece a cultivar todos os ingredientes para uma noite de pizza em um jardim f\u00e9rtil de inspira\u00e7\u00e3o italiana.<\/span><\/p>\n<p><span style=\"font-size: 16px;font-family: arial, helvetica, sans-serif\">Pizza Garden Seed Ball Kit: O essencial que voc\u00ea precisa para fazer 20 bolas de sementes densas em nutrientes, al\u00e9m de instru\u00e7\u00f5es de plantio para iniciar um lindo jardim. Inclui manjeric\u00e3o org\u00e2nico, r\u00facula, tomate cereja e sementes de or\u00e9gano.<\/span><\/p>\n<p><span style=\"font-size: 16px;font-family: arial, helvetica, sans-serif\">Cortador de Pizza: Utens\u00edlio de cozinha ergon\u00f4mico com al\u00e7a f\u00e1cil de usar para cortar pizza e p\u00e3o achatado com facilidade.<\/span><\/p>\n<p><span style=\"font-size: 16px;font-family: arial, helvetica, sans-serif\">Marcadores de Jardim: Quatro marcadores de plantas de bambu para o seu jardim italiano.<\/span><\/p>\n<p><span style=\"font-size: 16px;font-family: arial, helvetica, sans-serif\">Kit de caixa: 12,125&quot; L x 9,25&quot; A x 6&quot; P<\/span><\/p>\n<p><span style=\"font-size: 16px;font-family: arial, helvetica, sans-serif\">Kit de bolas de sementes de jardim de pizza: 6&quot; L x 4&quot; A x 8&quot; P<\/span><\/p>\n<p><span style=\"font-size: 16px;font-family: arial, helvetica, sans-serif\">Cortador de pizza: 4&quot; x 3,7&quot;<\/span><\/p>\n<p><span style=\"font-size: 16px;font-family: arial, helvetica, sans-serif\">Marcador de jardim: 2,3&quot; x 4&quot;<\/span><\/p>\n<p><span style=\"font-size: 18px;font-family: arial, helvetica, sans-serif\"><\/span><\/p>\n<h3 style=\"font-size: 19px\"><span style=\"font-family: arial, helvetica, sans-serif\"><span style=\"font-size: 18px\">Por que \u00e9 chamado de Kit Pizza Garden Seed Ball?<\/span><span style=\"font-size: 18px\"><\/span><\/span><\/h3>\n<p><span style=\"font-size: 16px;font-family: arial, helvetica, sans-serif\">As sementes que fornecemos s\u00e3o de tomate e ervas, que s\u00e3o os principais alimentos e ingredientes que usamos para fazer o molho de pizza. O molho de pizza \u00e9 um molho caseiro simples, os ingredientes principais s\u00e3o tomate, cebola, alho, molho de tomate, ervas, pimenta do reino. Como o sabor do molho de pizza \u00e9 muito b\u00e1sico e n\u00e3o destaca nenhum sabor especial, ele pode ser usado em uma gama mais ampla. Por exemplo, pode ser adicionado como pasta de tomate ao fazer pizza.<\/span><\/p>\n<p><span style=\"font-size: 16px;font-family: arial, helvetica, sans-serif\">O fruto do tomate \u00e9 rico em nutrientes e tem um sabor especial. A \u201ctomatocina\u201d que cont\u00e9m tem o efeito de inibir as bact\u00e9rias; o \u00e1cido m\u00e1lico, o \u00e1cido c\u00edtrico e o a\u00e7\u00facar que cont\u00e9m t\u00eam a fun\u00e7\u00e3o de ajudar na digest\u00e3o. A baunilha, como tempero, pode real\u00e7ar a fragr\u00e2ncia; tamb\u00e9m pode ser consumido diretamente como vegetais e frutas e adicionado aos alimentos como conservante natural.<\/span><\/p>\n<p><span style=\"font-size: 16px;font-family: arial, helvetica, sans-serif\">Agora que voc\u00ea pode obter ambos com nosso kit de bolas de sementes, n\u00e3o seria mais satisfat\u00f3rio cultivar seu pr\u00f3prio molho de pizza favorito?<\/span><\/p>\n<pre><span style=\"font-family: arial, helvetica, sans-serif;font-size: 18px\">&nbsp;<\/span><\/pre>\n<h3 style=\"font-size: 19px\"><span style=\"font-family: arial, helvetica, sans-serif;font-size: 18px\">O que fazer e o que n\u00e3o fazer ao plantar nossos kits de bolas de sementes<\/span><\/h3>\n<p><span style=\"font-family: arial, helvetica, sans-serif;font-size: 16px\">Observa\u00e7\u00e3o cuidadosa e paci\u00eancia s\u00e3o necess\u00e1rias no processo de cultivo ao usar nossos kits de bolas de sementes, afinal voc\u00ea precisa delas para crescer de semente a fruta para voc\u00ea colher. Portanto, no processo de cultivo, voc\u00ea deve prestar aten\u00e7\u00e3o aos seguintes pontos:<\/span><\/p>\n<p><span style=\"font-size: 16px\"><strong><span style=\"font-family: arial, helvetica, sans-serif\">1. Gest\u00e3o de \u00e1gua e fertilizantes<\/span><\/strong><\/span><br \/><span style=\"font-family: arial, helvetica, sans-serif;font-size: 16px\">Quer se trate de tomates ou ervas, eles n\u00e3o precisam de muito fertilizante. Nos est\u00e1gios inicial e intermedi\u00e1rio de crescimento, h\u00e1 mais necessidades de \u00e1gua, e os vasos de plantas precisam ser regados uma vez a cada 3 dias ou mais. Eles precisam de mais \u00e1gua e devem ser irrigados a tempo. Mas preste aten\u00e7\u00e3o \u00e0 drenagem durante a esta\u00e7\u00e3o chuvosa.<\/span><\/p>\n<p><span style=\"font-size: 16px\"><strong><span style=\"font-family: arial, helvetica, sans-serif\">2. Controle de pragas<\/span><\/strong><\/span><br \/><span style=\"font-family: arial, helvetica, sans-serif;font-size: 16px\">Eles est\u00e3o todos relacionados \u00e0 dieta. \u00c9 melhor n\u00e3o usar pesticidas. Se forem encontradas pragas e doen\u00e7as, elas devem ser tratadas o mais r\u00e1pido poss\u00edvel. O manejo cient\u00edfico \u00e9 necess\u00e1rio para cultivar mudas fortes, aumentar a aplica\u00e7\u00e3o de fertilizantes, promover o crescimento e a robustez das plantas e melhorar a resist\u00eancia a doen\u00e7as<\/span><\/p>\n<pre><\/pre><\/p>","protected":false},"excerpt":{"rendered":"<p>Kits de bolas de sementes: \u00e9 f\u00e1cil - eliminamos as suposi\u00e7\u00f5es ao cultivar sementes de tomate e ervas, orientando voc\u00ea em cada etapa do caminho. Tudo o que voc\u00ea precisa para trazer a alegria do Tomate e ervas para a sua vida ou para a de quem voc\u00ea ama em uma linda caixa de presente. Planta isso!<\/p>","protected":false},"featured_media":13286,"comment_status":"open","ping_status":"closed","template":"","meta":[],"product_cat":[67],"product_tag":[598,593,70,594,595,596],"acf":[],"_links":{"self":[{"href":"https:\/\/www.garden-kit.com\/pt\/wp-json\/wp\/v2\/product\/1797"}],"collection":[{"href":"https:\/\/www.garden-kit.com\/pt\/wp-json\/wp\/v2\/product"}],"about":[{"href":"https:\/\/www.garden-kit.com\/pt\/wp-json\/wp\/v2\/types\/product"}],"replies":[{"embeddable":true,"href":"https:\/\/www.garden-kit.com\/pt\/wp-json\/wp\/v2\/comments?post=1797"}],"wp:featuredmedia":[{"embeddable":true,"href":"https:\/\/www.garden-kit.com\/pt\/wp-json\/wp\/v2\/media\/13286"}],"wp:attachment":[{"href":"https:\/\/www.garden-kit.com\/pt\/wp-json\/wp\/v2\/media?parent=1797"}],"wp:term":[{"taxonomy":"product_cat","embeddable":true,"href":"https:\/\/www.garden-kit.com\/pt\/wp-json\/wp\/v2\/product_cat?post=1797"},{"taxonomy":"product_tag","embeddable":true,"href":"https:\/\/www.garden-kit.com\/pt\/wp-json\/wp\/v2\/product_tag?post=1797"}],"curies":[{"name":"wp","href":"https:\/\/api.w.org\/{rel}","templated":true}]}}