{"id":1846,"date":"2022-08-24T09:12:47","date_gmt":"2022-08-24T01:12:47","guid":{"rendered":"http:\/\/www.garden-kit.com\/product\/gin-making-kit-flavor-your-own-gin-flavor-your-own-bottle-with-twelve-botanicals-perfect-gift-idea\/"},"modified":"2024-03-07T10:14:19","modified_gmt":"2024-03-07T02:14:19","slug":"gin-making-kit","status":"publish","type":"product","link":"https:\/\/www.garden-kit.com\/pt\/product\/gin-making-kit\/","title":{"rendered":"Kit para fazer gim caseiro"},"content":{"rendered":"<h3 style=\"font-size: 19px\">Vis\u00e3o geral<\/h3>\n<table style=\"border-collapse: collapse;width: 100%;height: 330px\" cellspacing=\"0\">\n<tbody>\n<tr style=\"height: 40px\">\n<td style=\"height: 40px;vertical-align: top;width: 299px;border: 1px solid black\"><span style=\"font-family: 'PingFang SC', 'Microsoft YaHei', sans-serif;font-size: 16px\">Instru\u00e7\u00f5es de cuidados com o produto<\/span><\/td>\n<td style=\"border-bottom: 1px solid black;border-left: none;border-right: 1px solid black;border-top: 1px solid black;height: 40px;vertical-align: top;width: 299px\"><span style=\"font-family: 'PingFang SC', 'Microsoft YaHei', sans-serif;font-size: 16px\">Dispon\u00edvel<\/span><\/td>\n<\/tr>\n<tr style=\"height: 40px\">\n<td style=\"border-bottom: 1px solid black;border-left: 1px solid black;border-right: 1px solid black;border-top: none;height: 40px;vertical-align: top;width: 299px\"><span style=\"font-family: 'PingFang SC', 'Microsoft YaHei', sans-serif;font-size: 16px\">Tipo de Produto<\/span><\/td>\n<td style=\"border-bottom: 1px solid black;border-left: none;border-right: 1px solid black;border-top: none;height: 40px;vertical-align: top;width: 299px\"><span style=\"font-family: 'PingFang SC', 'Microsoft YaHei', sans-serif;font-size: 16px\">KIT PARA FAZER GIN<\/span><\/td>\n<\/tr>\n<tr style=\"height: 40px\">\n<td style=\"border-bottom: 1px solid black;border-left: 1px solid black;border-right: 1px solid black;border-top: none;height: 40px;vertical-align: top;width: 299px\"><span style=\"font-family: 'PingFang SC', 'Microsoft YaHei', sans-serif;font-size: 16px\">Caracter\u00edstica especial<\/span><\/td>\n<td style=\"border-bottom: 1px solid black;border-left: none;border-right: 1px solid black;border-top: none;height: 40px;vertical-align: top;width: 299px\"><span style=\"font-family: 'PingFang SC', 'Microsoft YaHei', sans-serif;font-size: 16px\">Saboreie sua pr\u00f3pria garrafa com TWELVE Botanicals<\/span><\/td>\n<\/tr>\n<tr style=\"height: 42px\">\n<td style=\"border-bottom: 1px solid black;border-left: 1px solid black;border-right: 1px solid black;border-top: none;height: 42px;vertical-align: top;width: 299px\"><span style=\"font-family: 'PingFang SC', 'Microsoft YaHei', sans-serif;font-size: 16px\">Marca<\/span><\/td>\n<td style=\"border-bottom: 1px solid black;border-left: none;border-right: 1px solid black;border-top: none;height: 42px;vertical-align: top;width: 299px\"><span style=\"font-family: 'PingFang SC', 'Microsoft YaHei', sans-serif;font-size: 16px\">kit jardim<\/span><\/td>\n<\/tr>\n<tr style=\"height: 42px\">\n<td style=\"border-bottom: 1px solid black;border-left: 1px solid black;border-right: 1px solid black;border-top: none;height: 42px;vertical-align: top;width: 299px\"><span style=\"font-family: 'PingFang SC', 'Microsoft YaHei', sans-serif;font-size: 16px\">Lugar de origem<\/span><\/td>\n<td style=\"border-bottom: 1px solid black;border-left: none;border-right: 1px solid black;border-top: none;height: 42px;vertical-align: top;width: 299px\"><span style=\"font-family: 'PingFang SC', 'Microsoft YaHei', sans-serif;font-size: 16px\">Fujian, China<\/span><\/td>\n<\/tr>\n<tr style=\"height: 42px\">\n<td style=\"border-bottom: 1px solid black;border-left: 1px solid black;border-right: 1px solid black;border-top: none;height: 42px;vertical-align: top;width: 299px\"><span style=\"font-family: 'PingFang SC', 'Microsoft YaHei', sans-serif;font-size: 16px\">ODM\/OEM<\/span><\/td>\n<td style=\"border-bottom: 1px solid black;border-left: none;border-right: 1px solid black;border-top: none;height: 42px;vertical-align: top;width: 299px\"><span style=\"font-family: 'PingFang SC', 'Microsoft YaHei', sans-serif;font-size: 16px\">Dispon\u00edvel<\/span><\/td>\n<\/tr>\n<tr style=\"height: 42px\">\n<td style=\"border-bottom: 1px solid black;border-left: 1px solid black;border-right: 1px solid black;border-top: none;height: 42px;vertical-align: top;width: 299px\"><span style=\"font-family: 'PingFang SC', 'Microsoft YaHei', sans-serif;font-size: 16px\">MOQ para pedido personalizado<\/span><\/td>\n<td style=\"border-bottom: 1px solid black;border-left: none;border-right: 1px solid black;border-top: none;height: 42px;vertical-align: top;width: 299px\"><span style=\"font-family: 'PingFang SC', 'Microsoft YaHei', sans-serif;font-size: 16px\">3000 unidades<\/span><\/td>\n<\/tr>\n<tr style=\"height: 42px\">\n<td style=\"border-bottom: 1px solid black;border-left: 1px solid black;border-right: 1px solid black;border-top: none;height: 42px;vertical-align: top;width: 299px\"><span style=\"font-family: 'PingFang SC', 'Microsoft YaHei', sans-serif;font-size: 16px\">Custo da amostra<\/span><\/td>\n<td style=\"border-bottom: 1px solid black;border-left: none;border-right: 1px solid black;border-top: none;height: 42px;vertical-align: top;width: 299px\"><span style=\"font-family: 'PingFang SC', 'Microsoft YaHei', sans-serif;font-size: 16px\">US$400\/Sample, retorno completo ap\u00f3s o pedido de n\u00f3s<\/span><\/td>\n<\/tr>\n<\/tbody>\n<\/table>\n<p style=\"line-height: 1.5\"><span style=\"font-family: 'PingFang SC', 'Microsoft YaHei', sans-serif\">&nbsp;<\/span><\/p>\n<p style=\"line-height: 1.5\"><span style=\"font-family: 'PingFang SC', 'Microsoft YaHei', sans-serif;font-size: 16px\">FA\u00c7A A SUA PR\u00d3PRIA COISA - Liberte-se das misturas de infus\u00e3o padronizadas e deixe a sua imagina\u00e7\u00e3o e papilas gustativas correrem soltas neste kit exclusivo. A \u00fanica coisa extra que precisa \u00e9 da sua criatividade; basta injetar um pouco de tempo, e um cocktail cheio de sabor ser\u00e1 a sua recompensa! Escolha a sua ess\u00eancia bot\u00e2nica favorita e crie o seu pr\u00f3prio gin!<\/span><\/p>\n<p style=\"line-height: 1.5\"><span style=\"font-family: 'PingFang SC', 'Microsoft YaHei', sans-serif\">&nbsp;<\/span><\/p>\n<p style=\"line-height: 1.5\"><span style=\"font-family: 'PingFang SC', 'Microsoft YaHei', sans-serif;font-size: 16px\">Os seguintes itens est\u00e3o inclu\u00eddos no kit.<\/span><\/p>\n<p style=\"line-height: 1.5\"><span style=\"font-family: 'PingFang SC', 'Microsoft YaHei', sans-serif;font-size: 16px\">Nossos 12 bot\u00e2nicos v\u00eam de todo o mundo, alguns dos quais s\u00e3o realmente dif\u00edceis de encontrar. No entanto, aceitamos o desafio de encontr\u00e1-los para sua melhor experi\u00eancia de fabrica\u00e7\u00e3o de gin!<\/span><\/p>\n<p style=\"line-height: 1.5\"><span style=\"font-family: 'PingFang SC', 'Microsoft YaHei', sans-serif;font-size: 16px\">Obtemos os ingredientes bot\u00e2nicos de gin da mais alta qualidade em todo o mundo. Cardamomo verde - flores de hibisco - sementes de coentros - pimenta cubeba - flores de alfazema - louro - casca de laranja - pimenta rosa - alca\u00e7uz - zimbro<\/span><\/p>\n<p style=\"line-height: 1.5\"><span style=\"font-family: 'PingFang SC', 'Microsoft YaHei', sans-serif;font-size: 16px\">1 cart\u00e3o de instru\u00e7\u00f5es passo a passo<\/span><\/p>\n<p style=\"line-height: 1.5\"><span style=\"font-family: 'PingFang SC', 'Microsoft YaHei', sans-serif;font-size: 16px\">1 caixa artesanal personalizada<\/span><\/p>\n<p style=\"line-height: 1.5\"><span style=\"font-family: 'PingFang SC', 'Microsoft YaHei', sans-serif\">&nbsp;<\/span><\/p>\n<p style=\"line-height: 1.5\"><span style=\"font-family: 'PingFang SC', 'Microsoft YaHei', sans-serif;font-size: 18px\">CADA KIT PRODUZ 3 GARRAFAS DE GIN<\/span><\/p>\n<p style=\"line-height: 1.5\"><span style=\"font-family: 'PingFang SC', 'Microsoft YaHei', sans-serif;font-size: 16px\">Gin Caseiro: Com nossa exclusiva f\u00e1brica de gin, voc\u00ea pode degustar seu pr\u00f3prio gin e curtir tr\u00eas garrafas com amigos e fam\u00edlia.<\/span><\/p>\n<p style=\"line-height: 1.5\"><span style=\"font-family: 'PingFang SC', 'Microsoft YaHei', sans-serif;font-size: 16px\">Inclui 12 plantas ex\u00f3ticas e todo o equipamento necess\u00e1rio para voc\u00ea come\u00e7ar a fazer seu pr\u00f3prio gin<\/span><\/p>\n<p style=\"line-height: 1.5\"><span style=\"font-family: 'PingFang SC', 'Microsoft YaHei', sans-serif\">&nbsp;<\/span><\/p>\n<p style=\"line-height: 1.5\"><span style=\"font-family: 'PingFang SC', 'Microsoft YaHei', sans-serif;font-size: 16px\">A ideia de presente perfeita para os amantes de gin<\/span><\/p>\n<p style=\"line-height: 1.5\"><span style=\"font-family: 'PingFang SC', 'Microsoft YaHei', sans-serif;font-size: 16px\">Artesanato e embalagem de alta qualidade: Duas garrafas de vidro com rolhas de madeira, embalagem sem pl\u00e1stico, numa caixa de cart\u00e3o simples, elegante e sem res\u00edduos. Inclui um funil de metal e um pacote de instru\u00e7\u00f5es completo.<\/span><\/p>\n<h3 style=\"font-size: 19px\">A efic\u00e1cia e o papel do Gin<\/h3>\n<p style=\"line-height: 1.5\"><span style=\"font-family: 'PingFang SC', 'Microsoft YaHei', sans-serif;font-size: 16px\">No in\u00edcio da sua inven\u00e7\u00e3o, o gin era utilizado principalmente como vinho medicinal. Nessa altura, era utilizado principalmente para tratar problemas de est\u00f4mago, gota e c\u00e1lculos biliares. Devido ao seu bom gosto, era apreciado pelas pessoas.<br \/>Bem-vindo. Gradualmente a entrar no campo da medicina, as suas principais fun\u00e7\u00f5es s\u00e3o:<\/span><\/p>\n<p style=\"line-height: 1.5\"><span style=\"font-family: 'PingFang SC', 'Microsoft YaHei', sans-serif;font-size: 16px\">1. Aque\u00e7a o corpo<br \/>O gin cont\u00e9m uma grande quantidade de \u00e1lcool. N\u00e3o \u00e9 baixo em calorias e tem um sabor muito quente. \u00c9 uma bebida espirituosa. Beb\u00ea-lo corretamente pode melhorar a circula\u00e7\u00e3o sangu\u00ednea at\u00e9 um certo ponto, dragar os meridianos do corpo humano e desempenhar um papel na condu\u00e7\u00e3o do frio e na manuten\u00e7\u00e3o do calor.<\/span><\/p>\n<p style=\"line-height: 1.5\"><span style=\"font-family: 'PingFang SC', 'Microsoft YaHei', sans-serif;font-size: 16px\">2. Elimine a fadiga<br \/>O gim \u00e9 uma bebida alco\u00f3lica, e beber corretamente pode estimular o sistema nervoso central do corpo. \u00c9 adequado para pessoas estressadas e mentalmente cansadas, e \u00e9 ben\u00e9fico para eliminar a fadiga e a tens\u00e3o.<\/span><\/p>\n<p style=\"line-height: 1.5\"><span style=\"font-family: 'PingFang SC', 'Microsoft YaHei', sans-serif;font-size: 16px\">3. Promova o metabolismo<br \/>O teor de \u00e1lcool no gin \u00e9 relativamente alto, o que pode melhorar a circula\u00e7\u00e3o sangu\u00ednea do corpo, o que \u00e9 ben\u00e9fico para estimular a pele de todo o corpo, promovendo assim o metabolismo do corpo.<br \/>Tamb\u00e9m pode atuar na condu\u00e7\u00e3o nervosa, que percorre o sangue por todo o corpo.<\/span><\/p>\n<p style=\"line-height: 1.5\"><span style=\"font-family: 'PingFang SC', 'Microsoft YaHei', sans-serif;font-size: 16px\">4. Diurese e incha\u00e7o<br \/>Depois de comer gim com modera\u00e7\u00e3o, pode ajudar o corpo humano a urinar e reduzir o edema do corpo e os fluidos corporais retidos. \u00c9 um bom diur\u00e9tico e tem um bom efeito na perda de peso seco.<\/span><\/p>\n<p style=\"line-height: 1.5\"><span style=\"font-family: 'PingFang SC', 'Microsoft YaHei', sans-serif;font-size: 16px\"><\/span><\/p>\n<h3 style=\"font-size: 19px\">Como usar um kit caseiro para fazer gim<\/h3>\n<p>Usar um kit de fabrica\u00e7\u00e3o de gin caseiro \u00e9 simples e direto:<\/p>\n<ol>\n<li>Esterilizar o equipamento: Esterilize todo o equipamento antes de usar para evitar contamina\u00e7\u00e3o.<\/li>\n<li>Adicionar Bot\u00e2nicos: Adicione os bot\u00e2nicos fornecidos no kit ao frasco ou recipiente, juntamente com as bagas de zimbro.<\/li>\n<li>Adicionar \u00e1lcool: Despeje vodka ou outro esp\u00edrito neutro na jarra ou recipiente, cobrindo os bot\u00e2nicos e as bagas de zimbro.<\/li>\n<li>Infus\u00e3o: Deixe a mistura em infus\u00e3o por v\u00e1rios dias, dependendo da receita fornecida no kit.<\/li>\n<li>Coe: Coe a mistura usando uma gaze ou filtro de caf\u00e9 para remover os vegetais.<\/li>\n<li>Garrafa: Despeje cuidadosamente o gin infundido em uma garrafa e divirta-se!<\/li>\n<\/ol>\n<h3 style=\"font-size: 19px\">Vantagens do kit para fazer gim caseiro<\/h3>\n<p>Existem v\u00e1rias vantagens em usar um kit de fabrica\u00e7\u00e3o de gin caseiro. Aqui est\u00e3o alguns deles:<\/p>\n<ol>\n<li>Personaliza\u00e7\u00e3o: Uma das maiores vantagens de fazer seu pr\u00f3prio gin em casa usando um kit de fabrica\u00e7\u00e3o de gin \u00e9 que voc\u00ea tem controle total sobre os sabores e ingredientes bot\u00e2nicos que usa. Voc\u00ea pode personalizar o gin para atender \u00e0s suas prefer\u00eancias de gosto pessoal, experimentando diferentes combina\u00e7\u00f5es de plantas, especiarias e frutas para criar um gin exclusivo e personalizado perfeito para voc\u00ea.<\/li>\n<li>Criatividade: O kit de fabrica\u00e7\u00e3o de gim caseiro permite que voc\u00ea libere sua criatividade e experimente diferentes sabores e aromas. Voc\u00ea pode ser criativo com suas escolhas bot\u00e2nicas, como bagas de zimbro, sementes de coentro, cascas de frutas c\u00edtricas ou at\u00e9 mesmo ingredientes exclusivos como lavanda ou p\u00e9talas de rosa, para criar um gin verdadeiramente \u00fanico e que reflita seu estilo pessoal.<\/li>\n<li>Ingredientes de qualidade: muitos kits de fabrica\u00e7\u00e3o de gim v\u00eam com ingredientes e bot\u00e2nicos de alta qualidade, garantindo que voc\u00ea use ingredientes frescos e premium para criar seu gim. Isso pode resultar em um gin de qualidade superior em compara\u00e7\u00e3o com os gins comprados em lojas, onde a qualidade dos ingredientes pode variar.<\/li>\n<li>Divertido e educativo: o kit de fabrica\u00e7\u00e3o de gin caseiro pode ser uma experi\u00eancia divertida e educacional. Voc\u00ea aprender\u00e1 sobre os diferentes bot\u00e2nicos usados na produ\u00e7\u00e3o de gin, entender\u00e1 o processo de destila\u00e7\u00e3o e desenvolver\u00e1 uma aprecia\u00e7\u00e3o mais profunda pela arte e artesanato da produ\u00e7\u00e3o de gin. Tamb\u00e9m pode ser uma \u00f3tima atividade para fazer com amigos ou familiares, tornando-se uma experi\u00eancia divertida e social.<\/li>\n<li>Custo-benef\u00edcio: Fazer gin em casa com um kit de fabrica\u00e7\u00e3o de gin pode ser econ\u00f4mico em compara\u00e7\u00e3o com a compra de gins premium na loja. Embora possa haver um investimento inicial na compra do kit de fabrica\u00e7\u00e3o de gim, o custo por garrafa de gim caseiro pode ser significativamente menor do que comprar uma garrafa de gim de alta qualidade na loja.<\/li>\n<li>Sustentabilidade: O kit de fabrica\u00e7\u00e3o de gim caseiro usando um kit de fabrica\u00e7\u00e3o de gim permite que voc\u00ea tenha controle sobre os ingredientes que usa, o que significa que voc\u00ea pode fazer escolhas alinhadas com seus valores de sustentabilidade. Voc\u00ea pode escolher bot\u00e2nicos org\u00e2nicos ou de origem local, reduzir o desperd\u00edcio reutilizando garrafas e ter uma pegada de carbono menor produzindo gin localmente, em vez de depender de transporte para gins comprados em lojas.<\/li>\n<li>Presentes exclusivos: o kit de fabrica\u00e7\u00e3o de gim caseiro tamb\u00e9m pode ser um presente atencioso e exclusivo para amigos e familiares. Voc\u00ea pode criar r\u00f3tulos personalizados, projetar sua pr\u00f3pria embalagem de garrafa e apresentar uma garrafa de gin artesanal que seja verdadeiramente especial e significativa.<\/li>\n<\/ol>\n<h3 style=\"font-size: 19px\">Criando seu gin caseiro: Uma viagem pelo sabor<\/h3>\n<h4>1. <strong>Medi\u00e7\u00e3o e sele\u00e7\u00e3o de plantas: O seu Gin, as suas regras<\/strong><\/h4>\n<p>O processo criativo come\u00e7a com a medi\u00e7\u00e3o e sele\u00e7\u00e3o dos seus ingredientes bot\u00e2nicos. Consulte o folheto de instru\u00e7\u00f5es fornecido para obter as propor\u00e7\u00f5es recomendadas ou aventure-se na experimenta\u00e7\u00e3o, ajustando as quantidades com base nas suas prefer\u00eancias de sabor.<\/p>\n<h4>2. <strong>Infus\u00e3o: Combinar sabores com a bebida espirituosa de base<\/strong><\/h4>\n<p>Coloque os ingredientes bot\u00e2nicos escolhidos no frasco de vidro ou no recipiente de infus\u00e3o, cobrindo-os com a bebida espirituosa de base, normalmente um \u00e1lcool neutro. Deixe a mistura repousar durante um determinado per\u00edodo de tempo, permitindo que o \u00e1lcool extraia os sabores dos bot\u00e2nicos.<\/p>\n<h4>3. <strong>Provar e ajustar: Um toque personalizado<\/strong><\/h4>\n<p>O teste de sabor \u00e9 um passo crucial no processo de fabrico do gin. \u00c0 medida que os bot\u00e2nicos infundem, experimente a mistura para avaliar o perfil de sabor. Esta fase permite-lhe fazer ajustes, adicionando mais bot\u00e2nicos, se necess\u00e1rio, ou deixando a infus\u00e3o continuar at\u00e9 que o sabor desejado seja alcan\u00e7ado.<\/p>\n<h4>4. <strong>Coar e engarrafar: Uma obra-prima engarrafada<\/strong><\/h4>\n<p>Quando estiver satisfeito com o sabor, coe o l\u00edquido para remover os bot\u00e2nicos, deixando-o com um gin claro e arom\u00e1tico. Transfira o produto final para uma garrafa, e o seu gin caseiro est\u00e1 pronto para ser bebido e misturado.<\/p>\n<h3 style=\"font-size: 19px\">Dicas de personaliza\u00e7\u00e3o: Elevando o seu Gin<\/h3>\n<h4>1. <strong>Experimentar com plantas:<\/strong><\/h4>\n<p>Sinta-se \u00e0 vontade para experimentar bot\u00e2nicos adicionais para al\u00e9m das ofertas do kit. Ervas frescas, especiarias ou mesmo elementos florais podem acrescentar complexidade e profundidade ao seu gin.<\/p>\n<h4>2. <strong>Envelhecimento:<\/strong><\/h4>\n<p>Considere envelhecer o seu gin durante um curto per\u00edodo de tempo para real\u00e7ar os seus sabores. Pequenos barris de carvalho ou aduelas de madeira carbonizada podem ser adicionados para dar notas subtis de madeira ao esp\u00edrito.<\/p>\n<h4>3. <strong>Rotulagem:<\/strong><\/h4>\n<p>Crie um r\u00f3tulo personalizado para o seu gin caseiro. Isto n\u00e3o s\u00f3 acrescenta um toque de profissionalismo, como tamb\u00e9m o torna um presente fant\u00e1stico para amigos ou familiares.<\/p>","protected":false},"excerpt":{"rendered":"<p>FA\u00c7A SUAS PR\u00d3PRIAS COISAS \u2013 Saia das misturas de infus\u00e3o padronizadas e deixe sua imagina\u00e7\u00e3o e papilas gustativas correrem soltas neste kit exclusivo. A \u00fanica coisa extra que voc\u00ea precisa \u00e9 a sua criatividade: basta injetar um pouco de tempo e um coquetel cheio de sabor ser\u00e1 sua recompensa!<\/p>\n<p>Um kit de fabrica\u00e7\u00e3o de gin caseiro \u00e9 uma maneira divertida e f\u00e1cil de fazer seu pr\u00f3prio gin em casa. Esses kits geralmente v\u00eam com todos os ingredientes e equipamentos necess\u00e1rios para criar um pequeno lote de gin, incluindo bot\u00e2nicos, bagas de zimbro e instru\u00e7\u00f5es.<\/p><\/p>","protected":false},"featured_media":17857,"comment_status":"closed","ping_status":"closed","template":"","meta":[],"product_cat":[86],"product_tag":[790,555,563,560,551,557,553,791,552,792],"acf":[],"_links":{"self":[{"href":"https:\/\/www.garden-kit.com\/pt\/wp-json\/wp\/v2\/product\/1846"}],"collection":[{"href":"https:\/\/www.garden-kit.com\/pt\/wp-json\/wp\/v2\/product"}],"about":[{"href":"https:\/\/www.garden-kit.com\/pt\/wp-json\/wp\/v2\/types\/product"}],"replies":[{"embeddable":true,"href":"https:\/\/www.garden-kit.com\/pt\/wp-json\/wp\/v2\/comments?post=1846"}],"wp:featuredmedia":[{"embeddable":true,"href":"https:\/\/www.garden-kit.com\/pt\/wp-json\/wp\/v2\/media\/17857"}],"wp:attachment":[{"href":"https:\/\/www.garden-kit.com\/pt\/wp-json\/wp\/v2\/media?parent=1846"}],"wp:term":[{"taxonomy":"product_cat","embeddable":true,"href":"https:\/\/www.garden-kit.com\/pt\/wp-json\/wp\/v2\/product_cat?post=1846"},{"taxonomy":"product_tag","embeddable":true,"href":"https:\/\/www.garden-kit.com\/pt\/wp-json\/wp\/v2\/product_tag?post=1846"}],"curies":[{"name":"wp","href":"https:\/\/api.w.org\/{rel}","templated":true}]}}