{"id":1857,"date":"2022-08-24T09:13:28","date_gmt":"2022-08-24T01:13:28","guid":{"rendered":"http:\/\/www.garden-kit.com\/product\/craftly-explore-chili-6-gourmet-chilies-from-mild-to-hot\/"},"modified":"2023-03-31T16:35:10","modified_gmt":"2023-03-31T08:35:10","slug":"explore-chili","status":"publish","type":"product","link":"https:\/\/www.garden-kit.com\/pt\/product\/explore-chili\/","title":{"rendered":"Explorar o Chile"},"content":{"rendered":"<h3 style=\"font-size: 19px\"><span style=\"font-family: arial, helvetica, sans-serif;font-size: 16px\">Vis\u00e3o geral<\/span><\/h3>\n<table style=\"border-collapse: collapse;width: 100%;height: 236.797px\" width=\"100%\">\n<tbody>\n<tr style=\"height: 26.375px\">\n<td style=\"height: 26.375px\" width=\"299\"><span style=\"font-family: arial, helvetica, sans-serif;font-size: 16px\">Instru\u00e7\u00f5es de cuidados com o produto<\/span><\/td>\n<td style=\"height: 26.375px\" width=\"299\"><span style=\"font-family: arial, helvetica, sans-serif;font-size: 16px\">Dispon\u00edvel<\/span><\/td>\n<\/tr>\n<tr style=\"height: 26.375px\">\n<td style=\"height: 26.375px\" width=\"299\"><span style=\"font-family: arial, helvetica, sans-serif;font-size: 16px\">Tipo de Produto<\/span><\/td>\n<td style=\"height: 26.375px\" width=\"299\"><span style=\"font-family: arial, helvetica, sans-serif;font-size: 16px\">Kit de pimenta para churrasco<\/span><\/td>\n<\/tr>\n<tr style=\"height: 28.375px\">\n<td style=\"height: 28.375px\" width=\"299\"><span style=\"font-family: arial, helvetica, sans-serif;font-size: 16px\">Caracter\u00edstica especial<\/span><\/td>\n<td style=\"height: 28.375px\" width=\"299\"><span style=\"font-family: arial, helvetica, sans-serif;font-size: 16px\">6 pimentas gourmet de suaves a quentes<\/span><\/td>\n<\/tr>\n<tr style=\"height: 26.375px\">\n<td style=\"height: 26.375px\" width=\"299\"><span style=\"font-family: arial, helvetica, sans-serif;font-size: 16px\">Marca<\/span><\/td>\n<td style=\"height: 26.375px\" width=\"299\"><span style=\"font-family: arial, helvetica, sans-serif;font-size: 16px\">kit jardim<\/span><\/td>\n<\/tr>\n<tr style=\"height: 26.375px\">\n<td style=\"height: 26.375px\" width=\"299\"><span style=\"font-family: arial, helvetica, sans-serif;font-size: 16px\">Lugar de origem<\/span><\/td>\n<td style=\"height: 26.375px\" width=\"299\"><span style=\"font-family: arial, helvetica, sans-serif;font-size: 16px\">Fujian, China<\/span><\/td>\n<\/tr>\n<tr style=\"height: 33.375px\">\n<td style=\"height: 33.375px\" width=\"299\"><span style=\"font-family: arial, helvetica, sans-serif;font-size: 16px\">ODM\/OEM<\/span><\/td>\n<td style=\"height: 33.375px\" width=\"299\"><span style=\"font-family: arial, helvetica, sans-serif;font-size: 16px\">Dispon\u00edvel<\/span><\/td>\n<\/tr>\n<tr style=\"height: 33.375px\">\n<td style=\"height: 33.375px\" width=\"299\"><span style=\"font-family: arial, helvetica, sans-serif;font-size: 16px\">MOQ para pedido personalizado<\/span><\/td>\n<td style=\"height: 33.375px\" width=\"299\"><span style=\"font-family: arial, helvetica, sans-serif;font-size: 16px\">3000 unidades<\/span><\/td>\n<\/tr>\n<tr style=\"height: 36.1719px\">\n<td style=\"height: 36.1719px\" width=\"299\"><span style=\"font-family: arial, helvetica, sans-serif;font-size: 16px\">Custo da amostra<\/span><\/td>\n<td style=\"height: 36.1719px\" width=\"299\"><span style=\"font-family: arial, helvetica, sans-serif;font-size: 16px\">US$400\/Sample, retorno completo ap\u00f3s o pedido de n\u00f3s<\/span><\/td>\n<\/tr>\n<\/tbody>\n<\/table>\n<pre>&nbsp;<\/pre>\n<p style=\"line-height: 1.5\"><span style=\"font-family: arial, helvetica, sans-serif;font-size: 16px\">Experimente os diferentes sabores \u2013 mostraremos exatamente o que essas seis deliciosas pimentas podem fazer! Em nosso conjunto, voc\u00ea pode esperar uma variedade de cores, sabores e aquecedores atrav\u00e9s dos quais voc\u00ea pode expressar sua criatividade. Tudo \u00e9 diferente, \u00e9 tudo excepcionalmente delicioso!<\/span><\/p>\n<pre><span style=\"font-family: arial, helvetica, sans-serif;font-size: 16px\"><br \/>Os seguintes itens est\u00e3o inclu\u00eddos no kit.<\/span><\/pre>\n<p style=\"line-height: 1.5\"><span style=\"font-family: arial, helvetica, sans-serif;font-size: 16px\">6 variedades de piment\u00e3o emocionantes e arom\u00e1ticas:<\/span><\/p>\n<p style=\"line-height: 1.5\"><span style=\"font-family: arial, helvetica, sans-serif;font-size: 16px\">Piment\u00e3o Ancho (2.000 Scoville)<\/span><\/p>\n<p style=\"line-height: 1.5\"><span style=\"font-family: arial, helvetica, sans-serif;font-size: 16px\">Jalape\u00f1o (5.000 Scoville)<\/span><\/p>\n<p style=\"line-height: 1.5\"><span style=\"font-family: arial, helvetica, sans-serif;font-size: 16px\">Chipotle (10.000 Scoville)<\/span><\/p>\n<p style=\"line-height: 1.5\"><span style=\"font-family: arial, helvetica, sans-serif;font-size: 16px\">Gota de Lim\u00e3o (20.000 Scoville)<\/span><\/p>\n<p style=\"line-height: 1.5\"><span style=\"font-family: arial, helvetica, sans-serif;font-size: 16px\">Aji Charapita (50.000 Scoville)<\/span><\/p>\n<p style=\"line-height: 1.5\"><span style=\"font-family: arial, helvetica, sans-serif;font-size: 16px\">Habanero (200.000 Scoville)<\/span><\/p>\n<p style=\"line-height: 1.5\"><span style=\"font-family: arial, helvetica, sans-serif;font-size: 16px\">Explore a variedade de temperos \u2013 neste conjunto voc\u00ea encontra pimentas que variam do suave ao picante: Ancho, Jalape\u00f1o, Chipotle, Habanero, Suco de Lim\u00e3o e Aji Charapita \u2013 as mais deliciosas das pimentas caras do mundo. Quer voc\u00ea seja um iniciante ou um conhecedor de pimenta, teste seus limites com este conjunto de presente.<\/span><\/p>\n<p style=\"line-height: 1.5\"><span style=\"font-family: arial, helvetica, sans-serif;font-size: 16px\">Mime-se a si e \u00e0 natureza \u2013 embalados em tubos de ensaio de vidro decorativos em corti\u00e7a compost\u00e1vel, os nossos blends tamb\u00e9m impressionam pelo seu valor intr\u00ednseco: s\u00e3o totalmente naturais, ou seja, sem aditivos! A caixa tamb\u00e9m \u00e9.<\/span><\/p>\n<p style=\"line-height: 1.5\"><span style=\"font-family: arial, helvetica, sans-serif;font-size: 16px\">Experimente e aprenda \u2013 Conhecer o chili significa provar o chili! Tudo que voc\u00ea precisa \u00e9 de uma fatia de pepino, e \u00e9 um treino agrad\u00e1vel e um pequeno teste de coragem. Sua l\u00edngua far\u00e1 o resto. Claro que compara\u00e7\u00f5es de gostos com amigos e familiares s\u00e3o bem-vindas!<\/span><\/p>\n<p style=\"line-height: 1.5\"><span style=\"font-family: arial, helvetica, sans-serif;font-size: 16px\">Seja como presente de anivers\u00e1rio, um pequeno agradecimento ou uma lembran\u00e7a para um churrasco, nosso conjunto \u00e9 o presente ideal para amantes de chili e amadores, homens e mulheres. o que voc\u00ea est\u00e1 esperando? Explore o Chile!<\/span><\/p><\/p>","protected":false},"excerpt":{"rendered":"<p>Experimente os diferentes sabores \u2013 mostraremos exatamente o que essas seis deliciosas pimentas podem fazer! Em nosso conjunto, voc\u00ea pode esperar uma variedade de cores, sabores e aquecedores atrav\u00e9s dos quais voc\u00ea pode expressar sua criatividade. Tudo \u00e9 diferente, \u00e9 tudo excepcionalmente delicioso!<\/p>","protected":false},"featured_media":13076,"comment_status":"open","ping_status":"closed","template":"","meta":[],"product_cat":[86],"product_tag":[545,546,544,543],"acf":[],"_links":{"self":[{"href":"https:\/\/www.garden-kit.com\/pt\/wp-json\/wp\/v2\/product\/1857"}],"collection":[{"href":"https:\/\/www.garden-kit.com\/pt\/wp-json\/wp\/v2\/product"}],"about":[{"href":"https:\/\/www.garden-kit.com\/pt\/wp-json\/wp\/v2\/types\/product"}],"replies":[{"embeddable":true,"href":"https:\/\/www.garden-kit.com\/pt\/wp-json\/wp\/v2\/comments?post=1857"}],"wp:featuredmedia":[{"embeddable":true,"href":"https:\/\/www.garden-kit.com\/pt\/wp-json\/wp\/v2\/media\/13076"}],"wp:attachment":[{"href":"https:\/\/www.garden-kit.com\/pt\/wp-json\/wp\/v2\/media?parent=1857"}],"wp:term":[{"taxonomy":"product_cat","embeddable":true,"href":"https:\/\/www.garden-kit.com\/pt\/wp-json\/wp\/v2\/product_cat?post=1857"},{"taxonomy":"product_tag","embeddable":true,"href":"https:\/\/www.garden-kit.com\/pt\/wp-json\/wp\/v2\/product_tag?post=1857"}],"curies":[{"name":"wp","href":"https:\/\/api.w.org\/{rel}","templated":true}]}}