{"id":1876,"date":"2022-08-24T09:30:36","date_gmt":"2022-08-24T01:30:36","guid":{"rendered":"http:\/\/www.garden-kit.com\/product\/home-mini-herb-starter-kit-2\/"},"modified":"2023-03-31T16:33:04","modified_gmt":"2023-03-31T08:33:04","slug":"home-mini-herb-starter-kit","status":"publish","type":"product","link":"https:\/\/www.garden-kit.com\/pt\/product\/home-mini-herb-starter-kit\/","title":{"rendered":"Kit inicial de mini ervas para casa"},"content":{"rendered":"<p style=\"font-size: 16px;line-height: 1.5\"><span style=\"font-family: 'PingFang SC', 'Microsoft YaHei', sans-serif\">\u201cBaunilha\u201d, em sentido amplo, refere-se a flores e plantas \u00fateis ao cotidiano humano. Essas plantas n\u00e3o s\u00e3o necessariamente perfumadas nem herb\u00e1ceas; em sentido estrito, s\u00e3o principalmente um tipo de planta nativa de regi\u00f5es temperadas. Toda a planta da planta Ou uma parte (raiz, caule, folha, flor, semente ou fruto) tem aroma, pode ser usada na vida di\u00e1ria e tem valor medicinal e comest\u00edvel<\/span><\/p>\n<h3 style=\"font-size: 19px;line-height: 1.5\"><span style=\"font-family: 'PingFang SC', 'Microsoft YaHei', sans-serif\"><span style=\"font-size: 16px\">Vis\u00e3o geral<\/span><\/span><\/h3>\n<table style=\"border-collapse: collapse;width: 100%;height: 352px\">\n<tbody>\n<tr style=\"height: 44px\">\n<td style=\"width: 47.0774%;height: 44px\" width=\"298\">\n<pre><span style=\"font-family: 'PingFang SC', 'Microsoft YaHei', sans-serif;font-size: 16px\">Instru\u00e7\u00f5es de cuidados com o produto<\/span><\/pre>\n<\/td>\n<td style=\"width: 47.0774%;height: 44px\" width=\"298\">\n<pre><span style=\"font-family: 'PingFang SC', 'Microsoft YaHei', sans-serif;font-size: 16px\">Dispon\u00edvel<\/span><\/pre>\n<\/td>\n<\/tr>\n<tr style=\"height: 44px\">\n<td style=\"width: 47.0774%;height: 44px\" width=\"298\">\n<pre><span style=\"font-family: 'PingFang SC', 'Microsoft YaHei', sans-serif;font-size: 16px\">Tipo de produto vegetal<\/span><\/pre>\n<\/td>\n<td style=\"width: 47.0774%;height: 44px\" width=\"298\">\n<pre><span style=\"font-family: 'PingFang SC', 'Microsoft YaHei', sans-serif;font-size: 16px\">Erva<\/span><\/pre>\n<\/td>\n<\/tr>\n<tr style=\"height: 44px\">\n<td style=\"width: 47.0774%;height: 44px\" width=\"298\">\n<pre><span style=\"font-family: 'PingFang SC', 'Microsoft YaHei', sans-serif;font-size: 16px\">Caracter\u00edstica especial<\/span><\/pre>\n<\/td>\n<td style=\"width: 47.0774%;height: 44px\" width=\"298\">\n<pre><span style=\"font-family: 'PingFang SC', 'Microsoft YaHei', sans-serif;font-size: 16px\">Cultivo interno-externo<\/span><\/pre>\n<\/td>\n<\/tr>\n<tr style=\"height: 44px\">\n<td style=\"width: 47.0774%;height: 44px\" width=\"298\">\n<pre><span style=\"font-family: 'PingFang SC', 'Microsoft YaHei', sans-serif;font-size: 16px\">Marca<\/span><\/pre>\n<\/td>\n<td style=\"width: 47.0774%;height: 44px\" width=\"298\">\n<pre><span style=\"font-family: 'PingFang SC', 'Microsoft YaHei', sans-serif;font-size: 16px\">kit jardim<\/span><\/pre>\n<\/td>\n<\/tr>\n<tr style=\"height: 44px\">\n<td style=\"width: 47.0774%;height: 44px\" width=\"298\">\n<pre><span style=\"font-family: 'PingFang SC', 'Microsoft YaHei', sans-serif;font-size: 16px\">Lugar de origem<\/span><\/pre>\n<\/td>\n<td style=\"width: 47.0774%;height: 44px\" width=\"298\">\n<pre><span style=\"font-family: 'PingFang SC', 'Microsoft YaHei', sans-serif;font-size: 16px\">Fujian, China<\/span><\/pre>\n<\/td>\n<\/tr>\n<tr style=\"height: 44px\">\n<td style=\"width: 47.0774%;height: 44px\" width=\"298\">\n<pre><span style=\"font-family: 'PingFang SC', 'Microsoft YaHei', sans-serif;font-size: 16px\">ODM\/OEM<\/span><\/pre>\n<\/td>\n<td style=\"width: 47.0774%;height: 44px\" width=\"298\">\n<pre><span style=\"font-family: 'PingFang SC', 'Microsoft YaHei', sans-serif;font-size: 16px\">Dispon\u00edvel<\/span><\/pre>\n<\/td>\n<\/tr>\n<tr style=\"height: 44px\">\n<td style=\"width: 47.0774%;height: 44px\" width=\"298\">\n<pre><span style=\"font-family: 'PingFang SC', 'Microsoft YaHei', sans-serif;font-size: 16px\">MOQ para pedido personalizado<\/span><\/pre>\n<\/td>\n<td style=\"width: 47.0774%;height: 44px\" width=\"298\">\n<pre><span style=\"font-family: 'PingFang SC', 'Microsoft YaHei', sans-serif;font-size: 16px\">3000 unidades<\/span><\/pre>\n<\/td>\n<\/tr>\n<tr style=\"height: 44px\">\n<td style=\"width: 47.0774%;height: 44px\" width=\"298\">\n<pre><span style=\"font-family: 'PingFang SC', 'Microsoft YaHei', sans-serif;font-size: 16px\">Custo da amostra<\/span><\/pre>\n<\/td>\n<td style=\"width: 47.0774%;height: 44px\" width=\"298\">\n<pre><span style=\"font-family: 'PingFang SC', 'Microsoft YaHei', sans-serif;font-size: 16px\">US$400\/Sample, retorno completo ap\u00f3s o pedido de n\u00f3s<\/span><\/pre>\n<\/td>\n<\/tr>\n<\/tbody>\n<\/table>\n<p style=\"font-size: 16px;line-height: 1.5\"><span style=\"font-family: 'PingFang SC', 'Microsoft YaHei', sans-serif\">As plantas de baunilha s\u00e3o muito amig\u00e1veis para iniciantes, amigos interessados podem tentar cultivar baunilha sozinhos.<span style=\"font-size: 16px\"><\/span><\/span><\/p>\n<p style=\"font-size: 16px;line-height: 1.5\"><span style=\"font-family: 'PingFang SC', 'Microsoft YaHei', sans-serif\"><span style=\"font-size: 16px\">Kit de jardinagem de flores para crian\u00e7as de 23 pe\u00e7as preparado: tudo o que seus filhos precisam para trazer a alegria de cultivar ervas para a sua vida ou para a vida de um ente querido. \u00c9 simples - nossas suposi\u00e7\u00f5es sobre o cultivo de ervas a partir de sementes, guiando voc\u00ea a cada passo do caminho. Planta isso!<\/span><\/span><\/p>\n<p style=\"font-size: 16px;line-height: 1.5\"><span style=\"font-family: 'PingFang SC', 'Microsoft YaHei', sans-serif\"><span style=\"font-size: 16px\"><span style=\"font-size: 18px\">Os seguintes itens est\u00e3o inclu\u00eddos no kit. <\/span><\/span><\/span><\/p>\n<p style=\"font-size: 16px;line-height: 1.5\"><span style=\"font-family: 'PingFang SC', 'Microsoft YaHei', sans-serif\"><span style=\"font-size: 16px\">5 potes de grau aliment\u00edcio biodegrad\u00e1veis de fibra de bambu com bandejas <\/span><\/span><\/p>\n<p style=\"font-size: 16px;line-height: 1.5\"><span style=\"font-family: 'PingFang SC', 'Microsoft YaHei', sans-serif\"><span style=\"font-size: 16px\">5 bast\u00f5es de nome encorajador de bambu gravados <\/span><\/span><\/p>\n<p style=\"font-size: 16px;line-height: 1.5\"><span style=\"font-family: 'PingFang SC', 'Microsoft YaHei', sans-serif\"><span style=\"font-size: 16px\">1 pacote de pedrinhas brancas para ajudar no fluxo de ar ideal <\/span><\/span><\/p>\n<p style=\"font-size: 16px;line-height: 1.5\"><span style=\"font-family: 'PingFang SC', 'Microsoft YaHei', sans-serif\"><span style=\"font-size: 16px\">Pacote de 5 sementes de ervas org\u00e2nicas certificadas<\/span><\/span><\/p>\n<p style=\"font-size: 16px;line-height: 1.5\"><span style=\"font-family: 'PingFang SC', 'Microsoft YaHei', sans-serif\"><span style=\"font-size: 16px\"> 5 solo de coco com infus\u00e3o de nitrog\u00eanio <\/span><\/span><\/p>\n<p style=\"font-size: 16px;line-height: 1.5\"><span style=\"font-family: 'PingFang SC', 'Microsoft YaHei', sans-serif\"><span style=\"font-size: 16px\">1 Guia de plantio passo a passo <\/span><\/span><\/p>\n<p style=\"font-size: 16px;line-height: 1.5\"><span style=\"font-family: 'PingFang SC', 'Microsoft YaHei', sans-serif\"><span style=\"font-size: 16px\">1 caixa de presente personalizada Conselhos sobre onde cultivar ervas dentro de casa<\/span><\/span><\/p>\n<p style=\"font-size: 16px;line-height: 1.5\"><span style=\"font-family: 'PingFang SC', 'Microsoft YaHei', sans-serif\"><span style=\"font-size: 16px\"><span style=\"font-size: 18px\"><\/span><\/span><span style=\"font-size: 16px\"><\/span>Embora a baunilha e outras plantas sejam adequadas para plantar ao ar livre, se a sala for iluminada e ventilada, voc\u00ea tamb\u00e9m pode colocar alguns vasos de plantas em vasos de baunilha no canto, lev\u00e1-los para fora \u00e0 noite e depois traz\u00ea-los para dentro de casa na manh\u00e3 seguinte, o que \u00e9 mais prop\u00edcio ao crescimento da baunilha.<\/span><br \/><span style=\"font-family: 'PingFang SC', 'Microsoft YaHei', sans-serif;font-size: 18px\">sugest\u00e3o:<\/span><br \/><span style=\"font-family: 'PingFang SC', 'Microsoft YaHei', sans-serif\">1. Cantinho da cozinha: s\u00e1lvia, alecrim, tomilho, salsa, or\u00e9gano, manjeric\u00e3o e outras ervas que s\u00e3o usadas principalmente como temperos, aproveite a praticidade de adicionar ervas \u00e0 culin\u00e1ria.<\/span><br \/><span style=\"font-family: 'PingFang SC', 'Microsoft YaHei', sans-serif\">2. Canto de entrada, janela: alecrim, cal\u00eandula arom\u00e1tica, ger\u00e2nio arom\u00e1tico, verbena de lim\u00e3o, etc., podem trazer um aroma fresco e elegante ao ambiente.<\/span><br \/><span style=\"font-family: 'PingFang SC', 'Microsoft YaHei', sans-serif\">3. Canto da sala de estar: lavanda, erva-cidreira, est\u00e9via, manjerona, camomila e outras ervas \u00e0 base de ch\u00e1, voc\u00ea pode experimentar a divers\u00e3o de colher e beber ch\u00e1 de ervas frescas.<\/span><br \/><span style=\"font-family: 'PingFang SC', 'Microsoft YaHei', sans-serif\">4. Canto de estudo: alecrim, menta, \u00e1rvore de ch\u00e1 australiana, eucalipto lim\u00e3o, pode refrescar e manter uma mente clara.<\/span><br \/><span style=\"font-family: 'PingFang SC', 'Microsoft YaHei', sans-serif\">5. Cantinho do quarto: Lavanda, erva-cidreira e camomila podem acalmar a mente e ajudar as pessoas a adormecer.<span style=\"font-size: 16px\"><\/p>\n<p>&nbsp;Cultive seu pr\u00f3prio jardim de ervas culin\u00e1rias com sementes org\u00e2nicas Non-GMO. Mais do que um kit de artesanato para cultivo de plantas. Este pode ser o seu primeiro passo para o autocrescimento.<\/p>\n<p><span style=\"font-size: 18px\">O que h\u00e1 nele?<\/span><\/span><\/span><\/p>\n<ul>\n<li>\n<pre><span style=\"font-family: 'PingFang SC', 'Microsoft YaHei', sans-serif;font-size: 16px\">Vem com 5 ervas mais usadas. Sabemos que voc\u00ea vai adorar coentro, cebolinha, salsa, manjeric\u00e3o e tomilho. Nossas sementes s\u00e3o org\u00e2nicas certificadas<\/span><\/pre>\n<\/li>\n<\/ul>\n<ul>\n<li>\n<pre><span style=\"font-family: 'PingFang SC', 'Microsoft YaHei', sans-serif;font-size: 16px\">Casca de coco, infundida com 14-0-0 OMRI como uma boa fonte de nitrog\u00eanio<\/span><\/pre>\n<\/li>\n<\/ul>\n<ul>\n<li>\n<pre><span style=\"font-family: 'PingFang SC', 'Microsoft YaHei', sans-serif;font-size: 16px\">Letras fofas incentivam bast\u00f5es de nome<\/span><\/pre>\n<\/li>\n<\/ul>\n<ul>\n<li>\n<pre><span style=\"font-family: 'PingFang SC', 'Microsoft YaHei', sans-serif;font-size: 16px\">Latas e bandejas biodegrad\u00e1veis de grau aliment\u00edcio de fibra de bambu ecologicamente corretas. (cor terracota)<\/span><\/pre>\n<\/li>\n<\/ul>\n<ul>\n<li>\n<pre><span style=\"font-family: 'PingFang SC', 'Microsoft YaHei', sans-serif;font-size: 16px\">Manual de instru\u00e7\u00f5es simples que pode ajud\u00e1-lo.<\/span><\/pre>\n<\/li>\n<\/ul>\n<ul>\n<li>\n<pre><span style=\"font-family: 'PingFang SC', 'Microsoft YaHei', sans-serif;font-size: 16px\">Seixos brancos podem ser adicionados \u00e0 bandeja. Isso ajuda a obter um fluxo de ar ideal. Estes s\u00e3o armazenados em seu pr\u00f3prio saco de juta e podem ser usados para armazenamento, compostagem e muito mais<\/span><\/pre>\n<\/li>\n<\/ul>\n<ul>\n<li>\n<pre><span style=\"font-family: 'PingFang SC', 'Microsoft YaHei', sans-serif;font-size: 16px\">O mais importante \u00e9 anotar essa parte. Aqui, voc\u00ea vai anotar o que deseja que se torne um novo h\u00e1bito de autocuidado. Este \u00e9 o limite.<\/span><\/pre>\n<\/li>\n<\/ul>\n<pre><span style=\"font-family: 'PingFang SC', 'Microsoft YaHei', sans-serif;font-size: 16px\">Cuidar de uma planta \u00e9 um ato di\u00e1rio, e como voc\u00ea cuida dela todos os dias, queremos te lembrar de se cuidar!\n<br \/><\/span><\/pre>\n<p style=\"line-height: 1.5\"><span style=\"font-family: 'PingFang SC', 'Microsoft YaHei', sans-serif;font-size: 18px\">Cuidados essenciais com a salsa<\/span><\/p>\n<p style=\"line-height: 1.5\"><span style=\"font-family: 'PingFang SC', 'Microsoft YaHei', sans-serif\">01 A salsa gosta de solo rico em mat\u00e9ria org\u00e2nica, e o valor do pH \u00e9 preferencialmente entre 6,0-7,0.<\/span><br \/><span style=\"font-family: 'PingFang SC', 'Microsoft YaHei', sans-serif\">02 Sementes de salsa germinam bem devagar. Antes de plantar, resfrie as sementes na geladeira e mergulhe-as durante a noite em \u00e1gua morna para estratificar as sementes, acelerar o plantio e permitir uma melhor germina\u00e7\u00e3o.<\/span><br \/><span style=\"font-family: 'PingFang SC', 'Microsoft YaHei', sans-serif\">03 A salsa n\u00e3o precisa ser regada com muita frequ\u00eancia, desde que o solo seja mantido \u00famido.<\/span><\/p>\n<p style=\"line-height: 1.5\">\n<p style=\"line-height: 1.5\"><span style=\"font-family: 'PingFang SC', 'Microsoft YaHei', sans-serif;font-size: 18px\">Cuidados essenciais com tomilho<\/span><\/p>\n<p style=\"line-height: 1.5\"><span style=\"font-family: 'PingFang SC', 'Microsoft YaHei', sans-serif\">01. O tomilho gosta de luz, gosta de calor e tem alta resist\u00eancia ao calor, mas n\u00e3o pode ficar exposto diretamente ao sol. A luz solar \u00e9 relativamente forte no ver\u00e3o, por isso pode ser colocada dentro de casa com luz solar para evitar a luz solar direta. Pode tolerar alguma sombra, mas n\u00e3o a sombra total.<\/span><br \/><span style=\"font-family: 'PingFang SC', 'Microsoft YaHei', sans-serif\">02. N\u00e3o seque nem regue, a \u00e1gua deve ser bem regada.<\/span><br \/><span style=\"font-family: 'PingFang SC', 'Microsoft YaHei', sans-serif\">03. Lembre-se de podar as gemas terminais e podar todo o tomilho at\u00e9 a metade da altura da planta todo inverno.<\/span><\/p>\n<p style=\"line-height: 1.5\">\n<p style=\"line-height: 1.5\"><span style=\"font-family: 'PingFang SC', 'Microsoft YaHei', sans-serif;font-size: 18px\">Como cuidar de manjeric\u00e3o em vaso<\/span><\/p>\n<ol>\n<li style=\"line-height: 1.5\"><span style=\"font-family: 'PingFang SC', 'Microsoft YaHei', sans-serif\">N\u00e3o acumule \u00e1gua: Durante o processo de rega, tome cuidado para n\u00e3o permitir que a \u00e1gua se acumule no solo. Se voc\u00ea regar demais, despeje a \u00e1gua a tempo. Ao manter o manjeric\u00e3o ao ar livre, \u00e9 melhor mov\u00ea-lo para dentro de casa, o vento, a \u00e1gua e a chuva podem facilmente fazer com que as folhas do manjeric\u00e3o fiquem amarelas e murchem, e \u00e9 f\u00e1cil acumular \u00e1gua e fazer com que as ra\u00edzes apodre\u00e7am. Portanto, nos m\u00e9todos de cultivo e cuidados do manjeric\u00e3o, \u00e9 muito importante n\u00e3o acumular \u00e1gua.<\/span><\/li>\n<li style=\"line-height: 1.5\"><span style=\"font-family: 'PingFang SC', 'Microsoft YaHei', sans-serif\">N\u00e3o fechado: O ambiente para o plantio do manjeric\u00e3o n\u00e3o deve ser muito fechado, principalmente n\u00e3o muito quente. Embora goste de um ambiente seco, se estiver em um ambiente de alta temperatura e sem ventila\u00e7\u00e3o, pode ser infectado com doen\u00e7as e pragas de insetos e, finalmente, haver\u00e1 manchas de doen\u00e7as nas folhas, geralmente preste aten\u00e7\u00e3o para manter o ambiente suficientemente ventilado para deixe as folhas de manjeric\u00e3o brilhantes e brilhantes.<\/span><\/li>\n<li style=\"line-height: 1.5\"><span style=\"font-family: 'PingFang SC', 'Microsoft YaHei', sans-serif\">Evite pouca luz: a efic\u00e1cia e a fun\u00e7\u00e3o do manjeric\u00e3o se refletem principalmente em suas folhas, mas se o manjeric\u00e3o estiver em um ambiente com pouca luz, as folhas n\u00e3o acumular\u00e3o nutrientes suficientes devido \u00e0 falta de fotoss\u00edntese e, em casos leves, causar\u00e1 o as folhas perdem o verde e murcham. Em casos graves, toda a planta morrer\u00e1, por isso n\u00e3o deve ser colocada em um ambiente com pouca luz, pelo menos para garantir que haja luz difusa para crescer normalmente.<\/span><\/li>\n<li style=\"line-height: 1.5\"><span style=\"font-family: 'PingFang SC', 'Microsoft YaHei', sans-serif\">Aplique fertilizante fino: o manjeric\u00e3o n\u00e3o tem uma alta demanda por fertilizante. Desde que o solo seja relativamente f\u00e9rtil e o solo seja substitu\u00eddo a cada 1-2 anos, ele pode crescer normalmente, mas se voc\u00ea quiser que tenha forte resist\u00eancia a doen\u00e7as e cres\u00e7a mais r\u00e1pido, algum fertilizante org\u00e2nico pode ser aplicado todos os meses, mas deve preste aten\u00e7\u00e3o para que o fertilizante seja fino e de baixa concentra\u00e7\u00e3o e n\u00e3o aplique fertilizante bruto ou concentrado.<\/span><\/li>\n<\/ol>\n<p><span style=\"font-family: 'PingFang SC', 'Microsoft YaHei', sans-serif\"><\/span><\/p>\n<p><span style=\"font-family: 'PingFang SC', 'Microsoft YaHei', sans-serif;font-size: 16px\">Adicione-o ao seu projeto para tentar a lista! Quer voc\u00ea tenha experi\u00eancia em jardinagem ou n\u00e3o, as notas di\u00e1rias de autocuidado ir\u00e3o mant\u00ea-lo crescendo enquanto aprende! \u00c9 disso que se trata Cassis. Ajudando voc\u00ea a criar mais momentos de crescimento, que chamamos de \u201cimersos em momentos\u201d, porque a vida \u00e9 t\u00e3o curta. Uma \u00f3tima op\u00e7\u00e3o de presente para o Dia das M\u00e3es, jardins de inverno, damas de honra e muito mais.<\/span><\/p>","protected":false},"excerpt":{"rendered":"<p>Organic Herb Garden 5 Non-GMO Indoor Home Mini Starter Kit ~ Presente de aprendizado e autocuidado para qualquer ocasi\u00e3o especial<\/p>","protected":false},"featured_media":13000,"comment_status":"open","ping_status":"closed","template":"","meta":[],"product_cat":[50],"product_tag":[352,179,176,72,177,56],"acf":[],"_links":{"self":[{"href":"https:\/\/www.garden-kit.com\/pt\/wp-json\/wp\/v2\/product\/1876"}],"collection":[{"href":"https:\/\/www.garden-kit.com\/pt\/wp-json\/wp\/v2\/product"}],"about":[{"href":"https:\/\/www.garden-kit.com\/pt\/wp-json\/wp\/v2\/types\/product"}],"replies":[{"embeddable":true,"href":"https:\/\/www.garden-kit.com\/pt\/wp-json\/wp\/v2\/comments?post=1876"}],"wp:featuredmedia":[{"embeddable":true,"href":"https:\/\/www.garden-kit.com\/pt\/wp-json\/wp\/v2\/media\/13000"}],"wp:attachment":[{"href":"https:\/\/www.garden-kit.com\/pt\/wp-json\/wp\/v2\/media?parent=1876"}],"wp:term":[{"taxonomy":"product_cat","embeddable":true,"href":"https:\/\/www.garden-kit.com\/pt\/wp-json\/wp\/v2\/product_cat?post=1876"},{"taxonomy":"product_tag","embeddable":true,"href":"https:\/\/www.garden-kit.com\/pt\/wp-json\/wp\/v2\/product_tag?post=1876"}],"curies":[{"name":"wp","href":"https:\/\/api.w.org\/{rel}","templated":true}]}}