{"id":3986,"date":"2022-10-19T13:27:17","date_gmt":"2022-10-19T05:27:17","guid":{"rendered":"https:\/\/www.garden-kit.com\/product\/plantable-seed-paper-mini-notebook\/"},"modified":"2023-04-11T17:03:02","modified_gmt":"2023-04-11T09:03:02","slug":"plantable-notebook","status":"publish","type":"product","link":"https:\/\/www.garden-kit.com\/pt\/product\/plantable-notebook\/","title":{"rendered":"Caderno Plant\u00e1vel"},"content":{"rendered":"<p><span style=\"font-family: 'PingFang SC', 'Microsoft YaHei', sans-serif;font-size: 16px\">Atrav\u00e9s do plantio e observa\u00e7\u00e3o de plantas, cultive a capacidade e consci\u00eancia preliminares de explora\u00e7\u00e3o independente das crian\u00e7as, preste aten\u00e7\u00e3o ao meio ambiente e cultive seus sentimentos, e melhore a percep\u00e7\u00e3o e a criatividade das crian\u00e7as.<br \/>Ao mesmo tempo, para aprimorar as habilidades sociais e o desenvolvimento emocional, deixe as crian\u00e7as se interessarem pela natureza enquanto experimentam a felicidade trazida pelo plantio, sintam a sutil rela\u00e7\u00e3o entre o homem e a natureza interdependente, deixe as crian\u00e7as conhecerem o amor e o respeito pela vida desde tenra idade .<\/span><\/p>\n<h3 style=\"font-size: 19px\">Vis\u00e3o geral<\/h3>\n<table border=\"1\" cellspacing=\"0\" style=\"border-collapse: collapse;width: 100%\">\n<tbody>\n<tr>\n<td valign=\"top\" width=\"373\">\n<p><span style=\"font-family: 'PingFang SC', 'Microsoft YaHei', sans-serif;font-size: 16px\">Instru\u00e7\u00f5es de cuidados com o produto<\/span><\/p>\n<\/td>\n<td valign=\"top\" width=\"373\">\n<p><span style=\"font-family: 'PingFang SC', 'Microsoft YaHei', sans-serif;font-size: 16px\">Dispon\u00edvel<\/span><\/p>\n<\/td>\n<\/tr>\n<tr>\n<td valign=\"top\" width=\"373\">\n<p><span style=\"font-family: 'PingFang SC', 'Microsoft YaHei', sans-serif;font-size: 16px\">Tipo de produto vegetal<\/span><\/p>\n<\/td>\n<td valign=\"top\" width=\"373\">\n<p><span style=\"font-family: 'PingFang SC', 'Microsoft YaHei', sans-serif;font-size: 16px\">flores silvestres e sic\u00f4moro<\/span><\/p>\n<\/td>\n<\/tr>\n<tr>\n<td valign=\"top\" width=\"373\">\n<p><span style=\"font-family: 'PingFang SC', 'Microsoft YaHei', sans-serif;font-size: 16px\">Caracter\u00edstica especial<\/span><\/p>\n<\/td>\n<td valign=\"top\" width=\"373\">\n<p><span style=\"font-family: 'PingFang SC', 'Microsoft YaHei', sans-serif;font-size: 16px\">Cultivo interno-externo<\/span><\/p>\n<\/td>\n<\/tr>\n<tr>\n<td valign=\"top\" width=\"373\">\n<p><span style=\"font-family: 'PingFang SC', 'Microsoft YaHei', sans-serif;font-size: 16px\">Marca<\/span><\/p>\n<\/td>\n<td valign=\"top\" width=\"373\">\n<p><span style=\"font-family: 'PingFang SC', 'Microsoft YaHei', sans-serif;font-size: 16px\">kit jardim<\/span><\/p>\n<\/td>\n<\/tr>\n<tr>\n<td valign=\"top\" width=\"373\">\n<p><span style=\"font-family: 'PingFang SC', 'Microsoft YaHei', sans-serif;font-size: 16px\">Lugar de origem<\/span><\/p>\n<\/td>\n<td valign=\"top\" width=\"373\">\n<p><span style=\"font-family: 'PingFang SC', 'Microsoft YaHei', sans-serif;font-size: 16px\">Fujian, China<\/span><\/p>\n<\/td>\n<\/tr>\n<tr>\n<td valign=\"top\" width=\"373\">\n<p><span style=\"font-family: 'PingFang SC', 'Microsoft YaHei', sans-serif;font-size: 16px\">ODM\/OEM<\/span><\/p>\n<\/td>\n<td valign=\"top\" width=\"373\">\n<p><span style=\"font-family: 'PingFang SC', 'Microsoft YaHei', sans-serif;font-size: 16px\">Dispon\u00edvel<\/span><\/p>\n<\/td>\n<\/tr>\n<tr>\n<td valign=\"top\" width=\"373\">\n<p><span style=\"font-family: 'PingFang SC', 'Microsoft YaHei', sans-serif;font-size: 16px\">MOQ para pedido personalizado<\/span><\/p>\n<\/td>\n<td valign=\"top\" width=\"373\">\n<p><span style=\"font-family: 'PingFang SC', 'Microsoft YaHei', sans-serif;font-size: 16px\">3000 unidades<\/span><\/p>\n<\/td>\n<\/tr>\n<tr>\n<td valign=\"top\" width=\"373\">\n<p><span style=\"font-family: 'PingFang SC', 'Microsoft YaHei', sans-serif;font-size: 16px\">Custo da amostra<\/span><\/p>\n<\/td>\n<td valign=\"top\" width=\"373\">\n<p><span style=\"font-family: 'PingFang SC', 'Microsoft YaHei', sans-serif;font-size: 16px\">US$400\/Sample, retorno total ap\u00f3s um pedido nosso<\/span><\/p>\n<\/td>\n<\/tr>\n<\/tbody>\n<\/table>\n<p><span style=\"font-family: 'PingFang SC', 'Microsoft YaHei', sans-serif;font-size: 16px\">&nbsp;<\/span><\/p>\n<h3 style=\"font-size: 19px\">Descri\u00e7\u00e3o<\/h3>\n<p><span style=\"font-family: 'PingFang SC', 'Microsoft YaHei', sans-serif;font-size: 16px\">&nbsp;O \u201cpapel semente\u201d \u00e9 um novo tipo de papel ecol\u00f3gico, que tamb\u00e9m pode ser chamado de papel vital\u00edcio. \u00c9 uma ideia nova, puramente artesanal. Durante o processo de fabrica\u00e7\u00e3o do papel, os artes\u00e3os adicionam sementes de plantas \u00e0 polpa da madeira, para que as sementes sejam totalmente feitas \u00e0 m\u00e3o. Permane\u00e7a vivo e brote brotos jovens na temperatura e umidade certas.<br \/>O calend\u00e1rio de datas lembra as pessoas de v\u00e1rios momentos especiais ou ajuda as pessoas a marcar momentos f\u00e1ceis de mover e que precisam ser lembrados, mas ap\u00f3s o uso, o calend\u00e1rio \u00e9 frequentemente esquecido. Todos os tipos de inadvertidamente descartados, perdidos e, finalmente, ca\u00edram no dep\u00f3sito de lixo. Com o passar do tempo, o tempo passado desaparece com o papel. O calend\u00e1rio do tempo em miniatura quer que voc\u00ea replante a mem\u00f3ria da vida e interprete outro per\u00edodo de vida atrav\u00e9s do olfato \u00e0 medida que a planta de baunilha cresce o aroma.<\/span><\/p>\n<p><span style=\"font-family: 'PingFang SC', 'Microsoft YaHei', sans-serif;font-size: 16px\">Mini caderno de papel de sementes plant\u00e1veis: \u00e9 f\u00e1cil - eliminamos as suposi\u00e7\u00f5es do cultivo de sementes de flores silvestres e pl\u00e1tanos, guiando voc\u00ea a cada passo do caminho. Tudo o que voc\u00ea precisa para trazer a alegria das flores silvestres e do sic\u00f4moro para a sua vida ou para a vida de seu ente querido em uma linda caixa de presente de madeira. Planta isso!<\/span><\/p>\n<p><span style=\"font-family: 'PingFang SC', 'Microsoft YaHei', sans-serif;font-size: 16px\">&nbsp;<\/span><\/p>\n<p><span style=\"font-family: 'PingFang SC', 'Microsoft YaHei', sans-serif;font-size: 16px\">Os seguintes itens est\u00e3o inclu\u00eddos no kit.<\/span><\/p>\n<p><span style=\"font-family: 'PingFang SC', 'Microsoft YaHei', sans-serif;font-size: 16px\">1 caderno com capa de papel semente plant\u00e1vel<\/span><\/p>\n<p><span style=\"font-family: 'PingFang SC', 'Microsoft YaHei', sans-serif;font-size: 16px\">1 Guia de plantio passo a passo<\/span><\/p>\n<p><span style=\"font-family: 'PingFang SC', 'Microsoft YaHei', sans-serif;font-size: 16px\">1 caixa artesanal personalizada<\/span><\/p>\n<p><span style=\"font-family: 'PingFang SC', 'Microsoft YaHei', sans-serif;font-size: 16px\">&nbsp;<\/span><\/p>\n<p><span style=\"font-family: 'PingFang SC', 'Microsoft YaHei', sans-serif;font-size: 16px\">Microcadernos de papel semente plant\u00e1vel<\/span><\/p>\n<p><span style=\"font-family: 'PingFang SC', 'Microsoft YaHei', sans-serif;font-size: 16px\">Mini cadernos plant\u00e1veis feitos de papel semente!<\/span><\/p>\n<p><span style=\"font-family: 'PingFang SC', 'Microsoft YaHei', sans-serif;font-size: 16px\">100% Papel ecol\u00f3gico artesanal, recicl\u00e1vel e biodegrad\u00e1vel com flores silvestres e sementes de pl\u00e1tano.<\/span><\/p>\n<p><span style=\"font-family: 'PingFang SC', 'Microsoft YaHei', sans-serif;font-size: 16px\">Este caderno plant\u00e1vel \u00e9 100% feito de papel usado e uma mistura de sic\u00f4moro e sementes de flores silvestres.<\/span><\/p>\n<p><span style=\"font-family: 'PingFang SC', 'Microsoft YaHei', sans-serif;font-size: 16px\">&nbsp;<\/span><\/p>\n<p><span style=\"font-family: 'PingFang SC', 'Microsoft YaHei', sans-serif;font-size: 16px\">\u2013 Mergulhe o papel semente em \u00e1gua durante a noite.<\/span><\/p>\n<p><span style=\"font-family: 'PingFang SC', 'Microsoft YaHei', sans-serif\"><span style=\"font-size: 16px\">\u2013 Plante o papel semente \u00famido no solo preparado a uma profundidade de cerca de 1\/4 de polegada.<\/span><span style=\"font-size: 16px\">&nbsp;<\/span><\/span><\/p>\n<p><span style=\"font-family: 'PingFang SC', 'Microsoft YaHei', sans-serif;font-size: 16px\">-Regue o po\u00e7o, especialmente nas primeiras quatro a seis semanas.<\/span><\/p>\n<p><span style=\"font-family: 'PingFang SC', 'Microsoft YaHei', sans-serif;font-size: 16px\">&nbsp;<\/span><\/p>\n<p><span style=\"font-family: 'PingFang SC', 'Microsoft YaHei', sans-serif;font-size: 16px\">Plante papel ao ar livre nos meses frios at\u00e9 o in\u00edcio da primavera. O plantio no outono aproveitar\u00e1 as chuvas de inverno para trazer flores no in\u00edcio da primavera. Plante dentro de casa a qualquer momento e depois transplante para um local mais permanente no in\u00edcio da primavera.<\/span><\/p>\n<\/p>\n<p><span style=\"font-family: 'PingFang SC', 'Microsoft YaHei', sans-serif\"><span style=\"font-size: 16px\">4,72 x 3,15 polegadas (8 \u00d7 12 cm)<\/span><span style=\"font-size: 16px\">&nbsp;<\/span><\/span><\/p>\n<p><span style=\"font-family: 'PingFang SC', 'Microsoft YaHei', sans-serif;font-size: 16px\">8\/16 papel semente incluindo a capa<\/span><\/p>\n<p><span style=\"font-family: 'PingFang SC', 'Microsoft YaHei', sans-serif;font-size: 16px\">F\u00e1cil de escrever com qualquer caneta.<\/span><\/p>\n<p><span style=\"font-family: 'PingFang SC', 'Microsoft YaHei', sans-serif;font-size: 16px\">A parte de tr\u00e1s cont\u00e9m instru\u00e7\u00f5es crescentes.<\/span><\/p>\n<p><span style=\"font-family: 'PingFang SC', 'Microsoft YaHei', sans-serif\"><\/span><\/p>\n<p>M\u00e9todo de plantio de papel semente (m\u00e9todo hidrop\u00f4nico)<\/p>\n<ol>\n<li><span style=\"font-family: 'PingFang SC', 'Microsoft YaHei', sans-serif\">Coloque o papel em um prato ou pote e regue para molhar.<\/span><\/li>\n<li><span style=\"font-family: 'PingFang SC', 'Microsoft YaHei', sans-serif\">Mantenha adequadamente a \u00e1gua, as sementes germinar\u00e3o dentro de 3 a 10 dias. (Sementes diferentes t\u00eam tempos de germina\u00e7\u00e3o diferentes)<\/span><\/li>\n<li><span style=\"font-family: 'PingFang SC', 'Microsoft YaHei', sans-serif\">Por favor, n\u00e3o mergulhe completamente o cart\u00e3o de papel na \u00e1gua, as sementes tamb\u00e9m precisam respirar oxig\u00eanio.<\/span><\/li>\n<li><span style=\"font-family: 'PingFang SC', 'Microsoft YaHei', sans-serif\">Mantenha a umidade, mantenha-o \u00famido e espere que as sementes germinem<\/span><\/li>\n<li><span style=\"font-family: 'PingFang SC', 'Microsoft YaHei', sans-serif\">Os novos brotos s\u00e3o movidos e cortados no vaso de flores junto com o papel, os novos brotos criam ra\u00edzes mais profundas e crescem mais exuberantes<\/span><\/li>\n<\/ol>\n<p><span style=\"font-family: 'PingFang SC', 'Microsoft YaHei', sans-serif\"><span style=\"font-size: 18px\"><\/span><\/span><\/p>\n<p>Lembre-se<\/p>\n<ol>\n<li><span style=\"font-family: 'PingFang SC', 'Microsoft YaHei', sans-serif\">Nunca mergulhe o cart\u00e3o completamente na \u00e1gua, apenas mantenha-o molhado.<\/span><\/li>\n<li><span style=\"font-family: 'PingFang SC', 'Microsoft YaHei', sans-serif\">Depois de come\u00e7ar a regar, mantenha o cart\u00e3o \u00famido, principalmente \u00e0 noite, tome cuidado para n\u00e3o deixar o cart\u00e3o de sementes secar.<\/span><\/li>\n<li><span style=\"font-family: 'PingFang SC', 'Microsoft YaHei', sans-serif\">Demora cerca de 3`10 dias para as sementes germinarem. O tempo de germina\u00e7\u00e3o de sementes diferentes \u00e9 diferente. Quando as sementes estiverem inchadas, rasgue um pouco o papel e a germina\u00e7\u00e3o ser\u00e1 mais r\u00e1pida<\/span><\/li>\n<li><span style=\"font-family: 'PingFang SC', 'Microsoft YaHei', sans-serif\">Por favor, crie um ambiente fresco para os brotos, n\u00e3o exponha ao sol.<\/span><\/li>\n<\/ol>\n<h3 style=\"font-size: 19px\">Caracter\u00edsticas e vantagens da caneta de papel com semente<\/h3>\n<p>Algumas caracter\u00edsticas e vantagens da caneta de papel com sementes incluem:<\/p>\n<ol>\n<li>Eco-Friendly: Caneta de papel com sementes s\u00e3o feitas de materiais reciclados, reduzindo o desperd\u00edcio e minimizando o impacto no meio ambiente.<\/li>\n<li>Sustentabilidade: A inclus\u00e3o de sementes na caneta promove a sustentabilidade, incentivando os usu\u00e1rios a cultivar plantas e contribuir para um ambiente mais verde.<\/li>\n<li>Custo-benef\u00edcio: essas canetas geralmente s\u00e3o econ\u00f4micas em compara\u00e7\u00e3o com as canetas tradicionais, tornando-as acess\u00edveis a uma ampla gama de usu\u00e1rios.<\/li>\n<li>Personaliz\u00e1veis: Podem ser personalizados com diferentes tipos de sementes e desenhos, tornando-os uma excelente ferramenta de marketing para empresas ou organiza\u00e7\u00f5es.<\/li>\n<li>Educacional: Caneta de papel com sementes tamb\u00e9m pode ser usada como ferramenta educacional para ensinar as crian\u00e7as sobre plantas e meio ambiente.<\/li>\n<li>No geral, as canetas de papel com sementes oferecem uma alternativa inovadora e sustent\u00e1vel aos instrumentos de escrita tradicionais, proporcionando benef\u00edcios funcionais e ambientais.<\/li>\n<\/ol>\n<h3 style=\"font-size: 19px\">Perguntas frequentes sobre caneta de papel com semente<\/h3>\n<p>1. Q: O que \u00e9 uma caneta de papel com semente?<br \/>R: Uma caneta de papel com semente \u00e9 uma caneta feita de papel que cont\u00e9m sementes dentro da c\u00e1psula. A ideia \u00e9 que, uma vez gasta a caneta, ela possa ser plantada no solo e as sementes se transformem em uma planta.<\/p>\n<p>2. P: Quais s\u00e3o os benef\u00edcios de usar canetas de papel com sementes?<br \/>R: Os benef\u00edcios de usar uma caneta de papel com sementes incluem reduzir o desperd\u00edcio de pl\u00e1stico, promover a sustentabilidade e incentivar as pessoas a plantar mais \u00e1rvores e plantas.<\/p>\n<p>3. P: Como funcionam as canetas de papel com sementes?<br \/>R: Uma caneta de papel com sementes funciona contendo uma pequena c\u00e1psula cheia de sementes dentro da caneta. Assim que a caneta acabar, ela pode ser plantada no solo e as sementes germinar\u00e3o e se transformar\u00e3o em uma planta.<\/p>\n<p>4. P: Que tipo de sementes s\u00e3o normalmente usadas em canetas de papel com sementes?<br \/>R: O tipo de sementes usadas em canetas de papel com sementes varia, mas normalmente s\u00e3o pequenas e podem ser facilmente plantadas no solo. Algumas sementes comuns incluem ervas como manjeric\u00e3o, hortel\u00e3 e salsa, ou flores como malmequeres e girass\u00f3is.<\/p>\n<p>5. P: Uma caneta de papel com semente pode ser usada como uma caneta comum?<br \/>R: Sim, uma caneta de papel com semente pode ser usada como uma caneta normal. Ela escreve como uma caneta esferogr\u00e1fica comum, mas quando a tinta acabar, ela pode ser plantada no solo para se transformar em uma planta.<\/p>\n<p>6. P: Quanto tempo leva para as sementes em uma caneta de papel com sementes crescerem?<br \/>R: O tempo que leva para as sementes em uma caneta de papel com sementes crescerem varia dependendo do tipo de semente e das condi\u00e7\u00f5es em que s\u00e3o plantadas. Normalmente, pode levar v\u00e1rias semanas a alguns meses para que a planta cres\u00e7a at\u00e9 a maturidade .<\/p>\n<p>7. Q: Canetas de papel com semente podem ser recarregadas com tinta?<br \/>R: N\u00e3o, uma caneta de papel com semente n\u00e3o pode ser recarregada com tinta. Assim que a tinta acabar, a caneta pode ser plantada no solo para se transformar em uma planta.<\/p>\n<p>8. P: As canetas de papel com semente s\u00e3o biodegrad\u00e1veis?<br \/>R: Sim, as canetas de papel com semente s\u00e3o biodegrad\u00e1veis porque s\u00e3o feitas de papel e outros materiais naturais. Uma vez que a caneta \u00e9 plantada no solo, ela ir\u00e1 quebrar com o tempo e se decompor.<\/p><\/p>","protected":false},"excerpt":{"rendered":"<p>Mini caderno de papel de sementes plant\u00e1veis: \u00e9 f\u00e1cil - eliminamos as suposi\u00e7\u00f5es do cultivo de sementes de flores silvestres e pl\u00e1tanos, guiando voc\u00ea a cada passo do caminho. Tudo o que voc\u00ea precisa para trazer a alegria das flores silvestres e do sic\u00f4moro para a sua vida ou para a vida de seu ente querido em uma linda caixa de presente de madeira. Planta isso!<\/p>\n<p>Uma caneta de papel com uma semente \u00e9 um tipo de instrumento de escrita ecol\u00f3gico que cont\u00e9m uma pequena c\u00e1psula de semente na ponta da caneta. Isso permite que os usu\u00e1rios plantem a c\u00e1psula no solo e cultivem uma planta depois que a caneta n\u00e3o for mais \u00fatil.<\/p><\/p>","protected":false},"featured_media":13926,"comment_status":"open","ping_status":"closed","template":"","meta":[],"product_cat":[67],"product_tag":[454,456,455],"acf":[],"_links":{"self":[{"href":"https:\/\/www.garden-kit.com\/pt\/wp-json\/wp\/v2\/product\/3986"}],"collection":[{"href":"https:\/\/www.garden-kit.com\/pt\/wp-json\/wp\/v2\/product"}],"about":[{"href":"https:\/\/www.garden-kit.com\/pt\/wp-json\/wp\/v2\/types\/product"}],"replies":[{"embeddable":true,"href":"https:\/\/www.garden-kit.com\/pt\/wp-json\/wp\/v2\/comments?post=3986"}],"wp:featuredmedia":[{"embeddable":true,"href":"https:\/\/www.garden-kit.com\/pt\/wp-json\/wp\/v2\/media\/13926"}],"wp:attachment":[{"href":"https:\/\/www.garden-kit.com\/pt\/wp-json\/wp\/v2\/media?parent=3986"}],"wp:term":[{"taxonomy":"product_cat","embeddable":true,"href":"https:\/\/www.garden-kit.com\/pt\/wp-json\/wp\/v2\/product_cat?post=3986"},{"taxonomy":"product_tag","embeddable":true,"href":"https:\/\/www.garden-kit.com\/pt\/wp-json\/wp\/v2\/product_tag?post=3986"}],"curies":[{"name":"wp","href":"https:\/\/api.w.org\/{rel}","templated":true}]}}