{"id":3991,"date":"2022-10-19T13:43:15","date_gmt":"2022-10-19T05:43:15","guid":{"rendered":"https:\/\/www.garden-kit.com\/product\/seed-popper\/"},"modified":"2023-11-28T16:43:21","modified_gmt":"2023-11-28T08:43:21","slug":"seed-popper","status":"publish","type":"product","link":"https:\/\/www.garden-kit.com\/pt\/product\/seed-popper\/","title":{"rendered":"Seed Popper"},"content":{"rendered":"<h3 style=\"font-size: 19px\">Vis\u00e3o geral<\/h3>\n<table border=\"1\" cellspacing=\"0\">\n<tbody>\n<tr>\n<td valign=\"top\" width=\"373\">\n<p><span style=\"font-family: 'PingFang SC', 'Microsoft YaHei', sans-serif\">Instru\u00e7\u00f5es de cuidados com o produto<\/span><\/p>\n<\/td>\n<td valign=\"top\" width=\"373\">\n<p><span style=\"font-family: 'PingFang SC', 'Microsoft YaHei', sans-serif\">Dispon\u00edvel<\/span><\/p>\n<\/td>\n<\/tr>\n<tr>\n<td valign=\"top\" width=\"373\">\n<p><span style=\"font-family: 'PingFang SC', 'Microsoft YaHei', sans-serif\">Tipo de produto vegetal<\/span><\/p>\n<\/td>\n<td valign=\"top\" width=\"373\">\n<p><span style=\"font-family: 'PingFang SC', 'Microsoft YaHei', sans-serif\">Flores silvestres <\/span><\/p>\n<\/td>\n<\/tr>\n<tr>\n<td valign=\"top\" width=\"373\">\n<p><span style=\"font-family: 'PingFang SC', 'Microsoft YaHei', sans-serif\">Caracter\u00edstica especial<\/span><\/p>\n<\/td>\n<td valign=\"top\" width=\"373\">\n<p><span style=\"font-family: 'PingFang SC', 'Microsoft YaHei', sans-serif\">Cultivo interno-externo<\/span><\/p>\n<\/td>\n<\/tr>\n<tr>\n<td valign=\"top\" width=\"373\">\n<p><span style=\"font-family: 'PingFang SC', 'Microsoft YaHei', sans-serif\">Marca<\/span><\/p>\n<\/td>\n<td valign=\"top\" width=\"373\">\n<p><span style=\"font-family: 'PingFang SC', 'Microsoft YaHei', sans-serif\">kit jardim<\/span><\/p>\n<\/td>\n<\/tr>\n<tr>\n<td valign=\"top\" width=\"373\">\n<p><span style=\"font-family: 'PingFang SC', 'Microsoft YaHei', sans-serif\">Lugar de origem<\/span><\/p>\n<\/td>\n<td valign=\"top\" width=\"373\">\n<p><span style=\"font-family: 'PingFang SC', 'Microsoft YaHei', sans-serif\">Fujian, China<\/span><\/p>\n<\/td>\n<\/tr>\n<tr>\n<td valign=\"top\" width=\"373\">\n<p><span style=\"font-family: 'PingFang SC', 'Microsoft YaHei', sans-serif\">ODM\/OEM<\/span><\/p>\n<\/td>\n<td valign=\"top\" width=\"373\">\n<p><span style=\"font-family: 'PingFang SC', 'Microsoft YaHei', sans-serif\">Dispon\u00edvel<\/span><\/p>\n<\/td>\n<\/tr>\n<tr>\n<td valign=\"top\" width=\"373\">\n<p><span style=\"font-family: 'PingFang SC', 'Microsoft YaHei', sans-serif\">MOQ para pedido personalizado<\/span><\/p>\n<\/td>\n<td valign=\"top\" width=\"373\">\n<p><span style=\"font-family: 'PingFang SC', 'Microsoft YaHei', sans-serif\">3000 unidades<\/span><\/p>\n<\/td>\n<\/tr>\n<tr>\n<td valign=\"top\" width=\"373\">\n<p><span style=\"font-family: 'PingFang SC', 'Microsoft YaHei', sans-serif\">Custo da amostra<\/span><\/p>\n<\/td>\n<td valign=\"top\" width=\"373\">\n<p><span style=\"font-family: 'PingFang SC', 'Microsoft YaHei', sans-serif\">US$400\/Sample, retorno total ap\u00f3s um pedido nosso<\/span><\/p>\n<\/td>\n<\/tr>\n<\/tbody>\n<\/table>\n<p style=\"line-height: 1.5\">\n<p style=\"line-height: 1.5\"><span style=\"font-family: 'PingFang SC', 'Microsoft YaHei', sans-serif\">Seed Popper: Kits de 3 op\u00e7\u00f5es: \u00c9 f\u00e1cil - n\u00f3s eliminamos as d\u00favidas sobre o cultivo de sementes de flores silvestres, guiando-o em cada passo do processo. Tudo o que precisa para trazer a alegria das flores silvestres para a sua vida ou para a vida do seu ente querido est\u00e1 numa bonita caixa de oferta. Plante!<\/span><\/p>\n<p style=\"line-height: 1.5\"><span style=\"font-family: 'PingFang SC', 'Microsoft YaHei', sans-serif\">&nbsp;<\/span><\/p>\n<h3 style=\"line-height: 1.5;font-size: 19px\"><span style=\"font-family: 'PingFang SC', 'Microsoft YaHei', sans-serif\">Os seguintes itens est\u00e3o inclu\u00eddos no kit.<\/span><\/h3>\n<p style=\"line-height: 1.5\"><span style=\"font-family: 'PingFang SC', 'Microsoft YaHei', sans-serif\">1) Popper comemorativo:<\/span><\/p>\n<p style=\"line-height: 1.5\"><span style=\"font-family: 'PingFang SC', 'Microsoft YaHei', sans-serif\">Mistura de bolas de sementes para cocktails: Hortel\u00e3, manjeric\u00e3o-lim\u00e3o, tomilho e lavanda<\/span><\/p>\n<p style=\"line-height: 1.5\"><span style=\"font-family: 'PingFang SC', 'Microsoft YaHei', sans-serif\">Wellness Seed Ball Blend: S\u00e1lvia, Erva-cidreira, Echinacea, Camomila<\/span><\/p>\n<p style=\"line-height: 1.5\"><span style=\"font-family: 'PingFang SC', 'Microsoft YaHei', sans-serif\">Wildflower Seed Ball Blend: Coneflower, Lavender Hyssop, Black-Eyed Susan, Callistephus Duchesse, Mix Aster, Wild Bergamot<\/span><\/p>\n<p style=\"line-height: 1.5\"><span style=\"font-family: 'PingFang SC', 'Microsoft YaHei', sans-serif\">2) 4 bolas de argila, coco e sementes n\u00e3o transg\u00eanicas<\/span><\/p>\n<p style=\"line-height: 1.5\"><span style=\"font-family: 'PingFang SC', 'Microsoft YaHei', sans-serif\">3) Confete de Papel Kraft<\/span><\/p>\n<p style=\"line-height: 1.5\">\n<p style=\"line-height: 1.5\"><span style=\"font-family: 'PingFang SC', 'Microsoft YaHei', sans-serif\">Instru\u00e7\u00f5es de plantio<\/span><\/p>\n<p style=\"line-height: 1.5\"><span style=\"font-family: 'PingFang SC', 'Microsoft YaHei', sans-serif\">Coquetel:&nbsp;<\/span><\/p>\n<p style=\"line-height: 1.5\"><span style=\"font-family: 'PingFang SC', 'Microsoft YaHei', sans-serif\">Inspirado nos tradicionais biscoitos brit\u00e2nicos, o Seed Picker celebra o plantio com prop\u00f3sito.<\/span><\/p>\n<p style=\"line-height: 1.5\">\n<p style=\"line-height: 1.5\"><span style=\"font-family: 'PingFang SC', 'Microsoft YaHei', sans-serif\">Basta torcer, estourar e plantar! Cada popper inclui quatro bolas de sementes (consistindo de argila, casca de coco e sementes n\u00e3o transg\u00eanicas), confete kraft recicl\u00e1vel e instru\u00e7\u00f5es.<\/span><\/p>\n<p style=\"line-height: 1.5\">\n<p style=\"line-height: 1.5\"><span style=\"font-family: 'PingFang SC', 'Microsoft YaHei', sans-serif\">You&#039;s Wild (Flower) Seed Popper inclui variedades de sementes de flores silvestres n\u00e3o invasivas, como Lavender Hyssop, Black-Eyed Susan, Duquesa de Callister Forth, Mixed Aster, Wild Bergamot e muito mais.<\/span><\/p>\n<p style=\"line-height: 1.5\"><span style=\"font-family: 'PingFang SC', 'Microsoft YaHei', sans-serif\">&nbsp;<\/span><\/p>\n<p style=\"line-height: 1.5\"><span style=\"font-family: 'PingFang SC', 'Microsoft YaHei', sans-serif\">Esta cole\u00e7\u00e3o de sementes cuidadosamente planeada resulta em belas flores que proporcionam um habitat para polinizadores vitais. Basta rodar, rebentar e plantar.<\/span><\/p>\n<p style=\"line-height: 1.5\"><span style=\"font-family: 'PingFang SC', 'Microsoft YaHei', sans-serif\">&nbsp;<\/span><\/p>\n<p style=\"line-height: 1.5\"><span style=\"font-family: 'PingFang SC', 'Microsoft YaHei', sans-serif\">Tamanho<\/span><\/p>\n<p style=\"line-height: 1.5\"><span style=\"font-family: 'PingFang SC', 'Microsoft YaHei', sans-serif\">6,4 polegadas de comprimento, 1,6 polegadas de largura e 1,6 p\u00e9s de altura<\/span><\/p>\n<p style=\"line-height: 1.5\"><span style=\"font-family: 'PingFang SC', 'Microsoft YaHei', sans-serif\">&nbsp;&nbsp;<\/span><\/p>\n<p style=\"line-height: 1.5\"><span style=\"font-family: 'PingFang SC', 'Microsoft YaHei', sans-serif\">Bem-estar:&nbsp;<\/span><\/p>\n<p style=\"line-height: 1.5\"><span style=\"font-family: 'PingFang SC', 'Microsoft YaHei', sans-serif\">Inspirado nos tradicionais biscoitos brit\u00e2nicos, o Seed Picker celebra a planta\u00e7\u00e3o com um objetivo. Basta rodar, estalar e plantar!<\/span><\/p>\n<p style=\"line-height: 1.5\">\n<p style=\"line-height: 1.5\"><span style=\"font-family: 'PingFang SC', 'Microsoft YaHei', sans-serif\">Cada popper inclui quatro bolas de sementes (consistindo de argila, casca de coco e sementes n\u00e3o transg\u00eanicas), confete kraft recicl\u00e1vel e instru\u00e7\u00f5es.<\/span><\/p>\n<p style=\"line-height: 1.5\"><span style=\"font-family: 'PingFang SC', 'Microsoft YaHei', sans-serif\">&nbsp;<\/span><\/p>\n<p style=\"line-height: 1.5\"><span style=\"font-family: 'PingFang SC', 'Microsoft YaHei', sans-serif\">You&#039;s Wild (Flower) Seed Popper inclui variedades de sementes de flores silvestres n\u00e3o invasivas, como Lavender Hyssop, Black-Eyed Susan, Duquesa de Callister Forth, Mixed Aster, Wild Bergamot e muito mais.<\/span><\/p>\n<p style=\"line-height: 1.5\">\n<p style=\"line-height: 1.5\"><span style=\"font-family: 'PingFang SC', 'Microsoft YaHei', sans-serif\">Esta cole\u00e7\u00e3o de sementes cuidadosamente planeada resulta em belas flores que proporcionam um habitat para polinizadores vitais. Basta rodar, estourar e plantar.<\/span><\/p>\n<p style=\"line-height: 1.5\">\n<p style=\"line-height: 1.5\"><span style=\"font-family: 'PingFang SC', 'Microsoft YaHei', sans-serif\">Tamanho<\/span><\/p>\n<p style=\"line-height: 1.5\"><span style=\"font-family: 'PingFang SC', 'Microsoft YaHei', sans-serif\">6,4 polegadas de comprimento, 1,6 polegadas de largura e 1,6 p\u00e9s de altura<\/span><\/p>\n<p style=\"line-height: 1.5\"><span style=\"font-family: 'PingFang SC', 'Microsoft YaHei', sans-serif\">Flores silvestres:<\/span><\/p>\n<p style=\"line-height: 1.5\"><span style=\"font-family: 'PingFang SC', 'Microsoft YaHei', sans-serif\">Inspirado nos tradicionais biscoitos brit\u00e2nicos, o Seed Picker celebra a planta\u00e7\u00e3o com um objetivo. Basta rodar, estalar e plantar!<\/span><\/p>\n<p style=\"line-height: 1.5\"><span style=\"font-family: 'PingFang SC', 'Microsoft YaHei', sans-serif\">&nbsp;<\/span><\/p>\n<p style=\"line-height: 1.5\"><span style=\"font-family: 'PingFang SC', 'Microsoft YaHei', sans-serif\">Cada popper inclui quatro bolas de sementes (consistindo de argila, casca de coco e sementes n\u00e3o transg\u00eanicas), confete kraft recicl\u00e1vel e instru\u00e7\u00f5es.<\/span><\/p>\n<p style=\"line-height: 1.5\">\n<p style=\"line-height: 1.5\"><span style=\"font-family: 'PingFang SC', 'Microsoft YaHei', sans-serif\">O You's Wild (Flower) Seed Popper inclui variedades de sementes de flores silvestres n\u00e3o invasivas, tais como Lavender Hyssop, Black-Eyed Susan, Duchess of Callister Forth, Mixed Aster, Wild Bergamot e muito mais. Esta cole\u00e7\u00e3o de sementes cuidadosamente planeada resulta em belas flores que proporcionam um habitat para polinizadores vitais. Basta torcer, estourar e plantar.<\/span><\/p>\n<p style=\"line-height: 1.5\"><span style=\"font-family: 'PingFang SC', 'Microsoft YaHei', sans-serif\">Inspirados nos tradicionais biscoitos ingleses, os Seed Poppers celebram a planta\u00e7\u00e3o com um objetivo. Basta rodar, rebentar e plantar! Cada popper inclui quatro bolas de sementes (feitas de argila, cascas de coco e sementes n\u00e3o-OGM). Cada popper inclui quatro bolas de sementes (feitas de barro, cascas de coco e sementes n\u00e3o OGM), confetis kraft recicl\u00e1veis e instru\u00e7\u00f5es.<\/span><\/p>\n<p style=\"line-height: 1.5\"><span style=\"font-family: 'PingFang SC', 'Microsoft YaHei', sans-serif\">As bolas de sementes cont\u00eam sementes de salva, erva-cidreira, equin\u00e1cea e camomila - ervas conhecidas pelas suas propriedades curativas.<\/span><\/p>\n<p style=\"line-height: 1.5\"><span style=\"font-family: 'PingFang SC', 'Microsoft YaHei', sans-serif\"><\/span><\/p>\n<p style=\"line-height: 1.5\"><span style=\"font-family: 'PingFang SC', 'Microsoft YaHei', sans-serif\">O papel semente A4 pode ser usado para diversos fins, como convites, cart\u00f5es de visita, cart\u00f5es comemorativos, p\u00f4steres e outros materiais impressos. Assim que o papel n\u00e3o for mais necess\u00e1rio, ele pode ser plantado diretamente no solo, e as sementes incorporadas germinar\u00e3o e se transformar\u00e3o em plantas. O tipo de sementes embutidas no papel varia de acordo com o fabricante e o uso pretendido. Alguns tipos comuns de sementes usadas no papel A4 incluem flores silvestres, ervas, vegetais e sementes de \u00e1rvores. No geral, o papel semente A4 oferece uma maneira \u00fanica e sustent\u00e1vel de promover a consci\u00eancia ambiental e contribuir para um futuro mais verde.<\/span><\/p>\n<\/p>\n<p>Um \"seed popper\" \u00e9 uma pequena bola ou c\u00e1psula com sementes que cont\u00e9m tudo o que \u00e9 necess\u00e1rio para cultivar uma planta ou flor espec\u00edfica. \u00c9 uma forma c\u00f3moda e muitas vezes ecol\u00f3gica de come\u00e7ar a cultivar plantas a partir de sementes, especialmente para pessoas que n\u00e3o t\u00eam grande experi\u00eancia em jardinagem ou acesso a espa\u00e7o exterior.<\/p>\n<p>O conceito por detr\u00e1s dos poppers de sementes \u00e9 simples: cada popper encapsula sementes numa concha biodegrad\u00e1vel, juntamente com nutrientes e um meio de crescimento. O objetivo \u00e9 tornar mais f\u00e1cil para qualquer pessoa plantar e cultivar v\u00e1rias plantas ou flores sem ter de manusear diretamente sementes soltas ou terra.<\/p>\n<p>Eis como funciona tipicamente um \"popper\" de sementes:<\/p>\n<ul>\n<li>\n<p><strong>Encapsulamento de sementes<\/strong>: As sementes s\u00e3o envolvidas num material biodegrad\u00e1vel como a argila, a turfa ou uma mistura destes materiais, formando uma pequena bola ou c\u00e1psula.<\/p>\n<\/li>\n<li>\n<p><strong>Nutrientes e meio de cultura<\/strong>: Juntamente com as sementes, o popper cont\u00e9m muitas vezes os nutrientes e o meio de cultura necess\u00e1rios para a germina\u00e7\u00e3o e o crescimento inicial. Isto pode incluir composto, adubo ou outros nutrientes para as plantas.<\/p>\n<\/li>\n<li>\n<p><strong>Processo de planta\u00e7\u00e3o<\/strong>: Para utilizar um propulsor de sementes, \u00e9 geralmente necess\u00e1rio plant\u00e1-lo diretamente no solo ou num vaso \u00e0 profundidade adequada, seguindo as instru\u00e7\u00f5es fornecidas. Uma vez plantado, o inv\u00f3lucro exterior do p\u00e9-de-semente desfaz-se, permitindo que as sementes germinem e cres\u00e7am.<\/p>\n<\/li>\n<li>\n<p><strong>Rega e cuidados<\/strong>: Como qualquer outra planta, as pl\u00e2ntulas requerem uma rega e cuidados adequados para crescerem com sucesso. Assegure-se de que recebem luz solar, \u00e1gua e nutrientes adequados \u00e0 medida que se desenvolvem.<\/p>\n<\/li>\n<\/ul>\n<p>Os lan\u00e7adores de sementes est\u00e3o dispon\u00edveis para uma grande variedade de plantas, incluindo flores, ervas arom\u00e1ticas, legumes e at\u00e9 \u00e1rvores. S\u00e3o frequentemente vendidos em pacotes ou sortidos, oferecendo uma forma conveniente de iniciar um jardim ou adicionar vegeta\u00e7\u00e3o a espa\u00e7os interiores.<\/p>\n<p>Estes produtos s\u00e3o frequentemente encontrados em lojas de jardinagem, viveiros e retalhistas online especializados em material de jardinagem. Podem ser especialmente apelativos para os principiantes ou para aqueles que preferem um m\u00e9todo de planta\u00e7\u00e3o de sementes simples e sem confus\u00e3o.<\/p>","protected":false},"excerpt":{"rendered":"<p><span style=\"font-family: 'PingFang SC', 'Microsoft YaHei', sans-serif\">Seed Popper \u2013 3 op\u00e7\u00f5es de kits: \u00c9 f\u00e1cil \u2013 eliminamos as suposi\u00e7\u00f5es sobre o cultivo de sementes de flores silvestres, guiando voc\u00ea a cada passo do caminho. Tudo o que voc\u00ea precisa para trazer a alegria das flores silvestres para sua vida ou para a vida de seu ente querido em uma linda caixa de presente. Planta isso!<\/span><\/p>\n<p><span style=\"font-family: 'PingFang SC', 'Microsoft YaHei', sans-serif\">O papel de semente A4 \u00e9 um tipo de papel que cont\u00e9m sementes de plantas embutidas nele. \u00c9 uma alternativa sustent\u00e1vel e ecol\u00f3gica aos produtos de papel tradicionais.<\/span><\/p><\/p>","protected":false},"featured_media":17495,"comment_status":"open","ping_status":"closed","template":"","meta":[],"product_cat":[67],"product_tag":[517,516],"acf":[],"_links":{"self":[{"href":"https:\/\/www.garden-kit.com\/pt\/wp-json\/wp\/v2\/product\/3991"}],"collection":[{"href":"https:\/\/www.garden-kit.com\/pt\/wp-json\/wp\/v2\/product"}],"about":[{"href":"https:\/\/www.garden-kit.com\/pt\/wp-json\/wp\/v2\/types\/product"}],"replies":[{"embeddable":true,"href":"https:\/\/www.garden-kit.com\/pt\/wp-json\/wp\/v2\/comments?post=3991"}],"wp:featuredmedia":[{"embeddable":true,"href":"https:\/\/www.garden-kit.com\/pt\/wp-json\/wp\/v2\/media\/17495"}],"wp:attachment":[{"href":"https:\/\/www.garden-kit.com\/pt\/wp-json\/wp\/v2\/media?parent=3991"}],"wp:term":[{"taxonomy":"product_cat","embeddable":true,"href":"https:\/\/www.garden-kit.com\/pt\/wp-json\/wp\/v2\/product_cat?post=3991"},{"taxonomy":"product_tag","embeddable":true,"href":"https:\/\/www.garden-kit.com\/pt\/wp-json\/wp\/v2\/product_tag?post=3991"}],"curies":[{"name":"wp","href":"https:\/\/api.w.org\/{rel}","templated":true}]}}