{"id":3998,"date":"2022-10-19T13:45:26","date_gmt":"2022-10-19T05:45:26","guid":{"rendered":"https:\/\/www.garden-kit.com\/product\/set-of-6-plantable-seed-paper-christmas-gift-present-tags\/"},"modified":"2022-10-19T13:45:26","modified_gmt":"2022-10-19T05:45:26","slug":"set-of-6-plantable-seed-paper-christmas-gift-present-tags","status":"publish","type":"product","link":"https:\/\/www.garden-kit.com\/pt\/product\/set-of-6-plantable-seed-paper-christmas-gift-present-tags\/","title":{"rendered":"Conjunto de 6 etiquetas de presente de Natal de papel de sementes plant\u00e1veis"},"content":{"rendered":"<p><strong>Vis\u00e3o geral<\/strong><\/p>\n<table border=\"1\" cellspacing=\"0\">\n<tbody>\n<tr>\n<td valign=\"top\" width=\"373\">\n<p><strong>Instru\u00e7\u00f5es de cuidados com o produto<\/strong><\/p>\n<\/td>\n<td valign=\"top\" width=\"373\">\n<p><span style=\"font-family: Calibri\">Dispon\u00edvel<\/span><\/p>\n<\/td>\n<\/tr>\n<tr>\n<td valign=\"top\" width=\"373\">\n<p><strong>Tipo de produto vegetal<\/strong><\/p>\n<\/td>\n<td valign=\"top\" width=\"373\">\n<p><span style=\"font-family: Calibri\">flores silvestres e sic\u00f4moro<\/span><\/p>\n<\/td>\n<\/tr>\n<tr>\n<td valign=\"top\" width=\"373\">\n<p><strong>Caracter\u00edstica especial<\/strong><\/p>\n<\/td>\n<td valign=\"top\" width=\"373\">\n<p><span style=\"font-family: Calibri\">Cultivo interno-externo<\/span><\/p>\n<\/td>\n<\/tr>\n<tr>\n<td valign=\"top\" width=\"373\">\n<p><strong><span style=\"font-family: Arial\">Marca<\/span><\/strong><\/p>\n<\/td>\n<td valign=\"top\" width=\"373\">\n<p><span style=\"font-family: Calibri\">kit jardim<\/span><\/p>\n<\/td>\n<\/tr>\n<tr>\n<td valign=\"top\" width=\"373\">\n<p><strong><span style=\"font-family: Arial\">Lugar de origem<\/span><\/strong><\/p>\n<\/td>\n<td valign=\"top\" width=\"373\">\n<p><span style=\"font-family: Calibri\">Fujian, China<\/span><\/p>\n<\/td>\n<\/tr>\n<tr>\n<td valign=\"top\" width=\"373\">\n<p><strong><span style=\"font-family: Arial\">ODM\/OEM<\/span><\/strong><\/p>\n<\/td>\n<td valign=\"top\" width=\"373\">\n<p><span style=\"font-family: Calibri\">Dispon\u00edvel<\/span><\/p>\n<\/td>\n<\/tr>\n<tr>\n<td valign=\"top\" width=\"373\">\n<p><strong><span style=\"font-family: Arial\">MOQ para pedido personalizado<\/span><\/strong><\/p>\n<\/td>\n<td valign=\"top\" width=\"373\">\n<p><span style=\"font-family: Calibri\">3000 unidades<\/span><\/p>\n<\/td>\n<\/tr>\n<tr>\n<td valign=\"top\" width=\"373\">\n<p><strong><span style=\"font-family: Arial\">Custo da amostra<\/span><\/strong><\/p>\n<\/td>\n<td valign=\"top\" width=\"373\">\n<p><span style=\"font-family: Calibri\">US$400\/Sample, retorno completo ap\u00f3s o pedido de n\u00f3s<\/span><\/p>\n<\/td>\n<\/tr>\n<\/tbody>\n<\/table>\n<p>&nbsp;<\/p>\n<p><strong><span style=\"font-family: Arial\">Os seguintes itens est\u00e3o inclu\u00eddos no kit.<\/span><\/strong><\/p>\n<p>&nbsp;<\/p>\n<p><span style=\"font-family: Calibri\">6<\/span>&nbsp;Etiquetas de presente de Natal de papel de semente plant\u00e1vel<\/p>\n<p><span style=\"font-family: Calibri\">1 Guia de plantio passo a passo<\/span><\/p>\n<p><span style=\"font-family: Calibri\">1 personalizado <\/span><span style=\"font-family: Calibri\">saco de pacote<\/span><\/p>\n<p>&nbsp;<\/p>\n<p><span style=\"font-family: Calibri\">Etiquetas de presente plant\u00e1veis de papel de semente!<\/span><\/p>\n<p>&nbsp;<\/p>\n<p><span style=\"font-family: Calibri\">100% Papel ecol\u00f3gico artesanal, recicl\u00e1vel e biodegrad\u00e1vel com flores silvestres e sementes de pl\u00e1tano.<\/span><\/p>\n<p>&nbsp;<\/p>\n<p><span style=\"font-family: Calibri\">Esta etiqueta de presente plant\u00e1vel \u00e9 100% feita de papel de rascunho e uma mistura de sic\u00f4moro e sementes de flores silvestres.<\/span><\/p>\n<p>&nbsp;<\/p>\n<p><span style=\"font-family: Calibri\">\u2013 Mergulhe o papel semente em \u00e1gua durante a noite.<\/span><\/p>\n<p>&nbsp;<\/p>\n<p><span style=\"font-family: Calibri\">\u2013 Plante o papel semente \u00famido no solo preparado a uma profundidade de cerca de 1\/4 de polegada.<\/span><\/p>\n<p>&nbsp;<\/p>\n<p><span style=\"font-family: Calibri\">-Regue o po\u00e7o, especialmente nas primeiras quatro a seis semanas.<\/span><\/p>\n<p>&nbsp;<\/p>\n<p><span style=\"font-family: Calibri\">Plante papel ao ar livre nos meses frios at\u00e9 o in\u00edcio da primavera. O plantio no outono aproveitar\u00e1 as chuvas de inverno para trazer flores no in\u00edcio da primavera. Plante dentro de casa a qualquer momento e depois transplante para um local mais permanente no in\u00edcio da primavera.<\/span><\/p>\n<p>&nbsp;<\/p>\n<p><span style=\"font-family: Calibri\">Conjunto de 6 etiquetas de presente de Natal com papel de sementes plant\u00e1veis<\/span><\/p>\n<p>&nbsp;<\/p>\n<p><span style=\"font-family: Calibri\">7,5 x 5 cm (2,95 pol. x 1,97 pol.)<\/span><\/p>\n<p>&nbsp;<\/p>\n<p><span style=\"font-family: Calibri\">F\u00e1cil de escrever com qualquer caneta.<\/span><\/p>\n<p>&nbsp;<\/p>\n<p><span style=\"font-family: Calibri\">As instru\u00e7\u00f5es de cultivo est\u00e3o inclu\u00eddas na parte de tr\u00e1s do pacote.<\/span><\/p>\n<p>&nbsp;<\/p>\n<p>&nbsp;<\/p>\n<p>&nbsp;<\/p>\n<p><span style=\"font-family: Calibri\">Fio de juta n\u00e3o inclu\u00eddo.<\/span><\/p>","protected":false},"excerpt":{"rendered":"<p>Kit de etiquetas de presente de Natal de papel de semente plant\u00e1vel de 6 pe\u00e7as: \u00e9 f\u00e1cil - eliminamos as suposi\u00e7\u00f5es do cultivo de flores silvestres e sementes de sic\u00f4moro, guiando voc\u00ea a cada passo do caminho. Tudo o que voc\u00ea precisa para trazer a alegria das flores silvestres e do sic\u00f4moro para a vida de seu ente querido em uma linda sacola personalizada. Planta isso!<\/p>","protected":false},"featured_media":3992,"comment_status":"open","ping_status":"closed","template":"","meta":[],"product_cat":[67],"product_tag":[232],"acf":[],"_links":{"self":[{"href":"https:\/\/www.garden-kit.com\/pt\/wp-json\/wp\/v2\/product\/3998"}],"collection":[{"href":"https:\/\/www.garden-kit.com\/pt\/wp-json\/wp\/v2\/product"}],"about":[{"href":"https:\/\/www.garden-kit.com\/pt\/wp-json\/wp\/v2\/types\/product"}],"replies":[{"embeddable":true,"href":"https:\/\/www.garden-kit.com\/pt\/wp-json\/wp\/v2\/comments?post=3998"}],"wp:featuredmedia":[{"embeddable":true,"href":"https:\/\/www.garden-kit.com\/pt\/wp-json\/wp\/v2\/media\/3992"}],"wp:attachment":[{"href":"https:\/\/www.garden-kit.com\/pt\/wp-json\/wp\/v2\/media?parent=3998"}],"wp:term":[{"taxonomy":"product_cat","embeddable":true,"href":"https:\/\/www.garden-kit.com\/pt\/wp-json\/wp\/v2\/product_cat?post=3998"},{"taxonomy":"product_tag","embeddable":true,"href":"https:\/\/www.garden-kit.com\/pt\/wp-json\/wp\/v2\/product_tag?post=3998"}],"curies":[{"name":"wp","href":"https:\/\/api.w.org\/{rel}","templated":true}]}}