{"id":4001,"date":"2022-10-19T13:45:30","date_gmt":"2022-10-19T05:45:30","guid":{"rendered":"https:\/\/www.garden-kit.com\/product\/set-of-6-plantable-seed-paper-christmas-gift-present-tags-2\/"},"modified":"2023-03-31T14:58:22","modified_gmt":"2023-03-31T06:58:22","slug":"plantable-paper-seed-bombs","status":"publish","type":"product","link":"https:\/\/www.garden-kit.com\/pt\/product\/plantable-paper-seed-bombs\/","title":{"rendered":"Bombas de sementes de papel plant\u00e1vel"},"content":{"rendered":"<p><strong><span style=\"font-family: arial, helvetica, sans-serif;font-size: 18px\">Kit de Etiquetas de Presente de Natal de Papel Semente Plant\u00e1vel de 6 Pe\u00e7as: <\/span><\/strong><\/p>\n<p><span style=\"font-family: arial, helvetica, sans-serif;font-size: 16px\">\u00c9 f\u00e1cil - eliminamos as suposi\u00e7\u00f5es ao cultivar sementes de flores silvestres e pl\u00e1tanos, guiando voc\u00ea a cada passo do caminho. Tudo o que voc\u00ea precisa para trazer a alegria das flores silvestres e do sic\u00f4moro para a vida de seu ente querido em uma linda sacola personalizada. Planta isso! <\/span><span style=\"font-family: arial, helvetica, sans-serif;font-size: 18px\"><\/span><\/p>\n<h3 style=\"font-size: 19px\"><strong><span style=\"font-family: arial, helvetica, sans-serif;font-size: 18px\">Vis\u00e3o geral<\/span><\/strong><\/h3>\n<table border=\"1\" cellspacing=\"0\" style=\"border-collapse: collapse;width: 100%;height: 248px\">\n<tbody>\n<tr style=\"height: 31px\">\n<td valign=\"top\" width=\"373\" style=\"height: 31px\">\n<p><span style=\"font-family: arial, helvetica, sans-serif;font-size: 16px\">Instru\u00e7\u00f5es de cuidados com o produto<\/span><\/p>\n<\/td>\n<td valign=\"top\" width=\"373\" style=\"height: 31px\">\n<p><span style=\"font-family: arial, helvetica, sans-serif;font-size: 16px\">Dispon\u00edvel<\/span><\/p>\n<\/td>\n<\/tr>\n<tr style=\"height: 31px\">\n<td valign=\"top\" width=\"373\" style=\"height: 31px\">\n<p><span style=\"font-family: arial, helvetica, sans-serif;font-size: 16px\">Tipo de produto vegetal<\/span><\/p>\n<\/td>\n<td valign=\"top\" width=\"373\" style=\"height: 31px\">\n<p><span style=\"font-family: arial, helvetica, sans-serif;font-size: 16px\">flores silvestres e sic\u00f4moro<\/span><\/p>\n<\/td>\n<\/tr>\n<tr style=\"height: 31px\">\n<td valign=\"top\" width=\"373\" style=\"height: 31px\">\n<p><span style=\"font-family: arial, helvetica, sans-serif;font-size: 16px\">Caracter\u00edstica especial<\/span><\/p>\n<\/td>\n<td valign=\"top\" width=\"373\" style=\"height: 31px\">\n<p><span style=\"font-family: arial, helvetica, sans-serif;font-size: 16px\">Cultivo interno-externo<\/span><\/p>\n<\/td>\n<\/tr>\n<tr style=\"height: 31px\">\n<td valign=\"top\" width=\"373\" style=\"height: 31px\">\n<p><span style=\"font-family: arial, helvetica, sans-serif;font-size: 16px\">Marca<\/span><\/p>\n<\/td>\n<td valign=\"top\" width=\"373\" style=\"height: 31px\">\n<p><span style=\"font-family: arial, helvetica, sans-serif;font-size: 16px\">kit jardim<\/span><\/p>\n<\/td>\n<\/tr>\n<tr style=\"height: 31px\">\n<td valign=\"top\" width=\"373\" style=\"height: 31px\">\n<p><span style=\"font-family: arial, helvetica, sans-serif;font-size: 16px\">Lugar de origem<\/span><\/p>\n<\/td>\n<td valign=\"top\" width=\"373\" style=\"height: 31px\">\n<p><span style=\"font-family: arial, helvetica, sans-serif;font-size: 16px\">Fujian, China<\/span><\/p>\n<\/td>\n<\/tr>\n<tr style=\"height: 31px\">\n<td valign=\"top\" width=\"373\" style=\"height: 31px\">\n<p><span style=\"font-family: arial, helvetica, sans-serif;font-size: 16px\">ODM\/OEM<\/span><\/p>\n<\/td>\n<td valign=\"top\" width=\"373\" style=\"height: 31px\">\n<p><span style=\"font-family: arial, helvetica, sans-serif;font-size: 16px\">Dispon\u00edvel<\/span><\/p>\n<\/td>\n<\/tr>\n<tr style=\"height: 31px\">\n<td valign=\"top\" width=\"373\" style=\"height: 31px\">\n<p><span style=\"font-family: arial, helvetica, sans-serif;font-size: 16px\">MOQ para pedido personalizado<\/span><\/p>\n<\/td>\n<td valign=\"top\" width=\"373\" style=\"height: 31px\">\n<p><span style=\"font-family: arial, helvetica, sans-serif;font-size: 16px\">3000 unidades<\/span><\/p>\n<\/td>\n<\/tr>\n<tr style=\"height: 31px\">\n<td valign=\"top\" width=\"373\" style=\"height: 31px\">\n<p><span style=\"font-family: arial, helvetica, sans-serif;font-size: 16px\">Custo da amostra<\/span><\/p>\n<\/td>\n<td valign=\"top\" width=\"373\" style=\"height: 31px\">\n<p><span style=\"font-family: arial, helvetica, sans-serif;font-size: 16px\">US$400\/Sample, retorno completo ap\u00f3s o pedido de n\u00f3s<\/span><\/p>\n<\/td>\n<\/tr>\n<\/tbody>\n<\/table>\n<p style=\"text-align: center\"><img decoding=\"async\" src=\"https:\/\/data.adwebcloud.com\/public\/material\/2206293ihquj\/product\/3_1666158227014.jpg\" alt=\"exemplo\" width=\"50%\" title=\"\"><img decoding=\"async\" src=\"https:\/\/data.adwebcloud.com\/public\/material\/2206293ihquj\/product\/4_1666158227081.jpg\" alt=\"exemplo\" width=\"50%\" title=\"\"> &nbsp;<\/p>\n<h3 style=\"font-size: 19px\"><span style=\"font-family: arial, helvetica, sans-serif;font-size: 18px\"><span><span>O que \u00e9 Papel Semente Plant\u00e1vel?<\/span><\/span><span><span> <\/span><\/span><\/span><\/h3>\n<p><span style=\"font-family: arial, helvetica, sans-serif;font-size: 16px\"><span><span>No processo de fabrica\u00e7\u00e3o do papel, as sementes s\u00e3o adicionadas \u00e0 polpa da madeira, que pode ser tingida em v\u00e1rias cores, de modo que o papel que cont\u00e9m as sementes \u00e9 chamado de \u201cpapel semente\u201d. (Este \u00e9 um novo produto de prote\u00e7\u00e3o ambiental.<\/span><\/span> <span><span>, pode ser descartado no solo, no tempo certo e temperatura e umidade, as sementes dentro do papel podem germinar e dar origem a pequenas mudas,.)<\/span><\/span><span><span> <\/span><\/span><\/span><\/p>\n<p><span style=\"font-family: arial, helvetica, sans-serif;font-size: 16px\"><span><span>Para deixar o papel artesanal especial feito \u00e0 m\u00e3o mais colorido, os trabalhadores que fazem o papel artesanal misturam as sementes desses arbustos e plantas na polpa. Como todo o processo de produ\u00e7\u00e3o do papel artesanal \u00e9 totalmente ecol\u00f3gico e livre de polui\u00e7\u00e3o, as sementes ficam completamente na polpa.<\/span><\/span> <span><span>N\u00e3o afetado.<\/span><\/span> <span><span>Ap\u00f3s o t\u00e9rmino do papel, as sementes ainda vivem no papel.<\/span><\/span> <span><span>As pessoas modernas continuam a usar m\u00e9todos tradicionais para continuar a produzir esse tipo de papel semente.<\/span><\/span> <\/span><\/p>\n<p><span style=\"font-family: arial, helvetica, sans-serif;font-size: 18px\"><img decoding=\"async\" src=\"https:\/\/gimg2.baidu.com\/image_search\/src=http%3A%2F%2Fimg.alicdn.com%2Fimgextra%2Fi3%2F6000000001680%2FO1CN01AmHsAn1OHU8PpXZTX_%21%216000000001680-0-tbvideo.jpg&amp;refer=http%3A%2F%2Fimg.alicdn.com&amp;app=2002&amp;size=f9999,10000&amp;q=a80&amp;n=0&amp;g=0n&amp;fmt=auto?sec=1678802737&amp;t=e5549e4645e8a616a68638b5c99e4f4b\" width=\"100%\" alt=\"Papel Semente Plant\u00e1vel\" title=\"\"> <\/span><\/p>\n<h3 style=\"font-size: 19px\"><strong><span style=\"font-family: arial, helvetica, sans-serif;font-size: 18px\">Os seguintes itens est\u00e3o inclu\u00eddos no kit.<\/span><\/strong><\/h3>\n<p><span style=\"font-family: arial, helvetica, sans-serif;font-size: 16px\">6 etiquetas de presente de Natal de papel de sementes plant\u00e1veis<\/span><\/p>\n<p><span style=\"font-family: arial, helvetica, sans-serif;font-size: 16px\">1 Guia de plantio passo a passo<\/span><\/p>\n<p><span style=\"font-family: arial, helvetica, sans-serif;font-size: 16px\">1 saco de embalagem personalizado<\/span><\/p>\n<p><span style=\"font-family: arial, helvetica, sans-serif;font-size: 18px\">&nbsp;<\/span><\/p>\n<h3 style=\"font-size: 19px\"><strong><span style=\"font-family: arial, helvetica, sans-serif;font-size: 18px\">Etiquetas de presente plant\u00e1veis de papel de semente!<\/span><\/strong><\/h3>\n<p><span style=\"font-family: arial, helvetica, sans-serif;font-size: 16px\">100% Papel ecol\u00f3gico artesanal, recicl\u00e1vel e biodegrad\u00e1vel com flores silvestres e sementes de pl\u00e1tano.<\/span><\/p>\n<p><span style=\"font-family: arial, helvetica, sans-serif;font-size: 16px\">Esta etiqueta de presente plant\u00e1vel \u00e9 100% feita de papel de rascunho e uma mistura de sic\u00f4moro e sementes de flores silvestres.<\/span><\/p>\n<p><span style=\"font-family: arial, helvetica, sans-serif;font-size: 16px\">\u2013 Mergulhe o papel semente em \u00e1gua durante a noite.<\/span><\/p>\n<p><span style=\"font-family: arial, helvetica, sans-serif;font-size: 16px\">\u2013 Plante o papel semente \u00famido no solo preparado a uma profundidade de cerca de 1\/4 de polegada.<\/span><\/p>\n<p><span style=\"font-family: arial, helvetica, sans-serif;font-size: 16px\">-Regue o po\u00e7o, especialmente nas primeiras quatro a seis semanas.<\/span><\/p>\n<p><span style=\"font-family: arial, helvetica, sans-serif;font-size: 18px\">&nbsp;<\/span><\/p>\n<p><span style=\"font-family: arial, helvetica, sans-serif;font-size: 16px\">Plante papel ao ar livre nos meses frios at\u00e9 o in\u00edcio da primavera. O plantio no outono aproveitar\u00e1 as chuvas de inverno para trazer flores no in\u00edcio da primavera. Plante dentro de casa a qualquer momento e depois transplante para um local mais permanente no in\u00edcio da primavera.<\/span><\/p>\n<\/p>\n<p><span style=\"font-family: arial, helvetica, sans-serif;font-size: 16px\">Conjunto de 6 etiquetas de presente de Natal com papel de sementes plant\u00e1veis<\/span><\/p>\n<p><span style=\"font-size: 16px\"><span style=\"font-family: arial, helvetica, sans-serif\">7,5 x 5 cm (2,95 pol. x 1,97 pol.)<\/span><span style=\"font-family: arial, helvetica, sans-serif\">&nbsp;<\/span><\/span><\/p>\n<p><span style=\"font-family: arial, helvetica, sans-serif;font-size: 16px\">F\u00e1cil de escrever com qualquer caneta.<\/span><\/p>\n<p><span style=\"font-family: arial, helvetica, sans-serif;font-size: 16px\">As instru\u00e7\u00f5es de cultivo est\u00e3o inclu\u00eddas na parte de tr\u00e1s do pacote.<\/span><\/p>\n<p><span style=\"font-family: arial, helvetica, sans-serif;font-size: 18px\"><\/span><\/p>\n<h3 style=\"font-size: 19px\"><span style=\"font-family: arial, helvetica, sans-serif;font-size: 18px\">M\u00e9todo de plantio de papel semente<\/span><\/h3>\n<p style=\"font-size: 16px\"><span style=\"font-family: arial, helvetica, sans-serif\">1. Enterre metade do papel semente no solo. Ao plantar pela primeira vez, certifique-se de que o papel semente esteja saturado com \u00e1gua (\u00famido e macio).<\/span><br \/><span style=\"font-family: arial, helvetica, sans-serif\">2. Preste aten\u00e7\u00e3o \u00e0 umidade todos os dias, mantenha o papel e o solo \u00famidos e ventilados.<\/span><br \/><span style=\"font-family: arial, helvetica, sans-serif\">3. Lembre-se que as plantas em vasos de papel semente devem ser colocadas em local ventilado (no parapeito da janela) ou em varanda blindada para receber luz solar moderada.<\/span><br \/><span style=\"font-family: arial, helvetica, sans-serif\">4. Observe cuidadosamente as bolas de sementes todos os dias e espere pacientemente, as sementes brotar\u00e3o pequenos bot\u00f5es!<\/span><br \/><span style=\"font-family: arial, helvetica, sans-serif\">5. As sementes s\u00e3o cobertas no papel de semente, e o papel de bola de sementes \u00famido tamb\u00e9m pode ser rasgado e plantado em diferentes recipientes de flores.<\/span><br \/><span style=\"font-family: arial, helvetica, sans-serif\">6. Depois que as mudas crescem, elas podem ser transplantadas para vasos de flores maiores\/mais profundos, cobertos com terra, para dar mais espa\u00e7o para o crescimento, e fornecer a quantidade adequada de fertilizante para fornecer nutrientes, para que as plantas possam continuar a crescer!<\/span><\/p>\n<h3 style=\"font-size: 19px\"><span style=\"font-family: arial, helvetica, sans-serif;font-size: 18px\">Quais as vantagens do papel semente plant\u00e1vel?<\/span><\/h3>\n<p><span style=\"font-family: arial, helvetica, sans-serif;font-size: 16px\">1. Economize \u00e1rvores \u2013 O papel reciclado substitui a fabrica\u00e7\u00e3o de celulose fresca e as \u00e1rvores derrubadas que afetam o habitat da vida selvagem.<\/span><\/p>\n<p><span style=\"font-family: arial, helvetica, sans-serif;font-size: 16px\">2. Substitua o papel virgem e alguns pl\u00e1sticos descart\u00e1veis \u2013 este papel \u00e9 adequado para ocasi\u00f5es especiais, artigos de papelaria e produtos promocionais comerciais.<\/span><\/p>\n<p><span style=\"font-family: arial, helvetica, sans-serif;font-size: 16px\">3. Disponibilize sementes caseiras de ervas e hortali\u00e7as para mais pessoas \u2013 isso ajuda a reduzir as emiss\u00f5es. Na fam\u00edlia, a maioria das pessoas gosta de cultivar hortali\u00e7as e flores, porque as hortali\u00e7as cultivadas sozinhas s\u00e3o mais doces e saborosas. Al\u00e9m disso, as sementes do papel-semente n\u00e3o cont\u00eam pesticidas e fertilizantes sint\u00e9ticos para cultivos comerciais, por isso \u00e9 mais seguro plantar.<\/span><\/p><\/p>","protected":false},"excerpt":{"rendered":"<p>Kit de etiquetas de presente de Natal de papel de semente plant\u00e1vel de 6 pe\u00e7as: \u00e9 f\u00e1cil - eliminamos as suposi\u00e7\u00f5es do cultivo de flores silvestres e sementes de sic\u00f4moro, guiando voc\u00ea a cada passo do caminho. Tudo o que voc\u00ea precisa para trazer a alegria das flores silvestres e do sic\u00f4moro para a vida de seu ente querido em uma linda sacola personalizada. Planta isso!<\/p>","protected":false},"featured_media":12354,"comment_status":"open","ping_status":"closed","template":"","meta":[],"product_cat":[67],"product_tag":[509,510,511,512],"acf":[],"_links":{"self":[{"href":"https:\/\/www.garden-kit.com\/pt\/wp-json\/wp\/v2\/product\/4001"}],"collection":[{"href":"https:\/\/www.garden-kit.com\/pt\/wp-json\/wp\/v2\/product"}],"about":[{"href":"https:\/\/www.garden-kit.com\/pt\/wp-json\/wp\/v2\/types\/product"}],"replies":[{"embeddable":true,"href":"https:\/\/www.garden-kit.com\/pt\/wp-json\/wp\/v2\/comments?post=4001"}],"wp:featuredmedia":[{"embeddable":true,"href":"https:\/\/www.garden-kit.com\/pt\/wp-json\/wp\/v2\/media\/12354"}],"wp:attachment":[{"href":"https:\/\/www.garden-kit.com\/pt\/wp-json\/wp\/v2\/media?parent=4001"}],"wp:term":[{"taxonomy":"product_cat","embeddable":true,"href":"https:\/\/www.garden-kit.com\/pt\/wp-json\/wp\/v2\/product_cat?post=4001"},{"taxonomy":"product_tag","embeddable":true,"href":"https:\/\/www.garden-kit.com\/pt\/wp-json\/wp\/v2\/product_tag?post=4001"}],"curies":[{"name":"wp","href":"https:\/\/api.w.org\/{rel}","templated":true}]}}