{"id":4034,"date":"2022-10-19T14:04:54","date_gmt":"2022-10-19T06:04:54","guid":{"rendered":"https:\/\/www.garden-kit.com\/product\/herb-window-garden\/"},"modified":"2023-09-02T14:49:53","modified_gmt":"2023-09-02T06:49:53","slug":"herb-window-garden","status":"publish","type":"product","link":"https:\/\/www.garden-kit.com\/pt\/product\/herb-window-garden\/","title":{"rendered":"Jardim de Ervas na Janela"},"content":{"rendered":"<h1 class=\"product_title entry-title elementor-heading-title elementor-size-default\">Jardim de Ervas na Janela<\/h1>\n<p><span style=\"font-family: arial, helvetica, sans-serif;\">A baunilha \u00e9 uma esp\u00e9cie de planta de especiarias com alto valor econ\u00f4mico. Devido ao seu cheiro arom\u00e1tico forte e duradouro, instala-se em \u00e1reas residenciais e p\u00e1tios e pode purificar o ambiente circundante. Al\u00e9m disso, a baunilha tem efeitos especiais de antiss\u00e9ptico, esterilizante e repelente de insetos, por isso \u00e9 profundamente apreciada pelas pessoas. Amor, favor. Ent\u00e3o, mais e mais amigos cultivam baunilha<\/span><\/p>\n<h3 style=\"font-size: 19px;\"><strong>Vis\u00e3o geral<\/strong><\/h3>\n<table style=\"border-collapse: collapse; width: 100%;\" border=\"1\" cellspacing=\"0\">\n<tbody>\n<tr>\n<td style=\"line-height: 1.5;\" valign=\"top\" width=\"373\"><span style=\"font-family: arial, helvetica, sans-serif;\">Instru\u00e7\u00f5es de cuidados com o produto<\/span><\/td>\n<td valign=\"top\" width=\"373\"><span style=\"font-family: arial, helvetica, sans-serif;\">Dispon\u00edvel<\/span><\/td>\n<\/tr>\n<tr>\n<td style=\"line-height: 1.5;\" valign=\"top\" width=\"373\"><span style=\"font-family: arial, helvetica, sans-serif;\">Tipo de produto vegetal<\/span><\/td>\n<td valign=\"top\" width=\"373\"><span style=\"font-family: arial, helvetica, sans-serif;\">Ervas<\/span><\/td>\n<\/tr>\n<tr>\n<td style=\"line-height: 1.5;\" valign=\"top\" width=\"373\"><span style=\"font-family: arial, helvetica, sans-serif;\">Caracter\u00edstica especial<\/span><\/td>\n<td valign=\"top\" width=\"373\"><span style=\"font-family: arial, helvetica, sans-serif;\">Cultivo interno-externo<\/span><\/td>\n<\/tr>\n<tr>\n<td style=\"line-height: 1.5;\" valign=\"top\" width=\"373\"><span style=\"font-family: arial, helvetica, sans-serif;\">Marca<\/span><\/td>\n<td valign=\"top\" width=\"373\"><span style=\"font-family: arial, helvetica, sans-serif;\">kit jardim<\/span><\/td>\n<\/tr>\n<tr>\n<td style=\"line-height: 1.5;\" valign=\"top\" width=\"373\"><span style=\"font-family: arial, helvetica, sans-serif;\">Lugar de origem<\/span><\/td>\n<td valign=\"top\" width=\"373\"><span style=\"font-family: arial, helvetica, sans-serif;\">Fujian, China<\/span><\/td>\n<\/tr>\n<tr>\n<td style=\"line-height: 1.5;\" valign=\"top\" width=\"373\"><span style=\"font-family: arial, helvetica, sans-serif;\">ODM\/OEM<\/span><\/td>\n<td valign=\"top\" width=\"373\"><span style=\"font-family: arial, helvetica, sans-serif;\">Dispon\u00edvel<\/span><\/td>\n<\/tr>\n<tr>\n<td style=\"line-height: 1.5;\" valign=\"top\" width=\"373\"><span style=\"font-family: arial, helvetica, sans-serif;\">MOQ para pedido personalizado<\/span><\/td>\n<td valign=\"top\" width=\"373\"><span style=\"font-family: arial, helvetica, sans-serif;\">3000 unidades<\/span><\/td>\n<\/tr>\n<tr>\n<td style=\"line-height: 1.5;\" valign=\"top\" width=\"373\"><span style=\"font-family: arial, helvetica, sans-serif;\">Custo da amostra<\/span><\/td>\n<td valign=\"top\" width=\"373\"><span style=\"font-family: arial, helvetica, sans-serif;\">US$400\/Sample, retorno completo ap\u00f3s o pedido de n\u00f3s<\/span><\/td>\n<\/tr>\n<\/tbody>\n<\/table>\n<h3 style=\"font-size: 19px;\"><strong><span style=\"font-family: Arial;\">Descri\u00e7\u00e3o<\/span><\/strong><\/h3>\n<p><span style=\"font-family: arial, helvetica, sans-serif;\">Kit inicial de ervas para interior preparado de 34 pe\u00e7as: tudo o que voc\u00ea precisa para trazer a alegria de cultivar ervas salgadas para a sua vida ou para a vida de um ente querido. \u00c9 simples - nossas suposi\u00e7\u00f5es sobre o cultivo de ervas a partir de sementes, guiando voc\u00ea a cada passo do caminho. Planta isso!<\/span><\/p>\n<p><span style=\"font-family: arial, helvetica, sans-serif;\">N\u00e3o se limite pela quantidade de espa\u00e7o necess\u00e1ria para cultivar as coisas. A jardinagem amorosa n\u00e3o \u00e9 uma patente para grandes quintais. Acho que at\u00e9 um toque de verde no parapeito de uma pequena janela com tijolos quebrados e azulejos velhos, desde que voc\u00ea regue com o cora\u00e7\u00e3o, voc\u00ea \u00e9 o melhor do mundo. Jardineiro ~ N\u00e3o importa qu\u00e3o pequeno voc\u00ea seja, voc\u00ea pode ter um jardim de ervas.<\/span><\/p>\n<p>&nbsp;<\/p>\n<h3 style=\"font-size: 19px;\"><strong><span style=\"font-family: Arial;\">Os seguintes itens est\u00e3o inclu\u00eddos no kit.<\/span><\/strong><\/h3>\n<p><span style=\"font-family: arial, helvetica, sans-serif;\">9 potes de fibra de bambu<\/span><\/p>\n<p><span style=\"font-family: arial, helvetica, sans-serif;\">3 solos pr\u00e9-fertilizados<\/span><\/p>\n<p><span style=\"font-family: arial, helvetica, sans-serif;\">9 pacotes de sementes frescas<\/span><\/p>\n<p><span style=\"font-family: arial, helvetica, sans-serif;\">9 marcadores de plantas de bambu<\/span><\/p>\n<p><span style=\"font-family: arial, helvetica, sans-serif;\">1 Guia de plantio passo a passo<\/span><\/p>\n<p><span style=\"font-family: arial, helvetica, sans-serif;\">1 caixa de presente personalizada<\/span><\/p>\n<p><span style=\"font-family: arial, helvetica, sans-serif;\">\u00a0<\/span><\/p>\n<h3 style=\"line-height: 1.5;\"><span style=\"font-family: arial, helvetica, sans-serif;\">Principais recursos que nos diferenciam:<\/span><\/h3>\n<p style=\"line-height: 1.5;\"><span style=\"font-family: arial, helvetica, sans-serif;\"><strong>1\u3001Verdura Sob Medida:<\/strong> No Herb Window Garden, entendemos que a vis\u00e3o de cada jardineiro \u00e9 \u00fanica. O nosso compromisso com a personaliza\u00e7\u00e3o permite-lhe criar o seu pr\u00f3prio jardim interior, adaptado \u00e0s suas prefer\u00eancias e ao espa\u00e7o dispon\u00edvel. Esteja voc\u00ea procurando uma cole\u00e7\u00e3o culin\u00e1ria compacta ou um exuberante ref\u00fagio de ervas, n\u00f3s temos o que voc\u00ea precisa.<\/span><\/p>\n<p style=\"line-height: 1.5;\"><span style=\"font-family: arial, helvetica, sans-serif;\"><strong>2\u3001Habilidade especializada:<\/strong> Como prova de nossa experi\u00eancia, somos uma f\u00e1brica dedicada, especializada na elabora\u00e7\u00e3o de solu\u00e7\u00f5es de jardinagem. Nossos artes\u00e3os habilidosos colocam sua paix\u00e3o na cria\u00e7\u00e3o de um produto que combina forma e fun\u00e7\u00e3o perfeitamente. Com o Herb Window Garden, voc\u00ea n\u00e3o est\u00e1 apenas comprando um produto - voc\u00ea est\u00e1 investindo em uma obra de arte que nutre a vida.<\/span><\/p>\n<p style=\"line-height: 1.5;\"><span style=\"font-family: arial, helvetica, sans-serif;\"><strong>3\u3001Altas taxas de germina\u00e7\u00e3o:<\/strong> Tomamos muito cuidado na obten\u00e7\u00e3o e teste de nossas sementes, garantindo que elas apresentem taxas de germina\u00e7\u00e3o excepcionais. Veja o seu jardim ganhar vida enquanto nossas sementes meticulosamente selecionadas explodem com vitalidade, criando uma sinfonia de cores, texturas e fragr\u00e2ncias.<\/span><\/p>\n<p style=\"line-height: 1.5;\"><span style=\"font-family: arial, helvetica, sans-serif;\"><strong>4\u3001Abundantes Variedades de Sementes:<\/strong> A sua imagina\u00e7\u00e3o \u00e9 o limite quando se trata da nossa sele\u00e7\u00e3o diversificada de sementes. Do cl\u00e1ssico manjeric\u00e3o e alecrim robusto ao ex\u00f3tico manjeric\u00e3o tailand\u00eas e camomila calmante, nosso amplo espectro de sementes atende a todos os paladares e prop\u00f3sitos. O Herb Window Garden permite que voc\u00ea cultive um jardim que reflita seu gosto pessoal e prefer\u00eancias culin\u00e1rias.<\/span><\/p>\n<p style=\"line-height: 1.5;\"><span style=\"font-family: arial, helvetica, sans-serif;\"><strong>5\u3001Excel\u00eancia Certificada:<\/strong> Sua tranquilidade \u00e9 de extrema import\u00e2ncia para n\u00f3s. Os nossos produtos s\u00e3o sujeitos a um rigoroso controlo de qualidade e obtiveram diversas certifica\u00e7\u00f5es que atestam a sua seguran\u00e7a, sustentabilidade e origem \u00e9tica. Voc\u00ea pode cuidar de suas plantas com confian\u00e7a, sabendo que elas est\u00e3o prosperando em um ambiente respons\u00e1vel e consciente.<\/span><\/p>\n<p><span style=\"font-family: arial, helvetica, sans-serif;\">Pot It: 9 vasos reutiliz\u00e1veis \u2013 tamanho certo para mudas, com ampla drenagem e bandejas coletoras inovadoras. Salve e reutilize. <\/span><\/p>\n<p><span style=\"font-family: arial, helvetica, sans-serif;\">Alimente-o: 3 discos de solo rico em nutrientes - adicione \u00e1gua e eles aumentar\u00e3o de 6 a 8 vezes o tamanho original. Pr\u00e9-fertilize.<\/span><\/p>\n<p><span style=\"font-family: arial, helvetica, sans-serif;\">Grow It: 9 Pacotes de Sementes Premium \u2013 Inclui 9 ervas diferentes: endro, manjeric\u00e3o, cebolinha, tomilho, salsa, or\u00e9gano, coentro, s\u00e1lvia e mostarda. Todas as sementes s\u00e3o testadas para as maiores taxas de germina\u00e7\u00e3o.<\/span><\/p>\n<p><span style=\"font-family: arial, helvetica, sans-serif;\">Marque: 9 Marcadores de Bambu \u2013 Os marcadores ajudam voc\u00ea a identificar suas mudas \u00e0 medida que crescem. <\/span><\/p>\n<p><span style=\"font-family: arial, helvetica, sans-serif;\">Ace it: How To Use - Orientamos voc\u00ea passo a passo para que voc\u00ea possa cultivar ervas fabulosas.<\/span><\/p>\n<p><span style=\"font-family: arial, helvetica, sans-serif;\">Plante seu caminho de alegria: ame ou seu dinheiro de volta! Se voc\u00ea encontrar dificuldades em qualquer aspecto do processo, n\u00e3o hesite em nos contatar. Temos o compromisso de ajud\u00e1-lo at\u00e9 que voc\u00ea obtenha os resultados desejados. No entanto, se o nosso kit for de m\u00e1 qualidade, reembolsaremos 100% do seu dinheiro.<\/span><\/p>\n<h3 style=\"font-size: 19px;\"><span style=\"font-family: arial, helvetica, sans-serif;\">Condi\u00e7\u00f5es de germina\u00e7\u00e3o para sementes de baunilha<\/span><\/h3>\n<p><span style=\"font-family: arial, helvetica, sans-serif;\">Al\u00e9m das condi\u00e7\u00f5es internas para o desenvolvimento completo das sementes de baunilha, a germina\u00e7\u00e3o das sementes de baunilha tamb\u00e9m requer a coopera\u00e7\u00e3o de condi\u00e7\u00f5es ambientais adequadas. As chamadas condi\u00e7\u00f5es ambientais incluem principalmente umidade, temperatura, ar e luz.<\/span><\/p>\n<p><span style=\"font-family: arial, helvetica, sans-serif;\">1. Umidade:<\/span><br \/>\n<span style=\"font-family: arial, helvetica, sans-serif;\">A umidade \u00e9 uma necessidade absoluta para que as sementes de baunilha germinem. Com a \u00e1gua, as enzimas podem ser ativas, os nutrientes armazenados nas sementes podem ser hidrolisados para produzir efeitos e as c\u00e9lulas podem se expandir e alongar.<\/span><\/p>\n<p><span style=\"font-family: arial, helvetica, sans-serif;\">2. Oxig\u00eanio:<\/span><br \/>\n<span style=\"font-family: arial, helvetica, sans-serif;\">Quando as sementes de baunilha come\u00e7am a se mover, elas precisam de oxig\u00eanio. Ent\u00e3o, quando voc\u00ea regar demais durante o plantio, as sementes de baunilha apodrecer\u00e3o, devido \u00e0 falta de oxig\u00eanio. As sementes de apenas algumas plantas aqu\u00e1ticas podem germinar na aus\u00eancia de oxig\u00eanio.<\/span><\/p>\n<p><span style=\"font-family: arial, helvetica, sans-serif;\">3. Temperatura:<\/span><br \/>\n<span style=\"font-family: arial, helvetica, sans-serif;\">A temperatura de germina\u00e7\u00e3o das sementes de baunilha da planta pode variar de 0-40\u00b0C, mas cada planta tem sua temperatura de germina\u00e7\u00e3o, que \u00e9 a temperatura mais adequada para a germina\u00e7\u00e3o. A temperatura \u00f3tima para a germina\u00e7\u00e3o das plantas varia de acordo com o local de origem. De um modo geral, a temperatura ideal para plantas temperadas \u00e9 de 15-20\u00b0C, e a temperatura ideal para plantas subtropicais e tropicais \u00e9 de 25-30\u00b0C.<\/span><\/p>\n<p><span style=\"font-family: arial, helvetica, sans-serif;\">4. Luz:<\/span><br \/>\n<span style=\"font-family: arial, helvetica, sans-serif;\">As sementes de algumas plantas de baunilha precisam de luz para germinar, e algumas plantas s\u00e3o exatamente o oposto. As primeiras s\u00e3o chamadas de sementes amantes da luz, e as \u00faltimas s\u00e3o chamadas de sementes avessas \u00e0 luz. Portanto, ap\u00f3s a semeadura, voc\u00ea deve considerar os gostos e desgostos de luz da planta para decidir se deve cobrir o solo ou n\u00e3o. Geralmente, as pequenas sementes de baunilha s\u00f3 conseguem germinar na superf\u00edcie devido \u00e0 falta de armazenamento de nutrientes, que n\u00e3o \u00e9 suficiente para sustentar o crescimento do germe do solo, e a maioria delas pertence \u00e0s esp\u00e9cies que gostam de luz.<\/span><\/p>\n<p><span style=\"font-family: arial, helvetica, sans-serif;\">Os vasos de plantas de baunilha n\u00e3o s\u00e3o apenas para ver, mas tamb\u00e9m para fazer ch\u00e1, fazer iguarias, etc. de acordo com As flores s\u00e3o cortadas para promover a germina\u00e7\u00e3o de novos ramos, para que a forma da planta seja mais bonita, os ramos e as folhas sejam mais exuberantes e os materiais colhidos sejam mais, matando dois coelhos com uma cajadada<\/span><\/p>\n<p style=\"line-height: 1.5;\"><strong><span style=\"font-family: arial, helvetica, sans-serif;\">Sua Vis\u00e3o, Nossa Miss\u00e3o:<\/span><\/strong><\/p>\n<p style=\"line-height: 1.5;\"><span style=\"font-family: arial, helvetica, sans-serif;\">Imagine um parapeito de janela adornado com folhas perfumadas de manjeric\u00e3o, hortel\u00e3 pr\u00f3spera e delicadas flores de lavanda. Com o Herb Window Garden, essa vis\u00e3o se torna a sua realidade. Como profissionais do setor, oferecemos-lhe a oportunidade de embarcar numa viagem de jardinagem que celebra a sua singularidade e o liga \u00e0 natureza no cora\u00e7\u00e3o da sua casa.<\/span><\/p>\n<p style=\"line-height: 1.5;\"><span style=\"font-family: arial, helvetica, sans-serif;\">A personaliza\u00e7\u00e3o \u00e9 a nossa marca. Excel\u00eancia \u00e9 nosso padr\u00e3o. A beleza da natureza \u00e9 a nossa tela. Bem-vindo ao Herb Window Garden \u2013 onde a vida floresce e os sonhos criam ra\u00edzes.<\/span><\/p>\n<p style=\"line-height: 1.5;\"><span style=\"font-family: arial, helvetica, sans-serif;\">Contate-nos hoje para embarcar em sua aventura de jardinagem interna personalizada. Descubra a magia do Herb Window Garden e experimente a alegria de cultivar o seu pr\u00f3prio peda\u00e7o da natureza, na ponta dos dedos.<\/span><\/p>","protected":false},"excerpt":{"rendered":"<p>Kit de jardim com janela de ervas de 34 pe\u00e7as preparado: tudo o que voc\u00ea precisa para trazer a alegria do cultivo de ervas saborosas para a sua vida ou a de um ente querido. \u00c9 simples \u2013 nossas suposi\u00e7\u00f5es sobre o cultivo de ervas a partir de sementes guiam voc\u00ea em cada passo do caminho. Planta isso!<\/p>","protected":false},"featured_media":16097,"comment_status":"closed","ping_status":"closed","template":"","meta":[],"product_cat":[50],"product_tag":[233,394,393,395,55,51,392],"acf":[],"_links":{"self":[{"href":"https:\/\/www.garden-kit.com\/pt\/wp-json\/wp\/v2\/product\/4034"}],"collection":[{"href":"https:\/\/www.garden-kit.com\/pt\/wp-json\/wp\/v2\/product"}],"about":[{"href":"https:\/\/www.garden-kit.com\/pt\/wp-json\/wp\/v2\/types\/product"}],"replies":[{"embeddable":true,"href":"https:\/\/www.garden-kit.com\/pt\/wp-json\/wp\/v2\/comments?post=4034"}],"wp:featuredmedia":[{"embeddable":true,"href":"https:\/\/www.garden-kit.com\/pt\/wp-json\/wp\/v2\/media\/16097"}],"wp:attachment":[{"href":"https:\/\/www.garden-kit.com\/pt\/wp-json\/wp\/v2\/media?parent=4034"}],"wp:term":[{"taxonomy":"product_cat","embeddable":true,"href":"https:\/\/www.garden-kit.com\/pt\/wp-json\/wp\/v2\/product_cat?post=4034"},{"taxonomy":"product_tag","embeddable":true,"href":"https:\/\/www.garden-kit.com\/pt\/wp-json\/wp\/v2\/product_tag?post=4034"}],"curies":[{"name":"wp","href":"https:\/\/api.w.org\/{rel}","templated":true}]}}