{"id":4043,"date":"2022-10-19T14:07:20","date_gmt":"2022-10-19T06:07:20","guid":{"rendered":"https:\/\/www.garden-kit.com\/product\/deluxe-herb-garden-kit\/"},"modified":"2023-03-31T15:00:13","modified_gmt":"2023-03-31T07:00:13","slug":"deluxe-herb-garden-kit","status":"publish","type":"product","link":"https:\/\/www.garden-kit.com\/pt\/product\/deluxe-herb-garden-kit\/","title":{"rendered":"Kit Jardim de Ervas Deluxe"},"content":{"rendered":"<h3 style=\"font-size: 19px\"><strong>Vis\u00e3o geral<\/strong><\/h3>\n<table border=\"1\" cellspacing=\"0\">\n<tbody>\n<tr>\n<td valign=\"top\" width=\"373\">\n<p><strong>Instru\u00e7\u00f5es de cuidados com o produto<\/strong><\/p>\n<\/td>\n<td valign=\"top\" width=\"373\">\n<p><span style=\"font-family: Calibri\">Dispon\u00edvel<\/span><\/p>\n<\/td>\n<\/tr>\n<tr>\n<td valign=\"top\" width=\"373\">\n<p><strong>Tipo de produto vegetal<\/strong><\/p>\n<\/td>\n<td valign=\"top\" width=\"373\">\n<p><span style=\"font-family: Calibri\">Ervas<\/span><\/p>\n<\/td>\n<\/tr>\n<tr>\n<td valign=\"top\" width=\"373\">\n<p><strong>Caracter\u00edstica especial<\/strong><\/p>\n<\/td>\n<td valign=\"top\" width=\"373\">\n<p>Cultivo interno-externo<\/p>\n<\/td>\n<\/tr>\n<tr>\n<td valign=\"top\" width=\"373\">\n<p><strong><span style=\"font-family: Arial\">Marca<\/span><\/strong><\/p>\n<\/td>\n<td valign=\"top\" width=\"373\">\n<p><span style=\"font-family: Calibri\">kit jardim<\/span><\/p>\n<\/td>\n<\/tr>\n<tr>\n<td valign=\"top\" width=\"373\">\n<p><strong><span style=\"font-family: Arial\">Lugar de origem<\/span><\/strong><\/p>\n<\/td>\n<td valign=\"top\" width=\"373\">\n<p><span style=\"font-family: Calibri\">Fujian, China<\/span><\/p>\n<\/td>\n<\/tr>\n<tr>\n<td valign=\"top\" width=\"373\">\n<p><strong><span style=\"font-family: Arial\">ODM\/OEM<\/span><\/strong><\/p>\n<\/td>\n<td valign=\"top\" width=\"373\">\n<p><span style=\"font-family: Calibri\">Dispon\u00edvel<\/span><\/p>\n<\/td>\n<\/tr>\n<tr>\n<td valign=\"top\" width=\"373\">\n<p><strong><span style=\"font-family: Arial\">MOQ para pedido personalizado<\/span><\/strong><\/p>\n<\/td>\n<td valign=\"top\" width=\"373\">\n<p><span style=\"font-family: Calibri\">3000 unidades<\/span><\/p>\n<\/td>\n<\/tr>\n<tr>\n<td valign=\"top\" width=\"373\">\n<p><strong><span style=\"font-family: Arial\">Custo da amostra<\/span><\/strong><\/p>\n<\/td>\n<td valign=\"top\" width=\"373\">\n<p><span style=\"font-family: Calibri\">US$400\/Sample, retorno completo ap\u00f3s o pedido de n\u00f3s<\/span><\/p>\n<\/td>\n<\/tr>\n<\/tbody>\n<\/table>\n<h3 style=\"font-size: 19px\"><strong><span style=\"font-family: Arial\">Descri\u00e7\u00e3o<\/span><\/strong><\/h3>\n<p><span style=\"font-family: Calibri\">Tudo inclu\u00eddo - comece com tudo o que voc\u00ea precisa para cultivar seu kit de jardim interno de ervas com ele. Seu kit completo com 8 tipos de sementes de ervas, vasos, pires, marcadores de plantas, turfa, pacotes de nutri\u00e7\u00e3o e um guia de cultivo detalhado.<\/span><\/p>\n<p><span style=\"font-family: Calibri\">Preparado 42 <\/span><span style=\"font-family: Calibri\">Peda\u00e7o <\/span>Kit inicial de ervas para interior<span style=\"font-family: Calibri\">:Tudo o que voc\u00ea precisa para trazer a alegria de cultivar ervas salgadas \u00e0 sua vida ou \u00e0 de um ente querido. \u00c9 simples - nossas suposi\u00e7\u00f5es sobre o cultivo de ervas a partir de sementes, guiando voc\u00ea a cada passo do caminho. Planta isso!<\/span><\/p>\n<p>&nbsp;<\/p>\n<h3 style=\"font-size: 19px\"><strong><span style=\"font-family: Arial\">Os seguintes itens est\u00e3o inclu\u00eddos no kit.<\/span><\/strong>&nbsp;<\/h3>\n<p><span style=\"font-family: Calibri\">4 potes de fibra de bambu<\/span><\/p>\n<p><span style=\"font-family: Calibri\">4<\/span>&nbsp;<span style=\"font-family: Calibri\">solo pr\u00e9-fertilizado dis<\/span><\/p>\n<p><span style=\"font-family: Calibri\">4 pacotes de sementes frescas<\/span><\/p>\n<p><span style=\"font-family: Calibri\">4 marcadores de plantas de bambu<\/span><\/p>\n<p><span style=\"font-family: Calibri\">1 metro \u00famido<\/span><\/p>\n<p><span style=\"font-family: Calibri\">1 Guia de plantio passo a passo<\/span><\/p>\n<p><span style=\"font-family: Calibri\">1 caixa de presente personalizada<\/span><\/p>\n<p>&nbsp;<\/p>\n<p><span style=\"font-family: Calibri\">crescer para jardim<\/span><span style=\"font-family: Calibri\">ing<\/span>&nbsp;<span style=\"font-family: Calibri\">- Cultive deliciosas plantas de casa com facilidade com seu kit para iniciantes. Na sua varanda, peitoril da janela ou estante, suas sementes de ervas de origem americana brotam em um lindo mini jardim<\/span><\/p>\n<p>&nbsp;<\/p>\n<p><span style=\"font-family: Calibri\">Deliciosa Variedade \u2013 Desfrute de um jardim interno que aprimora sua comida caseira com sabores frescos e arom\u00e1ticos. \u00c0 base de plantas <\/span><strong><span style=\"font-family: Calibri\">or\u00e9gano, tomilho, erva-cidreira, salsa, manjeric\u00e3o, ceref\u00f3lio crespo, coentro e alecrim.<\/span><\/strong><\/p>\n<p>&nbsp;<\/p>\n<p><span style=\"font-family: Calibri\">Orienta\u00e7\u00e3o especializada \u2013 D\u00ea aten\u00e7\u00e3o especial a cada planta em seu jardim interno de ervas, ela precisa crescer alta e forte. Use seu guia de plantio para realizar ilumina\u00e7\u00e3o, rega, plantio e colheita perfeitos.<\/span><\/p>\n<p>&nbsp;<\/p>\n<p><span style=\"font-family: Calibri\">Grow with Joy \u2013 Feel Your Seed Starter Kit, capacitado para novatos e especialistas. Seu kit de cultivo de ervas torna tudo mais f\u00e1cil e estamos aqui para ajud\u00e1-lo a tornar seu jardim um sucesso no cultivo dom\u00e9stico.<\/span><\/p><\/p>","protected":false},"excerpt":{"rendered":"<p> Tudo inclu\u00eddo - comece com tudo o que voc\u00ea precisa para cultivar seu kit de jardim interno de ervas com ele. Seu kit completo com 8 tipos de sementes de ervas, vasos, pires, marcadores de plantas, turfa, pacotes de nutri\u00e7\u00e3o e um guia de cultivo detalhado.<br \/>\nKit inicial de ervas para interior preparado de 42 pe\u00e7as: tudo o que voc\u00ea precisa para trazer a alegria de cultivar ervas salgadas para a sua vida ou para a vida de um ente querido. \u00c9 simples - nossas suposi\u00e7\u00f5es sobre o cultivo de ervas a partir de sementes, guiando voc\u00ea a cada passo do caminho. Planta isso!<\/p>","protected":false},"featured_media":12416,"comment_status":"open","ping_status":"closed","template":"","meta":[],"product_cat":[50],"product_tag":[492,494,493],"acf":[],"_links":{"self":[{"href":"https:\/\/www.garden-kit.com\/pt\/wp-json\/wp\/v2\/product\/4043"}],"collection":[{"href":"https:\/\/www.garden-kit.com\/pt\/wp-json\/wp\/v2\/product"}],"about":[{"href":"https:\/\/www.garden-kit.com\/pt\/wp-json\/wp\/v2\/types\/product"}],"replies":[{"embeddable":true,"href":"https:\/\/www.garden-kit.com\/pt\/wp-json\/wp\/v2\/comments?post=4043"}],"wp:featuredmedia":[{"embeddable":true,"href":"https:\/\/www.garden-kit.com\/pt\/wp-json\/wp\/v2\/media\/12416"}],"wp:attachment":[{"href":"https:\/\/www.garden-kit.com\/pt\/wp-json\/wp\/v2\/media?parent=4043"}],"wp:term":[{"taxonomy":"product_cat","embeddable":true,"href":"https:\/\/www.garden-kit.com\/pt\/wp-json\/wp\/v2\/product_cat?post=4043"},{"taxonomy":"product_tag","embeddable":true,"href":"https:\/\/www.garden-kit.com\/pt\/wp-json\/wp\/v2\/product_tag?post=4043"}],"curies":[{"name":"wp","href":"https:\/\/api.w.org\/{rel}","templated":true}]}}