{"id":4069,"date":"2022-10-19T14:17:58","date_gmt":"2022-10-19T06:17:58","guid":{"rendered":"https:\/\/www.garden-kit.com\/product\/herb-garden-starter-kit-indoor\/"},"modified":"2023-03-31T14:45:59","modified_gmt":"2023-03-31T06:45:59","slug":"herb-garden-starter-kit-indoor","status":"publish","type":"product","link":"https:\/\/www.garden-kit.com\/pt\/product\/herb-garden-starter-kit-indoor\/","title":{"rendered":"Kit inicial de jardim de ervas para interior"},"content":{"rendered":"<h3 style=\"font-size: 19px\"><strong>Vis\u00e3o geral<\/strong><\/h3>\n<table border=\"1\" cellspacing=\"0\">\n<tbody>\n<tr>\n<td valign=\"top\" width=\"373\">\n<p><strong>Instru\u00e7\u00f5es de cuidados com o produto<\/strong><\/p>\n<\/td>\n<td valign=\"top\" width=\"373\">\n<p><span style=\"font-family: Calibri\">Dispon\u00edvel<\/span><\/p>\n<\/td>\n<\/tr>\n<tr>\n<td valign=\"top\" width=\"373\">\n<p><strong>Tipo de produto vegetal<\/strong><\/p>\n<\/td>\n<td valign=\"top\" width=\"373\">\n<p><span style=\"font-family: Calibri\">Ervas<\/span><\/p>\n<\/td>\n<\/tr>\n<tr>\n<td valign=\"top\" width=\"373\">\n<p><strong>Caracter\u00edstica especial<\/strong><\/p>\n<\/td>\n<td valign=\"top\" width=\"373\">\n<p>Cultivo interno-externo<\/p>\n<\/td>\n<\/tr>\n<tr>\n<td valign=\"top\" width=\"373\">\n<p><strong><span style=\"font-family: Arial\">Marca<\/span><\/strong><\/p>\n<\/td>\n<td valign=\"top\" width=\"373\">\n<p><span style=\"font-family: Calibri\">kit jardim<\/span><\/p>\n<\/td>\n<\/tr>\n<tr>\n<td valign=\"top\" width=\"373\">\n<p><strong><span style=\"font-family: Arial\">Lugar de origem<\/span><\/strong><\/p>\n<\/td>\n<td valign=\"top\" width=\"373\">\n<p><span style=\"font-family: Calibri\">Fujian, China<\/span><\/p>\n<\/td>\n<\/tr>\n<tr>\n<td valign=\"top\" width=\"373\">\n<p><strong><span style=\"font-family: Arial\">ODM\/OEM<\/span><\/strong><\/p>\n<\/td>\n<td valign=\"top\" width=\"373\">\n<p><span style=\"font-family: Calibri\">Dispon\u00edvel<\/span><\/p>\n<\/td>\n<\/tr>\n<tr>\n<td valign=\"top\" width=\"373\">\n<p><strong><span style=\"font-family: Arial\">MOQ para pedido personalizado<\/span><\/strong><\/p>\n<\/td>\n<td valign=\"top\" width=\"373\">\n<p><span style=\"font-family: Calibri\">3000 unidades<\/span><\/p>\n<\/td>\n<\/tr>\n<tr>\n<td valign=\"top\" width=\"373\">\n<p><strong><span style=\"font-family: Arial\">Custo da amostra<\/span><\/strong><\/p>\n<\/td>\n<td valign=\"top\" width=\"373\">\n<p><span style=\"font-family: Calibri\">US$400\/Sample, retorno completo ap\u00f3s o pedido de n\u00f3s<\/span><\/p>\n<\/td>\n<\/tr>\n<\/tbody>\n<\/table>\n<h3 style=\"font-size: 19px\"><strong><span style=\"font-family: Arial\">Descri\u00e7\u00e3o<\/span><\/strong><\/h3>\n<p><span style=\"font-family: Calibri\">Culinary Chef Series \u2013 Divine Flavor Profile: Escolhemos a dedo as mais deliciosas sementes de coentro lento (tempo de flora\u00e7\u00e3o mais longo), sementes de manjeric\u00e3o de G\u00eanova (sabor mais rico), sementes de tomilho ingl\u00eas (chute perfeito!) e sementes de salsa italiana (polvilhe em tudo). N\u00e3o h\u00e1 necessidade de criar receitas em torno dessas ervas, voc\u00ea usar\u00e1 essas ervas culin\u00e1rias em tudo.<\/span><\/p>\n<p><span style=\"font-family: Calibri\">Preparado <\/span><span style=\"font-family: Calibri\">21<\/span>&nbsp;<span style=\"font-family: Calibri\">Peda\u00e7o <\/span>Kit inicial de ervas para interior<span style=\"font-family: Calibri\">:Tudo o que voc\u00ea precisa para trazer a alegria de cultivar ervas salgadas \u00e0 sua vida ou \u00e0 de um ente querido. \u00c9 simples - nossas suposi\u00e7\u00f5es sobre o cultivo de ervas a partir de sementes, guiando voc\u00ea a cada passo do caminho. Planta isso!<\/span><\/p>\n<p>&nbsp;<\/p>\n<h3 style=\"font-size: 19px\"><strong><span style=\"font-family: Arial\">Os seguintes itens est\u00e3o inclu\u00eddos no kit.<\/span><\/strong><\/h3>\n<p>4 <span style=\"font-family: Arial\">potes de cer\u00e2mica estilo<\/span><\/p>\n<p><span style=\"font-family: Arial\">4 bandejas coletoras de \u00e1gua de bambu<\/span><\/p>\n<p><span style=\"font-family: Arial\">3<\/span>&nbsp;discos de solo de envasamento,<\/p>\n<p>4 marcadores de plantas,<\/p>\n<p><span style=\"font-family: Arial\">4 variedades de sementes de ervas<\/span><\/p>\n<p><span style=\"font-family: Arial\">1guia de crescimento<\/span><\/p>\n<p><span style=\"font-family: Arial\">1 presente<\/span>&nbsp;caixa&nbsp;<\/p>\n<p>&nbsp;<\/p>\n<p><span style=\"font-family: Calibri\">Culinary Chef Series \u2013 Divine Flavor Profile: Escolhemos a dedo as mais deliciosas sementes de coentro lento (tempo de flora\u00e7\u00e3o mais longo), sementes de manjeric\u00e3o de G\u00eanova (sabor mais rico), sementes de tomilho ingl\u00eas (chute perfeito!) e sementes de salsa italiana (polvilhe em tudo). N\u00e3o h\u00e1 necessidade de criar receitas em torno dessas ervas, voc\u00ea usar\u00e1 essas ervas culin\u00e1rias em tudo.<\/span><\/p>\n<p>&nbsp;<\/p>\n<p><span style=\"font-family: Calibri\">ZERO TRANSPLANTS \u2013 Comece e prospere em um pote: Impressione a fam\u00edlia e os amigos em todas as refei\u00e7\u00f5es com ervas frescas deste kit inicial de jardim de ervas interno. O guia de in\u00edcio r\u00e1pido do anti-incrustante cobre todas as etapas do caminho para iniciar e manter o crescimento de suas ervas, e os vasos internos de tamanho grande significam que elas come\u00e7am e permanecem em sua casa especial, portanto, n\u00e3o h\u00e1 necessidade de se preocupar com a muda.<\/span><\/p>\n<p>&nbsp;<\/p>\n<p><span style=\"font-family: Calibri\">Economize mais de 50% - O kit de jardim de ervas de grande valor inclui 4 lindos vasos de jardim de ervas de cer\u00e2mica vidrada em m\u00e1rmore com orif\u00edcios de drenagem, 4 bandejas de gotejamento de bambu de longa dura\u00e7\u00e3o, 4 variedades de sementes de ervas, 4 marcadores de sementes de plantas de madeira, 4 gr\u00e2nulos de solo de musgo de turfa, pacote de nutrientes de algas e guia de crescimento. Mais de 2x o valor de cada item adquirido individualmente.<\/span><\/p>\n<p>&nbsp;<\/p>\n<p><span style=\"font-family: Calibri\">Ervas Perenes \u2013 Plantio Cont\u00ednuo: A maioria dos kits de jardim interno s\u00e3o de uso \u00fanico (e duram apenas uma esta\u00e7\u00e3o). Presentes de jardinagem caseiros incluem 30 por semente, bem como um plantador de ervas reutiliz\u00e1vel e resistente 100% e conjunto inicial de sementes para que voc\u00ea possa plantar o ano todo sem ter que comprar novos vasos iniciais, bandejas coletoras ou sementes.<\/span><\/p>\n<p>&nbsp;<\/p>\n<p><span style=\"font-family: Calibri\">Garantia \u201cHappy Plant Parents\u201d \u2013 A jardinagem deve ser divertida, n\u00e3o estressante, e nosso objetivo \u00e9 tornar sua experi\u00eancia de jardinagem a melhor de todas, seja voc\u00ea novato ou experiente. Temos 100% certeza de que voc\u00ea vai adorar a ajuda caseira f\u00e1cil, r\u00e1pida e natural em seu jardim de ervas culin\u00e1rias<\/span><\/p><\/p>","protected":false},"excerpt":{"rendered":"<p>Culinary Chef Series \u2013 Divine Flavor Profile: Escolhemos a dedo as mais deliciosas sementes de coentro lento (tempo de flora\u00e7\u00e3o mais longo), sementes de manjeric\u00e3o de G\u00eanova (sabor mais rico), sementes de tomilho ingl\u00eas (chute perfeito!) e sementes de salsa italiana (polvilhe em tudo). N\u00e3o h\u00e1 necessidade de criar receitas em torno dessas ervas, voc\u00ea usar\u00e1 essas ervas culin\u00e1rias em tudo.<br \/>\nKit inicial de ervas para interior preparado de 21 pe\u00e7as: tudo o que voc\u00ea precisa para trazer a alegria de cultivar ervas salgadas para a sua vida ou para a vida de um ente querido. \u00c9 simples - nossas suposi\u00e7\u00f5es sobre o cultivo de ervas a partir de sementes, guiando voc\u00ea a cada passo do caminho. Planta isso!<\/p>","protected":false},"featured_media":12177,"comment_status":"open","ping_status":"closed","template":"","meta":[],"product_cat":[50],"product_tag":[484,486,485],"acf":[],"_links":{"self":[{"href":"https:\/\/www.garden-kit.com\/pt\/wp-json\/wp\/v2\/product\/4069"}],"collection":[{"href":"https:\/\/www.garden-kit.com\/pt\/wp-json\/wp\/v2\/product"}],"about":[{"href":"https:\/\/www.garden-kit.com\/pt\/wp-json\/wp\/v2\/types\/product"}],"replies":[{"embeddable":true,"href":"https:\/\/www.garden-kit.com\/pt\/wp-json\/wp\/v2\/comments?post=4069"}],"wp:featuredmedia":[{"embeddable":true,"href":"https:\/\/www.garden-kit.com\/pt\/wp-json\/wp\/v2\/media\/12177"}],"wp:attachment":[{"href":"https:\/\/www.garden-kit.com\/pt\/wp-json\/wp\/v2\/media?parent=4069"}],"wp:term":[{"taxonomy":"product_cat","embeddable":true,"href":"https:\/\/www.garden-kit.com\/pt\/wp-json\/wp\/v2\/product_cat?post=4069"},{"taxonomy":"product_tag","embeddable":true,"href":"https:\/\/www.garden-kit.com\/pt\/wp-json\/wp\/v2\/product_tag?post=4069"}],"curies":[{"name":"wp","href":"https:\/\/api.w.org\/{rel}","templated":true}]}}