{"id":4079,"date":"2022-10-19T14:22:10","date_gmt":"2022-10-19T06:22:10","guid":{"rendered":"https:\/\/www.garden-kit.com\/product\/indoor-herb-garden-starter-kit-certified-usda-organic-non-gmo\/"},"modified":"2023-03-31T15:02:29","modified_gmt":"2023-03-31T07:02:29","slug":"indoor-gardening-starter-it","status":"publish","type":"product","link":"https:\/\/www.garden-kit.com\/pt\/product\/indoor-gardening-starter-it\/","title":{"rendered":"Kit inicial de jardinagem interna"},"content":{"rendered":"<h3 style=\"font-size: 19px\"><span style=\"font-family: arial, helvetica, sans-serif\">Vis\u00e3o geral<\/span><span style=\"font-family: arial, helvetica, sans-serif\"><\/span><\/h3>\n<table border=\"1\" cellspacing=\"0\" style=\"border-collapse: collapse;width: 100%\">\n<tbody>\n<tr>\n<td valign=\"top\" width=\"373\">\n<p><span style=\"font-family: arial, helvetica, sans-serif\">Instru\u00e7\u00f5es de cuidados com o produto<\/span><\/p>\n<\/td>\n<td valign=\"top\" width=\"373\">\n<p><span style=\"font-family: arial, helvetica, sans-serif\">Dispon\u00edvel<\/span><\/p>\n<\/td>\n<\/tr>\n<tr>\n<td valign=\"top\" width=\"373\">\n<p><span style=\"font-family: arial, helvetica, sans-serif\">Tipo de produto vegetal<\/span><\/p>\n<\/td>\n<td valign=\"top\" width=\"373\">\n<p><span style=\"font-family: arial, helvetica, sans-serif\">Ervas<\/span><\/p>\n<\/td>\n<\/tr>\n<tr>\n<td valign=\"top\" width=\"373\">\n<p><span style=\"font-family: arial, helvetica, sans-serif\">Caracter\u00edstica especial<\/span><\/p>\n<\/td>\n<td valign=\"top\" width=\"373\">\n<p><span style=\"font-family: arial, helvetica, sans-serif\">Cultivo interno-externo<\/span><\/p>\n<\/td>\n<\/tr>\n<tr>\n<td valign=\"top\" width=\"373\">\n<p><span style=\"font-family: arial, helvetica, sans-serif\">Marca<\/span><\/p>\n<\/td>\n<td valign=\"top\" width=\"373\">\n<p><span style=\"font-family: arial, helvetica, sans-serif\">kit jardim<\/span><\/p>\n<\/td>\n<\/tr>\n<tr>\n<td valign=\"top\" width=\"373\">\n<p><span style=\"font-family: arial, helvetica, sans-serif\">Lugar de origem<\/span><\/p>\n<\/td>\n<td valign=\"top\" width=\"373\">\n<p><span style=\"font-family: arial, helvetica, sans-serif\">Fujian, China<\/span><\/p>\n<\/td>\n<\/tr>\n<tr>\n<td valign=\"top\" width=\"373\">\n<p><span style=\"font-family: arial, helvetica, sans-serif\">ODM\/OEM<\/span><\/p>\n<\/td>\n<td valign=\"top\" width=\"373\">\n<p><span style=\"font-family: arial, helvetica, sans-serif\">Dispon\u00edvel<\/span><\/p>\n<\/td>\n<\/tr>\n<tr>\n<td valign=\"top\" width=\"373\">\n<p><span style=\"font-family: arial, helvetica, sans-serif\">MOQ para pedido personalizado<\/span><\/p>\n<\/td>\n<td valign=\"top\" width=\"373\">\n<p><span style=\"font-family: arial, helvetica, sans-serif\">3000 unidades<\/span><\/p>\n<\/td>\n<\/tr>\n<tr>\n<td valign=\"top\" width=\"373\">\n<p><span style=\"font-family: arial, helvetica, sans-serif\">Custo da amostra<\/span><\/p>\n<\/td>\n<td valign=\"top\" width=\"373\">\n<p><span style=\"font-family: arial, helvetica, sans-serif\">US$400\/Sample, retorno total ap\u00f3s um pedido nosso<\/span><\/p>\n<\/td>\n<\/tr>\n<\/tbody>\n<\/table>\n<p><span style=\"font-family: arial, helvetica, sans-serif\">&nbsp;<\/span><\/p>\n<h3 style=\"font-size: 19px\"><span style=\"font-family: arial, helvetica, sans-serif\">Descri\u00e7\u00e3o<\/span><\/h3>\n<p><span style=\"font-family: arial, helvetica, sans-serif\">Kit inicial de ervas para interior preparado de 23 pe\u00e7as: tudo o que voc\u00ea precisa para trazer a alegria de cultivar ervas salgadas para a sua vida ou para a vida de um ente querido. \u00c9 simples - nossas suposi\u00e7\u00f5es sobre o cultivo de ervas a partir de sementes, guiando voc\u00ea a cada passo do caminho. Planta isso!<\/span><\/p>\n<p><span style=\"font-family: arial, helvetica, sans-serif\">&nbsp;<\/span><\/p>\n<h3 style=\"font-size: 19px\"><span style=\"font-family: arial, helvetica, sans-serif\">Os seguintes itens est\u00e3o inclu\u00eddos no kit.<\/span><\/h3>\n<p><span style=\"font-family: arial, helvetica, sans-serif\">5 tubos de sementes personalizados<\/span><\/p>\n<p><span style=\"font-family: arial, helvetica, sans-serif\">5 marcadores de plantas de madeira de estilo<\/span><\/p>\n<p><span style=\"font-family: arial, helvetica, sans-serif\">5 discos de solo para vasos com certifica\u00e7\u00e3o OMRI,<\/span><\/p>\n<p><span style=\"font-family: arial, helvetica, sans-serif\">4 potes de turfa compost\u00e1veis com certifica\u00e7\u00e3o OMRI<\/span><\/p>\n<p><span style=\"font-family: arial, helvetica, sans-serif\">Conjunto de panfletos de instru\u00e7\u00f5es detalhadas em 3 partes<\/span><\/p>\n<p><span style=\"font-family: arial, helvetica, sans-serif\">1 caixa de presente personalizada&nbsp;<\/span><\/p>\n<p><span style=\"font-family: arial, helvetica, sans-serif\">&nbsp;<\/span><\/p>\n<p><span style=\"font-family: arial, helvetica, sans-serif\">Family Farm Business \u2013 Nossa empresa \u00e9 familiar e opera nossa fazenda de 65 acres na China. Cada kit de jardim interno cont\u00e9m 5 sementes org\u00e2nicas n\u00e3o transg\u00eanicas certificadas. Ervas para plantas dom\u00e9sticas tamb\u00e9m incluem manjeric\u00e3o italiano de folhas grandes, coentro (parafuso lento), salsinha Pei, s\u00e1lvia de folhas largas e tomilho; 5 potes de turfa compost\u00e1veis; 5 discos de solo rico para vasos com certifica\u00e7\u00e3o OMR I; 5 marcadores de plantas a lenha personalizados; nosso lindo guia de cultivo de 26 p\u00e1ginas<\/span><\/p>\n<p><span style=\"font-family: arial, helvetica, sans-serif\">&nbsp;<\/span><\/p>\n<p><span style=\"font-family: arial, helvetica, sans-serif\">Todo o kit \u00e9 certificado como org\u00e2nico - a maioria dos kits de germina\u00e7\u00e3o de hortas de cozinha inclui apenas sementes org\u00e2nicas, mas seu solo e vasos \u00e0s vezes s\u00e3o tratados com produtos qu\u00edmicos e pesticidas nocivos. Acreditamos firmemente que sistemas sustent\u00e1veis, ecologicamente corretos e totalmente org\u00e2nicos s\u00e3o seguros para nossas fam\u00edlias, mulheres, homens, crian\u00e7as e todos os produtores. Nosso sistema de cultivo de plantas dom\u00e9sticas culin\u00e1rias DIY \u00e9 totalmente e orgulhosamente certificado na China.<\/span><\/p>\n<p><span style=\"font-family: arial, helvetica, sans-serif\">&nbsp;<\/span><\/p>\n<p><span style=\"font-family: arial, helvetica, sans-serif\">PRESENTE ESPECIAL PERFEITO - Nossos kits de sementes de ervas internas s\u00e3o para praticamente qualquer pessoa - homem ou mulher, vegetariano ou vegano, m\u00e3e do dia das m\u00e3es, pai do dia dos pais, o melhor presente de cozinha e jardinagem ou presente de inaugura\u00e7\u00e3o. Nossos kits de jardim de ervas internas s\u00e3o perfeitos para crescer em peitoris de janela, em um condom\u00ednio ou condom\u00ednio, em uma estufa externa pessoal ou em peitoris de janela, varandas ou at\u00e9 mesmo bancadas.<\/span><\/p>\n<p><span style=\"font-family: arial, helvetica, sans-serif\">&nbsp;<\/span><\/p>\n<p><span style=\"font-family: arial, helvetica, sans-serif\">D\u00ea vida \u00e0 sua cozinha! \u2013 Plante sementes para jardinagem interna porque toda cozinha fica melhor com ervas e plantas frescas em sua bancada. Nossos kits decorativos de ervas para interior com sementes de heran\u00e7a s\u00e3o uma maneira \u00fanica de adicionar comida \u00e0 sua planta\u00e7\u00e3o e apimentar suas refei\u00e7\u00f5es com um pouco de sabor gourmet do seu pr\u00f3prio kit de cultivo caseiro!<\/span><\/p><\/p>","protected":false},"excerpt":{"rendered":"<p>Kit inicial de jardim de ervas para interior \u2013 certificado USDA org\u00e2nico n\u00e3o transg\u00eanico \u2013 5 sementes de ervas manjeric\u00e3o, coentro, salsa, s\u00e1lvia, tomilho, terra para vasos, kit de plantas \u2013 Kit de cultivo de cozinha fa\u00e7a voc\u00ea mesmo para cultivar sementes de ervas em ambientes internos<\/p>","protected":false},"featured_media":12470,"comment_status":"open","ping_status":"closed","template":"","meta":[],"product_cat":[50],"product_tag":[502,55,503,493,504,505],"acf":[],"_links":{"self":[{"href":"https:\/\/www.garden-kit.com\/pt\/wp-json\/wp\/v2\/product\/4079"}],"collection":[{"href":"https:\/\/www.garden-kit.com\/pt\/wp-json\/wp\/v2\/product"}],"about":[{"href":"https:\/\/www.garden-kit.com\/pt\/wp-json\/wp\/v2\/types\/product"}],"replies":[{"embeddable":true,"href":"https:\/\/www.garden-kit.com\/pt\/wp-json\/wp\/v2\/comments?post=4079"}],"wp:featuredmedia":[{"embeddable":true,"href":"https:\/\/www.garden-kit.com\/pt\/wp-json\/wp\/v2\/media\/12470"}],"wp:attachment":[{"href":"https:\/\/www.garden-kit.com\/pt\/wp-json\/wp\/v2\/media?parent=4079"}],"wp:term":[{"taxonomy":"product_cat","embeddable":true,"href":"https:\/\/www.garden-kit.com\/pt\/wp-json\/wp\/v2\/product_cat?post=4079"},{"taxonomy":"product_tag","embeddable":true,"href":"https:\/\/www.garden-kit.com\/pt\/wp-json\/wp\/v2\/product_tag?post=4079"}],"curies":[{"name":"wp","href":"https:\/\/api.w.org\/{rel}","templated":true}]}}