{"id":4093,"date":"2022-10-19T14:25:34","date_gmt":"2022-10-19T06:25:34","guid":{"rendered":"https:\/\/www.garden-kit.com\/product\/herb-garden-starter-kit-deluxe\/"},"modified":"2023-03-31T15:06:07","modified_gmt":"2023-03-31T07:06:07","slug":"herb-garden-starter-kit-deluxe","status":"publish","type":"product","link":"https:\/\/www.garden-kit.com\/pt\/product\/herb-garden-starter-kit-deluxe\/","title":{"rendered":"Kit inicial de jardim de ervas de luxo"},"content":{"rendered":"<p style=\"font-size: 16px\"><span style=\"font-family: arial, helvetica, sans-serif;font-size: 18px\">Tr\u00eas raz\u00f5es para amar o cultivo de ervas<\/span><\/p>\n<p style=\"line-height: 1.5;font-size: 16px\"><span style=\"font-family: arial, helvetica, sans-serif\">Primeiro: a maioria das ervas \u00e9 muito f\u00e1cil de cuidar.<\/span><br \/><span style=\"font-family: arial, helvetica, sans-serif\">Desde que voc\u00ea tome cuidado ao plantar e regar bem nos pr\u00f3ximos dias, voc\u00ea j\u00e1 fez a maior parte do trabalho.<\/span><br \/><span style=\"font-family: arial, helvetica, sans-serif\">Segundo: Muitas ervas ainda s\u00e3o verdadeiros \u201creis da greve de fome\u201d.<\/span><br \/><span style=\"font-family: arial, helvetica, sans-serif\">Ou seja, eles precisam apenas de um pequeno n\u00famero de nutrientes para serem satisfeitos.<\/span><br \/><span style=\"font-family: arial, helvetica, sans-serif\">Sim, a baunilha pode expressar plenamente suas caracter\u00edsticas em solo pobre. Seu maior requisito para o meio ambiente \u00e9 o m\u00e1ximo poss\u00edvel de luz solar e calor.<\/span><br \/><span style=\"font-family: arial, helvetica, sans-serif\">Terceiro: Derivar novas plantas de suas pr\u00f3prias ervas.<\/span><br \/><span style=\"font-family: arial, helvetica, sans-serif\">Se voc\u00ea encontrar um local ensolarado para suas ervas e elas crescerem vigorosamente, voc\u00ea pode obter a pr\u00f3xima gera\u00e7\u00e3o de ervas de suas pr\u00f3prias plantas ou criar uma cobertura de ervas arom\u00e1ticas para seus vegetais.<\/span><br \/><span style=\"font-family: arial, helvetica, sans-serif\">Cultivar novas plantas com suas pr\u00f3prias ervas n\u00e3o \u00e9 apenas pr\u00e1tico e barato, mas divertido!<\/span><\/p>\n<h3 style=\"font-size: 19px\"><span style=\"font-family: arial, helvetica, sans-serif\"><strong>Vis\u00e3o geral<\/strong><\/span><\/h3>\n<table border=\"1\" cellspacing=\"0\" style=\"border-collapse: collapse;width: 100%\">\n<tbody>\n<tr>\n<td valign=\"top\" width=\"373\">\n<p style=\"font-size: 16px\"><span style=\"font-family: arial, helvetica, sans-serif\">Instru\u00e7\u00f5es de cuidados com o produto<\/span><\/p>\n<\/td>\n<td valign=\"top\" width=\"373\">\n<p style=\"font-size: 16px\"><span style=\"font-family: arial, helvetica, sans-serif\">Dispon\u00edvel<\/span><\/p>\n<\/td>\n<\/tr>\n<tr>\n<td valign=\"top\" width=\"373\">\n<p style=\"font-size: 16px\"><span style=\"font-family: arial, helvetica, sans-serif\">Tipo de produto vegetal<\/span><\/p>\n<\/td>\n<td valign=\"top\" width=\"373\">\n<p style=\"font-size: 16px\"><span style=\"font-family: arial, helvetica, sans-serif\">Ervas<\/span><\/p>\n<\/td>\n<\/tr>\n<tr>\n<td valign=\"top\" width=\"373\">\n<p style=\"font-size: 16px\"><span style=\"font-family: arial, helvetica, sans-serif\">Caracter\u00edstica especial<\/span><\/p>\n<\/td>\n<td valign=\"top\" width=\"373\">\n<p style=\"font-size: 16px\"><span style=\"font-family: arial, helvetica, sans-serif\">Cultivo interno-externo<\/span><\/p>\n<\/td>\n<\/tr>\n<tr>\n<td valign=\"top\" width=\"373\">\n<p style=\"font-size: 16px\"><span style=\"font-family: arial, helvetica, sans-serif\">Marca<\/span><\/p>\n<\/td>\n<td valign=\"top\" width=\"373\">\n<p style=\"font-size: 16px\"><span style=\"font-family: arial, helvetica, sans-serif\">kit jardim<\/span><\/p>\n<\/td>\n<\/tr>\n<tr>\n<td valign=\"top\" width=\"373\">\n<p style=\"font-size: 16px\"><span style=\"font-family: arial, helvetica, sans-serif\">Lugar de origem<\/span><\/p>\n<\/td>\n<td valign=\"top\" width=\"373\">\n<p style=\"font-size: 16px\"><span style=\"font-family: arial, helvetica, sans-serif\">Fujian, China<\/span><\/p>\n<\/td>\n<\/tr>\n<tr>\n<td valign=\"top\" width=\"373\">\n<p style=\"font-size: 16px\"><span style=\"font-family: arial, helvetica, sans-serif\">ODM\/OEM<\/span><\/p>\n<\/td>\n<td valign=\"top\" width=\"373\">\n<p style=\"font-size: 16px\"><span style=\"font-family: arial, helvetica, sans-serif\">Dispon\u00edvel<\/span><\/p>\n<\/td>\n<\/tr>\n<tr>\n<td valign=\"top\" width=\"373\">\n<p style=\"font-size: 16px\"><span style=\"font-family: arial, helvetica, sans-serif\">MOQ para pedido personalizado<\/span><\/p>\n<\/td>\n<td valign=\"top\" width=\"373\">\n<p style=\"font-size: 16px\"><span style=\"font-family: arial, helvetica, sans-serif\">3000 unidades<\/span><\/p>\n<\/td>\n<\/tr>\n<tr>\n<td valign=\"top\" width=\"373\">\n<p style=\"font-size: 16px\"><span style=\"font-family: arial, helvetica, sans-serif\">Custo da amostra<\/span><\/p>\n<\/td>\n<td valign=\"top\" width=\"373\">\n<p style=\"font-size: 16px\"><span style=\"font-family: arial, helvetica, sans-serif\">US$400\/Sample, retorno completo ap\u00f3s o pedido de n\u00f3s<\/span><\/p>\n<\/td>\n<\/tr>\n<\/tbody>\n<\/table>\n<p style=\"font-size: 16px\"><span style=\"font-family: arial, helvetica, sans-serif\">&nbsp;&nbsp;<\/span><\/p>\n<p style=\"font-size: 16px\"><span style=\"font-family: arial, helvetica, sans-serif\">As plantas de baunilha t\u00eam um aroma \u00fanico e s\u00e3o muito vers\u00e1teis.<\/span><\/p>\n<p style=\"line-height: 1.5;font-size: 16px\"><span style=\"font-family: arial, helvetica, sans-serif\">1. Valor comest\u00edvel;<\/span><br \/><span style=\"font-family: arial, helvetica, sans-serif\">2. Valor medicinal;<\/span><br \/><span style=\"font-family: arial, helvetica, sans-serif\">3. Fa\u00e7a pot-pourri ou sach\u00eas e outros artesanatos.<\/span><br \/><span style=\"font-family: arial, helvetica, sans-serif\">Guarde mais alguns vasos de plantas do tipo ervas que podem ser usados como temperos em casa. Observe-o em hor\u00e1rios comuns e pegue-o ao cozinhar. \u00c9 um tempero livre de polui\u00e7\u00e3o natural puro real<\/span><\/p>\n<h3 style=\"font-size: 19px\"><span style=\"font-family: arial, helvetica, sans-serif\"><strong>Descri\u00e7\u00e3o<\/strong><\/span><\/h3>\n<p style=\"line-height: 1.5;font-size: 16px\"><span style=\"font-family: arial, helvetica, sans-serif\">Kit inicial de ervas para interior preparado de 21 pe\u00e7as: tudo o que voc\u00ea precisa para trazer a alegria de cultivar ervas salgadas para a sua vida ou para a vida de um ente querido. \u00c9 simples - nossas suposi\u00e7\u00f5es sobre o cultivo de ervas a partir de sementes, guiando voc\u00ea a cada passo do caminho. Planta isso!<\/span><\/p>\n<p style=\"line-height: 1.5;font-size: 16px\"><span style=\"font-family: arial, helvetica, sans-serif\">&nbsp;<\/span><\/p>\n<h3 style=\"font-size: 19px\"><span style=\"font-family: arial, helvetica, sans-serif\"><strong>Os seguintes itens est\u00e3o inclu\u00eddos no kit.<\/strong><\/span><span style=\"font-family: arial, helvetica, sans-serif\">&nbsp;<\/span><\/h3>\n<p style=\"line-height: 1.5;font-size: 16px\"><span style=\"font-family: arial, helvetica, sans-serif\">9 potes de fibra de bambu<\/span><\/p>\n<p style=\"line-height: 1.5;font-size: 16px\"><span style=\"font-family: arial, helvetica, sans-serif\">3 discos de solo pr\u00e9-fertilizado<\/span><\/p>\n<p style=\"line-height: 1.5;font-size: 16px\"><span style=\"font-family: arial, helvetica, sans-serif\">9 pacotes de sementes frescas<\/span><\/p>\n<p style=\"line-height: 1.5;font-size: 16px\"><span style=\"font-family: arial, helvetica, sans-serif\">9 marcadores de plantas de bambu<\/span><\/p>\n<p style=\"line-height: 1.5;font-size: 16px\"><span style=\"font-family: arial, helvetica, sans-serif\">1 Guia de plantio passo a passo<\/span><\/p>\n<p style=\"line-height: 1.5;font-size: 16px\"><span style=\"font-family: arial, helvetica, sans-serif\">1 caixa de presente personalizada<\/span><\/p>\n<p style=\"line-height: 1.5;font-size: 16px\"><span style=\"font-family: arial, helvetica, sans-serif\">&nbsp;<\/span><\/p>\n<p style=\"line-height: 1.5;font-size: 16px\"><span style=\"font-family: arial, helvetica, sans-serif\">Barras de pote: 4 potes de serapilheira e 2 pingadeiras \u2013 Ideal para o crescimento de mudas bem drenado. Economize e reutilize. | Grow It: 4 Pacotes de Sementes Premium \u2013 Inclui 4 Ervas Diferentes: <strong>Manjeric\u00e3o, Salsa, Cebolinha e Coentro<\/strong>. Todas as sementes s\u00e3o testadas para a maior taxa de germina\u00e7\u00e3o.<\/span><\/p>\n<p style=\"line-height: 1.5;font-size: 16px\"><span style=\"font-family: arial, helvetica, sans-serif\">&nbsp;<\/span><\/p>\n<p style=\"line-height: 1.5;font-size: 16px\"><span style=\"font-family: arial, helvetica, sans-serif\">Alimente-o: Discos de solo pr\u00e9-fertilizados ricos em nutrientes - adicione \u00e1gua e eles se expandir\u00e3o de 6 a 8 vezes mais. |Mark It: 4 marcadores de bambu - marcadores ajudam voc\u00ea a identificar suas mudas \u00e0 medida que crescem. Treine-o: Podadores \u2013 \u00d3timos para aparar o excesso de folhas e ra\u00edzes.<\/span><\/p>\n<p style=\"line-height: 1.5;font-size: 16px\"><span style=\"font-family: arial, helvetica, sans-serif\">&nbsp;<\/span><\/p>\n<p style=\"line-height: 1.5;font-size: 16px\"><span style=\"font-family: arial, helvetica, sans-serif\">Marque: 4 marcadores de bambu \u2013 os marcadores ajudam voc\u00ea a identificar suas mudas \u00e0 medida que crescem. | ACE-lo! : Como usar \u2013 Orientamos voc\u00ea passo a passo para que voc\u00ea possa cultivar ervas fabulosas. B\u00f4nus: Desfrute de ervas mo\u00eddas na hora a qualquer momento com o moedor de ervas premium inclu\u00eddo.<\/span><\/p>\n<p style=\"line-height: 1.5;font-size: 16px\"><span style=\"font-family: arial, helvetica, sans-serif\">&nbsp;<\/span><\/p>\n<p style=\"line-height: 1.5;font-size: 16px\"><span style=\"font-family: arial, helvetica, sans-serif\">Plante seu caminho de alegria: ame, ou seu dinheiro de volta! Se voc\u00ea encontrar dificuldades com qualquer aspecto do processo, n\u00e3o hesite em nos contatar. Estamos empenhados em ajud\u00e1-lo at\u00e9 que voc\u00ea obtenha os resultados desejados.<\/span><\/p>\n<p style=\"font-size: 16px\"><span style=\"font-family: arial, helvetica, sans-serif\"><\/span><\/p>\n<p style=\"font-size: 16px\"><span style=\"font-family: arial, helvetica, sans-serif;font-size: 18px\">Como Propagar Ervas<\/span><\/p>\n<p style=\"line-height: 1.5;font-size: 16px\"><span style=\"font-family: arial, helvetica, sans-serif\">Al\u00e9m de serem plantadas com sementes, as plantas de baunilha tamb\u00e9m podem ser propagadas por divis\u00f5es simples, e as ervas plantadas e desenvolvidas podem ser divididas posteriormente. N\u00e3o apenas um certo tipo de baunilha pode ser propagado, mas tamb\u00e9m plantas com pequenos rendimentos ou crescimento desordenado podem ser reproduzidas. Obtenha uma nova vida.<\/span><br \/><span style=\"font-family: arial, helvetica, sans-serif\">As esta\u00e7\u00f5es adequadas para ramets s\u00e3o a primavera e o outono.<\/span><br \/><span style=\"font-family: arial, helvetica, sans-serif\">Algumas variedades s\u00e3o adequadas para divis\u00e3o e algumas variedades n\u00e3o s\u00e3o adequadas para divis\u00e3o.<\/span><br \/><span style=\"font-family: arial, helvetica, sans-serif\">Como a opera\u00e7\u00e3o de ramifica\u00e7\u00e3o tamb\u00e9m \u00e9 muito simples para iniciantes, \u00e9 melhor tentar.<\/span><\/p>\n<p style=\"line-height: 1.5;font-size: 16px\"><span style=\"font-family: arial, helvetica, sans-serif\">estacas<\/span><br \/><span style=\"font-family: arial, helvetica, sans-serif\">O corte \u00e9 o processo de cortar o caule de uma planta e inseri-lo no solo para que crie ra\u00edzes e se torne uma nova planta.<\/span><br \/><span style=\"font-family: arial, helvetica, sans-serif\">Essa abordagem funciona bem com tomilho, hortel\u00e3-pimenta e alecrim, bem como com baunilha da fam\u00edlia Lamiaceae. Ervas lili\u00e1ceas como umbel\u00edferas, cruc\u00edferas e cebolinhas n\u00e3o s\u00e3o adequadas para esse m\u00e9todo.<\/span><\/p>\n<p style=\"line-height: 1.5;font-size: 16px\"><span style=\"font-family: arial, helvetica, sans-serif\">passo 1<\/span><br \/><span style=\"font-family: arial, helvetica, sans-serif\">Coloque solo de jade vermelho (pequenos gr\u00e3os) na grade de cria\u00e7\u00e3o de mudas e coloque-o em uma bandeja cheia de \u00e1gua para que absorva totalmente a \u00e1gua.<\/span><\/p>\n<p style=\"line-height: 1.5;font-size: 16px\"><span style=\"font-family: arial, helvetica, sans-serif\">passo 2<\/span><br \/><span style=\"font-family: arial, helvetica, sans-serif\">Corte os caules grossos e saud\u00e1veis de cerca de 10 cm e prepare-os como galhos para estacas.<\/span><\/p>\n<p style=\"line-height: 1.5;font-size: 16px\"><span style=\"font-family: arial, helvetica, sans-serif\">etapa 3<\/span><br \/><span style=\"font-family: arial, helvetica, sans-serif\">Corte o 1\/3 inferior das folhas e, em seguida, corte a parte superior (cobertura).<\/span><\/p>\n<p style=\"line-height: 1.5;font-size: 16px\"><span style=\"font-family: arial, helvetica, sans-serif\">Passo 4<\/span><br \/><span style=\"font-family: arial, helvetica, sans-serif\">Insira-o no copo de \u00e1gua imediatamente depois e certifique-se de que as mudas estejam bem hidratadas antes de serem inseridas formalmente no solo.<\/span><\/p>\n<p style=\"line-height: 1.5;font-size: 16px\"><span style=\"font-family: arial, helvetica, sans-serif\">passo 5<\/span><br \/><span style=\"font-family: arial, helvetica, sans-serif\">Use pauzinhos convenientes para inserir um pequeno orif\u00edcio na grade de cria\u00e7\u00e3o de mudas e, em seguida, insira um galho de corte em cada grade de cria\u00e7\u00e3o de mudas.<\/span><br \/><span style=\"font-family: arial, helvetica, sans-serif\">Como a raiz cresce a partir da parte onde as folhas foram cortadas, certifique-se de inserir essa parte completamente no solo ao cortar.<\/span><\/p>\n<p style=\"line-height: 1.5;font-size: 16px\"><span style=\"font-family: arial, helvetica, sans-serif\">passo 6<\/span><br \/><span style=\"font-family: arial, helvetica, sans-serif\">Ap\u00f3s o corte, coloque a grade de cria\u00e7\u00e3o de mudas em local protegido do vento e da sombra, e guarde a \u00e1gua por cerca de 1 m\u00eas.<\/span><\/p>\n<p style=\"font-size: 16px\"><span style=\"font-family: arial, helvetica, sans-serif;font-size: 18px\">Ervas adequadas para ramifica\u00e7\u00e3o<\/span><\/p>\n<p style=\"line-height: 1.5;font-size: 16px\"><span style=\"font-family: arial, helvetica, sans-serif\">Salsa, or\u00e9gano, cebolinha, hortel\u00e3, erva-doce, capim-lim\u00e3o, capim-lim\u00e3o e muito mais.<\/span><br \/><span style=\"font-family: arial, helvetica, sans-serif\">1. Retire a planta do vaso junto com as ra\u00edzes e os brotos.<\/span><br \/><span style=\"font-family: arial, helvetica, sans-serif\">2. Para evitar danos \u00e0s ra\u00edzes, separe-as manualmente. Ao desmanchar, siga a dire\u00e7\u00e3o natural da planta e n\u00e3o a puxe com for\u00e7a.<\/span><br \/><span style=\"font-family: arial, helvetica, sans-serif\">3. Plante as plantas separadas em vasos diferentes.<\/span><\/p><\/p>","protected":false},"excerpt":{"rendered":"<p>Kit inicial de ervas para interior preparado de 21 pe\u00e7as: tudo o que voc\u00ea precisa para trazer a alegria de cultivar ervas salgadas para a sua vida ou para a vida de um ente querido. \u00c9 simples - nossas suposi\u00e7\u00f5es sobre o cultivo de ervas a partir de sementes, guiando voc\u00ea a cada passo do caminho. Planta isso!<\/p>","protected":false},"featured_media":12566,"comment_status":"open","ping_status":"closed","template":"","meta":[],"product_cat":[50],"product_tag":[388,240,389,179,390,391,387],"acf":[],"_links":{"self":[{"href":"https:\/\/www.garden-kit.com\/pt\/wp-json\/wp\/v2\/product\/4093"}],"collection":[{"href":"https:\/\/www.garden-kit.com\/pt\/wp-json\/wp\/v2\/product"}],"about":[{"href":"https:\/\/www.garden-kit.com\/pt\/wp-json\/wp\/v2\/types\/product"}],"replies":[{"embeddable":true,"href":"https:\/\/www.garden-kit.com\/pt\/wp-json\/wp\/v2\/comments?post=4093"}],"wp:featuredmedia":[{"embeddable":true,"href":"https:\/\/www.garden-kit.com\/pt\/wp-json\/wp\/v2\/media\/12566"}],"wp:attachment":[{"href":"https:\/\/www.garden-kit.com\/pt\/wp-json\/wp\/v2\/media?parent=4093"}],"wp:term":[{"taxonomy":"product_cat","embeddable":true,"href":"https:\/\/www.garden-kit.com\/pt\/wp-json\/wp\/v2\/product_cat?post=4093"},{"taxonomy":"product_tag","embeddable":true,"href":"https:\/\/www.garden-kit.com\/pt\/wp-json\/wp\/v2\/product_tag?post=4093"}],"curies":[{"name":"wp","href":"https:\/\/api.w.org\/{rel}","templated":true}]}}