{"id":4115,"date":"2022-10-19T14:33:05","date_gmt":"2022-10-19T06:33:05","guid":{"rendered":"https:\/\/www.garden-kit.com\/product\/dandarci-paint-plant-flower-growing-kit-for-kids-2\/"},"modified":"2023-03-31T15:09:49","modified_gmt":"2023-03-31T07:09:49","slug":"flower-growing-kit","status":"publish","type":"product","link":"https:\/\/www.garden-kit.com\/pt\/product\/flower-growing-kit\/","title":{"rendered":"Kit de cultivo de flores"},"content":{"rendered":"<p style=\"line-height: 1.5\"><span style=\"font-family: arial, helvetica, sans-serif;font-size: 16px\">As plantas usam cores para curar o Dafa, deixando seus olhos cheios de alegria, ou belos ou estranhos padr\u00f5es de flores, de modo que voc\u00ea n\u00e3o pode deixar de explorar seu mundo m\u00e1gico. Embora voc\u00ea possa estar preocupado que suas habilidades de cultivo de flores n\u00e3o estejam de acordo com o padr\u00e3o, isso n\u00e3o importa. Todos os especialistas em cultivo de flores come\u00e7am do zero, e as flores t\u00eam forte adaptabilidade e capacidade de autocura, por que n\u00e3o come\u00e7ar agora!<\/span><span style=\"font-family: arial, helvetica, sans-serif;font-size: 18px\"><\/span><\/p>\n<h3 style=\"line-height: 1.5;font-size: 19px\"><span style=\"font-family: arial, helvetica, sans-serif;font-size: 18px\">Vis\u00e3o geral<\/span><\/h3>\n<table border=\"1\" cellspacing=\"0\" style=\"border-collapse: collapse;width: 100%\">\n<tbody>\n<tr>\n<td valign=\"top\" width=\"373\">\n<p><span style=\"font-family: arial, helvetica, sans-serif;font-size: 16px\">Instru\u00e7\u00f5es de cuidados com o produto<\/span><\/p>\n<\/td>\n<td valign=\"top\" width=\"373\">\n<p><span style=\"font-family: arial, helvetica, sans-serif;font-size: 16px\">Dispon\u00edvel<\/span><\/p>\n<\/td>\n<\/tr>\n<tr>\n<td valign=\"top\" width=\"373\">\n<p><span style=\"font-family: arial, helvetica, sans-serif;font-size: 16px\">Tipo de produto vegetal<\/span><\/p>\n<\/td>\n<td valign=\"top\" width=\"373\">\n<p><span style=\"font-family: arial, helvetica, sans-serif;font-size: 16px\">Flor<\/span><\/p>\n<\/td>\n<\/tr>\n<tr>\n<td valign=\"top\" width=\"373\">\n<p><span style=\"font-family: arial, helvetica, sans-serif;font-size: 16px\">Caracter\u00edstica especial<\/span><\/p>\n<\/td>\n<td valign=\"top\" width=\"373\">\n<p><span style=\"font-family: arial, helvetica, sans-serif;font-size: 16px\">Cultivo interno-externo<\/span><\/p>\n<\/td>\n<\/tr>\n<tr>\n<td valign=\"top\" width=\"373\">\n<p><span style=\"font-family: arial, helvetica, sans-serif;font-size: 16px\">Marca<\/span><\/p>\n<\/td>\n<td valign=\"top\" width=\"373\">\n<p><span style=\"font-family: arial, helvetica, sans-serif;font-size: 16px\">kit jardim<\/span><\/p>\n<\/td>\n<\/tr>\n<tr>\n<td valign=\"top\" width=\"373\">\n<p><span style=\"font-family: arial, helvetica, sans-serif;font-size: 16px\">Lugar de origem<\/span><\/p>\n<\/td>\n<td valign=\"top\" width=\"373\">\n<p><span style=\"font-family: arial, helvetica, sans-serif;font-size: 16px\">Fujian, China<\/span><\/p>\n<\/td>\n<\/tr>\n<tr>\n<td valign=\"top\" width=\"373\">\n<p><span style=\"font-family: arial, helvetica, sans-serif;font-size: 16px\">ODM\/OEM<\/span><\/p>\n<\/td>\n<td valign=\"top\" width=\"373\">\n<p><span style=\"font-family: arial, helvetica, sans-serif;font-size: 16px\">Dispon\u00edvel<\/span><\/p>\n<\/td>\n<\/tr>\n<tr>\n<td valign=\"top\" width=\"373\">\n<p><span style=\"font-family: arial, helvetica, sans-serif;font-size: 16px\">MOQ para pedido personalizado<\/span><\/p>\n<\/td>\n<td valign=\"top\" width=\"373\">\n<p><span style=\"font-family: arial, helvetica, sans-serif;font-size: 16px\">3000 unidades<\/span><\/p>\n<\/td>\n<\/tr>\n<tr>\n<td valign=\"top\" width=\"373\">\n<p><span style=\"font-family: arial, helvetica, sans-serif;font-size: 16px\">Custo da amostra<\/span><\/p>\n<\/td>\n<td valign=\"top\" width=\"373\">\n<p><span style=\"font-family: arial, helvetica, sans-serif;font-size: 16px\">US$400\/Sample, retorno total ap\u00f3s um pedido nosso<\/span><\/p>\n<\/td>\n<\/tr>\n<\/tbody>\n<\/table>\n<p style=\"line-height: 1.5\"><span style=\"font-family: arial, helvetica, sans-serif;font-size: 16px\">&nbsp;<\/span><\/p>\n<p style=\"line-height: 1.5;text-align: center\"><span style=\"font-family: arial, helvetica, sans-serif;font-size: 16px\"><img decoding=\"async\" src=\"https:\/\/data.adwebcloud.com\/public\/material\/2206293ihquj\/product\/image3_1666161034953.jpg\" alt=\"exemplo\" width=\"50%\" title=\"\"><img decoding=\"async\" src=\"https:\/\/data.adwebcloud.com\/public\/material\/2206293ihquj\/product\/image2_1666161029165.jpg\" alt=\"exemplo\" width=\"50%\" title=\"\"> &nbsp;<\/span><\/p>\n<p style=\"line-height: 1.5\"><span style=\"font-family: arial, helvetica, sans-serif;font-size: 16px\">Kit de jardinagem de flores para crian\u00e7as de 22 pe\u00e7as preparado: tudo o que seus filhos precisam para trazer a alegria de cultivar flores para a sua vida ou para a vida de um ente querido. \u00c9 simples - nossas suposi\u00e7\u00f5es sobre o cultivo de flores a partir de sementes, orientando voc\u00ea a cada passo do caminho. Planta isso!<\/span><\/p>\n<p style=\"line-height: 1.5\"><span style=\"font-family: arial, helvetica, sans-serif;font-size: 16px\">&nbsp;<\/span><\/p>\n<h3 style=\"line-height: 1.5;font-size: 19px\"><span style=\"font-family: arial, helvetica, sans-serif;font-size: 16px\">Os seguintes itens est\u00e3o inclu\u00eddos no kit.<\/span><span style=\"font-family: arial, helvetica, sans-serif;font-size: 16px\">&nbsp;<\/span><\/h3>\n<p style=\"line-height: 1.5\"><span style=\"font-family: arial, helvetica, sans-serif;font-size: 16px\">1 plantador de estanho pint\u00e1vel (12*4,5*4\u2033)<\/span><\/p>\n<p style=\"line-height: 1.5\"><span style=\"font-family: arial, helvetica, sans-serif;font-size: 16px\">1 forro de pl\u00e1stico<\/span><\/p>\n<p style=\"line-height: 1.5\"><span style=\"font-family: arial, helvetica, sans-serif;font-size: 16px\">1 disco grande de terra<\/span><\/p>\n<p style=\"line-height: 1.5\"><span style=\"font-family: arial, helvetica, sans-serif;font-size: 16px\">3 pacotes de sementes frescas<\/span><\/p>\n<p style=\"line-height: 1.5\"><span style=\"font-family: arial, helvetica, sans-serif;font-size: 16px\">tira de tinta de 6 cores<\/span><\/p>\n<p style=\"line-height: 1.5\"><span style=\"font-family: arial, helvetica, sans-serif;font-size: 16px\">2 pinc\u00e9is<\/span><\/p>\n<p style=\"line-height: 1.5\"><span style=\"font-family: arial, helvetica, sans-serif;font-size: 16px\">1 paleta de pintura<\/span><\/p>\n<p style=\"line-height: 1.5\"><span style=\"font-family: arial, helvetica, sans-serif;font-size: 16px\">3 marcadores de plantas de madeira<\/span><\/p>\n<p style=\"line-height: 1.5\"><span style=\"font-family: arial, helvetica, sans-serif;font-size: 16px\">1 p\u00e1<\/span><\/p>\n<p style=\"line-height: 1.5\"><span style=\"font-family: arial, helvetica, sans-serif;font-size: 16px\">1 garrafa de \u00e1gua<\/span><\/p>\n<p style=\"line-height: 1.5\"><span style=\"font-family: arial, helvetica, sans-serif;font-size: 16px\">1 Guia de plantio passo a passo<\/span><\/p>\n<p style=\"line-height: 1.5\"><span style=\"font-family: arial, helvetica, sans-serif;font-size: 16px\">1 caixa de presente personalizada<\/span><\/p>\n<p style=\"line-height: 1.5\"><span style=\"font-family: arial, helvetica, sans-serif;font-size: 16px\">&nbsp;<\/span><\/p>\n<p style=\"line-height: 1.5\"><span style=\"font-family: arial, helvetica, sans-serif;font-size: 16px\">PINTE E PLANTE SEU PR\u00d3PRIO JARDIM PEQUENO: Pintar vasos e marcadores de planta\u00e7\u00e3o e semear cal\u00eandulas, cosmos e z\u00ednias \u2013 cores vivas e cheiros agrad\u00e1veis. Siga as instru\u00e7\u00f5es passo a passo inclu\u00eddas.<\/span><\/p>\n<p style=\"line-height: 1.5\"><span style=\"font-family: arial, helvetica, sans-serif;font-size: 16px\">&nbsp;<\/span><\/p>\n<p style=\"line-height: 1.5\"><span style=\"font-family: arial, helvetica, sans-serif;font-size: 16px\">Torne-o \u00fanico: quando se trata de design, o c\u00e9u \u00e9 o limite! Expresse sua criatividade livremente em vasos e marcadores de plantas.<\/span><\/p>\n<p style=\"line-height: 1.5\"><span style=\"font-family: arial, helvetica, sans-serif;font-size: 16px\">&nbsp;<\/span><\/p>\n<p style=\"line-height: 1.5\"><span style=\"font-family: arial, helvetica, sans-serif;font-size: 16px\">O kit inclui plantador de estanho (12*4,5*4\u2033), forro de pl\u00e1stico, solo, 3 pacotes de sementes, 6 tiras de tinta colorida, 2 pinc\u00e9is, paleta de tinta, 3 marcadores de plantas de madeira, p\u00e1, garrafa de \u00e1gua e um lindo manual de instru\u00e7\u00f5es.<\/span><\/p>\n<p style=\"line-height: 1.5\"><span style=\"font-family: arial, helvetica, sans-serif;font-size: 16px\">&nbsp;<\/span><\/p>\n<p style=\"line-height: 1.5\"><span style=\"font-family: arial, helvetica, sans-serif;font-size: 16px\">Um presente divertido e educativo para todas as idades: n\u00e3o \u00e9 sempre que um projeto divertido \u00e9 educativo, mas este kit de cultivo de flores faz as duas coisas! Fascina as crian\u00e7as quando as tiram da caixa e ensinam o ciclo de vida das plantas e da bot\u00e2nica. Cada crian\u00e7a pode pintar, pintar e plantar o quanto quiser, o que garante muita divers\u00e3o.<\/span><\/p>\n<h3 style=\"font-size: 19px\"><span style=\"font-family: arial, helvetica, sans-serif\">Vantagens dos Kits de Plantio de Flores para Crian\u00e7as<\/span><\/h3>\n<p><span style=\"font-family: arial, helvetica, sans-serif\">1. A pintura \u00e9 um tipo de sentimento, que pode exercitar e cultivar a capacidade de percep\u00e7\u00e3o das crian\u00e7as. Quando as crian\u00e7as est\u00e3o pintando, elas t\u00eam v\u00e1rios m\u00e9todos de observa\u00e7\u00e3o e express\u00f5es das coisas. Uma experi\u00eancia de longo prazo como essa far\u00e1 com que as crian\u00e7as observem as coisas ao seu redor. Quanto mais detalhada for, mais forte a percep\u00e7\u00e3o da crian\u00e7a se tornar\u00e1.<\/span><\/p>\n<p><span style=\"font-family: arial, helvetica, sans-serif\">2. A pintura \u00e9 uma esp\u00e9cie de fantasia, que pode exercitar a imagina\u00e7\u00e3o e a criatividade das crian\u00e7as. Durante todo o processo de pintura, as crian\u00e7as tentar\u00e3o constantemente usar novos m\u00e9todos para criar express\u00f5es.<\/span><\/p>\n<p><span style=\"font-family: arial, helvetica, sans-serif\">3. A pintura \u00e9 um tipo de mem\u00f3ria, que pode aumentar a capacidade de mem\u00f3ria das crian\u00e7as. Desenhar \u00e9 a maneira mais r\u00e1pida e f\u00e1cil de fazer as pessoas se lembrarem.<\/span><\/p>\n<p><span style=\"font-family: arial, helvetica, sans-serif\">4. A pintura \u00e9 uma esp\u00e9cie de autoconfian\u00e7a. Pode cultivar a autoconfian\u00e7a e a coragem das crian\u00e7as. Muitas crian\u00e7as que n\u00e3o s\u00e3o muito verbais costumam expressar suas ideias por meio da pintura. Mais encorajamento e elogios far\u00e3o com que as crian\u00e7as que n\u00e3o est\u00e3o confiantes abram gradualmente seu cora\u00e7\u00e3o e expressem-no com ousadia, o que aumentar\u00e1 sua autoconfian\u00e7a.<\/span><\/p><\/p>","protected":false},"excerpt":{"rendered":"<p>Kit de jardinagem de flores para crian\u00e7as de 22 pe\u00e7as preparado: tudo o que seus filhos precisam para trazer a alegria de cultivar flores para a sua vida ou para a vida de um ente querido. \u00c9 simples - nossas suposi\u00e7\u00f5es sobre o cultivo de flores a partir de sementes, orientando voc\u00ea a cada passo do caminho. Planta isso!<\/p>","protected":false},"featured_media":12599,"comment_status":"open","ping_status":"closed","template":"","meta":[],"product_cat":[61],"product_tag":[415,335,413,417,416,334,414],"acf":[],"_links":{"self":[{"href":"https:\/\/www.garden-kit.com\/pt\/wp-json\/wp\/v2\/product\/4115"}],"collection":[{"href":"https:\/\/www.garden-kit.com\/pt\/wp-json\/wp\/v2\/product"}],"about":[{"href":"https:\/\/www.garden-kit.com\/pt\/wp-json\/wp\/v2\/types\/product"}],"replies":[{"embeddable":true,"href":"https:\/\/www.garden-kit.com\/pt\/wp-json\/wp\/v2\/comments?post=4115"}],"wp:featuredmedia":[{"embeddable":true,"href":"https:\/\/www.garden-kit.com\/pt\/wp-json\/wp\/v2\/media\/12599"}],"wp:attachment":[{"href":"https:\/\/www.garden-kit.com\/pt\/wp-json\/wp\/v2\/media?parent=4115"}],"wp:term":[{"taxonomy":"product_cat","embeddable":true,"href":"https:\/\/www.garden-kit.com\/pt\/wp-json\/wp\/v2\/product_cat?post=4115"},{"taxonomy":"product_tag","embeddable":true,"href":"https:\/\/www.garden-kit.com\/pt\/wp-json\/wp\/v2\/product_tag?post=4115"}],"curies":[{"name":"wp","href":"https:\/\/api.w.org\/{rel}","templated":true}]}}