{"id":4137,"date":"2022-10-19T14:55:01","date_gmt":"2022-10-19T06:55:01","guid":{"rendered":"https:\/\/www.garden-kit.com\/product\/paint-plant-pizza-herb-growing-kit-for-kids\/"},"modified":"2023-03-31T15:15:28","modified_gmt":"2023-03-31T07:15:28","slug":"paint-plant-pizza-herb-growing-kit","status":"publish","type":"product","link":"https:\/\/www.garden-kit.com\/pt\/product\/paint-plant-pizza-herb-growing-kit\/","title":{"rendered":"Kit de cultivo de ervas para pintar e plantar pizza"},"content":{"rendered":"<h3 style=\"font-size: 19px\"><span style=\"font-family: arial, helvetica, sans-serif;font-size: 18px\">Kit de cultivo de ervas para pintar e plantar pizza<\/span><\/h3>\n<p><span style=\"font-family: arial, helvetica, sans-serif;font-size: 16px\">A baunilha, formalmente conhecida como plantas arom\u00e1ticas, \u00e9 um grupo de plantas com propriedades comuns de plantas medicinais e plantas de especiarias. Existem mais de 3.000 esp\u00e9cies no mundo, enquanto lavanda, mil-folhas, alecrim, tomilho, ageratum, citronela, hortel\u00e3, pagode de nove andares e assim por diante s\u00e3o variedades famosas.<\/span><\/p>\n<p style=\"line-height: 1.5\"><span style=\"font-family: arial, helvetica, sans-serif;font-size: 18px\">Resumo do Produto<\/span><\/p>\n<table border=\"1\" cellspacing=\"0\" style=\"border-collapse: collapse;width: 100%;height: 248px\">\n<tbody>\n<tr style=\"height: 31px\">\n<td valign=\"top\" width=\"373\" style=\"width: 49.5352%;height: 31px\">\n<p><span style=\"font-family: arial, helvetica, sans-serif\">Instru\u00e7\u00f5es de cuidados com o produto<\/span><\/p>\n<\/td>\n<td valign=\"top\" width=\"373\" style=\"width: 49.5352%;height: 31px\">\n<p><span style=\"font-family: arial, helvetica, sans-serif\">Dispon\u00edvel<\/span><\/p>\n<\/td>\n<\/tr>\n<tr style=\"height: 31px\">\n<td valign=\"top\" width=\"373\" style=\"width: 49.5352%;height: 31px\">\n<p><span style=\"font-family: arial, helvetica, sans-serif\">Tipo de produto vegetal<\/span><\/p>\n<\/td>\n<td valign=\"top\" width=\"373\" style=\"width: 49.5352%;height: 31px\">\n<p><span style=\"font-family: arial, helvetica, sans-serif\">Erva<\/span><\/p>\n<\/td>\n<\/tr>\n<tr style=\"height: 31px\">\n<td valign=\"top\" width=\"373\" style=\"width: 49.5352%;height: 31px\">\n<p><span style=\"font-family: arial, helvetica, sans-serif\">Caracter\u00edstica especial<\/span><\/p>\n<\/td>\n<td valign=\"top\" width=\"373\" style=\"width: 49.5352%;height: 31px\">\n<p><span style=\"font-family: arial, helvetica, sans-serif\">Cultivo interno-externo<\/span><\/p>\n<\/td>\n<\/tr>\n<tr style=\"height: 31px\">\n<td valign=\"top\" width=\"373\" style=\"width: 49.5352%;height: 31px\">\n<p><span style=\"font-family: arial, helvetica, sans-serif\">Marca<\/span><\/p>\n<\/td>\n<td valign=\"top\" width=\"373\" style=\"width: 49.5352%;height: 31px\">\n<p><span style=\"font-family: arial, helvetica, sans-serif\">kit jardim<\/span><\/p>\n<\/td>\n<\/tr>\n<tr style=\"height: 31px\">\n<td valign=\"top\" width=\"373\" style=\"width: 49.5352%;height: 31px\">\n<p><span style=\"font-family: arial, helvetica, sans-serif\">Lugar de origem<\/span><\/p>\n<\/td>\n<td valign=\"top\" width=\"373\" style=\"width: 49.5352%;height: 31px\">\n<p><span style=\"font-family: arial, helvetica, sans-serif\">Fujian, China<\/span><\/p>\n<\/td>\n<\/tr>\n<tr style=\"height: 31px\">\n<td valign=\"top\" width=\"373\" style=\"width: 49.5352%;height: 31px\">\n<p><span style=\"font-family: arial, helvetica, sans-serif\">ODM\/OEM<\/span><\/p>\n<\/td>\n<td valign=\"top\" width=\"373\" style=\"width: 49.5352%;height: 31px\">\n<p><span style=\"font-family: arial, helvetica, sans-serif\">Dispon\u00edvel<\/span><\/p>\n<\/td>\n<\/tr>\n<tr style=\"height: 31px\">\n<td valign=\"top\" width=\"373\" style=\"width: 49.5352%;height: 31px\">\n<p><span style=\"font-family: arial, helvetica, sans-serif\">MOQ para pedido personalizado<\/span><\/p>\n<\/td>\n<td valign=\"top\" width=\"373\" style=\"width: 49.5352%;height: 31px\">\n<p><span style=\"font-family: arial, helvetica, sans-serif\">3000 unidades<\/span><\/p>\n<\/td>\n<\/tr>\n<tr style=\"height: 31px\">\n<td valign=\"top\" width=\"373\" style=\"width: 49.5352%;height: 31px\">\n<p><span style=\"font-family: arial, helvetica, sans-serif\">Custo da amostra<\/span><\/p>\n<\/td>\n<td valign=\"top\" width=\"373\" style=\"width: 49.5352%;height: 31px\">\n<p><span style=\"font-family: arial, helvetica, sans-serif\">US$400\/Sample, retorno total ap\u00f3s um pedido nosso<\/span><\/p>\n<\/td>\n<\/tr>\n<\/tbody>\n<\/table>\n<p style=\"line-height: 1.5\"><span style=\"font-family: arial, helvetica, sans-serif\">&nbsp;<\/span><\/p>\n<p style=\"line-height: 1.5\"><span style=\"font-family: arial, helvetica, sans-serif\">UM PRESENTE DIVERTIDO E EDUCACIONAL PARA TODAS AS IDADES: n\u00e3o \u00e9 sempre que um projeto divertido \u00e9 educacional, mas este kit de cultivo de ervas para pizza faz as duas coisas! Atrai as crian\u00e7as desde que o tirem da caixa e ensine-lhes o ciclo de vida e a bot\u00e2nica das plantas. Com a liberdade de pintar, pintar e plantar como quiserem, toda crian\u00e7a tem a garantia de se divertir.&nbsp;<\/span><\/p>\n<p style=\"line-height: 1.5\">\n<h3 style=\"line-height: 1.5;font-size: 19px\"><strong><span style=\"font-family: arial, helvetica, sans-serif\">Os seguintes itens est\u00e3o inclu\u00eddos no kit:<\/span><\/strong><\/h3>\n<p style=\"line-height: 1.5\"><span style=\"font-family: arial, helvetica, sans-serif\">1 plantador de estanho pint\u00e1vel (12*4,5*4\u2033)<\/span><\/p>\n<p style=\"line-height: 1.5\"><span style=\"font-family: arial, helvetica, sans-serif\">1 forro de pl\u00e1stico<\/span><\/p>\n<p style=\"line-height: 1.5\"><span style=\"font-family: arial, helvetica, sans-serif\">3 discos grandes de terra<\/span><\/p>\n<p style=\"line-height: 1.5\"><span style=\"font-family: arial, helvetica, sans-serif\">3 pacotes de sementes frescas<\/span><\/p>\n<p style=\"line-height: 1.5\"><span style=\"font-family: arial, helvetica, sans-serif\">tira de tinta 6 cores<\/span><\/p>\n<p style=\"line-height: 1.5\"><span style=\"font-family: arial, helvetica, sans-serif\">2 pinc\u00e9is<\/span><\/p>\n<p style=\"line-height: 1.5\"><span style=\"font-family: arial, helvetica, sans-serif\">1 paleta de pintura<\/span><\/p>\n<p style=\"line-height: 1.5\"><span style=\"font-family: arial, helvetica, sans-serif\">3 marcadores de plantas de madeira<\/span><\/p>\n<p style=\"line-height: 1.5\"><span style=\"font-family: arial, helvetica, sans-serif\">1 p\u00e1<\/span><\/p>\n<p style=\"line-height: 1.5\"><span style=\"font-family: arial, helvetica, sans-serif\">1 garrafa de \u00e1gua<\/span><\/p>\n<p style=\"line-height: 1.5\"><span style=\"font-family: arial, helvetica, sans-serif\">1 Guia de plantio passo a passo<\/span><\/p>\n<p style=\"line-height: 1.5\"><span style=\"font-family: arial, helvetica, sans-serif\">1 caixa de presente personalizada<\/span><\/p>\n<p style=\"line-height: 1.5\"><span style=\"font-family: arial, helvetica, sans-serif\">&nbsp;<\/span><\/p>\n<p style=\"line-height: 1.5\"><span style=\"font-family: arial, helvetica, sans-serif\">Pinte e cultive seu pr\u00f3prio jardim de ervas para pizza: pinte vasos e marcadores de plantas e semeie ervas de manjeric\u00e3o, or\u00e9gano e r\u00facula - cores vivas e sabores deliciosos. Siga as instru\u00e7\u00f5es passo a passo inclu\u00eddas.<\/span><\/p>\n<p style=\"line-height: 1.5\"><span style=\"font-family: arial, helvetica, sans-serif\">&nbsp;<\/span><\/p>\n<p style=\"line-height: 1.5\"><span style=\"font-family: arial, helvetica, sans-serif\">Torne-o \u00fanico: ao projetar, o c\u00e9u \u00e9 o limite! Expresse sua criatividade livremente em vasos e marcadores de plantas.<\/span><\/p>\n<p style=\"line-height: 1.5\"><span style=\"font-family: arial, helvetica, sans-serif\"><span style=\"font-size: 18px\">plantando seu jardim<\/span><span> <\/span><\/span><\/p>\n<p style=\"line-height: 1.5\"><span style=\"font-family: arial, helvetica, sans-serif\"><span>1. Coloque o forro de pl\u00e1stico dentro da floreira de alum\u00ednio, isso ajudar\u00e1 suas plantas a reter \u00e1gua.<\/span><span> <\/span><span>Para uma melhor irriga\u00e7\u00e3o, voc\u00ea pode querer adicionar uma camada de pedras (n\u00e3o inclu\u00eddas) na parte inferior do forro de pl\u00e1stico.<\/span><span> <\/span><\/span><\/p>\n<p style=\"line-height: 1.5\"><span style=\"font-family: arial, helvetica, sans-serif\"><span>2. Coloque os tr\u00eas discos de solo em expans\u00e3o em uma tigela grande (t\u00e3o grande quanto a plantadeira) e adicione 3-4 x\u00edcaras de \u00e1gua morna.<\/span><span> <\/span><span>Deixe os discos de solo de molho por pelo menos uma hora - voc\u00ea os ver\u00e1 expandir para 6 a 8 vezes o tamanho original.<\/span><span> <\/span><\/span><\/p>\n<p style=\"line-height: 1.5\"><span style=\"font-family: arial, helvetica, sans-serif\"><span>3. Depois de totalmente expandido, misture o solo<\/span><span> <\/span><span>cuidadosamente e, em seguida, escorra bem o solo apertando-o firmemente para remover todo o excesso de \u00e1gua at\u00e9 que o solo fique apenas \u00famido.<\/span><span> <\/span><\/span><\/p>\n<p style=\"line-height: 1.5\"><span style=\"font-family: arial, helvetica, sans-serif\"><span>4. Esfarele delicadamente a terra e coloque-a na floreira at\u00e9 quase encher.<\/span><\/span><\/p>\n<p style=\"line-height: 1.5\"><span style=\"font-family: arial, helvetica, sans-serif\"><span> <\/span><span>5. Enquanto o solo absorve a \u00e1gua, mergulhe as sementes em uma tigela com \u00e1gua por cerca de 30 minutos.<\/span><span> <\/span><\/span><\/p>\n<p style=\"line-height: 1.5\"><span style=\"font-family: arial, helvetica, sans-serif\"><span>6. Divida sua plantadeira em 3 iguais<\/span><span> <\/span><span>partes e coloque seus marcadores no solo na frente de cada se\u00e7\u00e3o, para n\u00e3o esquecer o que plantou onde.<\/span> <\/span><\/p>\n<p style=\"line-height: 1.5\"><span style=\"font-family: arial, helvetica, sans-serif\"><span style=\"font-size: 18px\">Considera\u00e7\u00f5es sobre o plantio de or\u00e9gano<\/span><br \/>luz do sol<br \/>Or\u00e9gano gosta de sol pleno e plantar or\u00e9gano requer luz suficiente<br \/>rega<br \/>N\u00e3o regue demais, apenas regue novamente quando o solo estiver completamente seco.<br \/>temperatura<br \/>Preste aten\u00e7\u00e3o \u00e0 ventila\u00e7\u00e3o no ambiente de alta temperatura no ver\u00e3o e mantenha-se aquecido no inverno e mantenha a temperatura acima de 5\u00b0C, caso contr\u00e1rio, \u00e9 f\u00e1cil congelar.<br \/>fertilizante<br \/>Muitas ervas s\u00e3o consideradas ervas daninhas e a maioria n\u00e3o se preocupa com o solo em que crescem. O or\u00e9gano n\u00e3o \u00e9 exce\u00e7\u00e3o e s\u00f3 cresce em solo moderadamente rico. N\u00e3o adicione composto ou estrume \u00e0 sua \u00e1rea de cultivo. Nutrientes em grandes quantidades, como o nitrog\u00eanio, podem alterar o sabor dessa erva.<\/span><\/p>\n<p style=\"line-height: 1.5\"><span style=\"font-family: arial, helvetica, sans-serif\">O kit inclui plantador de estanho (12*4,5*4\u2033), forro de pl\u00e1stico, solo, 3 pacotes de sementes, 6 tiras de tinta colorida, 2 pinc\u00e9is, paleta, 3 marcadores de plantas de madeira, p\u00e1, garrafa de \u00e1gua e belas instru\u00e7\u00f5es.<\/span><\/p>\n<p style=\"line-height: 1.5\"><span style=\"font-family: arial, helvetica, sans-serif\">&nbsp;<\/span><\/p>\n<p><span style=\"font-family: arial, helvetica, sans-serif;font-size: 18px\">Cuidados com Plantas de R\u00facula<\/span><\/p>\n<p><span style=\"font-family: arial, helvetica, sans-serif\">ilumina\u00e7\u00e3o<\/span><br \/><span style=\"font-family: arial, helvetica, sans-serif\">A r\u00facula cresce melhor em pleno sol, o que significa pelo menos seis horas de luz solar direta na maioria dos dias. Tamb\u00e9m se d\u00e1 bem em sol parcial, especialmente em climas mais quentes. Mas, \u00e0 medida que as temperaturas come\u00e7am a subir, forne\u00e7a um pouco de sombra \u00e0 tarde. Isso ajudar\u00e1 a evitar que as plantas murchem e entupam (florem e semeiem), prolongando a colheita pelo maior tempo poss\u00edvel.<\/span><\/p>\n<p><span style=\"font-family: arial, helvetica, sans-serif\">solo<\/span><br \/><span style=\"font-family: arial, helvetica, sans-serif\">As plantas de r\u00facula s\u00e3o mais felizes em solo bem drenado com um pH ligeiramente \u00e1cido a neutro. Eles toleram uma variedade de tipos de solo, mas preferem marga rica em nutrientes.<\/span><\/p>\n<p><span style=\"font-family: arial, helvetica, sans-serif\">rega<\/span><br \/><span style=\"font-family: arial, helvetica, sans-serif\">Como muitos vegetais, a r\u00facula precisa de rega regular para um crescimento saud\u00e1vel e sabor ideal. Tem um sistema radicular raso. Mantenha o solo consistentemente \u00famido, mas n\u00e3o encharcado, e regue assim que o topo do solo estiver seco. Em climas secos, isso pode significar regar todas as manh\u00e3s. Se voc\u00ea n\u00e3o regar regularmente, pode fazer com que a planta amarre e estrague o sabor das folhas.<\/span><\/p>\n<p><span style=\"font-family: arial, helvetica, sans-serif\">temperatura e umidade<\/span><\/p>\n<p><span style=\"font-family: arial, helvetica, sans-serif\">A temperatura de germina\u00e7\u00e3o da r\u00facula \u00e9 de 15 a 20 graus Celsius, e a temperatura mais adequada para o crescimento \u00e9 de 15 a 25 graus Celsius. Tolera as geadas, mas n\u00e3o gosta do calor do ver\u00e3o. Voc\u00ea pode estender a esta\u00e7\u00e3o de crescimento da r\u00facula protegendo-a do congelamento com coberturas de fileiras e do calor com sombra. Mas a melhor estrat\u00e9gia \u00e9 plant\u00e1-la na \u00e9poca certa. N\u00e3o precisa de muita umidade e cresce bem em climas secos, desde que receba \u00e1gua suficiente.<\/span><\/p><\/p>","protected":false},"excerpt":{"rendered":"<p><span style=\"font-family: arial, helvetica, sans-serif\">Kit de cultivo de ervas de pizza de pintura e planta de 25 pe\u00e7as preparado: tudo o que seus filhos precisam para trazer a alegria de cultivar ervas de pizza de pintura e planta em sua vida ou na vida de um ente querido. \u00c9 simples - nossas suposi\u00e7\u00f5es sobre como cultivar o Paint &amp; Plant Pizza Herb a partir de sementes, orientando voc\u00ea em cada etapa do caminho. Planta isso!<\/span><\/p>","protected":false},"featured_media":12619,"comment_status":"open","ping_status":"closed","template":"","meta":[],"product_cat":[61],"product_tag":[500,501,431,506,58,499,498],"acf":[],"_links":{"self":[{"href":"https:\/\/www.garden-kit.com\/pt\/wp-json\/wp\/v2\/product\/4137"}],"collection":[{"href":"https:\/\/www.garden-kit.com\/pt\/wp-json\/wp\/v2\/product"}],"about":[{"href":"https:\/\/www.garden-kit.com\/pt\/wp-json\/wp\/v2\/types\/product"}],"replies":[{"embeddable":true,"href":"https:\/\/www.garden-kit.com\/pt\/wp-json\/wp\/v2\/comments?post=4137"}],"wp:featuredmedia":[{"embeddable":true,"href":"https:\/\/www.garden-kit.com\/pt\/wp-json\/wp\/v2\/media\/12619"}],"wp:attachment":[{"href":"https:\/\/www.garden-kit.com\/pt\/wp-json\/wp\/v2\/media?parent=4137"}],"wp:term":[{"taxonomy":"product_cat","embeddable":true,"href":"https:\/\/www.garden-kit.com\/pt\/wp-json\/wp\/v2\/product_cat?post=4137"},{"taxonomy":"product_tag","embeddable":true,"href":"https:\/\/www.garden-kit.com\/pt\/wp-json\/wp\/v2\/product_tag?post=4137"}],"curies":[{"name":"wp","href":"https:\/\/api.w.org\/{rel}","templated":true}]}}