{"id":4164,"date":"2022-10-19T15:07:11","date_gmt":"2022-10-19T07:07:11","guid":{"rendered":"https:\/\/www.garden-kit.com\/product\/culinary-herb-seed-vault\/"},"modified":"2023-03-31T14:45:43","modified_gmt":"2023-03-31T06:45:43","slug":"culinary-herb-seed-pack","status":"publish","type":"product","link":"https:\/\/www.garden-kit.com\/pt\/product\/culinary-herb-seed-pack\/","title":{"rendered":"Pacote de sementes de ervas culin\u00e1rias"},"content":{"rendered":"<h3 style=\"line-height: 1.5;font-size: 19px\"><span style=\"font-family: arial, helvetica, sans-serif;font-size: 16px\">Vis\u00e3o geral<\/span><\/h3>\n<table border=\"1\" cellspacing=\"0\" style=\"border-collapse: collapse;width: 100%\">\n<tbody>\n<tr>\n<td valign=\"top\" width=\"373\">\n<p><span style=\"font-family: arial, helvetica, sans-serif;font-size: 16px\">Instru\u00e7\u00f5es de cuidados com o produto<\/span><\/p>\n<\/td>\n<td valign=\"top\" width=\"373\">\n<p><span style=\"font-family: arial, helvetica, sans-serif;font-size: 16px\">Dispon\u00edvel<\/span><\/p>\n<\/td>\n<\/tr>\n<tr>\n<td valign=\"top\" width=\"373\">\n<p><span style=\"font-family: arial, helvetica, sans-serif;font-size: 16px\">Tipo de produto vegetal<\/span><\/p>\n<\/td>\n<td valign=\"top\" width=\"373\">\n<p><span style=\"font-family: arial, helvetica, sans-serif;font-size: 16px\">sementes de ervas<\/span><\/p>\n<\/td>\n<\/tr>\n<tr>\n<td valign=\"top\" width=\"373\">\n<p><span style=\"font-family: arial, helvetica, sans-serif;font-size: 16px\">Caracter\u00edstica especial<\/span><\/p>\n<\/td>\n<td valign=\"top\" width=\"373\">\n<p><span style=\"font-family: arial, helvetica, sans-serif;font-size: 16px\">Cultivo interno-externo<\/span><\/p>\n<\/td>\n<\/tr>\n<tr>\n<td valign=\"top\" width=\"373\">\n<p><span style=\"font-family: arial, helvetica, sans-serif;font-size: 16px\">Marca<\/span><\/p>\n<\/td>\n<td valign=\"top\" width=\"373\">\n<p><span style=\"font-family: arial, helvetica, sans-serif;font-size: 16px\">kit jardim<\/span><\/p>\n<\/td>\n<\/tr>\n<tr>\n<td valign=\"top\" width=\"373\">\n<p><span style=\"font-family: arial, helvetica, sans-serif;font-size: 16px\">Lugar de origem<\/span><\/p>\n<\/td>\n<td valign=\"top\" width=\"373\">\n<p><span style=\"font-family: arial, helvetica, sans-serif;font-size: 16px\">Fujian, China<\/span><\/p>\n<\/td>\n<\/tr>\n<tr>\n<td valign=\"top\" width=\"373\">\n<p><span style=\"font-family: arial, helvetica, sans-serif;font-size: 16px\">ODM\/OEM<\/span><\/p>\n<\/td>\n<td valign=\"top\" width=\"373\">\n<p><span style=\"font-family: arial, helvetica, sans-serif;font-size: 16px\">Dispon\u00edvel<\/span><\/p>\n<\/td>\n<\/tr>\n<tr>\n<td valign=\"top\" width=\"373\">\n<p><span style=\"font-family: arial, helvetica, sans-serif;font-size: 16px\">MOQ para pedido personalizado<\/span><\/p>\n<\/td>\n<td valign=\"top\" width=\"373\">\n<p><span style=\"font-family: arial, helvetica, sans-serif;font-size: 16px\">3000 unidades<\/span><\/p>\n<\/td>\n<\/tr>\n<tr>\n<td valign=\"top\" width=\"373\">\n<p><span style=\"font-family: arial, helvetica, sans-serif;font-size: 16px\">Custo da amostra<\/span><\/p>\n<\/td>\n<td valign=\"top\" width=\"373\">\n<p><span style=\"font-family: arial, helvetica, sans-serif;font-size: 16px\">US$400\/Sample, retorno total ap\u00f3s um pedido nosso<\/span><\/p>\n<\/td>\n<\/tr>\n<\/tbody>\n<\/table>\n<p style=\"line-height: 1.5\"><span style=\"font-family: arial, helvetica, sans-serif;font-size: 16px\">&nbsp;<\/span><\/p>\n<p style=\"line-height: 1.5\"><span style=\"font-family: arial, helvetica, sans-serif;font-size: 16px\">Kit preparado com 20 variedades de sementes de ervas: \u00c9 f\u00e1cil - eliminamos as suposi\u00e7\u00f5es no cultivo de ervas a partir de sementes, orientando voc\u00ea em cada passo do caminho. Tudo o que voc\u00ea precisa para trazer a alegria da erva para a sua vida ou para a de seu ente querido em uma linda sacola. Planta isso!<\/span><\/p>\n<p style=\"line-height: 1.5\"><span style=\"font-family: arial, helvetica, sans-serif;font-size: 16px\">&nbsp;<\/span><\/p>\n<h3 style=\"line-height: 1.5;font-size: 19px\"><span style=\"font-family: arial, helvetica, sans-serif;font-size: 16px\">Os seguintes itens est\u00e3o inclu\u00eddos no kit.<\/span><\/h3>\n<p style=\"line-height: 1.5\"><span style=\"font-family: arial, helvetica, sans-serif;font-size: 16px\">20 variedades de ervas, como Feij\u00e3o Contender, Br\u00f3colis Waltham, Couve Escocesa Azul, Ervilhas Oregon, Tomates Marglobe Heirloom, Ab\u00f3bora Black Beauty Summer e muito mais.<\/span><\/p>\n<p style=\"line-height: 1.5\"><span style=\"font-family: arial, helvetica, sans-serif;font-size: 16px\">1 Guia de plantio passo a passo<\/span><\/p>\n<p style=\"line-height: 1.5\"><span style=\"font-family: arial, helvetica, sans-serif;font-size: 16px\">1 saco de embalagem personalizado<\/span><\/p>\n<p style=\"line-height: 1.5\"><span style=\"font-family: arial, helvetica, sans-serif;font-size: 16px\">Encontre 20 das ervas culin\u00e1rias mais populares com 20 etiquetas de plantas. Pare de comprar ervas secas, estragadas e sem gosto e comece a cultivar seu pr\u00f3prio jardim de ervas dentro ou fora de casa. Nada supera ervas frescas e um lindo jardim. \u00d3timo para ch\u00e1s de ervas culin\u00e1rias ou medicinais.<\/span><\/p>\n<p style=\"line-height: 1.5\"><span style=\"font-family: arial, helvetica, sans-serif;font-size: 16px\">&nbsp;<\/span><\/p>\n<p style=\"line-height: 1.5\"><span style=\"font-family: arial, helvetica, sans-serif;font-size: 16px\">\u00d3timo presente para um jardineiro-chef-sobrevivente - nada melhor do que um saco de sementes para um jardineiro ter um jardim abundante, ou para quem quer estar preparado para emerg\u00eancias. Temos uma grande cole\u00e7\u00e3o de sementes, incluindo instru\u00e7\u00f5es de plantio e etiquetas de plantas para cada erva.<\/span><\/p>\n<p style=\"line-height: 1.5\"><span style=\"font-family: arial, helvetica, sans-serif;font-size: 16px\">&nbsp;<\/span><\/p>\n<p style=\"line-height: 1.5\"><span style=\"font-family: arial, helvetica, sans-serif;font-size: 16px\">Mais de 6.000 sementes em cada pacote e folha de instru\u00e7\u00f5es \u2013 nossa variedade de pacotes de sementes tradicionais vem em uma variedade de sementes com altas taxas de germina\u00e7\u00e3o. As sementes s\u00e3o embaladas em sacos de mylar imperme\u00e1veis e ressel\u00e1veis para manter o frescor e a qualidade das sementes. \u00c9 um \u00f3timo complemento para seus suprimentos de sacos de insetos e itens de prepara\u00e7\u00e3o para emerg\u00eancias.<\/span><\/p>\n<p style=\"line-height: 1.5\"><span style=\"font-family: arial, helvetica, sans-serif;font-size: 16px\">&nbsp;<\/span><\/p>\n<p style=\"line-height: 1.5\"><span style=\"font-family: arial, helvetica, sans-serif;font-size: 16px\">Ervas frescas durante todo o ano Jardim de ervas interno ou externo - Plante sementes dentro de casa o ano todo como um jardim de ervas na janela ou transfira-as para um plantador de alimenta\u00e7\u00e3o para desfrutar de ervas incr\u00edveis o ano todo. Estes podem ser usados como jardins de ervas internos, kits de jardinagem, jardins de ervas de cozinha ou como canteiros de jardim ao ar livre. Plante mais para usar como brotos ou microgreens.<\/span><\/p>\n<p style=\"line-height: 1.5\"><span style=\"font-family: arial, helvetica, sans-serif;font-size: 16px\">&nbsp;<\/span><\/p>\n<p style=\"line-height: 1.5\"><span style=\"font-family: arial, helvetica, sans-serif;font-size: 16px\">Fabricado na China \u2013 Nossas sementes de jardim s\u00e3o provenientes de forma sustent\u00e1vel na China. Confie na nossa qualidade e garanta a satisfa\u00e7\u00e3o 100%. Essas sementes podem ser usadas com vagens de sementes de jardim aerodin\u00e2mico *** NOTA *** Algumas variedades t\u00eam sementes muito pequenas e n\u00e3o parecem ter o n\u00famero correto de sementes. Verificamos v\u00e1rias vezes a contagem de sementes e sempre foi calculada corretamente. Deixe-nos saber se voc\u00ea tiver alguma d\u00favida<\/span><\/p>\n<p style=\"line-height: 1.5\"><span style=\"font-family: arial, helvetica, sans-serif;font-size: 16px\"><\/span><\/p>\n<h3 style=\"line-height: 1.5;font-size: 19px\"><span style=\"font-family: arial, helvetica, sans-serif\">Por que comprar sementes tradicionais?<\/span><\/h3>\n<p style=\"line-height: 1.5\"><span style=\"font-family: arial, helvetica, sans-serif\">O conjunto de sementes de vegetais tradicionais inclui 39 variedades de sementes de vegetais de poliniza\u00e7\u00e3o aberta, selecionadas manualmente, n\u00e3o h\u00edbridas, n\u00e3o geneticamente modificadas. A maioria dos vegetais que voc\u00ea compra no supermercado s\u00e3o sementes \u201ch\u00edbridas\u201d, o que significa que foram geneticamente modificadas para produzir os produtos mais bonitos para exibi\u00e7\u00e3o. Isto \u00e9 um problema se voc\u00ea est\u00e1 tentando salvar as sementes deste produto \u2013 por qu\u00ea? \u2013 Vejamos os piment\u00f5es verdes, por exemplo, eles foram modificados em laborat\u00f3rio para produzir casca verde brilhante e frutas crocantes, ent\u00e3o os dois vegetais foram \u201ccruzados\u201d para produzir este lindo piment\u00e3o verde. As sementes desse cara poderiam dar origem a piment\u00f5es verdes ou qualquer coisa hibridizada com eles!\u201d.<\/span><\/p>\n<p style=\"line-height: 1.5\"><span style=\"font-family: arial, helvetica, sans-serif\">Heran\u00e7as s\u00e3o sementes que foram transmitidas por mais de 75 anos ou sementes que cresceram a partir da fruta original. S\u00e3o verdadeiras rel\u00edquias de fam\u00edlia \u2013 com sabor e resist\u00eancia deliciosos. As variedades tradicionais selecionadas em nosso kit florescer\u00e3o em todas as regi\u00f5es (com os devidos cuidados, \u00e9 claro). A maioria dessas sementes tem vida \u00fatil de 10 anos se armazenadas adequadamente em local fresco, escuro e seco. Se voc\u00ea ainda est\u00e1 cultivando seu polegar verde, recomendamos o \u201cNov\u00edssimo. Livro de jardinagem com p\u00e9s quadrados \u2013 \u00f3timas dicas e ideias para o jardineiro iniciante ou para aqueles com espa\u00e7o de jardinagem limitado.<\/span><\/p>\n<p style=\"line-height: 1.5\"><span style=\"font-family: arial, helvetica, sans-serif\">O conjunto de sementes de vegetais tradicionais inclui mais de 4.500 sementes tradicionais<\/span><\/p><\/p>","protected":false},"excerpt":{"rendered":"<p>Kit de sementes de ervas preparadas com 20 variedades: \u00c9 f\u00e1cil - eliminamos as suposi\u00e7\u00f5es sobre o cultivo de ervas a partir de sementes, orientando voc\u00ea a cada passo do caminho. Tudo o que voc\u00ea precisa para trazer a alegria da erva para sua vida ou para a vida de seu ente querido em uma linda sacola. Planta isso!<\/p>","protected":false},"featured_media":12176,"comment_status":"open","ping_status":"closed","template":"","meta":[],"product_cat":[59],"product_tag":[491,279,489,490],"acf":[],"_links":{"self":[{"href":"https:\/\/www.garden-kit.com\/pt\/wp-json\/wp\/v2\/product\/4164"}],"collection":[{"href":"https:\/\/www.garden-kit.com\/pt\/wp-json\/wp\/v2\/product"}],"about":[{"href":"https:\/\/www.garden-kit.com\/pt\/wp-json\/wp\/v2\/types\/product"}],"replies":[{"embeddable":true,"href":"https:\/\/www.garden-kit.com\/pt\/wp-json\/wp\/v2\/comments?post=4164"}],"wp:featuredmedia":[{"embeddable":true,"href":"https:\/\/www.garden-kit.com\/pt\/wp-json\/wp\/v2\/media\/12176"}],"wp:attachment":[{"href":"https:\/\/www.garden-kit.com\/pt\/wp-json\/wp\/v2\/media?parent=4164"}],"wp:term":[{"taxonomy":"product_cat","embeddable":true,"href":"https:\/\/www.garden-kit.com\/pt\/wp-json\/wp\/v2\/product_cat?post=4164"},{"taxonomy":"product_tag","embeddable":true,"href":"https:\/\/www.garden-kit.com\/pt\/wp-json\/wp\/v2\/product_tag?post=4164"}],"curies":[{"name":"wp","href":"https:\/\/api.w.org\/{rel}","templated":true}]}}