{"id":4223,"date":"2022-10-19T15:30:56","date_gmt":"2022-10-19T07:30:56","guid":{"rendered":"https:\/\/www.garden-kit.com\/product\/wildflower-seeds-1-4-lb-bulk-perennial-wild-flower-seeds-mix\/"},"modified":"2024-03-07T10:19:00","modified_gmt":"2024-03-07T02:19:00","slug":"bulk-perennial-wild-flower-seeds-mix","status":"publish","type":"product","link":"https:\/\/www.garden-kit.com\/pt\/product\/bulk-perennial-wild-flower-seeds-mix\/","title":{"rendered":"Cart\u00f5es de visita de sementes de flores silvestres"},"content":{"rendered":"<h3 style=\"font-size: 19px\">Vis\u00e3o geral<\/h3>\n<table border=\"1\" cellspacing=\"0\" style=\"border-collapse: collapse;width: 100%;height: 273px\">\n<tbody>\n<tr style=\"height: 31px\">\n<td valign=\"top\" width=\"373\" style=\"width: 49.5352%;height: 31px\">\n<p><span style=\"font-family: 'PingFang SC', 'Microsoft YaHei', sans-serif;font-size: 16px\">Instru\u00e7\u00f5es de cuidados com o produto<\/span><\/p>\n<\/td>\n<td valign=\"top\" width=\"373\" style=\"width: 49.5352%;height: 31px\">\n<p><span style=\"font-family: 'PingFang SC', 'Microsoft YaHei', sans-serif;font-size: 16px\">Dispon\u00edvel<\/span><\/p>\n<\/td>\n<\/tr>\n<tr style=\"height: 35px\">\n<td valign=\"top\" width=\"373\" style=\"width: 49.5352%;height: 35px\">\n<p><span style=\"font-family: 'PingFang SC', 'Microsoft YaHei', sans-serif;font-size: 16px\">Tipo de produto vegetal<\/span><\/p>\n<\/td>\n<td valign=\"top\" width=\"373\" style=\"width: 49.5352%;height: 35px\">\n<p style=\"line-height: 1.5\"><span style=\"font-family: 'PingFang SC', 'Microsoft YaHei', sans-serif;font-size: 16px\">Sementes de flores silvestres<\/span><\/p>\n<\/td>\n<\/tr>\n<tr style=\"height: 31px\">\n<td valign=\"top\" width=\"373\" style=\"width: 49.5352%;height: 31px\">\n<p><span style=\"font-family: 'PingFang SC', 'Microsoft YaHei', sans-serif;font-size: 16px\">Caracter\u00edstica especial<\/span><\/p>\n<\/td>\n<td valign=\"top\" width=\"373\" style=\"width: 49.5352%;height: 31px\">\n<p><span style=\"font-family: 'PingFang SC', 'Microsoft YaHei', sans-serif;font-size: 16px\">Cultivo interno-externo<\/span><\/p>\n<\/td>\n<\/tr>\n<tr style=\"height: 31px\">\n<td valign=\"top\" width=\"373\" style=\"width: 49.5352%;height: 31px\">\n<p><span style=\"font-family: 'PingFang SC', 'Microsoft YaHei', sans-serif;font-size: 16px\">Marca<\/span><\/p>\n<\/td>\n<td valign=\"top\" width=\"373\" style=\"width: 49.5352%;height: 31px\">\n<p><span style=\"font-family: 'PingFang SC', 'Microsoft YaHei', sans-serif;font-size: 16px\">kit jardim<\/span><\/p>\n<\/td>\n<\/tr>\n<tr style=\"height: 31px\">\n<td valign=\"top\" width=\"373\" style=\"width: 49.5352%;height: 31px\">\n<p><span style=\"font-family: 'PingFang SC', 'Microsoft YaHei', sans-serif;font-size: 16px\">Lugar de origem<\/span><\/p>\n<\/td>\n<td valign=\"top\" width=\"373\" style=\"width: 49.5352%;height: 31px\">\n<p><span style=\"font-family: 'PingFang SC', 'Microsoft YaHei', sans-serif;font-size: 16px\">Fujian, China<\/span><\/p>\n<\/td>\n<\/tr>\n<tr style=\"height: 31px\">\n<td valign=\"top\" width=\"373\" style=\"width: 49.5352%;height: 31px\">\n<p><span style=\"font-family: 'PingFang SC', 'Microsoft YaHei', sans-serif;font-size: 16px\">ODM\/OEM<\/span><\/p>\n<\/td>\n<td valign=\"top\" width=\"373\" style=\"width: 49.5352%;height: 31px\">\n<p><span style=\"font-family: 'PingFang SC', 'Microsoft YaHei', sans-serif;font-size: 16px\">Dispon\u00edvel<\/span><\/p>\n<\/td>\n<\/tr>\n<tr style=\"height: 31px\">\n<td valign=\"top\" width=\"373\" style=\"width: 49.5352%;height: 31px\">\n<p><span style=\"font-family: 'PingFang SC', 'Microsoft YaHei', sans-serif;font-size: 16px\">MOQ para pedido personalizado<\/span><\/p>\n<\/td>\n<td valign=\"top\" width=\"373\" style=\"width: 49.5352%;height: 31px\">\n<p><span style=\"font-family: 'PingFang SC', 'Microsoft YaHei', sans-serif;font-size: 16px\">3000 unidades<\/span><\/p>\n<\/td>\n<\/tr>\n<tr style=\"height: 52px\">\n<td valign=\"top\" width=\"373\" style=\"width: 49.5352%;height: 52px\">\n<p><span style=\"font-family: 'PingFang SC', 'Microsoft YaHei', sans-serif;font-size: 16px\">Custo da amostra<\/span><\/p>\n<\/td>\n<td valign=\"top\" width=\"373\" style=\"width: 49.5352%;height: 52px\">\n<p><span style=\"font-family: 'PingFang SC', 'Microsoft YaHei', sans-serif;font-size: 16px\">US$400\/Sample, retorno total ap\u00f3s um pedido nosso<\/span><\/p>\n<\/td>\n<\/tr>\n<\/tbody>\n<\/table>\n<p style=\"line-height: 1.5\"><span style=\"font-family: 'PingFang SC', 'Microsoft YaHei', sans-serif;font-size: 16px\"><\/span><\/p>\n<p style=\"line-height: 1.5\"><span style=\"font-family: 'PingFang SC', 'Microsoft YaHei', sans-serif;font-size: 16px\">Outra considera\u00e7\u00e3o na \u00e9poca do plantio \u00e9 o tipo de semente da flor. Por exemplo, variedades perenes podem ser semeadas na maior parte do ano, mas n\u00e3o germinam e florescem quando voc\u00ea deseja. A maioria das variedades perenes precisa de um inverno antes de florescer. Uma variedade anual que cresce, floresce rapidamente e morre antes da geada. Ou seja, se voc\u00ea semear plantas anuais no meio do ver\u00e3o, mesmo que o clima esteja perfeito para o cultivo, voc\u00ea n\u00e3o ver\u00e1 muitas flores por causa das geadas que v\u00eam com elas. Se semear produtos combinados (incluindo variedades anuais e perenes), independentemente da semeadura de outono, semeadura de primavera ou semeadura no in\u00edcio do ver\u00e3o, as variedades anuais florescer\u00e3o no mesmo ano, enquanto o segundo ano ser\u00e1 o efeito paisag\u00edstico apresentado pelas variedades perenes e anuais variedades com forte capacidade de auto-semeadura.<\/span><\/p>\n<p style=\"line-height: 1.5\"><span style=\"font-family: 'PingFang SC', 'Microsoft YaHei', sans-serif;font-size: 16px\"><\/span><\/p>\n<p style=\"line-height: 1.5\"><span style=\"font-family: 'PingFang SC', 'Microsoft YaHei', sans-serif;font-size: 16px\">Kit preparado de sementes de flores silvestres de 18 pe\u00e7as: \u00c9 f\u00e1cil - eliminamos as suposi\u00e7\u00f5es ao cultivar flores silvestres a partir de sementes, orientando voc\u00ea em cada etapa do caminho. Tudo o que voc\u00ea precisa para trazer a alegria das flores silvestres para a sua vida ou para a de seu ente querido em uma linda sacola. Planta isso!<\/span><\/p>\n<p style=\"line-height: 1.5\"><span style=\"font-family: 'PingFang SC', 'Microsoft YaHei', sans-serif;font-size: 16px\">&nbsp;<\/span><\/p>\n<h3 style=\"font-size: 19px\">Os seguintes itens est\u00e3o inclu\u00eddos no kit.<\/h3>\n<p><span style=\"font-family: 'PingFang SC', 'Microsoft YaHei', sans-serif\"><span style=\"font-size: 16px\">18 variedades de sementes de ervas, como Shasta Daisies, Black Eyed SChinans, Blue Flax e muito mais.<\/span><\/span><\/p>\n<p style=\"line-height: 1.5\"><span style=\"font-family: 'PingFang SC', 'Microsoft YaHei', sans-serif;font-size: 16px\">1 Guia de plantio passo a passo<\/span><\/p>\n<p style=\"line-height: 1.5\"><span style=\"font-family: 'PingFang SC', 'Microsoft YaHei', sans-serif;font-size: 16px\">1 saco de embalagem personalizado<\/span><\/p>\n<p style=\"line-height: 1.5\"><span style=\"font-family: 'PingFang SC', 'Microsoft YaHei', sans-serif;font-size: 16px\">&nbsp;<\/span><\/p>\n<p style=\"line-height: 1.5\"><span style=\"font-family: 'PingFang SC', 'Microsoft YaHei', sans-serif;font-size: 16px\">4 on\u00e7as de sementes puras, sem enchimento (2 vezes mais do que outras marcas) \u2013 diferente de outros sacos de flores silvestres, fornecemos o dobro da quantidade de sementes. Para cada sacola, garantimos os produtos que vendemos! Com essas sementes, voc\u00ea pode cultivar um lindo jardim e desfrutar de uma variedade vibrante de flores diferentes.<\/span><\/p>\n<p style=\"line-height: 1.5\"><span style=\"font-family: 'PingFang SC', 'Microsoft YaHei', sans-serif;font-size: 16px\">&nbsp;<\/span><\/p>\n<p style=\"line-height: 1.5\"><span style=\"font-family: 'PingFang SC', 'Microsoft YaHei', sans-serif;font-size: 16px\">Leve p\u00e1ssaros e abelhas para casa \u2013 esta mistura de flores silvestres permite trazer lindas borboletas e outros polinizadores para dar mais vida ao seu jardim. As abelhas gostam dessas flores silvestres em plena flora\u00e7\u00e3o!<\/span><\/p>\n<p style=\"line-height: 1.5\"><span style=\"font-family: 'PingFang SC', 'Microsoft YaHei', sans-serif;font-size: 16px\">&nbsp;<\/span><\/p>\n<p style=\"line-height: 1.5\"><span style=\"font-family: 'PingFang SC', 'Microsoft YaHei', sans-serif;font-size: 16px\">18 variedades \u2013 germina\u00e7\u00e3o r\u00e1pida \u2013 crescendo durante toda a temporada \u2013 voc\u00ea n\u00e3o ficar\u00e1 desapontado com a variedade misturada nesta flor silvestre. Com 18 variedades exclusivas de flores silvestres, voc\u00ea obter\u00e1 uma excelente mistura de cores e tipos de flores. Eles s\u00e3o bons presentes de jardim ou presentes de festa.<\/span><\/p>\n<p style=\"line-height: 1.5\"><span style=\"font-family: 'PingFang SC', 'Microsoft YaHei', sans-serif;font-size: 16px\">&nbsp;<\/span><\/p>\n<p style=\"line-height: 1.5\"><span style=\"font-family: 'PingFang SC', 'Microsoft YaHei', sans-serif;font-size: 16px\">Plante um lindo jardim - essas sementes mistas de flores perenes crescer\u00e3o at\u00e9 cerca de 24 a 36 \u201cde altura e cobrir\u00e3o uma \u00e1rea de cerca de 400 p\u00e9s quadrados. Aprecie as lindas flores silvestres e observe-as crescer.<\/span><\/p>\n<p style=\"line-height: 1.5\"><span style=\"font-family: 'PingFang SC', 'Microsoft YaHei', sans-serif;font-size: 16px\">&nbsp;<\/span><\/p>\n<p style=\"line-height: 1.5\"><span style=\"font-family: 'PingFang SC', 'Microsoft YaHei', sans-serif\"><span style=\"font-size: 16px\">Espere pacientemente pela beleza \u2013 desde que haja um pouco de \u00e1gua e um per\u00edodo de tempo, essas pequenas sementes se transformar\u00e3o em flores silvestres incr\u00edveis. Se houver alguma chance de voc\u00ea n\u00e3o estar satisfeito com sua compra, entre em contato conosco e n\u00f3s consertaremos.<\/span><span style=\"font-size: 16px\"><\/span><\/span><\/p>\n<p style=\"line-height: 1.5\"><span style=\"font-family: 'PingFang SC', 'Microsoft YaHei', sans-serif;font-size: 16px\"><\/span><\/p>\n<p style=\"line-height: 1.5\"><span style=\"font-family: 'PingFang SC', 'Microsoft YaHei', sans-serif;font-size: 16px\">Nosso portf\u00f3lio de lindas sementes de flores silvestres perenes trar\u00e1 a voc\u00ea a beleza da natureza duradoura. As flores silvestres perenes, que crescem ano ap\u00f3s ano, s\u00e3o perfeitas para gramados e jardins para atrair p\u00e1ssaros, abelhas e borboletas. Nosso mix colorido apresenta 15 plantas perenes e bienais, incluindo tremo\u00e7o, equin\u00e1cea, redbud e muito mais. Quatro variedades anuais fornecem a cor da primeira temporada \u00e0 medida que as plantas perenes amadurecem. Todas as nossas sementes n\u00e3o s\u00e3o OGM, livres de neonicotin\u00f3ides, 100% puras e com crescimento garantido.<\/span><\/p>\n<p style=\"line-height: 1.5\"><span style=\"font-family: 'PingFang SC', 'Microsoft YaHei', sans-serif;font-size: 16px\"><\/span><\/p>\n<p><span style=\"font-family: 'PingFang SC', 'Microsoft YaHei', sans-serif\">A gest\u00e3o da \u00e1gua \u00e9 um fator chave no cultivo e manuten\u00e7\u00e3o de flores silvestres.<\/span><\/p>\n<p><span style=\"font-family: 'PingFang SC', 'Microsoft YaHei', sans-serif\">\u2460 A rega come\u00e7a ap\u00f3s a semeadura das sementes. Em princ\u00edpio, durante a germina\u00e7\u00e3o precoce e o crescimento inicial das mudas, borrife \u00e1gua 1-2 vezes ao dia para manter a camada do solo cerca de 10 cm \u00famida. Nunca interrompa o abastecimento de \u00e1gua at\u00e9 a metade.<\/span><\/p>\n<p><span style=\"font-family: 'PingFang SC', 'Microsoft YaHei', sans-serif\">\u2461 Ap\u00f3s o crescimento das mudas, reduza gradativamente a quantidade de rega. No entanto, durante o per\u00edodo de crescimento de um m\u00eas das mudas, deve ser garantido um abastecimento de \u00e1gua suficiente. No ver\u00e3o quente, o trov\u00e3o precisa de at\u00e9 10 mm de umidade.<\/span><\/p>\n<p><span style=\"font-family: 'PingFang SC', 'Microsoft YaHei', sans-serif\">Controle de ervas daninhas<\/span><\/p>\n<p><span style=\"font-family: 'PingFang SC', 'Microsoft YaHei', sans-serif\">\u2460 De acordo com o crescimento das mudas, a remo\u00e7\u00e3o de ervas daninhas e o desbaste das mudas geralmente s\u00e3o iniciados ap\u00f3s um m\u00eas. Nesse per\u00edodo, devemos estar atentos \u00e0 distin\u00e7\u00e3o entre ervas daninhas e mudas de flores. Se n\u00e3o consegue distinguir bem, deve consultar os profissionais das empresas profissionais no local, caso contr\u00e1rio prefere n\u00e3o ter pressa em tirar o mato.<\/span><\/p>\n<p><span style=\"font-family: 'PingFang SC', 'Microsoft YaHei', sans-serif\">\u2461 Durante o per\u00edodo de crescimento, remover ervas daninhas uma vez por m\u00eas \u00e9 uma condi\u00e7\u00e3o importante para garantir que a combina\u00e7\u00e3o de flores silvestres flores\u00e7a conforme programado e tenha um bom desempenho geral.<\/span><\/p>\n<p><span style=\"font-family: 'PingFang SC', 'Microsoft YaHei', sans-serif\">\u2462 Recomenda-se realizar o controle de ervas daninhas em duas etapas. Primeiro, regue antes de semear e plantar para promover o crescimento \u00e0 sombra, remo\u00e7\u00e3o de ancinhos ou aplica\u00e7\u00e3o de herbicidas, etc.; em segundo lugar, remova as ervas daninhas a tempo, quando as sementes das flores estiverem \u00e0 sombra, para evitar a propaga\u00e7\u00e3o.<span style=\"font-size: 16px\"><\/span><\/span><\/p>\n<p><span style=\"font-family: 'PingFang SC', 'Microsoft YaHei', sans-serif\"><\/span><\/p>\n<p>No mundo de hoje, as empresas procuram cada vez mais formas de promover os seus produtos ou servi\u00e7os e, ao mesmo tempo, terem consci\u00eancia ambiental. Os cart\u00f5es de visita de sementes de flores silvestres oferecem uma solu\u00e7\u00e3o \u00fanica e sustent\u00e1vel para este desafio.<\/p>\n<h3 style=\"font-size: 19px\">O que s\u00e3o cart\u00f5es de visita de sementes de flores silvestres?<\/h3>\n<p>Os cart\u00f5es de visita de sementes de flores silvestres s\u00e3o um tipo de cart\u00e3o de visita que cont\u00e9m sementes embutidas no papel. Quando plantados, esses cart\u00f5es podem se transformar em flores silvestres, tornando-os uma forma ecol\u00f3gica e memor\u00e1vel de promover o seu neg\u00f3cio.<\/p>\n<h3 style=\"font-size: 19px\">Por que escolher cart\u00f5es de visita de sementes de flores silvestres?<\/h3>\n<p>1. Sustent\u00e1vel<br \/>Os cart\u00f5es de visita de sementes de flores silvestres s\u00e3o uma excelente escolha para empresas que desejam reduzir seu impacto ambiental. Ao contr\u00e1rio dos cart\u00f5es de visita tradicionais, que muitas vezes s\u00e3o descartados ap\u00f3s o uso, os cart\u00f5es de visita com sementes de flores silvestres podem ser plantados e transformados em lindas flores. Isto n\u00e3o s\u00f3 ajuda a reduzir o desperd\u00edcio, mas tamb\u00e9m promove a biodiversidade e apoia o ecossistema local.<\/p>\n<p>2. \u00danico<br \/>Os cart\u00f5es de visita de sementes de flores silvestres certamente causar\u00e3o uma impress\u00e3o duradoura nos clientes em potencial. Eles oferecem uma maneira \u00fanica e criativa de mostrar sua marca e se destacar dos concorrentes. Al\u00e9m disso, mostram que seu neg\u00f3cio \u00e9 inovador e se preocupa com o meio ambiente.<\/p>\n<p>3. Acess\u00edvel<br \/>Apesar de seus muitos benef\u00edcios, o cart\u00e3o de visita de sementes de flores silvestres \u00e9 surpreendentemente acess\u00edvel. Eles est\u00e3o dispon\u00edveis em diversos tamanhos e formatos e podem ser personalizados com seu logotipo ou design. Isso os torna uma op\u00e7\u00e3o atraente para empresas de todos os tamanhos.<\/p>\n<h3 style=\"font-size: 19px\">Como funcionam os cart\u00f5es de visita de sementes de flores silvestres?<\/h3>\n<p>O cart\u00e3o de visita de sementes de flores silvestres \u00e9 feito com papel reciclado infundido com sementes de flores silvestres. As sementes utilizadas s\u00e3o normalmente escolhidas de acordo com a marca ou localiza\u00e7\u00e3o da empresa. Por exemplo, um florista pode optar por usar sementes para uma variedade de flores coloridas, enquanto uma empresa localizada em uma regi\u00e3o des\u00e9rtica pode optar por sementes tolerantes \u00e0 seca.<\/p>\n<p>Quando distribu\u00eddo, os destinat\u00e1rios podem plantar o cart\u00e3o inteiro ou arrancar um pequeno peda\u00e7o e plant\u00e1-lo. Ap\u00f3s o plantio, as sementes germinar\u00e3o e se transformar\u00e3o em lindas flores silvestres, proporcionando uma lembran\u00e7a duradoura do seu neg\u00f3cio.<\/p>\n<h3 style=\"font-size: 19px\">Dicas para usar cart\u00f5es de visita de sementes de flores silvestres<\/h3>\n<p>1. Escolha as sementes certas<br \/>Ao selecionar sementes para seus cart\u00f5es de visita de sementes de flores silvestres, \u00e9 importante escolher sementes apropriadas para sua localiza\u00e7\u00e3o e clima. Isso garantir\u00e1 que as flores cres\u00e7am com sucesso e tenham a melhor apar\u00eancia.<\/p>\n<p>2. Use papel de alta qualidade<br \/>A qualidade do papel utilizado pode afetar o crescimento das sementes. \u00c9 essencial usar papel de alta qualidade que tenha sido projetado especificamente para essa finalidade.<\/p>\n<p>3. Inclua instru\u00e7\u00f5es de plantio<br \/>Certifique-se de incluir instru\u00e7\u00f5es de plantio em seus cart\u00f5es de visita de sementes de flores silvestres. Isto ajudar\u00e1 os destinat\u00e1rios a saber exatamente como plantar as sementes e garantir que elas cres\u00e7am e se tornem plantas saud\u00e1veis.<\/p>\n<p>4. Distribua estrategicamente<br \/>Para aproveitar ao m\u00e1ximo seus cart\u00f5es de visita de sementes de flores silvestres, distribua-os estrategicamente. Considere distribu\u00ed-los em feiras comerciais ou eventos onde \u00e9 prov\u00e1vel que clientes em potencial estejam presentes. Voc\u00ea tamb\u00e9m pode inclu\u00ed-los em correspond\u00eancias ou como parte de um pacote promocional.<\/p><\/p>","protected":false},"excerpt":{"rendered":"<p><span style=\"font-family: 'PingFang SC', 'Microsoft YaHei', sans-serif\">Kit de sementes de flores silvestres preparado com 18 pe\u00e7as: \u00c9 f\u00e1cil - eliminamos as suposi\u00e7\u00f5es ao cultivar flores silvestres a partir de sementes, guiando voc\u00ea a cada passo do caminho. Tudo o que voc\u00ea precisa para trazer a alegria da flor silvestre para a sua vida ou para a vida de seu ente querido em uma linda sacola. Planta isso!<\/span><\/p>\n<p><span style=\"font-family: 'PingFang SC', 'Microsoft YaHei', sans-serif\">Os cart\u00f5es de visita de sementes de flores silvestres s\u00e3o uma op\u00e7\u00e3o \u00fanica e ecol\u00f3gica para cart\u00f5es de visita que cont\u00eam sementes embutidas no papel. Quando plantados, esses cart\u00f5es podem se transformar em flores silvestres, tornando-os uma maneira sustent\u00e1vel e memor\u00e1vel de promover seus neg\u00f3cios.<\/span><\/p><\/p>","protected":false},"featured_media":17955,"comment_status":"closed","ping_status":"closed","template":"","meta":[],"product_cat":[59],"product_tag":[833,835,378,379,380,382,381,834,832,377],"acf":[],"_links":{"self":[{"href":"https:\/\/www.garden-kit.com\/pt\/wp-json\/wp\/v2\/product\/4223"}],"collection":[{"href":"https:\/\/www.garden-kit.com\/pt\/wp-json\/wp\/v2\/product"}],"about":[{"href":"https:\/\/www.garden-kit.com\/pt\/wp-json\/wp\/v2\/types\/product"}],"replies":[{"embeddable":true,"href":"https:\/\/www.garden-kit.com\/pt\/wp-json\/wp\/v2\/comments?post=4223"}],"wp:featuredmedia":[{"embeddable":true,"href":"https:\/\/www.garden-kit.com\/pt\/wp-json\/wp\/v2\/media\/17955"}],"wp:attachment":[{"href":"https:\/\/www.garden-kit.com\/pt\/wp-json\/wp\/v2\/media?parent=4223"}],"wp:term":[{"taxonomy":"product_cat","embeddable":true,"href":"https:\/\/www.garden-kit.com\/pt\/wp-json\/wp\/v2\/product_cat?post=4223"},{"taxonomy":"product_tag","embeddable":true,"href":"https:\/\/www.garden-kit.com\/pt\/wp-json\/wp\/v2\/product_tag?post=4223"}],"curies":[{"name":"wp","href":"https:\/\/api.w.org\/{rel}","templated":true}]}}