{"id":4255,"date":"2022-10-19T15:38:06","date_gmt":"2022-10-19T07:38:06","guid":{"rendered":"https:\/\/www.garden-kit.com\/product\/medicinal-herb-seeds-collection-6-heirloom-tea-seeds\/"},"modified":"2023-03-31T15:29:30","modified_gmt":"2023-03-31T07:29:30","slug":"medicinal-herb-seeds-collection","status":"publish","type":"product","link":"https:\/\/www.garden-kit.com\/pt\/product\/medicinal-herb-seeds-collection\/","title":{"rendered":"Cole\u00e7\u00e3o de sementes de ervas medicinais"},"content":{"rendered":"<h3 style=\"line-height: 1.5;font-size: 19px\"><span style=\"font-family: arial, helvetica, sans-serif;font-size: 16px\">Vis\u00e3o geral<\/span><\/h3>\n<table border=\"1\" cellspacing=\"0\" style=\"border-collapse: collapse;width: 100%\">\n<tbody>\n<tr>\n<td valign=\"top\" width=\"373\">\n<p><span style=\"font-family: arial, helvetica, sans-serif;font-size: 16px\">Instru\u00e7\u00f5es de cuidados com o produto<\/span><\/p>\n<\/td>\n<td valign=\"top\" width=\"373\">\n<p><span style=\"font-family: arial, helvetica, sans-serif;font-size: 16px\">Dispon\u00edvel<\/span><\/p>\n<\/td>\n<\/tr>\n<tr>\n<td valign=\"top\" width=\"373\">\n<p><span style=\"font-family: arial, helvetica, sans-serif;font-size: 16px\">Tipo de produto vegetal<\/span><\/p>\n<\/td>\n<td valign=\"top\" width=\"373\">\n<p><span style=\"font-family: arial, helvetica, sans-serif;font-size: 16px\">erva medicinal<\/span><\/p>\n<\/td>\n<\/tr>\n<tr>\n<td valign=\"top\" width=\"373\">\n<p><span style=\"font-family: arial, helvetica, sans-serif;font-size: 16px\">Caracter\u00edstica especial<\/span><\/p>\n<\/td>\n<td valign=\"top\" width=\"373\">\n<p><span style=\"font-family: arial, helvetica, sans-serif;font-size: 16px\">Cultivo interno-externo<\/span><\/p>\n<\/td>\n<\/tr>\n<tr>\n<td valign=\"top\" width=\"373\">\n<p><span style=\"font-family: arial, helvetica, sans-serif;font-size: 16px\">Marca<\/span><\/p>\n<\/td>\n<td valign=\"top\" width=\"373\">\n<p><span style=\"font-family: arial, helvetica, sans-serif;font-size: 16px\">kit jardim<\/span><\/p>\n<\/td>\n<\/tr>\n<tr>\n<td valign=\"top\" width=\"373\">\n<p><span style=\"font-family: arial, helvetica, sans-serif;font-size: 16px\">Lugar de origem<\/span><\/p>\n<\/td>\n<td valign=\"top\" width=\"373\">\n<p><span style=\"font-family: arial, helvetica, sans-serif;font-size: 16px\">Fujian, China<\/span><\/p>\n<\/td>\n<\/tr>\n<tr>\n<td valign=\"top\" width=\"373\">\n<p><span style=\"font-family: arial, helvetica, sans-serif;font-size: 16px\">ODM\/OEM<\/span><\/p>\n<\/td>\n<td valign=\"top\" width=\"373\">\n<p><span style=\"font-family: arial, helvetica, sans-serif;font-size: 16px\">Dispon\u00edvel<\/span><\/p>\n<\/td>\n<\/tr>\n<tr>\n<td valign=\"top\" width=\"373\">\n<p><span style=\"font-family: arial, helvetica, sans-serif;font-size: 16px\">MOQ para pedido personalizado<\/span><\/p>\n<\/td>\n<td valign=\"top\" width=\"373\">\n<p><span style=\"font-family: arial, helvetica, sans-serif;font-size: 16px\">3000 unidades<\/span><\/p>\n<\/td>\n<\/tr>\n<tr>\n<td valign=\"top\" width=\"373\">\n<p><span style=\"font-family: arial, helvetica, sans-serif;font-size: 16px\">Custo da amostra<\/span><\/p>\n<\/td>\n<td valign=\"top\" width=\"373\">\n<p><span style=\"font-family: arial, helvetica, sans-serif;font-size: 16px\">US$400\/Sample, retorno total ap\u00f3s um pedido nosso<\/span><\/p>\n<\/td>\n<\/tr>\n<\/tbody>\n<\/table>\n<p style=\"line-height: 1.5\"><span style=\"font-family: arial, helvetica, sans-serif;font-size: 16px\">&nbsp;<\/span><\/p>\n<p style=\"line-height: 1.5\"><span style=\"font-family: arial, helvetica, sans-serif;font-size: 16px\">Kit de sementes de ch\u00e1 de ervas de 13 pe\u00e7as preparadas: \u00e9 f\u00e1cil - eliminamos as suposi\u00e7\u00f5es sobre o cultivo de ervas a partir de sementes, orientando voc\u00ea a cada passo do caminho. Tudo o que voc\u00ea precisa para trazer a alegria do ch\u00e1 de ervas para a sua vida ou a de seu ente querido em uma linda embalagem. Planta isso!<\/span><\/p>\n<p style=\"line-height: 1.5\"><span style=\"font-family: arial, helvetica, sans-serif;font-size: 16px\">&nbsp;<\/span><\/p>\n<h3 style=\"line-height: 1.5;font-size: 19px\"><span style=\"font-family: arial, helvetica, sans-serif;font-size: 16px\">Os seguintes itens est\u00e3o inclu\u00eddos no kit.<\/span><\/h3>\n<p style=\"line-height: 1.5\"><span style=\"font-family: arial, helvetica, sans-serif;font-size: 16px\">6 variedades de sementes de tomate, como camomila alem\u00e3, lavanda Vera, hortel\u00e3 comum, erva-cidreira, hortel\u00e3-pimenta, echinacea roxa<\/span><\/p>\n<p style=\"line-height: 1.5\"><span style=\"font-family: arial, helvetica, sans-serif;font-size: 16px\">6 marcadores de plantas<\/span><\/p>\n<p style=\"line-height: 1.5\"><span style=\"font-family: arial, helvetica, sans-serif;font-size: 16px\">1 Guia de plantio passo a passo<\/span><\/p>\n<p style=\"line-height: 1.5\"><span style=\"font-family: arial, helvetica, sans-serif;font-size: 16px\">1 saco de embalagem personalizado<\/span><\/p>\n<p style=\"line-height: 1.5\"><span style=\"font-family: arial, helvetica, sans-serif;font-size: 16px\">&nbsp;<\/span><\/p>\n<p style=\"line-height: 1.5\"><span style=\"font-family: arial, helvetica, sans-serif;font-size: 16px\">90%+ Germina\u00e7\u00e3o, Heran\u00e7a e N\u00e3o-OGM \u2013 Suas sementes s\u00e3o cultivadas, colhidas e testadas localmente antes do lan\u00e7amento. Diga adeus \u00e0s sementes in\u00fateis com nossas sementes de ervas de qualidade premium.<\/span><\/p>\n<p style=\"line-height: 1.5\"><span style=\"font-family: arial, helvetica, sans-serif;font-size: 16px\">&nbsp;<\/span><\/p>\n<p style=\"line-height: 1.5\"><span style=\"font-family: arial, helvetica, sans-serif;font-size: 16px\">6 sementes de ch\u00e1 de ervas \u2013 Tenha tudo o que voc\u00ea precisa para cultivar seu pr\u00f3prio jardim de ch\u00e1. Prepare os ch\u00e1s de ervas mais frescos diretamente de seu pr\u00f3prio jardim com estas sementes: camomila alem\u00e3, lavanda Vera, hortel\u00e3-pimenta comum, erva-cidreira, hortel\u00e3-pimenta, echinacea<\/span><\/p>\n<p style=\"line-height: 1.5\"><span style=\"font-family: arial, helvetica, sans-serif;font-size: 16px\">&nbsp;<\/span><\/p>\n<p style=\"line-height: 1.5\"><span style=\"font-family: arial, helvetica, sans-serif;font-size: 16px\">Amig\u00e1vel para iniciantes \u2013 Aprenda tudo o que voc\u00ea precisa saber para crescer e usar o Harvest com seu guia de crescimento digital. Rotule sua planta\u00e7\u00e3o de ervas com o r\u00f3tulo inclu\u00eddo para saber o que brotar\u00e1 a seguir. Nem todo mundo \u00e9 dotado de jardinagem, por isso garantimos que este kit fa\u00e7a voc\u00ea mesmo seja \u00f3timo para amadores e iniciantes.<\/span><\/p>\n<p style=\"line-height: 1.5\"><span style=\"font-family: arial, helvetica, sans-serif;font-size: 16px\">&nbsp;<\/span><\/p>\n<p style=\"line-height: 1.5\"><span style=\"font-family: arial, helvetica, sans-serif;font-size: 16px\">MANTENHA SUAS SEMENTES FRESCAS \u2013 Seque com seguran\u00e7a as sementes de jardim sobressalentes em sacos Mylar \u00e0 prova d&#039;\u00e1gua que podem ser fechados novamente e embrulhe individualmente os pacotes de sementes para o plantio do pr\u00f3ximo ano. Suas sementes de heran\u00e7a n\u00e3o-transg\u00eanicas podem lhe dar anos de semeadura<\/span><\/p>\n<p style=\"line-height: 1.5\"><span style=\"font-family: arial, helvetica, sans-serif;font-size: 16px\">&nbsp;<\/span><\/p>\n<p style=\"line-height: 1.5\"><span style=\"font-family: arial, helvetica, sans-serif;font-size: 16px\">Nosso compromisso com voc\u00ea \u2013 sementes e solos s\u00e3o cultivados, colhidos e embalados nos EUA. Garantimos que voc\u00ea possa criar facilmente seu pr\u00f3prio jardim de ervas em casa. Nosso apoio n\u00e3o para por a\u00ed, pois queremos ver suas sementes de baunilha crescerem. Nossa equipe se certificar\u00e1 de responder e ajud\u00e1-lo em sua jornada de plantio. Se suas sementes n\u00e3o germinarem, avise-nos e enviaremos uma nova.<\/span><\/p>\n<p style=\"line-height: 1.5\"><span style=\"font-family: arial, helvetica, sans-serif;font-size: 16px\"><\/span><\/p>\n<p style=\"line-height: 1.5\"><span style=\"font-family: arial, helvetica, sans-serif;font-size: 16px\">Cultive sua pr\u00f3pria \u00e1rvore de ch\u00e1 de ervas em casa<\/span><\/p><\/p>","protected":false},"excerpt":{"rendered":"<p>Kit de sementes de ch\u00e1 de ervas de 13 pe\u00e7as preparadas: \u00e9 f\u00e1cil - eliminamos a adivinha\u00e7\u00e3o do cultivo de ervas a partir de sementes, guiando voc\u00ea a cada passo do caminho. Tudo o que voc\u00ea precisa para trazer a alegria do ch\u00e1 de ervas \u00e0 sua vida ou \u00e0 de seu ente querido em uma linda sacola. Planta isso!<\/p>","protected":false},"featured_media":12665,"comment_status":"closed","ping_status":"closed","template":"","meta":[],"product_cat":[59],"product_tag":[318],"acf":[],"_links":{"self":[{"href":"https:\/\/www.garden-kit.com\/pt\/wp-json\/wp\/v2\/product\/4255"}],"collection":[{"href":"https:\/\/www.garden-kit.com\/pt\/wp-json\/wp\/v2\/product"}],"about":[{"href":"https:\/\/www.garden-kit.com\/pt\/wp-json\/wp\/v2\/types\/product"}],"replies":[{"embeddable":true,"href":"https:\/\/www.garden-kit.com\/pt\/wp-json\/wp\/v2\/comments?post=4255"}],"wp:featuredmedia":[{"embeddable":true,"href":"https:\/\/www.garden-kit.com\/pt\/wp-json\/wp\/v2\/media\/12665"}],"wp:attachment":[{"href":"https:\/\/www.garden-kit.com\/pt\/wp-json\/wp\/v2\/media?parent=4255"}],"wp:term":[{"taxonomy":"product_cat","embeddable":true,"href":"https:\/\/www.garden-kit.com\/pt\/wp-json\/wp\/v2\/product_cat?post=4255"},{"taxonomy":"product_tag","embeddable":true,"href":"https:\/\/www.garden-kit.com\/pt\/wp-json\/wp\/v2\/product_tag?post=4255"}],"curies":[{"name":"wp","href":"https:\/\/api.w.org\/{rel}","templated":true}]}}