{"id":4265,"date":"2022-10-19T15:52:41","date_gmt":"2022-10-19T07:52:41","guid":{"rendered":"https:\/\/www.garden-kit.com\/product\/flavor-your-own-gin\/"},"modified":"2023-03-31T15:33:31","modified_gmt":"2023-03-31T07:33:31","slug":"gin-infusion-gift-set","status":"publish","type":"product","link":"https:\/\/www.garden-kit.com\/pt\/product\/gin-infusion-gift-set\/","title":{"rendered":"Conjunto de presente de infus\u00e3o de gim"},"content":{"rendered":"<h3 style=\"font-size: 19px\"><span style=\"font-family: arial, helvetica, sans-serif\">Vis\u00e3o geral<\/span><\/h3>\n<p><span id=\"productTitle\" style=\"font-family: arial, helvetica, sans-serif;font-size: 16px\">Kit de infus\u00e3o de \u00e1lcool DIY para fazer gim | Destaque na Vogue | 12 Especiarias em Vidro | Mixology-Set para Bartender | Presente Vodka Perfeito para Homens | Kits DIY para Adultos | Kit Barman | Presentes para homens e mulheres<\/span><\/p>\n<table border=\"1\" cellspacing=\"0\" style=\"border-collapse: collapse;width: 100%\">\n<tbody>\n<tr>\n<td valign=\"top\" width=\"373\">\n<p><span style=\"font-family: arial, helvetica, sans-serif\">Instru\u00e7\u00f5es de cuidados com o produto<\/span><\/p>\n<\/td>\n<td valign=\"top\" width=\"373\">\n<p><span style=\"font-family: arial, helvetica, sans-serif\">Dispon\u00edvel<\/span><\/p>\n<\/td>\n<\/tr>\n<tr>\n<td valign=\"top\" width=\"373\">\n<p><span style=\"font-family: arial, helvetica, sans-serif\">Tipo de Produto<\/span><\/p>\n<\/td>\n<td valign=\"top\" width=\"373\">\n<p><span style=\"font-family: arial, helvetica, sans-serif\">KIT PARA FAZER GIN<\/span><\/p>\n<\/td>\n<\/tr>\n<tr>\n<td valign=\"top\" width=\"373\">\n<p><span style=\"font-family: arial, helvetica, sans-serif\">Caracter\u00edstica especial<\/span><\/p>\n<\/td>\n<td valign=\"top\" width=\"373\">\n<p><span style=\"font-family: arial, helvetica, sans-serif\">Saboreie sua pr\u00f3pria garrafa com TWELVE Botanicals<\/span><\/p>\n<\/td>\n<\/tr>\n<tr>\n<td valign=\"top\" width=\"373\">\n<p><span style=\"font-family: arial, helvetica, sans-serif\">Marca<\/span><\/p>\n<\/td>\n<td valign=\"top\" width=\"373\">\n<p><span style=\"font-family: arial, helvetica, sans-serif\">kit jardim<\/span><\/p>\n<\/td>\n<\/tr>\n<tr>\n<td valign=\"top\" width=\"373\">\n<p><span style=\"font-family: arial, helvetica, sans-serif\">Lugar de origem<\/span><\/p>\n<\/td>\n<td valign=\"top\" width=\"373\">\n<p><span style=\"font-family: arial, helvetica, sans-serif\">Fujian, China<\/span><\/p>\n<\/td>\n<\/tr>\n<tr>\n<td valign=\"top\" width=\"373\">\n<p><span style=\"font-family: arial, helvetica, sans-serif\">ODM\/OEM<\/span><\/p>\n<\/td>\n<td valign=\"top\" width=\"373\">\n<p><span style=\"font-family: arial, helvetica, sans-serif\">Dispon\u00edvel<\/span><\/p>\n<\/td>\n<\/tr>\n<tr>\n<td valign=\"top\" width=\"373\">\n<p><span style=\"font-family: arial, helvetica, sans-serif\">MOQ para pedido personalizado<\/span><\/p>\n<\/td>\n<td valign=\"top\" width=\"373\">\n<p><span style=\"font-family: arial, helvetica, sans-serif\">3000 unidades<\/span><\/p>\n<\/td>\n<\/tr>\n<tr>\n<td valign=\"top\" width=\"373\">\n<p><span style=\"font-family: arial, helvetica, sans-serif\">Custo da amostra<\/span><\/p>\n<\/td>\n<td valign=\"top\" width=\"373\">\n<p><span style=\"font-family: arial, helvetica, sans-serif\">US$400\/Sample, retorno completo ap\u00f3s o pedido de n\u00f3s<\/span><\/p>\n<\/td>\n<\/tr>\n<\/tbody>\n<\/table>\n<p><span style=\"font-family: arial, helvetica, sans-serif\">&nbsp;<\/span><\/p>\n<h3 style=\"font-size: 19px\"><span style=\"font-family: arial, helvetica, sans-serif\">Descri\u00e7\u00e3o<\/span><\/h3>\n<p><span style=\"font-family: arial, helvetica, sans-serif\">FA\u00c7A SUAS PR\u00d3PRIAS COISAS \u2013 Saia das misturas de infus\u00e3o padronizadas e deixe sua imagina\u00e7\u00e3o e papilas gustativas correrem soltas neste kit exclusivo. A \u00fanica coisa extra que voc\u00ea precisa \u00e9 a sua criatividade: basta injetar um pouco de tempo e um coquetel cheio de sabor ser\u00e1 sua recompensa! Escolha a sua ess\u00eancia bot\u00e2nica preferida e crie o seu pr\u00f3prio gin!<\/span><\/p>\n<p><span style=\"font-family: arial, helvetica, sans-serif\">&nbsp;<\/span><\/p>\n<p><span style=\"font-family: arial, helvetica, sans-serif\">Os seguintes itens est\u00e3o inclu\u00eddos no kit.<\/span><\/p>\n<p><span style=\"font-family: arial, helvetica, sans-serif\">Nossos 12 bot\u00e2nicos v\u00eam de todo o mundo, alguns dos quais s\u00e3o realmente dif\u00edceis de encontrar. No entanto, aceitamos o desafio de encontr\u00e1-los para sua melhor experi\u00eancia de fabrica\u00e7\u00e3o de gin!<\/span><\/p>\n<p><span style=\"font-family: arial, helvetica, sans-serif\">N\u00f3s fornecemos os bot\u00e2nicos de gin da mais alta qualidade de todo o mundo: cardamomo verde \u00b7 flores de hibisco \u00b7 sementes de coentro \u00b7 pimenta cubeba \u00b7 flores de lavanda \u00b7 louro \u00b7 casca de laranja \u00b7 pimenta rosa \u00b7 alca\u00e7uz \u00b7 zimbro<\/span><\/p>\n<p><span style=\"font-family: arial, helvetica, sans-serif\">1 cart\u00e3o de instru\u00e7\u00f5es passo a passo<\/span><\/p>\n<p><span style=\"font-family: arial, helvetica, sans-serif\">1 caixa artesanal personalizada<\/span><\/p>\n<p><span style=\"font-family: arial, helvetica, sans-serif\">&nbsp;<\/span><\/p>\n<p><span style=\"font-family: arial, helvetica, sans-serif\">CADA KIT PRODUZ 3 GARRAFAS DE GIN<\/span><span style=\"font-family: arial, helvetica, sans-serif\">&nbsp;<\/span><\/p>\n<p><span style=\"font-family: arial, helvetica, sans-serif\">Gin Caseiro: Com nossa exclusiva f\u00e1brica de gin, voc\u00ea pode degustar seu pr\u00f3prio gin e curtir tr\u00eas garrafas com amigos e fam\u00edlia.<\/span><\/p>\n<p><span style=\"font-family: arial, helvetica, sans-serif\">Inclui 12 plantas ex\u00f3ticas e todo o equipamento necess\u00e1rio para voc\u00ea come\u00e7ar a fazer seu pr\u00f3prio gin<\/span><\/p>\n<p><span style=\"font-family: arial, helvetica, sans-serif\">A ideia de presente perfeita para os amantes de gin<\/span><\/p>\n<p><span style=\"font-family: arial, helvetica, sans-serif\">Artesanato e embalagem de alta qualidade: Duas garrafas de vidro com rolhas de madeira, embalagem sem pl\u00e1stico, em uma caixa simples, elegante e sem desperd\u00edcio. Vem com um funil de metal e um pacote de instru\u00e7\u00f5es completo.<\/span><\/p>\n<p><span style=\"font-family: arial, helvetica, sans-serif\"><\/span><\/p>\n<p>Como come\u00e7amos?<br \/>Leon, um engenheiro aeroespacial, era o art\u00edfice dos dois, acompanhando as coisas quando a exuberante criatividade de Vincent h\u00e1 muito havia passado para o pr\u00f3ximo experimento de laborat\u00f3rio (um velho h\u00e1bito dos qu\u00edmicos).<\/p>\n<\/p>\n<p>O que torna nossos produtos \u00fanicos?<br \/>Na d\u00favida, menos \u00e9 mais, e feito em casa \u00e9 sempre melhor do que comprado em loja! N\u00f3s apenas gostamos de experimentar \u2013 e com nossos produtos tamb\u00e9m. N\u00f3s apenas gostamos de experimentar \u2013 e queremos transmitir essa alegria aos nossos clientes\u2026\u2026 Nossos produtos tamb\u00e9m s\u00e3o muito especiais como presentes. Afinal, \u00e9 duplamente divertido compartilhar a alegria!<\/p><\/p>","protected":false},"excerpt":{"rendered":"<p>FA\u00c7A SUAS PR\u00d3PRIAS COISAS \u2013 Saia das misturas de infus\u00e3o padronizadas e deixe sua imagina\u00e7\u00e3o e papilas gustativas correrem soltas neste kit exclusivo. A \u00fanica coisa extra que voc\u00ea precisa \u00e9 a sua criatividade: basta injetar um pouco de tempo e um coquetel cheio de sabor ser\u00e1 sua recompensa! Escolha a sua ess\u00eancia bot\u00e2nica preferida e crie o seu pr\u00f3prio gin!<\/p>\n<p>\u00a0<\/p>","protected":false},"featured_media":12672,"comment_status":"closed","ping_status":"closed","template":"","meta":[],"product_cat":[86],"product_tag":[438,440,439,441],"acf":[],"_links":{"self":[{"href":"https:\/\/www.garden-kit.com\/pt\/wp-json\/wp\/v2\/product\/4265"}],"collection":[{"href":"https:\/\/www.garden-kit.com\/pt\/wp-json\/wp\/v2\/product"}],"about":[{"href":"https:\/\/www.garden-kit.com\/pt\/wp-json\/wp\/v2\/types\/product"}],"replies":[{"embeddable":true,"href":"https:\/\/www.garden-kit.com\/pt\/wp-json\/wp\/v2\/comments?post=4265"}],"wp:featuredmedia":[{"embeddable":true,"href":"https:\/\/www.garden-kit.com\/pt\/wp-json\/wp\/v2\/media\/12672"}],"wp:attachment":[{"href":"https:\/\/www.garden-kit.com\/pt\/wp-json\/wp\/v2\/media?parent=4265"}],"wp:term":[{"taxonomy":"product_cat","embeddable":true,"href":"https:\/\/www.garden-kit.com\/pt\/wp-json\/wp\/v2\/product_cat?post=4265"},{"taxonomy":"product_tag","embeddable":true,"href":"https:\/\/www.garden-kit.com\/pt\/wp-json\/wp\/v2\/product_tag?post=4265"}],"curies":[{"name":"wp","href":"https:\/\/api.w.org\/{rel}","templated":true}]}}