{"id":6468,"date":"2022-11-07T10:48:36","date_gmt":"2022-11-07T02:48:36","guid":{"rendered":"https:\/\/www.garden-kit.com\/product\/easy-bonsai-starter-kit-2\/"},"modified":"2023-03-31T14:43:13","modified_gmt":"2023-03-31T06:43:13","slug":"easy-bonsai-starter-kit-2","status":"publish","type":"product","link":"https:\/\/www.garden-kit.com\/pt\/product\/easy-bonsai-starter-kit-2\/","title":{"rendered":"Kits f\u00e1ceis para iniciantes de bonsai"},"content":{"rendered":"<p>Cultive sua pr\u00f3pria \u00e1rvore bonsai - tudo que voc\u00ea precisa para criar o bonsai dos seus sonhos! \u2013 Ao contr\u00e1rio de outros kits, voc\u00ea n\u00e3o precisa visitar o centro de jardinagem local para cultivar seu bonsai. Gaste seu tempo aproveitando a experi\u00eancia do bonsai e adicionando um belo espa\u00e7o verde \u00e0 sua casa.<\/p>\n<p>\u00d3timo para iniciantes ou como um presente de luxo: \u2013 Procurando um presente de luxo de qualidade para seu ente querido? N\u00e3o procure mais, este kit premium oferece uma experi\u00eancia superior de bonsai para iniciantes. Nenhuma pr\u00e1tica pr\u00e9via \u00e9 necess\u00e1ria.<\/p>\n<p>Quatro \u00e1rvores de bonsai cl\u00e1ssicas: - O kit de sementes de bonsai para iniciantes de Yugen inclui tudo o que voc\u00ea precisa para cultivar quatro lindas \u00e1rvores de bonsai. Use este kit para cultivar pinheiro preto japon\u00eas, flor azul, cotoneaster e \u00e1rvore de guarda-chuva an\u00e3.<\/p>\n<p>Inclui um guia de plantio: - Com nosso guia de plantio detalhado, voc\u00ea se tornar\u00e1 um especialista em bonsai rapidamente. Voc\u00ea receber\u00e1 suporte vital\u00edcio para suas necessidades de cultivo de bonsai, pois pode entrar em contato conosco a qualquer momento para obter ajuda ou orienta\u00e7\u00e3o.<\/p>\n<p>Cultivar o bonsai dos seus sonhos nunca foi t\u00e3o f\u00e1cil. As \u00e1rvores de bonsai adicionam uma presen\u00e7a calmante \u00e0 casa ou podem servir como pe\u00e7a central para um jardim urbano. Essas \u00e1rvores s\u00e3o do tamanho perfeito para a cidade em constante crescimento. Ter espa\u00e7o verde em sua casa \u00e9 muito importante e o bonsai \u00e9 a forma perfeita de atingir esse objetivo.<\/p>\n<p>Quatro sementes cl\u00e1ssicas de bonsai<br \/>Cotoneaster \u00e9 uma \u00e1rvore resistente que \u00e9 ideal para o Reino Unido porque se adapta bem a climas mais frios, produzindo flores rosas e brancas antes que as bagas laranjas e vermelhas amadure\u00e7am no final do ver\u00e3o.<\/p>\n<p>Uma \u00e1rvore de bonsai muito popular, o Pinheiro Negro Japon\u00eas \u00e9 uma \u00e1rvore relativamente f\u00e1cil de cultivar que pode tolerar temperaturas frias e \u00e9 uma escolha ideal para o Reino Unido. Essas sementes produzir\u00e3o uma \u00e1rvore masculina forte e cheia de personalidade.<\/p>\n<p>O Bluebonnet \u00e9 um bonsai espetacular com suas lindas flores roxas em forma de sino e uma folhagem rendada semelhante a uma samambaia que \u00e9 impressionante. A deslumbrante cor roxa contrasta com a folhagem verde e esta \u00e1rvore ficaria incr\u00edvel em qualquer casa ou jardim!<\/p>\n<p>Os guarda-chuvas an\u00f5es s\u00e3o muito comuns no sudeste da \u00c1sia e s\u00e3o capazes de cultivar ra\u00edzes a\u00e9reas para adicionar ainda mais personalidade ao bonsai. Esta \u00e1rvore de bonsai em particular \u00e9 provavelmente uma das \u00e1rvores mais f\u00e1ceis de cultivar e manter, tornando-a perfeita para iniciantes.<\/p>","protected":false},"excerpt":{"rendered":"<p>Kit inicial de sementes de bonsai | Cultive suas pr\u00f3prias \u00e1rvores de bonsai | Perfeito para iniciantes e entusiastas de Bonsai<\/p>","protected":false},"featured_media":12115,"comment_status":"open","ping_status":"closed","template":"","meta":[],"product_cat":[40],"product_tag":[49],"acf":[],"_links":{"self":[{"href":"https:\/\/www.garden-kit.com\/pt\/wp-json\/wp\/v2\/product\/6468"}],"collection":[{"href":"https:\/\/www.garden-kit.com\/pt\/wp-json\/wp\/v2\/product"}],"about":[{"href":"https:\/\/www.garden-kit.com\/pt\/wp-json\/wp\/v2\/types\/product"}],"replies":[{"embeddable":true,"href":"https:\/\/www.garden-kit.com\/pt\/wp-json\/wp\/v2\/comments?post=6468"}],"wp:featuredmedia":[{"embeddable":true,"href":"https:\/\/www.garden-kit.com\/pt\/wp-json\/wp\/v2\/media\/12115"}],"wp:attachment":[{"href":"https:\/\/www.garden-kit.com\/pt\/wp-json\/wp\/v2\/media?parent=6468"}],"wp:term":[{"taxonomy":"product_cat","embeddable":true,"href":"https:\/\/www.garden-kit.com\/pt\/wp-json\/wp\/v2\/product_cat?post=6468"},{"taxonomy":"product_tag","embeddable":true,"href":"https:\/\/www.garden-kit.com\/pt\/wp-json\/wp\/v2\/product_tag?post=6468"}],"curies":[{"name":"wp","href":"https:\/\/api.w.org\/{rel}","templated":true}]}}