{"id":6493,"date":"2022-11-07T10:57:40","date_gmt":"2022-11-07T02:57:40","guid":{"rendered":"https:\/\/www.garden-kit.com\/product\/best-seed-starter-kit\/"},"modified":"2023-08-15T20:03:21","modified_gmt":"2023-08-15T12:03:21","slug":"best-seed-starter-kit","status":"publish","type":"product","link":"https:\/\/www.garden-kit.com\/pt\/product\/best-seed-starter-kit\/","title":{"rendered":"Melhor kit inicial de sementes"},"content":{"rendered":"<h3 style=\"line-height: 1.5;font-size: 19px\"><span style=\"font-family: arial, helvetica, sans-serif\">KIT DE INICIA\u00c7\u00c3O DE \u00c1RVORE DE BONSAI<\/span><\/h3>\n<p style=\"line-height: 1.5\"><span style=\"font-family: arial, helvetica, sans-serif\">Cultive facilmente 8 variedades de \u00e1rvores de bonsai em casa<\/span><\/p>\n<p style=\"line-height: 1.5\"><span style=\"font-family: arial, helvetica, sans-serif\">O Grow Buddha selecionou cuidadosamente 8 das \u00e1rvores de bonsai mais bonitas e f\u00e1ceis de cultivar de todo o mundo para criar um kit inicial exclusivo de \u00e1rvore de bonsai. Nossas variedades de Bonsai selecionadas \u00e0 m\u00e3o podem ser cultivadas por qualquer pessoa. Seja voc\u00ea um iniciante ou um bot\u00e2nico experiente, nossas sementes de bonsai n\u00e3o ir\u00e3o decepcionar.<\/span><\/p>\n<p style=\"line-height: 1.5\"><span style=\"font-family: arial, helvetica, sans-serif\">Nossos kits incluem tutoriais em v\u00eddeo f\u00e1ceis de seguir sobre como germinar cada variedade de sementes. Tamb\u00e9m inclu\u00edmos um Bonsai E-Book que ensina tudo o que voc\u00ea precisa saber sobre o mundo do Bonsai.<\/span><\/p>\n<h3 style=\"line-height: 1.5;font-size: 19px\"><span style=\"font-family: arial, helvetica, sans-serif\">CADA KIT CONT\u00c9M:<\/span><\/h3>\n<p style=\"line-height: 1.5\"><span style=\"font-family: arial, helvetica, sans-serif\">8 variedades de sementes de bonsai<\/span><br \/><span style=\"font-family: arial, helvetica, sans-serif\">Tutoriais em v\u00eddeo<\/span><br \/><span style=\"font-family: arial, helvetica, sans-serif\">E-book<\/span><br \/><span style=\"font-family: arial, helvetica, sans-serif\">manual de instru\u00e7\u00f5es<\/span><br \/><span style=\"font-family: arial, helvetica, sans-serif\">Tesoura Bonsai<\/span><br \/><span style=\"font-family: arial, helvetica, sans-serif\">8 potes biodegrad\u00e1veis<\/span><br \/><span style=\"font-family: arial, helvetica, sans-serif\">8 discos de solo<\/span><br \/><span style=\"font-family: arial, helvetica, sans-serif\">10 etiquetas de nome<\/span><\/p>\n<h3 style=\"line-height: 1.5;font-size: 19px\"><span style=\"font-family: arial, helvetica, sans-serif\">POR QUE NOSSO KIT?<\/span><\/h3>\n<p style=\"line-height: 1.5\"><span style=\"font-family: arial, helvetica, sans-serif\">Este kit de \u00e1rvore de bonsai \u00e9 \u00fanico n\u00e3o apenas porque fornecemos 4 tipos de sementes de \u00e1rvores de bonsai em um kit de bonsai, mas fomos al\u00e9m para garantir que fornecemos tudo o que voc\u00ea precisa para cultivar sua pr\u00f3pria \u00e1rvore de bonsai sem comprar mais nada. .<\/span><\/p>\n<p style=\"line-height: 1.5\"><span style=\"font-family: arial, helvetica, sans-serif\">Ao contr\u00e1rio de nossos concorrentes, oferecemos grande qualidade e valor para o dinheiro com nosso Bonsai Starter Kit. Al\u00e9m disso, investimos nosso tempo e recursos para testar minuciosamente as sementes e tentar cultiv\u00e1-las antes de aprovar cada lote para venda.<\/span><\/p>\n<h2 style=\"font-size: 20px\">Kit requintado de germina\u00e7\u00e3o de sementes: padr\u00f5es exclusivos adaptados \u00e0s suas necessidades<\/h2>\n<p>Na busca por uma vida ecol\u00f3gica e pela autossufici\u00eancia, temos o orgulho de apresentar nosso Exquisite Seed Sprouting Kit, que traz infinitas possibilidades. Nossos kits s\u00e3o mais do que uma simples pilha de sementes, s\u00e3o uma jornada para descobrir a beleza da vida. Entendemos que cada comprador tem uma filosofia e um gosto de cultivo \u00fanicos, por isso oferecemos uma gama completa de produ\u00e7\u00e3o personaliz\u00e1vel para tornar o seu kit de germina\u00e7\u00e3o de sementes \u00fanico.<\/p>\n<h2 style=\"font-size: 20px\">Por que escolher nossos kits de germina\u00e7\u00e3o de sementes?<\/h2>\n<p>Personaliza\u00e7\u00e3o exclusiva: Entendemos que as necessidades de cada comprador s\u00e3o \u00fanicas, portanto, nossos kits de germina\u00e7\u00e3o de sementes podem ser personalizados para atender \u00e0s suas necessidades. Voc\u00ea pode escolher a variedade, quantidade e propor\u00e7\u00e3o da semente, e at\u00e9 mesmo criar sua pr\u00f3pria embalagem e r\u00f3tulo para os kits, infundindo-os com sua marca ou personalidade.<\/p>\n<p>GARANTIA DE QUALIDADE: Mantemos a alta qualidade de nossas sementes, garantindo que cada uma tenha excelentes taxas de germina\u00e7\u00e3o e potencial de crescimento. As sementes s\u00e3o cuidadosamente selecionadas para garantir plantas saud\u00e1veis e vigorosas.<\/p>\n<p>ACONSELHAMENTO E ORIENTA\u00c7\u00c3O PROFISSIONAL: Nossa equipe de horticultores experientes fornecer\u00e1 conselhos especializados sobre plantio, cuidado e manejo para ajud\u00e1-lo a conseguir uma boa colheita.<\/p>\n<h2 style=\"font-size: 20px\">caracter\u00edsticas do kit:<\/h2>\n<p>Sele\u00e7\u00e3o de variedades:<\/p>\n<p>Temos uma grande variedade de variedades de sementes, incluindo flores, vegetais, ervas, etc., para atender \u00e0s suas diferentes necessidades e est\u00e9ticas de plantio.<\/p>\n<\/p>\n<p>Tecnologia de germina\u00e7\u00e3o eficiente:<\/p>\n<p>Com a nossa tecnologia avan\u00e7ada, as sementes do conjunto podem germinar de forma r\u00e1pida e uniforme, estabelecendo uma boa base para o crescimento saud\u00e1vel das plantas.<\/p>\n<\/p>\n<p>Materiais ecol\u00f3gicos:<\/p>\n<p>Focamos no desenvolvimento sustent\u00e1vel e os materiais de embalagem do conjunto s\u00e3o todos ecologicamente corretos, o que protege as plantas e a terra.<\/p>\n<\/p>\n<p>Embalagem personalizada:<\/p>\n<p>Seja como presente ou canal de vendas, voc\u00ea pode criar embalagens personalizadas para o kit para tornar seu kit de germina\u00e7\u00e3o de sementes mais atraente.<\/p>\n<\/p>\n<p>Seus sonhos de plantas, n\u00f3s os criamos com voc\u00ea. Se voc\u00ea deseja cultivar lindas flores em sua horta ou cultivar vegetais frescos na varanda de sua cidade, nossos requintados kits de germina\u00e7\u00e3o de sementes ser\u00e3o sua m\u00e3o direita. Vamos criar juntos um futuro verde e vibrante!<\/p>\n<p style=\"line-height: 1.5\">","protected":false},"excerpt":{"rendered":"<p>KIT INICIANTE DE SEMENTES, Kit de Germina\u00e7\u00e3o, 8 Variedades de Kit Inicial de Sementes de Bonsai Buda, Vaso de Bonsai Amig\u00e1vel para Iniciantes<\/p>","protected":false},"featured_media":16037,"comment_status":"open","ping_status":"closed","template":"","meta":[],"product_cat":[40],"product_tag":[621,619,623,620,618,324,624,622,625],"acf":[],"_links":{"self":[{"href":"https:\/\/www.garden-kit.com\/pt\/wp-json\/wp\/v2\/product\/6493"}],"collection":[{"href":"https:\/\/www.garden-kit.com\/pt\/wp-json\/wp\/v2\/product"}],"about":[{"href":"https:\/\/www.garden-kit.com\/pt\/wp-json\/wp\/v2\/types\/product"}],"replies":[{"embeddable":true,"href":"https:\/\/www.garden-kit.com\/pt\/wp-json\/wp\/v2\/comments?post=6493"}],"wp:featuredmedia":[{"embeddable":true,"href":"https:\/\/www.garden-kit.com\/pt\/wp-json\/wp\/v2\/media\/16037"}],"wp:attachment":[{"href":"https:\/\/www.garden-kit.com\/pt\/wp-json\/wp\/v2\/media?parent=6493"}],"wp:term":[{"taxonomy":"product_cat","embeddable":true,"href":"https:\/\/www.garden-kit.com\/pt\/wp-json\/wp\/v2\/product_cat?post=6493"},{"taxonomy":"product_tag","embeddable":true,"href":"https:\/\/www.garden-kit.com\/pt\/wp-json\/wp\/v2\/product_tag?post=6493"}],"curies":[{"name":"wp","href":"https:\/\/api.w.org\/{rel}","templated":true}]}}