{"id":6526,"date":"2022-11-07T11:09:42","date_gmt":"2022-11-07T03:09:42","guid":{"rendered":"https:\/\/www.garden-kit.com\/product\/bonsai-trio-kit-2\/"},"modified":"2023-04-11T17:02:29","modified_gmt":"2023-04-11T09:02:29","slug":"bonsai-trio-kit","status":"publish","type":"product","link":"https:\/\/www.garden-kit.com\/pt\/product\/bonsai-trio-kit\/","title":{"rendered":"Kit Trio Bonsai"},"content":{"rendered":"<h3 style=\"font-size: 19px;line-height: 1.5\"><span style=\"font-family: arial, helvetica, sans-serif;font-size: 16px\">Sobre este item<\/span><\/h3>\n<ul class=\"a-unordered-list a-vertical a-spacing-mini\" style=\"margin: 0px 0px 0px 18px;color: #0f1111;padding: 0px;font-family: 'Amazon Ember', Arial, sans-serif;font-size: 14px;background-color: #ffffff\">\n<li style=\"list-style-type: disc;margin: 0px\"><span class=\"a-list-item\" style=\"color: #0f1111;font-family: arial, helvetica, sans-serif;font-size: 16px\">Nosso kit exclusivo de bonsai para cultivo pr\u00f3prio inclui sementes para 3 tipos diferentes de bonsais distintos; Silver Birch, Red Maple e Mountain Pine.<\/span><\/li>\n<li style=\"list-style-type: disc;margin: 0px\"><span class=\"a-list-item\" style=\"color: #0f1111;font-family: arial, helvetica, sans-serif;font-size: 16px\">Com 6 vasos de cultivo, 6 discos de turfa, 6 marcadores e 6 sacos propagadores sel\u00e1veis, voc\u00ea ter\u00e1 tudo o que precisa para cultivar suas lindas miniaturas ornamentais.<\/span><\/li>\n<li style=\"list-style-type: disc;margin: 0px\"><span class=\"a-list-item\" style=\"color: #0f1111;font-family: arial, helvetica, sans-serif;font-size: 16px\">Nossas sementes de bonsai resistentes podem ser cultivadas em ambientes internos ou externos. \u00d3timo para jardineiros novos e experientes, espa\u00e7o e clima n\u00e3o ser\u00e3o um problema com nosso kit de cultivo.<\/span><\/li>\n<li style=\"list-style-type: disc;margin: 0px\"><span class=\"a-list-item\" style=\"color: #0f1111;font-family: arial, helvetica, sans-serif;font-size: 16px\">Procurando presentes de jardim divertidos e incomuns para mulheres e homens? Para anivers\u00e1rios, inaugura\u00e7\u00f5es de casa ou &#039;apenas porque, essas \u00e1rvores de bonsai continuam dando.<\/span><\/li>\n<li style=\"list-style-type: disc;margin: 0px\"><span style=\"font-family: arial, helvetica, sans-serif\"><span class=\"a-list-item\" style=\"color: #0f1111;font-size: 16px\">Se voc\u00ea tiver alguma d\u00favida sobre o seu kit de bonsai, cada conjunto vem com dicas sobre como semear e cultivar, al\u00e9m de nossa equipe do Plant Theatre estar \u00e0 disposi\u00e7\u00e3o para ajudar.<\/span><span class=\"a-list-item\" style=\"color: #0f1111;font-size: 16px\"><\/span><\/span><\/li>\n<\/ul>\n<h3 style=\"padding: 0px 0px 4px;margin: 3px 0px 7px;line-height: 1.5;font-family: 'Amazon Ember', Arial, sans-serif;background-color: #ffffff;font-size: 19px;color: #cc6600\"><\/h3>\n<div class=\"a-row a-spacing-top-base\" style=\"width: 1464px;color: #0f1111;font-family: 'Amazon Ember', Arial, sans-serif;font-size: 14px;background-color: #ffffff;margin-top: 12px;line-height: 1.5\">\n<div class=\"a-column a-span6\" style=\"margin-right: 29.2656px;float: left;min-height: 1px;overflow: visible;width: 716.594px\">\n<div class=\"a-row a-spacing-base\" style=\"width: 716.594px;margin-bottom: 12px\">\n<div class=\"a-row a-expander-container a-expander-extend-container\" style=\"width: 716.594px\">\n<div class=\"a-row\" style=\"width: 716.594px\">\n<div class=\"a-column a-span6\" style=\"margin-right: 28.6562px;float: left;min-height: 1px;overflow: visible;width: 343.688px\">\n<h3 class=\"a-size-medium a-spacing-small\" style=\"padding: 0px;margin: 0px 0px 8px;font-size: 19px;line-height: 24px\"><span style=\"font-family: arial, helvetica, sans-serif\">Detalhes t\u00e9cnicos<\/span><\/h3>\n<\/div>\n<\/div>\n<div class=\"a-expander-content a-expander-extend-content\">\n<div class=\"a-row a-expander-container a-expander-inline-container\" style=\"width: 716.594px\">\n<div class=\"a-expander-content a-expander-section-content a-section-expander-inner\" style=\"padding: 12px 18px\">\n<table id=\"productDetails_techSpec_section_1\" class=\"a-keyvalue prodDetTable\" role=\"presentation\" cellpadding=\"7px 14px 6px\" style=\"border-collapse: collapse;width: 100%\">\n<tbody>\n<tr>\n<th class=\"a-color-secondary a-size-base prodDetSectionEntry\" style=\"vertical-align: top;text-align: left;padding: 7px 14px 6px;color: #0f1111;background-color: #f0f2f2;border-top: 1px solid #bbbfbf;max-width: 200px;width: 340.297px;font-size: 14px;line-height: 20px\"><span style=\"font-family: arial, helvetica, sans-serif\">Dimens\u00f5es do produto<\/span><\/th>\n<td class=\"a-size-base prodDetAttrValue\" style=\"vertical-align: top;padding: 7px 14px 6px;border-top: 1px solid #bbbfbf;color: #333333;max-width: 200px;font-size: 14px;line-height: 20px\"><span style=\"font-family: arial, helvetica, sans-serif\">12,5 x 10 x 14,5 cm; 140 gramas<\/span><\/td>\n<\/tr>\n<tr>\n<th class=\"a-color-secondary a-size-base prodDetSectionEntry\" style=\"vertical-align: top;text-align: left;padding: 7px 14px 6px;color: #0f1111;background-color: #f0f2f2;border-top: 1px solid #bbbfbf;max-width: 200px;width: 340.297px;font-size: 14px;line-height: 20px\"><span style=\"font-family: arial, helvetica, sans-serif\">Tipo de material<\/span><\/th>\n<td class=\"a-size-base prodDetAttrValue\" style=\"vertical-align: top;padding: 7px 14px 6px;border-top: 1px solid #bbbfbf;color: #333333;max-width: 200px;font-size: 14px;line-height: 20px\"><span style=\"font-family: arial, helvetica, sans-serif\">\u200eKit Bonsai Tree<\/span><\/td>\n<\/tr>\n<tr>\n<th class=\"a-color-secondary a-size-base prodDetSectionEntry\" style=\"vertical-align: top;text-align: left;padding: 7px 14px 6px;color: #0f1111;background-color: #f0f2f2;border-top: 1px solid #bbbfbf;max-width: 200px;width: 340.297px;font-size: 14px;line-height: 20px\"><span style=\"font-family: arial, helvetica, sans-serif\">Per\u00edodo de flora\u00e7\u00e3o esperado<\/span><\/th>\n<td class=\"a-size-base prodDetAttrValue\" style=\"vertical-align: top;padding: 7px 14px 6px;border-top: 1px solid #bbbfbf;color: #333333;max-width: 200px;font-size: 14px;line-height: 20px\"><span style=\"font-family: arial, helvetica, sans-serif\">outono<\/span><\/td>\n<\/tr>\n<tr>\n<th class=\"a-color-secondary a-size-base prodDetSectionEntry\" style=\"vertical-align: top;text-align: left;padding: 7px 14px 6px;color: #0f1111;background-color: #f0f2f2;border-top: 1px solid #bbbfbf;max-width: 200px;width: 340.297px;font-size: 14px;line-height: 20px\"><span style=\"font-family: arial, helvetica, sans-serif\">exposi\u00e7\u00e3o \u00e0 luz solar<\/span><\/th>\n<td class=\"a-size-base prodDetAttrValue\" style=\"vertical-align: top;padding: 7px 14px 6px;border-top: 1px solid #bbbfbf;color: #333333;max-width: 200px;font-size: 14px;line-height: 20px\"><span style=\"font-family: arial, helvetica, sans-serif\">\u200eSol Pleno, Sombra Parcial<\/span><\/td>\n<\/tr>\n<tr>\n<th class=\"a-color-secondary a-size-base prodDetSectionEntry\" style=\"vertical-align: top;text-align: left;padding: 7px 14px 6px;color: #0f1111;background-color: #f0f2f2;border-top: 1px solid #bbbfbf;max-width: 200px;width: 340.297px;font-size: 14px;line-height: 20px\"><span style=\"font-family: arial, helvetica, sans-serif\">Fabricante<\/span><\/th>\n<td class=\"a-size-base prodDetAttrValue\" style=\"vertical-align: top;padding: 7px 14px 6px;border-top: 1px solid #bbbfbf;color: #333333;max-width: 200px;font-size: 14px;line-height: 20px\"><span style=\"font-family: arial, helvetica, sans-serif\">\u200eTeatro das Plantas<\/span><\/td>\n<\/tr>\n<\/tbody>\n<\/table>\n<\/div>\n<\/div>\n<\/div>\n<\/div>\n<\/div>\n<\/div>\n<\/div>\n<p style=\"line-height: 1.5\">","protected":false},"excerpt":{"rendered":"<p>Kit de \u00e1rvore de bonsai de teatro de plantas \u2013 conjunto inicial de 3 \u00e1rvores com sementes de bonsai, blocos de turfa, vasos e marcadores \u2013 presentes de jardinagem para homens e mulheres<\/p>","protected":false},"featured_media":13925,"comment_status":"closed","ping_status":"closed","template":"","meta":[],"product_cat":[40],"product_tag":[634,326,633,105,635,636,632,638,637],"acf":[],"_links":{"self":[{"href":"https:\/\/www.garden-kit.com\/pt\/wp-json\/wp\/v2\/product\/6526"}],"collection":[{"href":"https:\/\/www.garden-kit.com\/pt\/wp-json\/wp\/v2\/product"}],"about":[{"href":"https:\/\/www.garden-kit.com\/pt\/wp-json\/wp\/v2\/types\/product"}],"replies":[{"embeddable":true,"href":"https:\/\/www.garden-kit.com\/pt\/wp-json\/wp\/v2\/comments?post=6526"}],"wp:featuredmedia":[{"embeddable":true,"href":"https:\/\/www.garden-kit.com\/pt\/wp-json\/wp\/v2\/media\/13925"}],"wp:attachment":[{"href":"https:\/\/www.garden-kit.com\/pt\/wp-json\/wp\/v2\/media?parent=6526"}],"wp:term":[{"taxonomy":"product_cat","embeddable":true,"href":"https:\/\/www.garden-kit.com\/pt\/wp-json\/wp\/v2\/product_cat?post=6526"},{"taxonomy":"product_tag","embeddable":true,"href":"https:\/\/www.garden-kit.com\/pt\/wp-json\/wp\/v2\/product_tag?post=6526"}],"curies":[{"name":"wp","href":"https:\/\/api.w.org\/{rel}","templated":true}]}}