{"id":6531,"date":"2022-11-07T11:15:52","date_gmt":"2022-11-07T03:15:52","guid":{"rendered":"https:\/\/www.garden-kit.com\/product\/diy-christmas-tree-kit\/"},"modified":"2023-03-31T14:44:16","modified_gmt":"2023-03-31T06:44:16","slug":"diy-christmas-tree-kit","status":"publish","type":"product","link":"https:\/\/www.garden-kit.com\/pt\/product\/diy-christmas-tree-kit\/","title":{"rendered":"Kit de \u00e1rvore de Natal fa\u00e7a voc\u00ea mesmo"},"content":{"rendered":"<h3 style=\"text-align: justify;font-size: 19px\">Detalhes t\u00e9cnicos<\/h3>\n<p style=\"text-align: justify\">Conte\u00fado: Sementes de \u00e1rvores (Picea abies), 2 vasos, 4 pellets de solo, 1 saco pl\u00e1stico sel\u00e1vel<\/p>\n<p style=\"line-height: 1.5;text-align: justify\"><span style=\"font-family: arial, helvetica, sans-serif\"><img decoding=\"async\" src=\"https:\/\/data.adwebcloud.com\/public\/material\/2206293ihquj\/product\/14105_MG_6186_1667790667537.jpg\" alt=\"exemplo\" width=\"500\" title=\"\"><img decoding=\"async\" src=\"https:\/\/data.adwebcloud.com\/public\/material\/2206293ihquj\/product\/14105_MG_6183_1667790661839.jpg\" alt=\"exemplo\" width=\"500\" title=\"\"> &nbsp;<\/span><\/p>\n<h3 style=\"text-align: justify;font-size: 19px\">Seu pr\u00f3prio kit de \u00e1rvore de Natal DIY<\/h3>\n<p style=\"text-align: justify\">O conjunto para cultivar a sua pr\u00f3pria \u00e1rvore de Natal inclui sementes, dois vasos de turfa, gr\u00e2nulos de terra e instru\u00e7\u00f5es para rega regular e cuidados que ir\u00e3o garantir um feliz Natal;)<br \/>O Natal n\u00e3o pode ser chamado de Natal sem uma \u00e1rvore de Natal! Mesmo que seja apenas uma pobre \u00e1rvore, ou mesmo apenas um galho, voc\u00ea nunca consegue sentir realmente o esp\u00edrito natalino sem o cheiro de madeira de verdade, agulhas no ch\u00e3o e seiva nos dedos.<\/p>\n<p style=\"text-align: justify\">Eles n\u00e3o s\u00e3o baratos, n\u00e3o \u00e9?<\/p>\n<p style=\"text-align: justify\">Se voc\u00ea n\u00e3o quer jogar quantias rid\u00edculas de dinheiro nos bolsos dos vendedores de \u00e1rvores, este kit \u201cCres\u00e7a sua pr\u00f3pria \u00e1rvore de Natal\u201d \u00e9 uma \u00f3tima op\u00e7\u00e3o. Voc\u00ea encontrar\u00e1 tudo o que precisa para cultivar uma \u00e1rvore real em tamanho real! Basta seguir as instru\u00e7\u00f5es para plantar as sementes. Basta seguir as instru\u00e7\u00f5es, plantar as sementes nos vasos inclu\u00eddos e voc\u00ea estar\u00e1 pronto para decorar sua pr\u00f3pria \u00e1rvore a tempo para o pr\u00f3ximo Natal!<\/p>\n<p style=\"text-align: justify\">Observa\u00e7\u00e3o: uma \u00e1rvore precisa de tempo para crescer e se desenvolver plenamente. (Por favor, n\u00e3o compre este conjunto no in\u00edcio de dezembro e espere ter uma \u00e1rvore em m\u00e3os at\u00e9 o dia 24;).<\/p>\n<p style=\"line-height: 1.5;text-align: center\"><span style=\"font-family: arial, helvetica, sans-serif\"><img decoding=\"async\" src=\"https:\/\/data.adwebcloud.com\/public\/material\/2206293ihquj\/product\/wtmftreefarm_1667790672452.jpg\" alt=\"exemplo\" width=\"1000\" title=\"\"> <\/span><\/p>\n<h3 style=\"font-size: 19px\">Notas do kit de \u00e1rvore de Natal DIY:<\/h3>\n<p>Voc\u00ea j\u00e1 sabe que sua \u00e1rvore de Natal DIY precisa ser preparada com anteced\u00eancia e n\u00e3o tem como fazer na hora. Ent\u00e3o, como voc\u00ea deve cultiv\u00e1-lo para poder colher a \u00e1rvore de Natal plantada por voc\u00ea na \u00e9poca do Natal?<\/p>\n<ol>\n<li>As \u00e1rvores de Natal adoram \u00e1gua. Durante o processo de crescimento, apresentam grande demanda por \u00e1gua. Voc\u00ea pode regar as plantas a cada 5 dias para manter o solo \u00famido e evitar que as \u00e1rvores de Natal faltem \u00e1gua e cres\u00e7am mal.<\/li>\n<li>Se voc\u00ea deseja que o kit DIY para \u00e1rvore de Natal cres\u00e7a com mais vigor, voc\u00ea precisa fornecer nutrientes suficientes para manter o crescimento normal da planta. Voc\u00ea pode aplicar fertilizante l\u00edquido decomposto na \u00e1rvore de Natal a cada dois meses.<\/li>\n<li>Ao cultivar uma \u00e1rvore de Natal, ela precisa ser podada. Voc\u00ea pode usar uma tesoura afiada para encurtar os galhos crescidos da planta e reduzir o consumo de nutrientes para a \u00e1rvore de Natal. Ap\u00f3s a poda, \u00e9 necess\u00e1rio aplicar carbendazim na ferida da planta para evitar que a \u00e1rvore de Natal cres\u00e7a. Uma ferida infecciona com bact\u00e9rias.<\/li>\n<\/ol>\n<p style=\"text-align: justify\">Contanto que voc\u00ea cultive cuidadosamente seu kit de \u00e1rvore de Natal, acredito que voc\u00ea trar\u00e1 mais alegria para sua fam\u00edlia na \u00e9poca do Natal!<\/p>","protected":false},"excerpt":{"rendered":"<p>Cultive suas pr\u00f3prias \u00e1rvores de Natal Uma \u00e1rvore de Natal DIY - este conjunto torna isso poss\u00edvel!<\/p><\/p>","protected":false},"featured_media":12116,"comment_status":"open","ping_status":"closed","template":"","meta":[],"product_cat":[40],"product_tag":[327],"acf":[],"_links":{"self":[{"href":"https:\/\/www.garden-kit.com\/pt\/wp-json\/wp\/v2\/product\/6531"}],"collection":[{"href":"https:\/\/www.garden-kit.com\/pt\/wp-json\/wp\/v2\/product"}],"about":[{"href":"https:\/\/www.garden-kit.com\/pt\/wp-json\/wp\/v2\/types\/product"}],"replies":[{"embeddable":true,"href":"https:\/\/www.garden-kit.com\/pt\/wp-json\/wp\/v2\/comments?post=6531"}],"wp:featuredmedia":[{"embeddable":true,"href":"https:\/\/www.garden-kit.com\/pt\/wp-json\/wp\/v2\/media\/12116"}],"wp:attachment":[{"href":"https:\/\/www.garden-kit.com\/pt\/wp-json\/wp\/v2\/media?parent=6531"}],"wp:term":[{"taxonomy":"product_cat","embeddable":true,"href":"https:\/\/www.garden-kit.com\/pt\/wp-json\/wp\/v2\/product_cat?post=6531"},{"taxonomy":"product_tag","embeddable":true,"href":"https:\/\/www.garden-kit.com\/pt\/wp-json\/wp\/v2\/product_tag?post=6531"}],"curies":[{"name":"wp","href":"https:\/\/api.w.org\/{rel}","templated":true}]}}