{"id":6538,"date":"2022-11-07T11:35:02","date_gmt":"2022-11-07T03:35:02","guid":{"rendered":"https:\/\/www.garden-kit.com\/product\/succulent-seed-kit\/"},"modified":"2023-03-31T14:42:21","modified_gmt":"2023-03-31T06:42:21","slug":"grow-your-own-cactus-kit","status":"publish","type":"product","link":"https:\/\/www.garden-kit.com\/pt\/product\/grow-your-own-cactus-kit\/","title":{"rendered":"Cultive seu pr\u00f3prio kit de cactos"},"content":{"rendered":"<p style=\"line-height: 1.5\"><span style=\"font-family: arial, helvetica, sans-serif\">Entre em contato conosco para garantir que este produto atenda aos requisitos.<\/span><br \/><span style=\"font-family: arial, helvetica, sans-serif\">Escolhido a dedo - o favorito dos amadores! Amantes de plantas bem conhecidos e aqueles que est\u00e3o apenas come\u00e7ando apreciam a beleza atemporal desses conjuntos de sementes suculentas cultivados em casa, declarando-os uma \u201cmaneira alegre de desfrutar de um hobby descontra\u00eddo\u201d e um \u201cpresente amado\u201d para o Dia dos Pais, anivers\u00e1rios, feriados ou como um presente de agradecimento para amigos.<\/span><br \/><span style=\"font-family: arial, helvetica, sans-serif\">Tudo o que voc\u00ea precisa \u2013 para cultivar o amor. O Premium Cactus and Succulent Starter Kit n\u00e3o requer uma visita \u00e0 loja; ele fornece todas as guloseimas que voc\u00ea precisa para experimentar a pura alegria das plantas - 4 vasos, 4 bandejas de gotejamento, 4 marcadores de plantas, 1 mistura de sementes de cacto, 1 mistura de sementes suculentas, solo de turfa, sacos de perlita, algas (fertilizante) e instru\u00e7\u00f5es de cultivo super f\u00e1ceis .<\/span><\/p>\n<p style=\"line-height: 1.5\"><span style=\"font-family: arial, helvetica, sans-serif\"><\/span><\/p>\n<table class=\"woocommerce-product-attributes shop_attributes\" style=\"border-collapse: collapse;width: 100%;background-color: #ffffff;border-style: dotted;margin-left: auto;margin-right: auto\">\n<tbody style=\"margin: 0px;padding: 0px;border-width: 0px;font-style: inherit;font-weight: inherit;font-size: inherit;line-height: inherit;font-family: inherit;vertical-align: baseline\">\n<tr class=\"woocommerce-product-attributes-item woocommerce-product-attributes-item--attribute_pa_package-dimensions\" style=\"margin: 0px;padding: 0px;border-width: 0px;font-style: inherit;font-weight: inherit;font-size: inherit;line-height: inherit;font-family: inherit;vertical-align: baseline\">\n<th class=\"woocommerce-product-attributes-item__label\" style=\"margin: 0px;padding: 8px 20px;border-width: 0px 1px 1px 0px;border-right-style: dotted;border-bottom-style: dotted;font-style: inherit;font-weight: bold;font-size: inherit;line-height: 1.5em;font-family: inherit;vertical-align: middle;text-align: right;width: 535.141px\">Dimens\u00f5es da embalagem<\/th>\n<td class=\"woocommerce-product-attributes-item__value\" style=\"margin: 0px;padding: 8px 10px;border-top-width: 0px;border-right-style: none;border-left-width: 0px;font-style: inherit;font-weight: inherit;font-size: inherit;line-height: 1.5em;font-family: inherit;vertical-align: baseline\">\n<p style=\"margin: 0px;padding: 0px;border-width: 0px;font-style: inherit;font-weight: inherit;font-size: 16px;line-height: 28px;font-family: inherit;vertical-align: baseline\"><a href=\"https:\/\/healthingarden.com\/package-dimensions\/6-89-x-5-35-x-3-66-inches\/\" rel=\"tag nofollow noopener\" style=\"margin: 0px;padding: 0px;border-width: 0px;font-style: inherit;font-weight: inherit;font-size: inherit;line-height: inherit;font-family: inherit;vertical-align: baseline;color: #5cb431\" target=\"_blank\">6,89 x 5,35 x 3,66 polegadas<\/a><\/p>\n<\/td>\n<\/tr>\n<tr class=\"woocommerce-product-attributes-item woocommerce-product-attributes-item--attribute_pa_item-weight\" style=\"margin: 0px;padding: 0px;border-width: 0px;font-style: inherit;font-weight: inherit;font-size: inherit;line-height: inherit;font-family: inherit;vertical-align: baseline\">\n<th class=\"woocommerce-product-attributes-item__label\" style=\"margin: 0px;padding: 8px 20px;border-width: 0px 1px 1px 0px;border-right-style: dotted;border-bottom-style: dotted;font-style: inherit;font-weight: bold;font-size: inherit;line-height: 1.5em;font-family: inherit;vertical-align: middle;text-align: right;width: 535.141px\">Peso do Item<\/th>\n<td class=\"woocommerce-product-attributes-item__value\" style=\"margin: 0px;padding: 8px 10px;border-top-width: 0px;border-right-style: none;border-left-width: 0px;font-style: inherit;font-weight: inherit;font-size: inherit;line-height: 1.5em;font-family: inherit;vertical-align: baseline\">\n<p style=\"margin: 0px;padding: 0px;border-width: 0px;font-style: inherit;font-weight: inherit;font-size: 16px;line-height: 28px;font-family: inherit;vertical-align: baseline\"><a href=\"https:\/\/healthingarden.com\/item-weight\/10-2-ounces\/\" rel=\"tag nofollow noopener\" style=\"margin: 0px;padding: 0px;border-width: 0px;font-style: inherit;font-weight: inherit;font-size: inherit;line-height: inherit;font-family: inherit;vertical-align: baseline;color: #5cb431\" target=\"_blank\">10,2 on\u00e7as<\/a><\/p>\n<\/td>\n<\/tr>\n<tr class=\"woocommerce-product-attributes-item woocommerce-product-attributes-item--attribute_pa_manufacturer\" style=\"margin: 0px;padding: 0px;border-width: 0px;font-style: inherit;font-weight: inherit;font-size: inherit;line-height: inherit;font-family: inherit;vertical-align: baseline\">\n<th class=\"woocommerce-product-attributes-item__label\" style=\"margin: 0px;padding: 8px 20px;border-width: 0px 1px 1px 0px;border-right-style: dotted;border-bottom-style: dotted;font-style: inherit;font-weight: bold;font-size: inherit;line-height: 1.5em;font-family: inherit;vertical-align: middle;text-align: right;width: 535.141px\">Fabricante<\/th>\n<td class=\"woocommerce-product-attributes-item__value\" style=\"margin: 0px;padding: 8px 10px;border-top-width: 0px;border-right-style: none;border-left-width: 0px;font-style: inherit;font-weight: inherit;font-size: inherit;line-height: 1.5em;font-family: inherit;vertical-align: baseline\">\n<p style=\"margin: 0px;padding: 0px;border-width: 0px;font-style: inherit;font-weight: inherit;font-size: 16px;line-height: 28px;font-family: inherit;vertical-align: baseline\">kit jardim<\/p>\n<\/td>\n<\/tr>\n<tr class=\"woocommerce-product-attributes-item woocommerce-product-attributes-item--attribute_pa_brand\" style=\"margin: 0px;padding: 0px;border-width: 0px;font-style: inherit;font-weight: inherit;font-size: inherit;line-height: inherit;font-family: inherit;vertical-align: baseline\">\n<th class=\"woocommerce-product-attributes-item__label\" style=\"margin: 0px;padding: 8px 20px;border-width: 0px 1px 1px 0px;border-right-style: dotted;border-bottom-style: dotted;font-style: inherit;font-weight: bold;font-size: inherit;line-height: 1.5em;font-family: inherit;vertical-align: middle;text-align: right;width: 535.141px\">Marca<\/th>\n<td class=\"woocommerce-product-attributes-item__value\" style=\"margin: 0px;padding: 8px 10px;border-top-width: 0px;border-right-style: none;border-left-width: 0px;font-style: inherit;font-weight: inherit;font-size: inherit;line-height: 1.5em;font-family: inherit;vertical-align: baseline\">\n<p style=\"margin: 0px;padding: 0px;border-width: 0px;font-style: inherit;font-weight: inherit;font-size: 16px;line-height: 28px;font-family: inherit;vertical-align: baseline\"><a href=\"https:\/\/healthingarden.com\/brand\/visit-the-home-grown-store\/\" rel=\"tag nofollow noopener\" style=\"margin: 0px;padding: 0px;border-width: 0px;font-style: inherit;font-weight: inherit;font-size: inherit;line-height: inherit;font-family: inherit;vertical-align: baseline;color: #5cb431\" target=\"_blank\">Visite a loja de kits de jardim<\/a><\/p>\n<\/td>\n<\/tr>\n<\/tbody>\n<\/table>","protected":false},"excerpt":{"rendered":"<p>Kit de sementes de suculentas e cactos para plantio \u2013 [Favoritos dos entusiastas] Premium Kit inicial de cactos e suculentas: 4 vasos\u2026<\/p>","protected":false},"featured_media":12108,"comment_status":"open","ping_status":"closed","template":"","meta":[],"product_cat":[40],"product_tag":[477,475,466,463,328,476],"acf":[],"_links":{"self":[{"href":"https:\/\/www.garden-kit.com\/pt\/wp-json\/wp\/v2\/product\/6538"}],"collection":[{"href":"https:\/\/www.garden-kit.com\/pt\/wp-json\/wp\/v2\/product"}],"about":[{"href":"https:\/\/www.garden-kit.com\/pt\/wp-json\/wp\/v2\/types\/product"}],"replies":[{"embeddable":true,"href":"https:\/\/www.garden-kit.com\/pt\/wp-json\/wp\/v2\/comments?post=6538"}],"wp:featuredmedia":[{"embeddable":true,"href":"https:\/\/www.garden-kit.com\/pt\/wp-json\/wp\/v2\/media\/12108"}],"wp:attachment":[{"href":"https:\/\/www.garden-kit.com\/pt\/wp-json\/wp\/v2\/media?parent=6538"}],"wp:term":[{"taxonomy":"product_cat","embeddable":true,"href":"https:\/\/www.garden-kit.com\/pt\/wp-json\/wp\/v2\/product_cat?post=6538"},{"taxonomy":"product_tag","embeddable":true,"href":"https:\/\/www.garden-kit.com\/pt\/wp-json\/wp\/v2\/product_tag?post=6538"}],"curies":[{"name":"wp","href":"https:\/\/api.w.org\/{rel}","templated":true}]}}