{"id":6572,"date":"2022-11-07T14:09:03","date_gmt":"2022-11-07T06:09:03","guid":{"rendered":"https:\/\/www.garden-kit.com\/product\/cactus-growing-kit\/"},"modified":"2023-03-31T14:40:18","modified_gmt":"2023-03-31T06:40:18","slug":"cactus-growing-kit","status":"publish","type":"product","link":"https:\/\/www.garden-kit.com\/pt\/product\/cactus-growing-kit\/","title":{"rendered":"Kit para cultivo de cactos"},"content":{"rendered":"<p style=\"line-height: 1.5\"><span style=\"font-family: arial, helvetica, sans-serif\">????CRES\u00c7A SUAS PR\u00d3PRIAS MINI CACTUS A PARTIR DE SEMENTES: Golden Barrel, Saguaro, Hedgehog, Ferocactus e Organ Pipes - 5 variedades em 1 sach\u00ea Stayfresh - 70 sementes aprox. O generoso kit de cultivo tamb\u00e9m inclui vasos de cactos, marcadores de plantas, solo comprimido, vermiculita, reservat\u00f3rio de \u00e1gua e guia passo a passo<\/span><\/p>\n<p style=\"line-height: 1.5\"><span style=\"font-family: arial, helvetica, sans-serif\">???? PRESENTE DE JARDINAGEM INCOMUM: Este conjunto completo para iniciantes de cactos \u00e9 um presente maravilhoso. \u00c9 lindamente embalado, presente de Papai Noel secreto ideal ou enchimento de meia para amantes de jardim.<\/span><\/p>\n<p style=\"line-height: 1.5\"><span style=\"font-family: arial, helvetica, sans-serif\">????TUDO O QUE VOC\u00ca PRECISA EM UM CONJUNTO INICIAL SIMPLES: O kit Grow orienta voc\u00ea desde as sementes de cactos at\u00e9 a germina\u00e7\u00e3o. Suas plantas espinhosas ser\u00e3o uma adi\u00e7\u00e3o maravilhosa ao seu terr\u00e1rio interno!<\/span><\/p>\n<p style=\"line-height: 1.5\"><span style=\"font-family: arial, helvetica, sans-serif\">????DEDOS VERDES N\u00c3O ESSENCIAIS: N\u00e3o se preocupe se voc\u00ea nunca cultivou plantas caseiras incomuns antes - este kit foi projetado pensando nos iniciantes. Cultivar Cactus \u00e9 super simples e o Guia Completo garante o seu sucesso. N\u00e3o paramos por a\u00ed \u2013 estamos aqui para ajudar em qualquer fase do processo de crescimento.<\/span><\/p>\n<p style=\"line-height: 1.5\"><span style=\"font-family: arial, helvetica, sans-serif\">????100% SATISFA\u00c7\u00c3O GARANTIDA: Fizemos um esfor\u00e7o extra para produzir um \u00f3timo kit inicial de cactos e temos certeza que voc\u00ea vai adorar! Se, por algum motivo, voc\u00ea n\u00e3o estiver satisfeito com seu kit \u2013 avise-nos<\/span><\/p>\n<p style=\"line-height: 1.5\"><span style=\"font-family: arial, helvetica, sans-serif\"><\/span><\/p>\n<p>Um guia de compra completo para kits iniciais de cactos de alta qualidade<br \/>Quais s\u00e3o os benef\u00edcios do cultivo de cactos?<br \/>Se voc\u00ea deve cultivar cactos (ou qualquer outra planta suculenta) tem sido um debate importante entre entusiastas e especialistas em jardinagem. Alguns afirmam que essas plantas espinhosas trazem energia negativa para o seu interior. Ao mesmo tempo, alguns afirmam que tem poderes curativos.<\/p>\n<p>Mas aqui vamos falar sobre fatos e ci\u00eancia.<\/p>\n<p>Semelhante a qualquer outra planta, o cacto respira atrav\u00e9s da fotoss\u00edntese e seu produto, o oxig\u00eanio, \u00e9 ben\u00e9fico para os humanos. No processo, o cacto tamb\u00e9m absorve di\u00f3xido de carbono.<\/p>\n<p>Portanto, o cultivo de cactos pode ajudar a aumentar a propor\u00e7\u00e3o de oxig\u00eanio em rela\u00e7\u00e3o ao di\u00f3xido de carbono em uma sala. Al\u00e9m disso, o aumento da oferta de oxig\u00eanio leva a uma melhoria na sua sa\u00fade. Voc\u00ea tamb\u00e9m pode se sentir revigorado e energizado.<\/p>\n<p>Colocar essas plantas verdes em seu espa\u00e7o de trabalho tamb\u00e9m tem um efeito positivo em sua mente. As pessoas se sentir\u00e3o visivelmente mais calmas, mais focadas e mais produtivas. No geral, o cultivo de cactos traz grandes benef\u00edcios para a sa\u00fade.<\/p>\n<p>Recursos dos melhores kits iniciais de cactos<br \/>H\u00e1 um grande n\u00famero dos melhores kits iniciais de cactos no mercado. Portanto, encontrar o caminho certo pode ser dif\u00edcil, especialmente se voc\u00ea deseja obter resultados bem-sucedidos de uma s\u00f3 vez.<\/p>\n<p>Abaixo, compilamos alguns recursos importantes que podem facilitar a compra do kit de cacto ideal. Consulte Mais informa\u00e7\u00e3o!<\/p>\n<p>Tipos de cactos<br \/>Os diferentes kits de cultivo de cactos incluem diferentes tipos de esp\u00e9cies de cactos. Esses incluem<\/p>\n<p>Pera espinhosa<br \/>Saguaro <br \/>Cacto coelho<br \/>Cacto barril dourado<br \/>Alguns at\u00e9 incluem sementes para suculentas para ajud\u00e1-lo a ter variedade em seu minijardim. Se voc\u00ea est\u00e1 procurando um tipo espec\u00edfico, verifique o que est\u00e1 escrito na embalagem.<\/p>\n<p>Quantidade e qualidade das sementes <br \/>\u00c9 normal que algumas sementes germinem e outras n\u00e3o. No entanto, pode ser doloroso investir tanto tempo cultivando cactos e descobrir que nenhum deles teve sucesso. Portanto, certifique-se de escolher kits iniciais de cactos que prometem sementes testadas e certificadas.<\/p>\n<p>\u00c9 garantido que essas sementes de alta qualidade cres\u00e7am quando as condi\u00e7\u00f5es adequadas forem fornecidas. Se n\u00e3o tiver certeza, escolha um kit que contenha grande quantidade de sementes para cada esp\u00e9cie. Assim, mesmo que ocorra um erro, voc\u00ea ter\u00e1 algumas sementes sobrando para experimenta\u00e7\u00e3o.<\/p>\n<p>F\u00e1cil de usar <br \/>N\u00e3o importa se voc\u00ea \u00e9 iniciante ou especialista no cultivo de cactos. Ao comprar um kit de cultivo de cactos, certifique-se de que um guia esteja inclu\u00eddo. \u00c0s vezes, as sementes tratadas requerem um m\u00e9todo \u00fanico para cultivar cactos bem-sucedidos. Ter um manual da empresa pode facilitar as coisas.<\/p>\n<p>Acess\u00f3rios <br \/>Al\u00e9m disso, voc\u00ea tamb\u00e9m deve verificar outras ferramentas e suprimentos inclu\u00eddos no kit de cultivo. Esses acess\u00f3rios podem evitar o trabalho de comprar coisas separadamente.<\/p>\n<p>A maioria dos kits de cultivo de cactos vem com misturas de solo, vasos e marcadores de plantas. No entanto, alguns incluem apenas sementes ou misturas de solo.<\/p>\n<p>Como voc\u00ea cultiva cactos?<br \/>Cultivar kits de cactos \u00e9 bastante simples e f\u00e1cil. Normalmente, cada kit inclui um manual detalhado que inclui<\/p><\/p>","protected":false},"excerpt":{"rendered":"<p>Kit de cactos \u2013 Cultive seus pr\u00f3prios cactos dentro de casa - Presente de jardinagem<\/p><\/p>","protected":false},"featured_media":12049,"comment_status":"open","ping_status":"closed","template":"","meta":[],"product_cat":[40],"product_tag":[464,329,470,468,467,466,463,465,469,471],"acf":[],"_links":{"self":[{"href":"https:\/\/www.garden-kit.com\/pt\/wp-json\/wp\/v2\/product\/6572"}],"collection":[{"href":"https:\/\/www.garden-kit.com\/pt\/wp-json\/wp\/v2\/product"}],"about":[{"href":"https:\/\/www.garden-kit.com\/pt\/wp-json\/wp\/v2\/types\/product"}],"replies":[{"embeddable":true,"href":"https:\/\/www.garden-kit.com\/pt\/wp-json\/wp\/v2\/comments?post=6572"}],"wp:featuredmedia":[{"embeddable":true,"href":"https:\/\/www.garden-kit.com\/pt\/wp-json\/wp\/v2\/media\/12049"}],"wp:attachment":[{"href":"https:\/\/www.garden-kit.com\/pt\/wp-json\/wp\/v2\/media?parent=6572"}],"wp:term":[{"taxonomy":"product_cat","embeddable":true,"href":"https:\/\/www.garden-kit.com\/pt\/wp-json\/wp\/v2\/product_cat?post=6572"},{"taxonomy":"product_tag","embeddable":true,"href":"https:\/\/www.garden-kit.com\/pt\/wp-json\/wp\/v2\/product_tag?post=6572"}],"curies":[{"name":"wp","href":"https:\/\/api.w.org\/{rel}","templated":true}]}}