{"id":6578,"date":"2022-11-07T14:11:51","date_gmt":"2022-11-07T06:11:51","guid":{"rendered":"https:\/\/www.garden-kit.com\/product\/plant-terrarium-kit\/"},"modified":"2023-03-31T14:45:29","modified_gmt":"2023-03-31T06:45:29","slug":"plant-terrarium-kit","status":"publish","type":"product","link":"https:\/\/www.garden-kit.com\/pt\/product\/plant-terrarium-kit\/","title":{"rendered":"Kit de terr\u00e1rio de plantas"},"content":{"rendered":"<h3 style=\"font-size: 19px\"><strong>Conte\u00fado do kit de terr\u00e1rio de plantas:<\/strong><\/h3>\n<p><strong>FA\u00c7A SEU PR\u00d3PRIO TERR\u00c1RIO: <\/strong>Fundamentos pr\u00e9-medidos Incluir; Cactus Soil 250g, Drenagem Seixos 130g, Carv\u00e3o Ativado 30g, Musgo, 50g, Cascalho Decorativo 150g &amp; Ferramentas. Suprimento generoso - o suficiente para encher um aqu\u00e1rio de 15 a 20 cm!! Os ingredientes s\u00e3o selados em sacos resistentes para evitar derramamento.<\/p>\n<p style=\"text-align: center\"><img decoding=\"async\" src=\"https:\/\/data.adwebcloud.com\/public\/material\/2206293ihquj\/product\/il_1140xN.3043638372_snz1_1667801392478.jpg\" alt=\"exemplo\" width=\"1000\" title=\"\"><\/p>\n<p><strong>COMPOSTO DE CACTO DE QUALIDADE PREMIUM: <\/strong>Solo especialmente formulado para garantir que suas plantas de terr\u00e1rio permane\u00e7am saud\u00e1veis e prosperem. Solo dessa qualidade n\u00e3o ser\u00e1 encontrado em centros de jardinagem locais.<\/p>\n<p style=\"text-align: center\"><img decoding=\"async\" src=\"https:\/\/data.adwebcloud.com\/public\/material\/2206293ihquj\/product\/il_1140xN.3043637230_kqxu_1667801399728.jpg\" alt=\"exemplo\" width=\"1000\" title=\"\"><\/p>\n<p><strong>GUIA DE 15 P\u00c1GINAS: <\/strong>Aprenda a arte e a ci\u00eancia por tr\u00e1s de fazer seu jardim de vidro em miniatura. Descubra como funcionam estes ecossistemas aut\u00f3nomos, aprenda a escolher as melhores plantas, a cuidar do seu terr\u00e1rio e muito mais\u2026<\/p>\n<\/p>\n<p><strong>DIVERTIDO, R\u00c1PIDO E F\u00c1CIL:<\/strong> Crie sua obra-prima em menos de uma hora. A atividade perfeita para compartilhar com amigos e familiares!<\/p>\n<\/p>\n<p><strong>\u00d3TIMA IDEIA DE PRESENTE: <\/strong>Tudo o que voc\u00ea precisa \u00e9 de um recipiente de vidro e uma sele\u00e7\u00e3o de cactos ou suculentas para criar um presente \u00fanico. Clique em consultar e pe\u00e7a seu kit hoje!<\/p>\n<\/p>\n<h3 style=\"font-size: 19px\"><strong>Recursos do kit de terr\u00e1rio de plantas:<\/strong><\/h3>\n<ul>\n<li>Nosso conjunto de terr\u00e1rios n\u00e3o \u00e9 apenas adequado para decora\u00e7\u00e3o cl\u00e1ssica, mas tamb\u00e9m perfeito para exibir flores e plantas, purificando o ar e alegrando seu humor.<\/li>\n<li>Design de vaso redondo de vidro simples e elegante, se voc\u00ea colocar algumas pedras, flores dentro, ficar\u00e1 mais bonito e atraente.<\/li>\n<li>A esta\u00e7\u00e3o de cultivo de plantas de vidro de mesa \u00e9 feita de vidro transparente de alta qualidade. Tanque de madeira separado e vaso de flores de vidro, conveniente para troca de \u00e1gua e limpeza.<\/li>\n<li>Os recipientes para plantas com estilo de fazenda s\u00e3o uma adi\u00e7\u00e3o cl\u00e1ssica e moderna para mesas de centro, mesas de jantar, estantes, salas de estar e parapeitos de janelas. Os elegantes vasos de garrafa de vidro transformam uma sala mon\u00f3tona em um espa\u00e7o mais feliz, adicionando eleg\u00e2ncia e eleg\u00e2ncia a qualquer ambiente.<\/li>\n<li>O simples vaso hidrop\u00f4nico de vidro de mesa \u00e9 adequado para a maioria das plantas de propaga\u00e7\u00e3o, como \u00e1rvores de folhas, samambaias, bambu da sorte, margaridas africanas, ervas, plantas hidrop\u00f4nicas e estacas de flores.<\/li>\n<\/ul>\n<h3 style=\"font-size: 19px\">Tipos de vasos adequados para cultivo de kits de terr\u00e1rios de plantas<\/h3>\n<p style=\"text-align: justify\"><strong>1. Vasos de plantas suculentas<\/strong><br \/>As folhas das suculentas s\u00e3o em sua maioria grossas e suculentas, podendo se adaptar a um ambiente relativamente seco. Sob intensidade de luz adequada, as folhas apresentam v\u00e1rias cores de acordo com as diferentes variedades. Sua apar\u00eancia enriqueceu os tipos de vasos de plantas em casa e tamb\u00e9m forneceu mais op\u00e7\u00f5es de vasos de plantas para iniciantes que n\u00e3o s\u00e3o muito bons em cultivar flores. Muitos amigos acham que criar suculentas e v\u00ea-las crescer vaso ap\u00f3s vaso, ou um vaso com um formato de planta maior, \u00e9 mais gratificante do que iniciar o per\u00edodo de flora\u00e7\u00e3o.<\/p>\n<p style=\"text-align: center\"><strong><img decoding=\"async\" src=\"https:\/\/data.adwebcloud.com\/public\/material\/2206293ihquj\/product\/image_7402854073167541083292_1675410833307.jpg\" width=\"500\" alt=\"\" title=\"\"> <img decoding=\"async\" src=\"https:\/\/data.adwebcloud.com\/public\/material\/2206293ihquj\/product\/image_1032129574167541085050_1675410850841.jpg\" width=\"500\" alt=\"\" title=\"\"><\/strong><\/p>\n<p><strong>2. Vaso de cactos<\/strong><br \/>Os cactos podem ter sido pouco conhecidos no passado, porque esta planta n\u00e3o parece ter nenhum uso importante al\u00e9m de purificar o ar. Mas com o desenvolvimento dos tempos, as pessoas aprenderam que diferentes cactos t\u00eam diferentes valores pr\u00e1ticos.<\/p>\n<p>Alguns cactos n\u00e3o apenas florescem e d\u00e3o frutos e t\u00eam efeitos ornamentais, mas tamb\u00e9m t\u00eam efeitos comest\u00edveis e t\u00eam certo valor medicinal.<\/p>\n<p>Mas, de qualquer forma, como pessoa comum, n\u00e3o o use casualmente e, como entusiasta da jardinagem, n\u00e3o perca!<\/p><\/p>","protected":false},"excerpt":{"rendered":"<p>Kit Terr\u00e1rio de Plantas para Suculentas e Cactos. Inclui solo de cacto, musgo, cascalho e guia passo a passo<\/p>","protected":false},"featured_media":12175,"comment_status":"open","ping_status":"closed","template":"","meta":[],"product_cat":[40],"product_tag":[330],"acf":[],"_links":{"self":[{"href":"https:\/\/www.garden-kit.com\/pt\/wp-json\/wp\/v2\/product\/6578"}],"collection":[{"href":"https:\/\/www.garden-kit.com\/pt\/wp-json\/wp\/v2\/product"}],"about":[{"href":"https:\/\/www.garden-kit.com\/pt\/wp-json\/wp\/v2\/types\/product"}],"replies":[{"embeddable":true,"href":"https:\/\/www.garden-kit.com\/pt\/wp-json\/wp\/v2\/comments?post=6578"}],"wp:featuredmedia":[{"embeddable":true,"href":"https:\/\/www.garden-kit.com\/pt\/wp-json\/wp\/v2\/media\/12175"}],"wp:attachment":[{"href":"https:\/\/www.garden-kit.com\/pt\/wp-json\/wp\/v2\/media?parent=6578"}],"wp:term":[{"taxonomy":"product_cat","embeddable":true,"href":"https:\/\/www.garden-kit.com\/pt\/wp-json\/wp\/v2\/product_cat?post=6578"},{"taxonomy":"product_tag","embeddable":true,"href":"https:\/\/www.garden-kit.com\/pt\/wp-json\/wp\/v2\/product_tag?post=6578"}],"curies":[{"name":"wp","href":"https:\/\/api.w.org\/{rel}","templated":true}]}}