{"id":6585,"date":"2022-11-07T14:17:35","date_gmt":"2022-11-07T06:17:35","guid":{"rendered":"https:\/\/www.garden-kit.com\/product\/flower-garden-kit\/"},"modified":"2023-11-10T15:08:32","modified_gmt":"2023-11-10T07:08:32","slug":"flower-garden-kit","status":"publish","type":"product","link":"https:\/\/www.garden-kit.com\/pt\/product\/flower-garden-kit\/","title":{"rendered":"Kit de jardim de flores"},"content":{"rendered":"<h1 style=\"line-height: 1.5;\">Kit de jardim de flores<\/h1>\n<p>Flower Garden Kit Seu melhor kit inicial de sementes!<\/p>\n<p>&nbsp;<\/p>\n<p>Cultive suas pr\u00f3prias flores no jardim:<br \/>\n12 variedades de sementes incluem tremo\u00e7os, narcisos, ger\u00e2nios, gips\u00f3fila, pet\u00fanias, an\u00eamonas, delf\u00ednios, alstroemeria, lavanda e malmequeres. O conjunto tamb\u00e9m consiste em 12 plantadores, 12 bandejas de solo e instru\u00e7\u00f5es passo a passo.<\/p>\n<p>N\u00e3o \u00e9 necess\u00e1rio polegar verde:<br \/>\nN\u00e3o se preocupe se voc\u00ea nunca cultivou plantas \u2013 este kit de plantio inclui um guia ilustrado perfeito para iniciantes. Al\u00e9m disso, estamos aqui para responder \u00e0s suas perguntas em qualquer fase do processo de cultivo.<\/p>\n<p>Presente ecol\u00f3gico:<br \/>\nO kit de jardim de flores Urban Sprout \u00e9 lindamente embalado e perfeito para dar de presente em qualquer ocasi\u00e3o.<\/p>\n<p>guia do kit de plantio de flores gratuito:<br \/>\nAprenda como misturar e combinar as combina\u00e7\u00f5es de flores do seu kit com este guia informativo e ilustrado. Esteja voc\u00ea cultivando flores em canteiros, recipientes ou cestos suspensos, o Guia de combina\u00e7\u00e3o de flores oferece conselhos e dicas.<\/p>\n<p>Promessa de germina\u00e7\u00e3o:<br \/>\nN\u00e3o medimos esfor\u00e7os para produzir kits de sementes que ir\u00e3o satisfaz\u00ea-lo! Se as sementes do kit n\u00e3o germinarem, avise-nos; prometemos enviar-lhe mais!<\/p>","protected":false},"excerpt":{"rendered":"<p>Kit de jardim de flores \u2013 Cultive seu pr\u00f3prio jardim de casa de campo ou cestas suspensas, conjunto de presentes de jardim para ela \u2013 12 pacotes de sementes de plantas \u2013 pet\u00fanias, d\u00e1lias<\/p>","protected":false},"featured_media":12119,"comment_status":"open","ping_status":"closed","template":"","meta":[],"product_cat":[40],"product_tag":[331],"acf":[],"_links":{"self":[{"href":"https:\/\/www.garden-kit.com\/pt\/wp-json\/wp\/v2\/product\/6585"}],"collection":[{"href":"https:\/\/www.garden-kit.com\/pt\/wp-json\/wp\/v2\/product"}],"about":[{"href":"https:\/\/www.garden-kit.com\/pt\/wp-json\/wp\/v2\/types\/product"}],"replies":[{"embeddable":true,"href":"https:\/\/www.garden-kit.com\/pt\/wp-json\/wp\/v2\/comments?post=6585"}],"wp:featuredmedia":[{"embeddable":true,"href":"https:\/\/www.garden-kit.com\/pt\/wp-json\/wp\/v2\/media\/12119"}],"wp:attachment":[{"href":"https:\/\/www.garden-kit.com\/pt\/wp-json\/wp\/v2\/media?parent=6585"}],"wp:term":[{"taxonomy":"product_cat","embeddable":true,"href":"https:\/\/www.garden-kit.com\/pt\/wp-json\/wp\/v2\/product_cat?post=6585"},{"taxonomy":"product_tag","embeddable":true,"href":"https:\/\/www.garden-kit.com\/pt\/wp-json\/wp\/v2\/product_tag?post=6585"}],"curies":[{"name":"wp","href":"https:\/\/api.w.org\/{rel}","templated":true}]}}