{"id":6757,"date":"2022-11-11T10:06:36","date_gmt":"2022-11-11T02:06:36","guid":{"rendered":"https:\/\/www.garden-kit.com\/product\/grow-your-own-seed-box\/"},"modified":"2023-03-31T14:15:26","modified_gmt":"2023-03-31T06:15:26","slug":"grow-your-own-seed-box","status":"publish","type":"product","link":"https:\/\/www.garden-kit.com\/pt\/product\/grow-your-own-seed-box\/","title":{"rendered":"Cultive sua pr\u00f3pria caixa de sementes"},"content":{"rendered":"<h3 class=\"a-size-base-plus a-text-bold\" style=\"padding: 0px 0px 4px;margin: 0px;color: #0f1111;font-family: 'Amazon Ember', Arial, sans-serif;background-color: #ffffff;font-size: 19px;line-height: 1.5\"><span style=\"font-family: arial, helvetica, sans-serif\">Sobre este item<\/span><\/h3>\n<ul>\n<li><span class=\"a-list-item\" style=\"color: #0f1111;font-family: arial, helvetica, sans-serif\">Kit de cultivo completo: O kit inicial ideal para o jardineiro iniciante. Perfeito para artesanato para adultos e atividades infantis! Junto com uma grande variedade de sementes de plantas, seu kit de cultivo vem com luvas de jardinagem com garras e instru\u00e7\u00f5es detalhadas de cultivo. \u00c9 tudo que voc\u00ea precisa para crescer<\/span><\/li>\n<li><span class=\"a-list-item\" style=\"color: #0f1111;font-family: arial, helvetica, sans-serif\">Caixa de sementes de alta germina\u00e7\u00e3o: Gra\u00e7as ao nosso rigoroso controle de qualidade e testes laboratoriais de germina\u00e7\u00e3o, nossa cole\u00e7\u00e3o de sementes premium n\u00e3o ir\u00e1 decepcionar. Nossas sementes s\u00e3o verificadas de dupla qualidade e n\u00e3o transg\u00eanicas. Voc\u00ea pode ter certeza de que o que voc\u00ea semear em seu jardim de vegetais, flores e ervas crescer\u00e1!<\/span><\/li>\n<li><span class=\"a-list-item\" style=\"color: #0f1111;font-family: arial, helvetica, sans-serif\">Kit de cultivo de grande valor: Com 65 plantas diferentes, 15 tipos de ervas e 20 variedades de flores, voc\u00ea receber\u00e1 mais de 45.000 sementes no total! Com uma variedade t\u00e3o grande de sementes para plantar legumes, frutas e flores, voc\u00ea poder\u00e1 desfrutar de uma horta comercial completa, tudo em uma caixa<\/span><\/li>\n<li><span class=\"a-list-item\" style=\"color: #0f1111;font-family: arial, helvetica, sans-serif\">O conjunto de presente de jardinagem perfeito: embalado em uma caixa de madeira de luxo e com acess\u00f3rios de jardinagem premium, \u00e9 uma ideia de presente ideal para um jardineiro iniciante. Kits de bricolage perfeitos para adultos e crian\u00e7as que s\u00e3o ideais para um amigo de dedos verdes, um presente de boas-vindas ou at\u00e9 mesmo presentes de Natal.<\/span><\/li>\n<li><span class=\"a-list-item\" style=\"color: #0f1111;font-family: arial, helvetica, sans-serif\">O conjunto de presente de jardinagem perfeito: embalado em uma caixa de madeira de luxo e com acess\u00f3rios de jardinagem premium, \u00e9 uma ideia de presente ideal para um jardineiro iniciante. Kits de bricolage perfeitos para adultos e crian\u00e7as que s\u00e3o ideais para um amigo de dedos verdes, um presente de boas-vindas ou at\u00e9 mesmo presentes de Natal.<\/span><\/li>\n<\/ul>","protected":false},"excerpt":{"rendered":"<p><span id=\"productTitle\" class=\"a-size-large product-title-word-break\" style=\"font-size: 16px;line-height: 32px;font-family: arial, helvetica, sans-serif;color: #000000\">Cultive seu pr\u00f3prio kit por pacote de jardim \u2013 100 variedades de sementes de vegetais, ervas e flores \u2013 Presentes de jardinagem para mulheres e homens \u2013 Caixa e acess\u00f3rios prontos para presente de madeira natural<\/span><\/p><\/p>","protected":false},"featured_media":11921,"comment_status":"closed","ping_status":"closed","template":"","meta":[],"product_cat":[50],"product_tag":[344],"acf":[],"_links":{"self":[{"href":"https:\/\/www.garden-kit.com\/pt\/wp-json\/wp\/v2\/product\/6757"}],"collection":[{"href":"https:\/\/www.garden-kit.com\/pt\/wp-json\/wp\/v2\/product"}],"about":[{"href":"https:\/\/www.garden-kit.com\/pt\/wp-json\/wp\/v2\/types\/product"}],"replies":[{"embeddable":true,"href":"https:\/\/www.garden-kit.com\/pt\/wp-json\/wp\/v2\/comments?post=6757"}],"wp:featuredmedia":[{"embeddable":true,"href":"https:\/\/www.garden-kit.com\/pt\/wp-json\/wp\/v2\/media\/11921"}],"wp:attachment":[{"href":"https:\/\/www.garden-kit.com\/pt\/wp-json\/wp\/v2\/media?parent=6757"}],"wp:term":[{"taxonomy":"product_cat","embeddable":true,"href":"https:\/\/www.garden-kit.com\/pt\/wp-json\/wp\/v2\/product_cat?post=6757"},{"taxonomy":"product_tag","embeddable":true,"href":"https:\/\/www.garden-kit.com\/pt\/wp-json\/wp\/v2\/product_tag?post=6757"}],"curies":[{"name":"wp","href":"https:\/\/api.w.org\/{rel}","templated":true}]}}