{"id":6763,"date":"2022-11-11T10:10:20","date_gmt":"2022-11-11T02:10:20","guid":{"rendered":"https:\/\/www.garden-kit.com\/product\/herb-garden-cultivation-set\/"},"modified":"2023-04-28T15:13:25","modified_gmt":"2023-04-28T07:13:25","slug":"herb-garden-cultivation-set","status":"publish","type":"product","link":"https:\/\/www.garden-kit.com\/pt\/product\/herb-garden-cultivation-set\/","title":{"rendered":"Conjunto de cultivo de jardim de ervas"},"content":{"rendered":"<h3 style=\"line-height: 1.5;font-size: 19px\"><span style=\"font-family: arial, helvetica, sans-serif;font-size: 16px\">Informa\u00e7\u00f5es sobre este projeto<\/span><\/h3>\n<h3 style=\"line-height: 1.5;font-size: 19px\"><span style=\"font-family: arial, helvetica, sans-serif;font-size: 16px\">Cultive suas pr\u00f3prias ervas facilmente com nosso kit premium <\/span><\/h3>\n<p style=\"line-height: 1.5\"><span style=\"font-family: arial, helvetica, sans-serif;font-size: 16px\">Nosso kit inclui 4 sementes de ervas (THYMIAN, BASILICUM, PETERSILY e COENTRO), uma bandeja de madeira vintage, 16 bandejas de solo, 4 vasos de serapilheira com forros imperme\u00e1veis, 4 varas de bambu, tesoura de poda e instru\u00e7\u00f5es passo a passo em 5 idiomas.<\/span><\/p>\n<h3 style=\"line-height: 1.5;font-size: 19px\"><span style=\"font-family: arial, helvetica, sans-serif;font-size: 16px\">Sementes de ervas org\u00e2nicas 100%<\/span><\/h3>\n<p style=\"line-height: 1.5\"><span style=\"font-family: arial, helvetica, sans-serif;font-size: 16px\">Cultivadas naturalmente na China \u2013 Nossas sementes s\u00e3o 100% org\u00e2nicas e livres de transg\u00eanicos, todas cuidadosamente cultivadas no sul da China. Cultive facilmente suas pr\u00f3prias ervas frescas e de qualidade em casa e adicione-as \u00e0s suas receitas.<\/span><\/p>\n<h3 style=\"line-height: 1.5;font-size: 19px\"><span style=\"font-family: arial, helvetica, sans-serif;font-size: 16px\">DECORE SUA CASA COM NOSSO KIT DE JARDIM DE ERVAS ESTILO VINTAGE&nbsp;<\/span><\/h3>\n<p style=\"line-height: 1.5\"><span style=\"font-family: arial, helvetica, sans-serif;font-size: 16px\"> Nosso kit pode ser usado como um kit inicial para um jardim interno de ervas, incluindo conjuntos de sementes de ervas, e tamb\u00e9m \u00e9 um \u00f3timo elemento decorativo para bancadas, parapeitos de janelas, varandas, p\u00e1tios ou jardins na cobertura.<\/span><\/p>\n<h3 style=\"line-height: 1.5;font-size: 19px\"><span style=\"font-family: arial, helvetica, sans-serif;font-size: 16px\">IDEIAS \u00daNICAS PARA PRESENTES <\/span><\/h3>\n<p style=\"line-height: 1.5\"><span style=\"font-family: arial, helvetica, sans-serif;font-size: 16px\">Nossos kits s\u00e3o o presente perfeito para crian\u00e7as, para amigos que est\u00e3o come\u00e7ando a cuidar do jardim ou da cozinha, como presente decorativo para o escrit\u00f3rio ou qualquer lugar da casa, ou como um kit de plantio para germinar sementes de ervas de alta qualidade.<\/span><\/p>\n<p style=\"line-height: 1.5\"><span style=\"font-family: arial, helvetica, sans-serif;font-size: 16px\">Nosso objetivo \u00e9 trazer o melhor da natureza para mais perto de sua casa com nossos kits de cultivo com sementes para iniciantes e sustent\u00e1veis. Se voc\u00ea tiver alguma d\u00favida ou precisar de ajuda, n\u00e3o hesite em nos contatar diretamente.<\/span><\/p>","protected":false},"excerpt":{"rendered":"<div id=\"availability_feature_div\" class=\"celwidget\" data-feature-name=\"availability\" data-csa-c-type=\"widget\" data-csa-c-content-id=\"availability\" data-csa-c-slot-id=\"availability_feature_div\" data-csa-c-asin=\"B08TV4NV1D\" data-csa-c-is-in-initial-active-row=\"false\" data-csa-c-id=\"zey3c5-d2dyz1-ngpnnb-huc9rt\" data-cel-widget=\"availability_feature_div\" style=\"color: #0f1111;font-family: 'Amazon Ember', Arial, sans-serif;font-size: 14px;background-color: #ffffff\">\n<div id=\"availability\" class=\"a-section a-spacing-base a-spacing-top-micro }\" style=\"margin-bottom: 22px;padding-top: 4px;margin-top: 0px\"><span class=\"a-size-medium a-color-price\" style=\"font-size: 18px;line-height: 24px;color: #b12704\">Derzeit nicht verf\u00fcgbar.<\/span><br \/>Ob und wann dieser Artikel wieder vorr\u00e4tig sein wird, ist unbekan<\/div>\n<\/div>\n<div id=\"olp_feature_div\" class=\"celwidget\" data-feature-name=\"olp\" data-csa-c-type=\"widget\" data-csa-c-content-id=\"olp\" data-csa-c-slot-id=\"olp_feature_div\" data-csa-c-asin=\"B08TV4NV1D\" data-csa-c-is-in-initial-active-row=\"false\" data-csa-c-id=\"kx1ymj-6ld3y0-xdu6o9-7vby7d\" data-cel-widget=\"olp_feature_div\" style=\"color: #0f1111;font-family: 'Amazon Ember', Arial, sans-serif;font-size: 14px;background-color: #ffffff\"><span class=\"a-declarative\" data-action=\"close-all-offers-display\" data-csa-c-type=\"widget\" data-csa-c-func-deps=\"aui-da-close-all-offers-display\" data-close-all-offers-display=\"{}\" data-csa-c-id=\"jfxmv-q4vqgy-ox8y5x-lmgrdh\"><\/span><\/div>","protected":false},"featured_media":14813,"comment_status":"open","ping_status":"closed","template":"","meta":[],"product_cat":[50],"product_tag":[500,180,345,183,645],"acf":[],"_links":{"self":[{"href":"https:\/\/www.garden-kit.com\/pt\/wp-json\/wp\/v2\/product\/6763"}],"collection":[{"href":"https:\/\/www.garden-kit.com\/pt\/wp-json\/wp\/v2\/product"}],"about":[{"href":"https:\/\/www.garden-kit.com\/pt\/wp-json\/wp\/v2\/types\/product"}],"replies":[{"embeddable":true,"href":"https:\/\/www.garden-kit.com\/pt\/wp-json\/wp\/v2\/comments?post=6763"}],"wp:featuredmedia":[{"embeddable":true,"href":"https:\/\/www.garden-kit.com\/pt\/wp-json\/wp\/v2\/media\/14813"}],"wp:attachment":[{"href":"https:\/\/www.garden-kit.com\/pt\/wp-json\/wp\/v2\/media?parent=6763"}],"wp:term":[{"taxonomy":"product_cat","embeddable":true,"href":"https:\/\/www.garden-kit.com\/pt\/wp-json\/wp\/v2\/product_cat?post=6763"},{"taxonomy":"product_tag","embeddable":true,"href":"https:\/\/www.garden-kit.com\/pt\/wp-json\/wp\/v2\/product_tag?post=6763"}],"curies":[{"name":"wp","href":"https:\/\/api.w.org\/{rel}","templated":true}]}}