{"id":6775,"date":"2022-11-11T10:14:30","date_gmt":"2022-11-11T02:14:30","guid":{"rendered":"https:\/\/www.garden-kit.com\/product\/herb-growing-set\/"},"modified":"2023-03-31T14:15:44","modified_gmt":"2023-03-31T06:15:44","slug":"herb-growing-set","status":"publish","type":"product","link":"https:\/\/www.garden-kit.com\/pt\/product\/herb-growing-set\/","title":{"rendered":"Conjunto de Cultivo de Ervas"},"content":{"rendered":"<p>Informa\u00e7\u00f5es sobre este item<\/p>\n<p>F\u00c1CIL DE CULTIVAR SEUS PR\u00d3PRIOS VEGETAIS COM SEMENTES DO NOSSO KIT DE CRESCIMENTO DE QUALIDADE PREMIUM - Nosso kit inclui 4 sementes de plantas, um jardineiro de madeira vintage com revestimento \u00e0 prova d&#039;\u00e1gua, 1 ladrilho de solo, 4 marcadores de bambu, tesouras de podar e instru\u00e7\u00f5es passo a passo em 5 idiomas .<\/p>\n<p>SEMENTES ECOL\u00d3GICAS 100%, CULTIVADAS NATURALMENTE NA ESPANHA \u2013 Nossas sementes s\u00e3o 100% org\u00e2nicas e n\u00e3o transg\u00eanicas e s\u00e3o cuidadosamente cultivadas na costa mediterr\u00e2nea da Espanha. Cultive seus pr\u00f3prios vegetais frescos de alta qualidade em casa e adicione-os \u00e0s suas receitas<\/p>\n<p>IDEIA DE PRESENTE \u00daNICA - Nosso kit \u00e9 um presente perfeito para crian\u00e7as, para amigos que est\u00e3o come\u00e7ando a jardinar ou cozinhar, como um presente decorativo para o escrit\u00f3rio ou em qualquer lugar da casa, ou como um kit de cultivo para germinar sementes de plantas de alta qualidade<\/p>\n<p>DECORE SUA CASA COM NOSSO KIT VINTAGE VEGGIE GARDEN - Todos os componentes do nosso kit s\u00e3o de alt\u00edssima qualidade. Nosso kit de cultivo e as sementes da planta que ele cont\u00e9m podem ser usados como um kit inicial para horticultura interna e tamb\u00e9m \u00e9 um \u00f3timo elemento decorativo para bancadas, peitoris de janelas, varandas, p\u00e1tios ou telhados<\/p>\n<p>NAUKUA \u2013 Nosso objetivo \u00e9 trazer a ess\u00eancia da natureza para mais perto de sua casa com nossos kits de cultivo de sementes sustent\u00e1veis e amig\u00e1veis para iniciantes. N\u00e3o hesite em nos contatar diretamente se tiver alguma d\u00favida ou precisar de ajuda com seu kit.<\/p><\/p>","protected":false},"excerpt":{"rendered":"<p><span id=\"productTitle\" class=\"a-size-large product-title-word-break\" style=\"font-size: 16px;line-height: 32px\">Vintage Gem\u00fcse Anzuchtset Geschenk \u2013 (Saatgut f\u00fcr Salat, Tomaten, Radieschen und Paprika) \u2013 100% Organische, Gem\u00fcsesamen aus Spanien \u2013 Alles was du brauchst, um dein eigenes frisches Gem\u00fcse zu Hause<\/span><\/p><\/p>","protected":false},"featured_media":11919,"comment_status":"open","ping_status":"closed","template":"","meta":[],"product_cat":[50],"product_tag":[347],"acf":[],"_links":{"self":[{"href":"https:\/\/www.garden-kit.com\/pt\/wp-json\/wp\/v2\/product\/6775"}],"collection":[{"href":"https:\/\/www.garden-kit.com\/pt\/wp-json\/wp\/v2\/product"}],"about":[{"href":"https:\/\/www.garden-kit.com\/pt\/wp-json\/wp\/v2\/types\/product"}],"replies":[{"embeddable":true,"href":"https:\/\/www.garden-kit.com\/pt\/wp-json\/wp\/v2\/comments?post=6775"}],"wp:featuredmedia":[{"embeddable":true,"href":"https:\/\/www.garden-kit.com\/pt\/wp-json\/wp\/v2\/media\/11919"}],"wp:attachment":[{"href":"https:\/\/www.garden-kit.com\/pt\/wp-json\/wp\/v2\/media?parent=6775"}],"wp:term":[{"taxonomy":"product_cat","embeddable":true,"href":"https:\/\/www.garden-kit.com\/pt\/wp-json\/wp\/v2\/product_cat?post=6775"},{"taxonomy":"product_tag","embeddable":true,"href":"https:\/\/www.garden-kit.com\/pt\/wp-json\/wp\/v2\/product_tag?post=6775"}],"curies":[{"name":"wp","href":"https:\/\/api.w.org\/{rel}","templated":true}]}}