{"id":6787,"date":"2022-11-11T10:20:23","date_gmt":"2022-11-11T02:20:23","guid":{"rendered":"https:\/\/www.garden-kit.com\/product\/vegetable-seeds-kit\/"},"modified":"2023-03-31T14:40:30","modified_gmt":"2023-03-31T06:40:30","slug":"vegetable-seeds-kit","status":"publish","type":"product","link":"https:\/\/www.garden-kit.com\/pt\/product\/vegetable-seeds-kit\/","title":{"rendered":"Kit de Sementes de Legumes"},"content":{"rendered":"<p style=\"line-height: 24px\">Cultive seus pr\u00f3prios vegetais: mais de 1.500 sementes por conjunto. 12 variedades de sementes, incluindo repolho, alho-por\u00f3, espinafre, couve, abobrinha, br\u00f3colis e cebolinha. Tamb\u00e9m inclui 12 potes, 12 bandejas de solo e instru\u00e7\u00f5es passo a passo para alface, pepino, beterraba, tomate, ab\u00f3bora e cenoura.<\/p>\n<p style=\"line-height: 24px\">\n<p style=\"line-height: 24px\">Sementes Org\u00e2nicas Certificadas: As sementes do seu kit s\u00e3o produzidas organicamente. Eles s\u00e3o colhidos de plantas que atendem aos padr\u00f5es org\u00e2nicos reconhecidos, sem o uso de produtos qu\u00edmicos. N\u00e3o foram utilizados tratamentos, nem antes nem depois da colheita, e as sementes s\u00e3o oferecidas em seu estado natural. Foi certificado e marcado com o logotipo org\u00e2nico.<\/p>\n<p style=\"line-height: 24px\">\n<p style=\"line-height: 24px\">N\u00e3o s\u00e3o necess\u00e1rios dedos verdes. Se voc\u00ea nunca cultivou nada antes, n\u00e3o se preocupe - este kit de cultivo inclui um guia ilustrado perfeito para iniciantes. Al\u00e9m disso, estamos aqui para responder \u00e0s suas perguntas em qualquer est\u00e1gio do processo de crescimento.<\/p>\n<p style=\"line-height: 24px\">\n<p style=\"line-height: 24px\">ESCOLHA DE PRESENTE PERFEITA: O Kit de Legumes Org\u00e2nicos Urban Sprout vem lindamente embalado e \u00e9 o presente perfeito para todas as ocasi\u00f5es.<\/p>\n<p style=\"line-height: 24px\">Garantia de satisfa\u00e7\u00e3o 100%: fizemos um esfor\u00e7o extra para produzir um kit inicial que sabemos que voc\u00ea vai adorar. Se por algum motivo voc\u00ea n\u00e3o estiver satisfeito com seu kit, informe-nos e resolveremos o problema!<\/p>\n<p style=\"line-height: 1.5\"><\/p>","protected":false},"excerpt":{"rendered":"<p class=\"wt-text-body-03 wt-line-height-tight wt-break-word\" data-buy-box-listing-title=\"true\" style=\"margin: 0px;line-height: 1.5;font-size: 16px;font-weight: 300;font-family: Guardian-EgypTT, Charter, 'Charter Bitstream', Cambria, 'Noto Serif Light', 'Droid Serif', Georgia, serif;color: #222222;background-color: #ffffff\"><span style=\"font-family: arial, helvetica, sans-serif\">Kit de Sementes de Vegetais, 12 Cultive Suas Pr\u00f3prias Variedades Vegetais Org\u00e2nicas, Conjunto de Presentes de Jardinagem Sustent\u00e1vel e Ecologicamente Correto<\/span><\/p><\/p>","protected":false},"featured_media":12052,"comment_status":"open","ping_status":"closed","template":"","meta":[],"product_cat":[50],"product_tag":[372,374,369,371,366,370,368,367,349,373],"acf":[],"_links":{"self":[{"href":"https:\/\/www.garden-kit.com\/pt\/wp-json\/wp\/v2\/product\/6787"}],"collection":[{"href":"https:\/\/www.garden-kit.com\/pt\/wp-json\/wp\/v2\/product"}],"about":[{"href":"https:\/\/www.garden-kit.com\/pt\/wp-json\/wp\/v2\/types\/product"}],"replies":[{"embeddable":true,"href":"https:\/\/www.garden-kit.com\/pt\/wp-json\/wp\/v2\/comments?post=6787"}],"wp:featuredmedia":[{"embeddable":true,"href":"https:\/\/www.garden-kit.com\/pt\/wp-json\/wp\/v2\/media\/12052"}],"wp:attachment":[{"href":"https:\/\/www.garden-kit.com\/pt\/wp-json\/wp\/v2\/media?parent=6787"}],"wp:term":[{"taxonomy":"product_cat","embeddable":true,"href":"https:\/\/www.garden-kit.com\/pt\/wp-json\/wp\/v2\/product_cat?post=6787"},{"taxonomy":"product_tag","embeddable":true,"href":"https:\/\/www.garden-kit.com\/pt\/wp-json\/wp\/v2\/product_tag?post=6787"}],"curies":[{"name":"wp","href":"https:\/\/api.w.org\/{rel}","templated":true}]}}