{"id":6793,"date":"2022-11-11T10:22:28","date_gmt":"2022-11-11T02:22:28","guid":{"rendered":"https:\/\/www.garden-kit.com\/product\/rainbow-salad-kit\/"},"modified":"2023-03-31T14:33:56","modified_gmt":"2023-03-31T06:33:56","slug":"rainbow-salad-kit","status":"publish","type":"product","link":"https:\/\/www.garden-kit.com\/pt\/product\/rainbow-salad-kit\/","title":{"rendered":"Kit salada arco-\u00edris"},"content":{"rendered":"<p style=\"line-height: 1.5\"><span style=\"color: #222222;font-family: arial, helvetica, sans-serif;font-size: 16px;background-color: #ffffff;float: none\">CULTIVE SUA PR\u00d3PRIA SALADA DE VEGETAIS: Mais de 1.500 sementes por kit. 12 variedades de sementes incluindo; Funcho, Tomate (amarelo), Cenoura \u2013 Paris Round, Pak choi, Ruibardo Acelga, Alface mista \u2013 Saladeira vermelha, Espinafre \u2013 Securo, Beterraba \u2013 Chioggia (vermelha e branca), Cebolinha, R\u00facula, Rabanete \u2013 Cereja Belle, Piment\u00e3o Capsicum annumTamb\u00e9m inclui 12 vasos, 12 discos de solo e instru\u00e7\u00f5es passo a passo.<\/span><br style=\"margin: 0px;color: #222222;font-family: 'Graphik Webfont', -apple-system, 'Helvetica Neue', 'Droid Sans', Arial, sans-serif;font-size: 16px;background-color: #ffffff\" \/><span style=\"color: #222222;font-family: arial, helvetica, sans-serif;font-size: 16px;background-color: #ffffff;float: none\">DEDOS VERDES N\u00c3O NECESS\u00c1RIOS: N\u00e3o se preocupe se voc\u00ea nunca cultivou nada antes - este kit de cultivo inclui um guia ilustrado que \u00e9 perfeito para iniciantes. Al\u00e9m do mais, estamos aqui para responder \u00e0s suas perguntas em qualquer fase do processo de cultivo.<\/span><br style=\"margin: 0px;color: #222222;font-family: 'Graphik Webfont', -apple-system, 'Helvetica Neue', 'Droid Sans', Arial, sans-serif;font-size: 16px;background-color: #ffffff\" \/><span style=\"color: #222222;font-family: arial, helvetica, sans-serif;font-size: 16px;background-color: #ffffff;float: none\">QUANTIDADE GENEROSA DE SEMENTES: Inclu\u00edmos 12 variedades de sementes com mais de 1.000 sementes por pacote. MAIS DO QUE SUFICIENTE para 2-3 tentativas!<\/span><br style=\"margin: 0px;color: #222222;font-family: 'Graphik Webfont', -apple-system, 'Helvetica Neue', 'Droid Sans', Arial, sans-serif;font-size: 16px;background-color: #ffffff\" \/><span style=\"color: #222222;font-family: arial, helvetica, sans-serif;font-size: 16px;background-color: #ffffff;float: none\">IDEIA INCOMUM DE PRESENTE DE NATAL: O Kit Arco-\u00cdris Urban Sprout \u00e9 lindamente apresentado em uma embalagem atraente e \u00e9 um maravilhoso presente de Natal, Papai Noel Secreto ou Preenchimento de Meia<\/span><br style=\"margin: 0px;color: #222222;font-family: 'Graphik Webfont', -apple-system, 'Helvetica Neue', 'Droid Sans', Arial, sans-serif;font-size: 16px;background-color: #ffffff\" \/><span style=\"color: #222222;font-family: arial, helvetica, sans-serif;font-size: 16px;background-color: #ffffff;float: none\">PROMESSA DE GERMINA\u00c7\u00c3O: Fizemos um esfor\u00e7o extra para produzir um kit de sementes que voc\u00ea ficar\u00e1 encantado! Se as sementes do seu kit n\u00e3o germinarem avise-nos e prometemos enviar-lhe mais sementes! Clique em Adicionar ao carrinho agora e vamos crescer<\/span><\/p><\/p>","protected":false},"excerpt":{"rendered":"<p>Kit de salada arco-\u00edris \u2013 Cultive seus pr\u00f3prios vegetais de salada \u2013 Conjunto de presentes de jardinagem \u2013 10 variedades de pacotes de sementes para plantio&nbsp;<\/p><\/p>","protected":false},"featured_media":11988,"comment_status":"open","ping_status":"closed","template":"","meta":[],"product_cat":[50],"product_tag":[350],"acf":[],"_links":{"self":[{"href":"https:\/\/www.garden-kit.com\/pt\/wp-json\/wp\/v2\/product\/6793"}],"collection":[{"href":"https:\/\/www.garden-kit.com\/pt\/wp-json\/wp\/v2\/product"}],"about":[{"href":"https:\/\/www.garden-kit.com\/pt\/wp-json\/wp\/v2\/types\/product"}],"replies":[{"embeddable":true,"href":"https:\/\/www.garden-kit.com\/pt\/wp-json\/wp\/v2\/comments?post=6793"}],"wp:featuredmedia":[{"embeddable":true,"href":"https:\/\/www.garden-kit.com\/pt\/wp-json\/wp\/v2\/media\/11988"}],"wp:attachment":[{"href":"https:\/\/www.garden-kit.com\/pt\/wp-json\/wp\/v2\/media?parent=6793"}],"wp:term":[{"taxonomy":"product_cat","embeddable":true,"href":"https:\/\/www.garden-kit.com\/pt\/wp-json\/wp\/v2\/product_cat?post=6793"},{"taxonomy":"product_tag","embeddable":true,"href":"https:\/\/www.garden-kit.com\/pt\/wp-json\/wp\/v2\/product_tag?post=6793"}],"curies":[{"name":"wp","href":"https:\/\/api.w.org\/{rel}","templated":true}]}}