{"id":6802,"date":"2022-11-11T10:24:24","date_gmt":"2022-11-11T02:24:24","guid":{"rendered":"https:\/\/www.garden-kit.com\/product\/chilli-seeds-kit\/"},"modified":"2023-06-14T15:02:34","modified_gmt":"2023-06-14T07:02:34","slug":"chilli-seeds-kit","status":"publish","type":"product","link":"https:\/\/www.garden-kit.com\/pt\/product\/chilli-seeds-kit\/","title":{"rendered":"Kit de Sementes de Pimenta"},"content":{"rendered":"<p><span style=\"color: #222222; font-family: 'Graphik Webfont', -apple-system, 'Helvetica Neue', 'Droid Sans', Arial, sans-serif; font-size: 16px; background-color: #ffffff; float: none;\">???? CULTIVAR SUAS PR\u00d3PRIAS PLANTAS DE PIMENTA A PARTIR DA SEMENTE: O generoso kit inicial inclui 10 VARIEDADES DE PIMENTA COM MAIS DE 250 SEMENTES! Mais 10 potes, 10 pastilhas de solo, 10 marcadores de plantas! L\u00e1pis e guia de instru\u00e7\u00f5es passo a passo<\/span><br style=\"margin: 0px; color: #222222; font-family: 'Graphik Webfont', -apple-system, 'Helvetica Neue', 'Droid Sans', Arial, sans-serif; font-size: 16px; background-color: #ffffff;\" \/><br style=\"margin: 0px; color: #222222; font-family: 'Graphik Webfont', -apple-system, 'Helvetica Neue', 'Droid Sans', Arial, sans-serif; font-size: 16px; background-color: #ffffff;\" \/><span style=\"color: #222222; font-family: 'Graphik Webfont', -apple-system, 'Helvetica Neue', 'Droid Sans', Arial, sans-serif; font-size: 16px; background-color: #ffffff; float: none;\">???? ALGUNS GOSTAM DE SER INCRIVELMENTE QUENTE: Variando de leve a incrivelmente quente !!! H\u00e1 algo para cabe\u00e7as de pimenta de cada persuas\u00e3o, incluindo; Mild Jalape\u00f1o, Habernero, Padron, Hungarian Black, Special Dwarf, Hot Devils, Bhut Jolokia, De Cayenne, Biquino Hot, Prairie Fire<\/span><br style=\"margin: 0px; color: #222222; font-family: 'Graphik Webfont', -apple-system, 'Helvetica Neue', 'Droid Sans', Arial, sans-serif; font-size: 16px; background-color: #ffffff;\" \/><br style=\"margin: 0px; color: #222222; font-family: 'Graphik Webfont', -apple-system, 'Helvetica Neue', 'Droid Sans', Arial, sans-serif; font-size: 16px; background-color: #ffffff;\" \/><span style=\"color: #222222; font-family: 'Graphik Webfont', -apple-system, 'Helvetica Neue', 'Droid Sans', Arial, sans-serif; font-size: 16px; background-color: #ffffff; float: none;\">???? DEDOS VERDES N\u00c3O ESSENCIAIS: N\u00e3o se preocupe se voc\u00ea nunca cultivou nada antes - projetamos este kit pensando nos iniciantes. O guia passo a passo garante o seu sucesso. N\u00e3o paramos por a\u00ed - estamos aqui para ajudar em todas as etapas do processo de crescimento<\/span><br style=\"margin: 0px; color: #222222; font-family: 'Graphik Webfont', -apple-system, 'Helvetica Neue', 'Droid Sans', Arial, sans-serif; font-size: 16px; background-color: #ffffff;\" \/><br style=\"margin: 0px; color: #222222; font-family: 'Graphik Webfont', -apple-system, 'Helvetica Neue', 'Droid Sans', Arial, sans-serif; font-size: 16px; background-color: #ffffff;\" \/><span style=\"color: #222222; font-family: 'Graphik Webfont', -apple-system, 'Helvetica Neue', 'Droid Sans', Arial, sans-serif; font-size: 16px; background-color: #ffffff; float: none;\">???? GRANDE IDEIA DE PRESENTE: Seu kit Chilli Starter \u00e9 cuidadosamente feito \u00e0 m\u00e3o e chega lindamente embalado em uma caixa de presente elegante que certamente surpreender\u00e1 e encantar\u00e1 aquela pessoa especial em sua lista.<\/span><br style=\"margin: 0px; color: #222222; font-family: 'Graphik Webfont', -apple-system, 'Helvetica Neue', 'Droid Sans', Arial, sans-serif; font-size: 16px; background-color: #ffffff;\" \/><br style=\"margin: 0px; color: #222222; font-family: 'Graphik Webfont', -apple-system, 'Helvetica Neue', 'Droid Sans', Arial, sans-serif; font-size: 16px; background-color: #ffffff;\" \/><span style=\"color: #222222; font-family: 'Graphik Webfont', -apple-system, 'Helvetica Neue', 'Droid Sans', Arial, sans-serif; font-size: 16px; background-color: #ffffff; float: none;\">???? SATISFA\u00c7\u00c3O GARANTIDA: Fizemos um esfor\u00e7o extra para produzir um kit que temos certeza de que voc\u00ea vai adorar! Clique em Adicionar ao carrinho<\/span><\/p>","protected":false},"excerpt":{"rendered":"<p>Kit de sementes de pimenta malagueta, cultive suas pr\u00f3prias pimentas malagueta dentro de casa, conjunto de presentes de jardinagem ecol\u00f3gica sustent\u00e1vel inclui 10 variedades vermelhas<\/p>","protected":false},"featured_media":6794,"comment_status":"closed","ping_status":"closed","template":"","meta":[],"product_cat":[50],"product_tag":[351],"acf":[],"_links":{"self":[{"href":"https:\/\/www.garden-kit.com\/pt\/wp-json\/wp\/v2\/product\/6802"}],"collection":[{"href":"https:\/\/www.garden-kit.com\/pt\/wp-json\/wp\/v2\/product"}],"about":[{"href":"https:\/\/www.garden-kit.com\/pt\/wp-json\/wp\/v2\/types\/product"}],"replies":[{"embeddable":true,"href":"https:\/\/www.garden-kit.com\/pt\/wp-json\/wp\/v2\/comments?post=6802"}],"wp:featuredmedia":[{"embeddable":true,"href":"https:\/\/www.garden-kit.com\/pt\/wp-json\/wp\/v2\/media\/6794"}],"wp:attachment":[{"href":"https:\/\/www.garden-kit.com\/pt\/wp-json\/wp\/v2\/media?parent=6802"}],"wp:term":[{"taxonomy":"product_cat","embeddable":true,"href":"https:\/\/www.garden-kit.com\/pt\/wp-json\/wp\/v2\/product_cat?post=6802"},{"taxonomy":"product_tag","embeddable":true,"href":"https:\/\/www.garden-kit.com\/pt\/wp-json\/wp\/v2\/product_tag?post=6802"}],"curies":[{"name":"wp","href":"https:\/\/api.w.org\/{rel}","templated":true}]}}