{"id":6823,"date":"2022-11-11T18:31:07","date_gmt":"2022-11-11T10:31:07","guid":{"rendered":"https:\/\/www.garden-kit.com\/product\/calm-and-cosy-soy-candle-making-kit\/"},"modified":"2024-03-07T10:12:22","modified_gmt":"2024-03-07T02:12:22","slug":"calm-and-cosy-soy-candle-making-kit","status":"publish","type":"product","link":"https:\/\/www.garden-kit.com\/pt\/product\/calm-and-cosy-soy-candle-making-kit\/","title":{"rendered":"Kit para fazer velas de soja ecol\u00f3gicas calmas e aconchegantes"},"content":{"rendered":"<h3 class=\"ProductDescription___StyledH-sc-1qg02ks-3 fmSbyk\" style=\"font-family: 'NOTHS Sans No3';font-weight: 600;font-size: 19px;line-height: 2rem;margin-top: 2rem;margin-bottom: 1.25rem;color: #1e1e29\"><span style=\"font-family: 'PingFang SC', 'Microsoft YaHei', sans-serif\">Descri\u00e7\u00e3o do produto<\/span><\/h3>\n<p style=\"line-height: 28px\"><span style=\"font-family: 'PingFang SC', 'Microsoft YaHei', sans-serif\">Kit de fabrica\u00e7\u00e3o de velas de soja calmas e aconchegantes para iniciantes<\/span><\/p>\n<p style=\"line-height: 28px\"><span style=\"font-family: 'PingFang SC', 'Microsoft YaHei', sans-serif\">Fa\u00e7a seu pr\u00f3prio Kit de fabrica\u00e7\u00e3o de velas de soja Calm &amp; Cozy \u00e9 o presente perfeito para quem adora ser criativo. Lindamente apresentados em nossa caixa kraft recicl\u00e1vel e ecol\u00f3gica, eles receber\u00e3o todos os ingredientes necess\u00e1rios para fazer duas velas com aroma de soja.<\/span><\/p>\n<p style=\"line-height: 28px\"><span style=\"font-family: 'PingFang SC', 'Microsoft YaHei', sans-serif\">Para casas calmas e aconchegantes, recrie um espa\u00e7o relaxante e tranquilo usando nossos \u00f3leos de velas especialmente misturados e ingredientes ecol\u00f3gicos sustent\u00e1veis. Os nossos \u00f3leos de cedro e ger\u00e2nio foram especialmente misturados para lhe permitir criar um aroma acolhedor e calmo na sua casa.<\/span><\/p>\n<p style=\"font-size: 1rem;line-height: 1.75rem\"><span style=\"font-family: 'PingFang SC', 'Microsoft YaHei', sans-serif\">Como funciona: Este \u00e9 um kit de fabrica\u00e7\u00e3o de velas ecol\u00f3gicas de soja para iniciantes com nossas instru\u00e7\u00f5es f\u00e1ceis de usar e ingredientes naturais sustent\u00e1veis e ecol\u00f3gicos. Tudo est\u00e1 pesado, basta seguir nossas instru\u00e7\u00f5es f\u00e1ceis de usar e aproveitar o processo de fabrica\u00e7\u00e3o de velas. Depois de servir suas pr\u00f3prias velas, voc\u00ea poder\u00e1 personalizar seus pr\u00f3prios r\u00f3tulos de velas!<\/span><\/p>\n<h3 class=\"ProductDescription___StyledH2-sc-1qg02ks-4 ezcLRJ\" style=\"font-family: 'NOTHS Sans No3';font-weight: 600;font-size: 19px;line-height: 2rem;margin-top: 2rem;margin-bottom: 1.25rem;color: #1e1e29\"><span style=\"font-family: 'PingFang SC', 'Microsoft YaHei', sans-serif\">varia\u00e7\u00f5es<\/span><\/h3>\n<p style=\"line-height: 28px\"><span style=\"font-family: 'PingFang SC', 'Microsoft YaHei', sans-serif\">O kit inclui: 2 recipientes de vidro recicl\u00e1veis, 2 tampas de alum\u00ednio recicl\u00e1veis, cera de soja natural 100%, 2 mechas naturais de algod\u00e3o e linho, 2 estabilizadores de pavio, \u00f3leos essenciais ou de fragr\u00e2ncia, 2 etiquetas personalizadas, 2 pinos de madeira, instru\u00e7\u00f5es completas, cart\u00e3o de or\u00e7amento positivo, link para tutorial em v\u00eddeo passo a passo.<\/span><\/p>\n<p style=\"line-height: 28px\"><span style=\"font-family: 'PingFang SC', 'Microsoft YaHei', sans-serif\">Adequado para vegetarianos e veganos.<\/span><\/p>\n<p style=\"line-height: 28px\"><span style=\"font-family: 'PingFang SC', 'Microsoft YaHei', sans-serif\">Escolha entre nossos \u00f3leos essenciais ou fragr\u00e2ncias para ter em seu kit.<\/span><\/p>\n<p style=\"line-height: 28px\"><span style=\"font-family: 'PingFang SC', 'Microsoft YaHei', sans-serif\">Cada kit faz 2 velas perfumadas de soja<\/span><\/p>\n<p style=\"line-height: 28px\"><span style=\"font-family: 'PingFang SC', 'Microsoft YaHei', sans-serif\">Term\u00f4metro de cozinha \u2013 extra opcional<\/span><\/p>\n<p style=\"line-height: 28px\"><span style=\"font-family: 'PingFang SC', 'Microsoft YaHei', sans-serif\">Personalize o seu conjunto:<\/span><\/p>\n<p style=\"line-height: 28px\"><span style=\"font-family: 'PingFang SC', 'Microsoft YaHei', sans-serif\">Queremos que nossos kits de fabrica\u00e7\u00e3o de velas sejam o mais especiais poss\u00edvel, ent\u00e3o, para torn\u00e1-los um pouco mais exclusivos, voc\u00ea pode at\u00e9 personalizar sua vela com aroma de soja com nossos r\u00f3tulos de velas personalizados inclu\u00eddos no kit.<\/span><\/p>\n<p style=\"line-height: 28px\"><span style=\"font-family: 'PingFang SC', 'Microsoft YaHei', sans-serif\">Se voc\u00ea optar por ter um cart\u00e3o-presente personalizado com seu kit, basta inserir seu nome e mensagem e n\u00f3s o escreveremos para voc\u00ea em nosso cart\u00e3o-presente personalizado com design bot\u00e2nico e o colocaremos dentro da caixa do kit para voc\u00ea.<\/span><\/p>\n<p style=\"line-height: 28px\"><span style=\"font-family: 'PingFang SC', 'Microsoft YaHei', sans-serif\">Observe que o limite de caracteres \u00e9 100. Todas as personaliza\u00e7\u00f5es ser\u00e3o em tinta preta.<\/span><\/p>\n<p style=\"line-height: 28px\"><span style=\"font-family: 'PingFang SC', 'Microsoft YaHei', sans-serif\">Nossos kits para fazer velas de soja s\u00e3o \u00f3timos para compartilhar com seus entes queridos, familiares e amigos e s\u00e3o o acess\u00f3rio perfumado perfeito para sua casa.<\/span><\/p>\n<p style=\"line-height: 28px\"><span style=\"font-family: 'PingFang SC', 'Microsoft YaHei', sans-serif\"><\/span><\/p>\n<p>Um kit de fabrico de velas de soja ecol\u00f3gicas \u00e9 um pacote DIY (do-it-yourself) que inclui todos os materiais e instru\u00e7\u00f5es necess\u00e1rios para fazer velas de soja de uma forma amiga do ambiente. As velas de soja s\u00e3o consideradas ecol\u00f3gicas porque s\u00e3o feitas de \u00f3leo de soja, um recurso renov\u00e1vel e sustent\u00e1vel, e produzem menos fuligem e toxinas quando queimadas em compara\u00e7\u00e3o com as velas tradicionais de parafina.<\/p>\n<p>Um kit t\u00edpico para fazer velas de soja ecol\u00f3gica pode incluir os seguintes itens:<\/p>\n<ol>\n<li>Cera de soja: Este \u00e9 o principal ingrediente utilizado na confec\u00e7\u00e3o das velas. Geralmente est\u00e1 na forma de flocos ou blocos e \u00e9 feito de \u00f3leo de soja.<\/li>\n<li>Pavios de vela: S\u00e3o os cord\u00f5es usados para criar o pavio no centro da vela. Normalmente s\u00e3o feitos de algod\u00e3o ou outras fibras naturais.<\/li>\n<li>Recipientes para velas: podem ser potes de vidro, latas ou outros recipientes nos quais as velas ser\u00e3o derramadas e queimadas.<\/li>\n<li>\u00d3leos perfumados: S\u00e3o opcionais e podem ser usados para adicionar um aroma agrad\u00e1vel \u00e0s velas. Eles v\u00eam em uma variedade de aromas, como lavanda, baunilha, frutas c\u00edtricas, etc.<\/li>\n<li>Agentes corantes: Tamb\u00e9m s\u00e3o opcionais e podem ser usados para adicionar cor \u00e0s velas. Eles podem vir na forma de corantes l\u00edquidos ou s\u00f3lidos formulados especificamente para a fabrica\u00e7\u00e3o de velas.<\/li>\n<li>Instru\u00e7\u00f5es: Um conjunto detalhado de instru\u00e7\u00f5es que orientam voc\u00ea durante o processo de fabrica\u00e7\u00e3o da vela, incluindo derreter a cera de soja, adicionar fragr\u00e2ncia e cor, despejar a cera nos recipientes e definir os pavios.<\/li>\n<li>Ferramentas adicionais: alguns kits tamb\u00e9m podem incluir outras ferramentas, como um caldeir\u00e3o, um term\u00f4metro, um bast\u00e3o para mexer e outros itens que podem ser \u00fateis no processo de fabrica\u00e7\u00e3o de velas.<\/li>\n<\/ol>\n<h3 style=\"font-size: 19px\">Vantagens do kit de fabrica\u00e7\u00e3o de velas ecol\u00f3gicas de soja<\/h3>\n<p>Algumas vantagens de utilizar um kit de fabrico de velas de soja ecol\u00f3gicas s\u00e3o<\/p>\n<ol>\n<li>Ecol\u00f3gico: A cera de soja \u00e9 um recurso natural e renov\u00e1vel, biodegrad\u00e1vel e neutro em carbono, o que a torna uma escolha ambientalmente sustent\u00e1vel.<\/li>\n<li>Queima limpa: As velas de cera de soja queimam de forma limpa e emitem menos fuligem do que as velas tradicionais de cera de parafina, o que pode reduzir a polui\u00e7\u00e3o do ar interno e melhorar a qualidade do ar.<\/li>\n<li>Econ\u00f4mico: A cera de soja geralmente \u00e9 mais acess\u00edvel do que outros tipos de cera, o que a torna uma op\u00e7\u00e3o econ\u00f4mica para fazer velas.<\/li>\n<li>F\u00e1cil de trabalhar: o kit para fazer velas de soja ecol\u00f3gica \u00e9 f\u00e1cil de derreter, despejar e trabalhar, tornando-o uma op\u00e7\u00e3o ideal para iniciantes ou iniciantes na fabrica\u00e7\u00e3o de velas.<\/li>\n<li>Personaliz\u00e1vel: Com uma variedade de \u00f3leos perfumados, cores e op\u00e7\u00f5es de recipientes dispon\u00edveis, as possibilidades de personaliza\u00e7\u00e3o s\u00e3o infinitas, permitindo criar velas \u00fanicas e personalizadas.<\/li>\n<\/ol>\n<h3 style=\"font-size: 19px\">Precau\u00e7\u00f5es para o kit de fabrica\u00e7\u00e3o de velas de soja<\/h3>\n<p>Alguns cuidados a serem tomados ao usar um kit de fabrica\u00e7\u00e3o de velas ecol\u00f3gicas de soja s\u00e3o:<\/p>\n<ol>\n<li>Siga as instru\u00e7\u00f5es cuidadosamente: Sempre leia e siga cuidadosamente as instru\u00e7\u00f5es fornecidas com o kit, pois n\u00e3o fazer isso pode resultar em acidentes ou resultados abaixo do ideal.<\/li>\n<li>Use equipamento adequado: Certifique-se de ter todos os equipamentos e ferramentas necess\u00e1rios para a fabrica\u00e7\u00e3o de velas, incluindo banho-maria, term\u00f4metro e recipientes resistentes ao calor, entre outros.<\/li>\n<li>Trabalhe em uma \u00e1rea bem ventilada: A cera de soja pode produzir vapores quando derretida, por isso \u00e9 importante trabalhar em uma \u00e1rea bem ventilada para evitar a inala\u00e7\u00e3o de vapores nocivos.<\/li>\n<li>Tenha cuidado com cera quente: a cera derretida pode estar extremamente quente e causar queimaduras se n\u00e3o for manuseada com cuidado. Sempre use luvas de prote\u00e7\u00e3o e manuseie cera quente com cuidado.<\/li>\n<li>Mantenha longe do alcance de crian\u00e7as e animais de estima\u00e7\u00e3o: cera, \u00f3leos perfumados e outros materiais usados na fabrica\u00e7\u00e3o de velas podem ser perigosos se ingeridos por crian\u00e7as ou animais de estima\u00e7\u00e3o. Mantenha esses materiais fora do seu alcance.<\/li>\n<\/ol>\n<p>\u00c9 importante observar que as caracter\u00edsticas e componentes espec\u00edficos de um kit para fazer velas ecol\u00f3gicas de soja podem variar dependendo da marca ou fabricante, por isso \u00e9 sempre uma boa ideia revisar cuidadosamente o conte\u00fado do kit antes de fazer a compra. Al\u00e9m disso, \u00e9 recomend\u00e1vel seguir todas as instru\u00e7\u00f5es e precau\u00e7\u00f5es de seguran\u00e7a fornecidas no kit para garantir uma experi\u00eancia segura e agrad\u00e1vel na fabrica\u00e7\u00e3o de velas. Feliz fabrica\u00e7\u00e3o de velas!<\/p>\n<\/p>\n<h3 style=\"font-size: 19px\">Os kits de fabrica\u00e7\u00e3o de velas de soja s\u00e3o seguros para animais de estima\u00e7\u00e3o e crian\u00e7as?<\/h3>\n<p>Os kits de fabrica\u00e7\u00e3o de velas ecol\u00f3gicas de soja s\u00e3o geralmente seguros para animais de estima\u00e7\u00e3o e crian\u00e7as, quando usados corretamente. No entanto, \u00e9 importante tomar alguns cuidados para garantir sua seguran\u00e7a.<\/p>\n<p>Ao fazer velas com um<a> kit de fabrica\u00e7\u00e3o de velas ecol\u00f3gicas de soja<\/a>, certifique-se de manter animais de estima\u00e7\u00e3o e crian\u00e7as longe da cera quente e das chamas. Tamb\u00e9m \u00e9 importante escolher&nbsp;<a>\u00f3leos de fragr\u00e2ncia natural<\/a>&nbsp;que s\u00e3o seguros para animais de estima\u00e7\u00e3o e evite usar&nbsp;<a>\u00f3leos essenciais<\/a>&nbsp;que pode ser t\u00f3xico para certos animais.<\/p>\n<p>Al\u00e9m disso, ao queimar velas feitas com um kit de fabrica\u00e7\u00e3o de velas ecol\u00f3gicas de soja, certifique-se de mant\u00ea-las fora do alcance de crian\u00e7as e animais de estima\u00e7\u00e3o. Sempre queime velas em uma superf\u00edcie est\u00e1vel e resistente ao calor e nunca deixe uma vela acesa sem vigil\u00e2ncia.<\/p>\n<p>Tamb\u00e9m \u00e9 importante estar atento a quaisquer alergias ou sensibilidades que animais de estima\u00e7\u00e3o ou crian\u00e7as possam ter a determinados aromas, pois alguns indiv\u00edduos podem ter rea\u00e7\u00f5es adversas a determinadas fragr\u00e2ncias.<\/p>\n<p>No geral, enquanto<a>&nbsp;kits para fazer velas de soja<\/a> pode ser uma atividade segura e divertida para toda a fam\u00edlia, \u00e9 importante tomar os devidos cuidados para garantir a seguran\u00e7a de animais de estima\u00e7\u00e3o e crian\u00e7as.<\/p>\n<h3 style=\"font-size: 19px\">Quanto tempo normalmente duram as velas feitas com um kit de fabrica\u00e7\u00e3o de velas ecol\u00f3gicas de soja?<\/h3>\n<p>O&nbsp;<a>tempo de queima<\/a> de velas feitas com um<a> kit de fabrica\u00e7\u00e3o de velas ecol\u00f3gicas de soja<\/a>&nbsp;pode variar dependendo de v\u00e1rios fatores, como o tamanho da vela, o tipo de pavio usado e como a vela \u00e9 queimada.<\/p>\n<p>Como regra geral, velas feitas com&nbsp;<a>cera de soja ecol\u00f3gica<\/a>&nbsp;tendem a queimar por mais tempo do que velas feitas com outros tipos de cera.&nbsp;<a>Velas de cera de soja<\/a>&nbsp;normalmente t\u00eam um tempo de queima de 30-50% a mais do que as velas tradicionais de cera de parafina.<\/p>\n<p>O tamanho da vela e o tipo de pavio utilizado tamb\u00e9m podem afetar o tempo de queima. Uma vela maior com pavio mais grosso queimar\u00e1 mais r\u00e1pido do que uma vela menor com pavio mais fino. Al\u00e9m disso, certos&nbsp;<a>tipos de pavio<\/a>, como algod\u00e3o ou&nbsp;<a>mechas de c\u00e2nhamo<\/a>, pode queimar mais lentamente do que outros tipos de mechas.<\/p>\n<p>Ao acender velas feitas com&nbsp;<a>vela de soja ecol\u00f3gica<\/a>&nbsp;Para fazer o kit, \u00e9 importante seguir t\u00e9cnicas adequadas de queima de velas para garantir um tempo de queima mais longo. Isto inclui aparar o pavio antes de cada utiliza\u00e7\u00e3o, queimar a vela durante pelo menos uma hora por cent\u00edmetro do seu di\u00e2metro para garantir uma vela completa.&nbsp;<a>piscina de derretimento<\/a>e evitando correntes de ar que podem causar queimaduras irregulares.<\/p>\n<p>Em geral, as velas feitas com um kit de fabrico de velas de soja ecol\u00f3gicas podem ter um tempo de combust\u00e3o mais longo do que as velas tradicionais, mas o tempo de combust\u00e3o pode variar em fun\u00e7\u00e3o de v\u00e1rios factores.<\/p>\n<h3 style=\"font-size: 19px\">Quais s\u00e3o algumas dicas para criar velas de alta qualidade com um kit para fazer velas de soja?<\/h3>\n<p>Aqui est\u00e3o algumas dicas para criar velas de alta qualidade com um<a> kit de fabrica\u00e7\u00e3o de velas ecol\u00f3gicas de soja<\/a>:<\/p>\n<ol style=\"list-style-type: decimal\">\n<li>\n<p>Me\u00e7a os ingredientes com precis\u00e3o: me\u00e7a com precis\u00e3o os ingredientes, incluindo cera, \u00f3leo de fragr\u00e2ncia e corante, para garantir&nbsp;<a>qualidade consistente<\/a>&nbsp;em suas velas.<\/p>\n<\/li>\n<li>\n<p>Derreta a cera na temperatura correta: Derreta a cera na temperatura correta, geralmente entre 71-82\u00b0C (160-180\u00b0F), para evitar superaquecimento e garantir um derretimento suave e uniforme.<\/p>\n<\/li>\n<li>\n<p>Adicione \u00f3leos perfumados e corantes na hora certa: Adicione \u00f3leos perfumados e corantes \u00e0 cera no momento certo, geralmente em torno de 85 \u00b0 C (185 \u00b0 F), para evitar qualquer dano \u00e0 fragr\u00e2ncia ou \u00e0 cor.<\/p>\n<\/li>\n<li>\n<p>Mexa bem a cera: Mexa bem a cera para garantir que o \u00f3leo da fragr\u00e2ncia e o corante sejam distribu\u00eddos uniformemente.<\/p>\n<\/li>\n<li>\n<p>Escolha o pavio certo: Escolha o tamanho e tipo certo de pavio para sua vela para garantir uma queima limpa e uniforme.<\/p>\n<\/li>\n<li>\n<p>Use um term\u00f4metro: Use um term\u00f4metro para monitorar a temperatura da cera durante todo o processo de fabrica\u00e7\u00e3o da vela para evitar superaquecimento ou subaquecimento.<\/p>\n<\/li>\n<li>\n<p>Deixe as velas esfriarem lentamente: Deixe as velas esfriarem lenta e naturalmente para evitar rachaduras ou superf\u00edcies irregulares.<\/p>\n<\/li>\n<li>\n<p>Apare o pavio: Apare o pavio para 1\/4 de polegada (6 mm) antes de acender para evitar fumar e garantir uma queimadura uniforme.<\/p>\n<\/li>\n<li>\n<p>Queime a vela por pelo menos uma hora por polegada de seu di\u00e2metro: Queime a vela por pelo menos uma hora por polegada de seu di\u00e2metro para garantir uma vela completa.&nbsp;<a>piscina de derretimento<\/a>&nbsp;e evitar tunelamento.<\/p>\n<\/li>\n<\/ol>\n<p>Seguindo essas dicas, voc\u00ea pode criar velas de alta qualidade com um&nbsp;<a>kit de fabrica\u00e7\u00e3o de velas ecol\u00f3gicas de soja<\/a>&nbsp;que queimam de forma limpa, uniforme e t\u00eam um \u00f3timo&nbsp;<a>lan\u00e7amento de perfume<\/a>.<\/p>\n<h3 style=\"font-size: 19px\">Como se cuidam e mant\u00eam as velas feitas com um kit de fabrico de velas de soja ecol\u00f3gicas?<\/h3>\n<p>Cuidando e mantendo velas feitas com <a>kit de fabrica\u00e7\u00e3o de velas de soja<\/a>&nbsp;\u00e9 importante para garantir sua longevidade e desempenho ideal. Aqui est\u00e3o algumas dicas para cuidar e manter velas feitas com um kit de fabrica\u00e7\u00e3o de velas ecol\u00f3gicas de soja:<\/p>\n<ol style=\"list-style-type: decimal\">\n<li>\n<p>Apare o pavio: Apare o pavio em 1\/4 de polegada (6 mm) antes de cada uso para evitar fumar e garantir uma queimadura uniforme.<\/p>\n<\/li>\n<li>\n<p>Queime a vela por pelo menos uma hora por polegada de seu di\u00e2metro: Queime a vela por pelo menos uma hora por polegada de seu di\u00e2metro para garantir uma vela completa.&nbsp;<a>piscina de derretimento<\/a>&nbsp;e evitar tunelamento.<\/p>\n<\/li>\n<li>\n<p>Mantenha a vela longe de correntes de ar: Evite queimar a vela em \u00e1reas com correntes de ar, pois isso pode causar queima irregular e diminuir o tempo de queima.<\/p>\n<\/li>\n<li>\n<p>Use um apagador: Use um apagador ou uma tampa para apagar a vela, pois apag\u00e1-la pode causar ac\u00famulo de fuma\u00e7a e fuligem.<\/p>\n<\/li>\n<li>\n<p>Guarde a vela adequadamente: Guarde a vela em local fresco e seco, longe da luz solar direta, para evitar derretimento ou descolora\u00e7\u00e3o.<\/p>\n<\/li>\n<li>\n<p>Limpe o recipiente: Se a vela estiver em um&nbsp;<a>recipiente reutiliz\u00e1vel<\/a>, limpe-o ap\u00f3s o uso para remover qualquer cera e detritos restantes. Isso preparar\u00e1 o recipiente para o pr\u00f3ximo uso.<\/p>\n<\/li>\n<li>\n<p>Evite queimar demais: N\u00e3o queime a vela por mais de 4 horas seguidas, pois isso pode fazer com que o pavio cres\u00e7a e causar uma queima irregular.<\/p>\n<\/li>\n<\/ol>\n<p>Seguindo essas dicas, voc\u00ea poder\u00e1 cuidar e manter velas feitas com um kit de fabrica\u00e7\u00e3o de velas ecol\u00f3gicas de soja para garantir sua longevidade e desempenho ideal.<\/p>\n<h3 style=\"font-size: 19px\">Como \u00e9 que se utiliza um kit de fabrico de velas de soja ecol\u00f3gicas para fazer velas?<\/h3>\n<p>Aqui est\u00e3o as etapas gerais para usar um&nbsp;<a>kit de fabrica\u00e7\u00e3o de velas ecol\u00f3gicas de soja<\/a>&nbsp;para fazer velas:<\/p>\n<ol style=\"list-style-type: decimal\">\n<li>\n<p>Prepare seu espa\u00e7o de trabalho: Monte um espa\u00e7o de trabalho limpo e organizado com todos os materiais necess\u00e1rios, incluindo o kit, banho-maria ou recipiente pr\u00f3prio para micro-ondas, term\u00f4metro,&nbsp;<a>utens\u00edlio para mexer<\/a>e quaisquer \u00f3leos ou corantes de fragr\u00e2ncia adicionais.<\/p>\n<\/li>\n<li>\n<p>Derreta a cera: Derreta o&nbsp;<a>Cera de soja<\/a>&nbsp;em banho-maria ou em recipiente pr\u00f3prio para micro-ondas, mexendo ocasionalmente at\u00e9 atingir uma temperatura de cerca de 71-82\u00b0C (160-180\u00b0F).<\/p>\n<\/li>\n<li>\n<p>Adicione \u00f3leos perfumados e corantes: Assim que a cera derreter, retire-a do fogo e adicione os \u00f3leos perfumados e corantes desejados. Mexa bem a mistura para garantir que a fragr\u00e2ncia e a cor sejam distribu\u00eddas uniformemente.<\/p>\n<\/li>\n<li>\n<p>Prepare o recipiente e o pavio: Enquanto a cera esfria, prepare o recipiente colocando o pavio no centro e prendendo-o com um porta-pavio ou fita adesiva.<\/p>\n<\/li>\n<li>\n<p>Despeje a cera: Assim que a cera esfriar at\u00e9 cerca de 120\u00b0<a>F<\/a>&nbsp;(49\u00b0C), despeje no recipiente preparado, deixando cerca de 6 mm (1\/4 polegada) de espa\u00e7o no topo.<\/p>\n<\/li>\n<li>\n<p>Deixe a vela esfriar: Deixe a vela esfriar e solidificar por v\u00e1rias horas, de prefer\u00eancia durante a noite.<\/p>\n<\/li>\n<li>\n<p>Apare o pavio: Apare o pavio para 1\/4 de polegada (6 mm) antes de acender a vela.<\/p>\n<\/li>\n<\/ol>\n<p>Seguindo essas etapas, voc\u00ea pode usar um kit de fabrica\u00e7\u00e3o de velas ecol\u00f3gicas de soja para fazer velas de alta qualidade, ecologicamente corretas e seguras de usar. \u00c9 importante seguir as instru\u00e7\u00f5es espec\u00edficas inclu\u00eddas no kit para obter os melhores resultados.<\/p>","protected":false},"excerpt":{"rendered":"<p>Dimens\u00f5es<\/p>\n<p style=\"font-size: 1rem;line-height: 1.75rem\">Tamanho da caixa: Comprimento: 20cm x Altura: 9cm x Profundidade: 15cm<\/p>\n<p>feito de<\/p>\n<p style=\"font-size: 1rem;line-height: 1.75rem\">Ingredientes naturais sustent\u00e1veis e de origem \u00e9tica em nossa embalagem recicl\u00e1vel ecol\u00f3gica 100%<\/p>\n<p style=\"font-size: 1rem;line-height: 1.75rem\">O kit de fabrica\u00e7\u00e3o de velas ecol\u00f3gicas de soja inclui materiais e instru\u00e7\u00f5es para criar velas usando cera de soja natural e renov\u00e1vel, livre de produtos qu\u00edmicos nocivos. O kit normalmente cont\u00e9m flocos de cera de soja, pavios, recipientes, \u00f3leos perfumados e um term\u00f4metro, entre outras ferramentas necess\u00e1rias para fazer velas. Ele permite que voc\u00ea crie velas ecol\u00f3gicas e sustent\u00e1veis que queimam de forma limpa e emitem o m\u00ednimo de fuligem.<\/p>\n<\/p><\/p>","protected":false},"featured_media":17799,"comment_status":"closed","ping_status":"closed","template":"","meta":[],"product_cat":[225],"product_tag":[354,770,775,778,771,773,777,772,776,774],"acf":[],"_links":{"self":[{"href":"https:\/\/www.garden-kit.com\/pt\/wp-json\/wp\/v2\/product\/6823"}],"collection":[{"href":"https:\/\/www.garden-kit.com\/pt\/wp-json\/wp\/v2\/product"}],"about":[{"href":"https:\/\/www.garden-kit.com\/pt\/wp-json\/wp\/v2\/types\/product"}],"replies":[{"embeddable":true,"href":"https:\/\/www.garden-kit.com\/pt\/wp-json\/wp\/v2\/comments?post=6823"}],"wp:featuredmedia":[{"embeddable":true,"href":"https:\/\/www.garden-kit.com\/pt\/wp-json\/wp\/v2\/media\/17799"}],"wp:attachment":[{"href":"https:\/\/www.garden-kit.com\/pt\/wp-json\/wp\/v2\/media?parent=6823"}],"wp:term":[{"taxonomy":"product_cat","embeddable":true,"href":"https:\/\/www.garden-kit.com\/pt\/wp-json\/wp\/v2\/product_cat?post=6823"},{"taxonomy":"product_tag","embeddable":true,"href":"https:\/\/www.garden-kit.com\/pt\/wp-json\/wp\/v2\/product_tag?post=6823"}],"curies":[{"name":"wp","href":"https:\/\/api.w.org\/{rel}","templated":true}]}}