{"id":6829,"date":"2022-11-11T18:35:27","date_gmt":"2022-11-11T10:35:27","guid":{"rendered":"https:\/\/www.garden-kit.com\/product\/couples-candle-making-kit\/"},"modified":"2024-03-07T10:48:23","modified_gmt":"2024-03-07T02:48:23","slug":"couples-candle-making-kit","status":"publish","type":"product","link":"https:\/\/www.garden-kit.com\/pt\/product\/couples-candle-making-kit\/","title":{"rendered":"Capas contra poeira para velas de papel semente"},"content":{"rendered":"<h3 style=\"font-size: 19px\">Descri\u00e7\u00e3o do produto<\/h3>\n<p style=\"line-height: 1.5\"><span style=\"font-family: 'PingFang SC', 'Microsoft YaHei', sans-serif;font-size: 16px\">Kit para fazer velas de soja para casais<\/span><\/p>\n<div style=\"line-height: 1.5\">\n<p><span style=\"font-family: 'PingFang SC', 'Microsoft YaHei', sans-serif;font-size: 16px\">O que poderia ser melhor do que passar um tempo de qualidade com sua cara-metade criando suas pr\u00f3prias velas de soja ecol\u00f3gicas?<\/span><\/p>\n<\/div>\n<h3 style=\"font-size: 19px\">varia\u00e7\u00f5es<\/h3>\n<p style=\"line-height: 1.5\"><span style=\"font-family: 'PingFang SC', 'Microsoft YaHei', sans-serif;font-size: 16px\">Notonthehighstreet uniu exclusivamente seus talentosos parceiros para colaborar e co-criar uma variedade dos presentes mais exclusivos<\/span><\/p>\n<p style=\"line-height: 1.5\"><span style=\"font-family: 'PingFang SC', 'Microsoft YaHei', sans-serif;font-size: 16px\">Apresentando Hazel &amp; Blue e Gemma wightman Ceramics, que uniram for\u00e7as criativas para trazer a voc\u00ea este deslumbrante e luxuoso kit de fabrica\u00e7\u00e3o de velas de soja para casais<\/span><\/p>\n<p style=\"line-height: 1.5\"><span style=\"font-family: 'PingFang SC', 'Microsoft YaHei', sans-serif;font-size: 16px\">Este kit exclusivo inclui tr\u00eas aromas: crie as velas em lindos potes de porcelana jogados \u00e0 m\u00e3o da Gemma Wightman Ceramics; um com o aroma relaxante de Bergamota e \u00c2mbar de Hazel &amp; Blue e o outro com o aroma suave e relaxante de Lavanda. As velas podem ser acesas separadamente ou se voc\u00ea quiser criar um terceiro aroma, queime as duas velas simultaneamente para criar uma fus\u00e3o deliciosamente \u00fanica de ambos os aromas.<\/span><\/p>\n<p style=\"line-height: 1.5\"><span style=\"font-family: 'PingFang SC', 'Microsoft YaHei', sans-serif;font-size: 16px\">O tempo divertido e feliz que voc\u00eas compartilham fazendo essas lindas velas de soja se tornar\u00e1 mem\u00f3rias amorosas, que ser\u00e3o evocadas toda vez que voc\u00ea acender suas velas. Um presente duradouro que encher\u00e1 sua casa e seu cora\u00e7\u00e3o de amor<\/span><\/p>\n<p style=\"line-height: 1.5\"><span style=\"font-family: 'PingFang SC', 'Microsoft YaHei', sans-serif;font-size: 16px\">O kit inclui: 2 recipientes para velas de porcelana lan\u00e7ados \u00e0 m\u00e3o, cera de soja natural 100%, 2 mechas e estabilizadores naturais, \u00f3leos naturais para velas, 2 pinos de madeira, instru\u00e7\u00f5es completas, cart\u00e3o de cita\u00e7\u00e3o positiva<\/span><\/p>\n<p style=\"line-height: 1.5\"><span style=\"font-family: 'PingFang SC', 'Microsoft YaHei', sans-serif;font-size: 16px\">Adequado para vegetarianos e veganos<\/span><\/p>\n<p style=\"line-height: 24px\"><span style=\"font-family: 'PingFang SC', 'Microsoft YaHei', sans-serif;font-size: 16px\">Cada kit faz 2 velas perfumadas de soja<\/span><\/p>\n<p style=\"line-height: 24px\"><span style=\"font-family: 'PingFang SC', 'Microsoft YaHei', sans-serif;font-size: 16px\">Personalize o seu conjunto:<\/span><\/p>\n<p style=\"line-height: 24px\"><span style=\"font-family: 'PingFang SC', 'Microsoft YaHei', sans-serif;font-size: 16px\">Queremos que nossos kits de fabrica\u00e7\u00e3o de velas sejam o mais especiais poss\u00edvel, ent\u00e3o, para torn\u00e1-los um pouco mais exclusivos, voc\u00ea pode optar por ter um cart\u00e3o-presente personalizado, basta digitar seu nome e mensagem e n\u00f3s o escreveremos em um presente bot\u00e2nico. cart\u00e3o<\/span><\/p>\n<p style=\"line-height: 1.5\"><span style=\"font-family: 'PingFang SC', 'Microsoft YaHei', sans-serif;font-size: 16px\">Observe que o limite de caracteres \u00e9 de 20. Todas as personaliza\u00e7\u00f5es ser\u00e3o em tinta preta.<\/span><\/p>\n<h3 style=\"font-size: 19px\">Cera de Soja Natural, Cheia de Seguran\u00e7a<\/h3>\n<p style=\"line-height: 1.5\"><span style=\"font-family: 'PingFang SC', 'Microsoft YaHei', sans-serif;font-size: 16px\">Ao escolher velas perfumadas, a primeira coisa a se observar \u00e9 a composi\u00e7\u00e3o da base de cera. A cera natural \u00e9 a melhor, seguida pela cera de parafina.<\/span><br \/><span style=\"font-family: 'PingFang SC', 'Microsoft YaHei', sans-serif;font-size: 16px\">Entre as ceras naturais, cera de soja e cera de abelha s\u00e3o boas. N\u00e3o emitem fuma\u00e7a preta quando queimados e s\u00e3o inofensivos ao corpo humano e ao meio ambiente.<\/span><br \/><span style=\"font-family: 'PingFang SC', 'Microsoft YaHei', sans-serif;font-size: 16px\">A cera de parafina \u00e9 extra\u00edda do petr\u00f3leo e \u00e9 dividida em diferentes graus de acordo com o grau de refino. A alta pureza \u00e9 melhor, enquanto a baixa pureza pode conter subst\u00e2ncias cancer\u00edgenas, o que n\u00e3o \u00e9 bom para a sa\u00fade humana.<\/span><br \/><span style=\"font-family: 'PingFang SC', 'Microsoft YaHei', sans-serif;font-size: 16px\">Cera de soja de alta qualidade, 100% extra\u00edda da soja, o l\u00edquido da cera \u00e9 claro como a \u00e1gua, n\u00e3o fica pendurado na parede e n\u00e3o emite fuma\u00e7a preta ao queimar.<\/span><br \/><span style=\"font-family: 'PingFang SC', 'Microsoft YaHei', sans-serif;font-size: 16px\">Al\u00e9m disso, o ponto de fus\u00e3o da cera de soja \u00e9 de apenas 30\u00b0C, em compara\u00e7\u00e3o com a cera de parafina, n\u00e3o h\u00e1 necessidade de se preocupar em ser escaldado.<\/span><\/p>\n<p style=\"line-height: 1.5\"><span style=\"font-family: 'PingFang SC', 'Microsoft YaHei', sans-serif;font-size: 16px\"><\/span><\/p>\n<p style=\"line-height: 1.5\"><span style=\"font-family: 'PingFang SC', 'Microsoft YaHei', sans-serif;font-size: 16px\">As velas s\u00e3o um item dom\u00e9stico amado que pode fornecer calor, ambiente e fragr\u00e2ncia a qualquer espa\u00e7o. Mas voc\u00ea j\u00e1 considerou o impacto ambiental da embalagem de velas? A maioria das velas vem em embalagens de pl\u00e1stico ou n\u00e3o recicl\u00e1veis, contribuindo para a j\u00e1 impressionante quantidade de res\u00edduos em nossos aterros sanit\u00e1rios. Felizmente, h\u00e1 uma solu\u00e7\u00e3o: capas de vela de papel semente.<\/span><\/p>\n<h3 style=\"font-size: 19px\">O que s\u00e3o capas contra poeira para velas de papel semente?<\/h3>\n<p>As tampas contra poeira de velas de papel de semente s\u00e3o uma alternativa sustent\u00e1vel e ecol\u00f3gica \u00e0s embalagens tradicionais de velas. Feitos de papel reciclado, eles s\u00e3o incorporados com sementes que se transformar\u00e3o em flores, ervas ou vegetais quando plantadas no solo. Eles n\u00e3o apenas reduzem o desperd\u00edcio e fornecem uma fun\u00e7\u00e3o \u00fatil, mas tamb\u00e9m promovem a sustentabilidade e a consci\u00eancia ambiental.<\/p>\n<h3 style=\"font-size: 19px\">Como funciona a tampa contra poeira de velas de papel de semente?<\/h3>\n<p>Quando a vela \u00e9 queimada, a cera eventualmente derrete e cria uma camada de poeira em cima da vela. A embalagem tradicional exigiria que essa poeira fosse limpa ou jogada fora, mas com tampas de vela de papel de semente, esta \u00e9 a oportunidade perfeita para plantar as sementes. Basta remover a tampa contra poeira e coloc\u00e1-la em uma panela com terra. Regue regularmente e observe como sua nova planta cresce!<\/p>\n<h3 style=\"font-size: 19px\">Benef\u00edcios das tampas contra poeira de velas de papel de semente<\/h3>\n<ol>\n<li>Embalagem sustent\u00e1vel: as velas de cobertura de poeira de papel de semente s\u00e3o feitas de papel reciclado e embutidas com sementes. Eles s\u00e3o completamente biodegrad\u00e1veis e n\u00e3o contribuem para res\u00edduos em aterros sanit\u00e1rios.<\/li>\n<li>Promova a consci\u00eancia ambiental: ao usar a tampa contra poeira de velas de papel semente, voc\u00ea est\u00e1 promovendo pr\u00e1ticas sustent\u00e1veis e conscientizando sobre a import\u00e2ncia de reduzir o desperd\u00edcio.<\/li>\n<li>Crie uma segunda fun\u00e7\u00e3o: em vez de jogar fora a poeira de velas queimadas, as tampas de poeira de velas de papel de semente fornecem uma segunda fun\u00e7\u00e3o \u00fatil como meio de cultivo de plantas.<\/li>\n<li>Adicione beleza ao seu espa\u00e7o: \u00e0 medida que as sementes se transformam em flores, ervas ou vegetais, elas adicionam beleza natural e uma sensa\u00e7\u00e3o de realiza\u00e7\u00e3o ao seu espa\u00e7o.<\/li>\n<li>Forne\u00e7a ervas e vegetais frescos: dependendo das sementes embutidas no papel, voc\u00ea poder\u00e1 colher ervas ou vegetais frescos de sua nova planta.<\/li>\n<\/ol>\n<h3 style=\"font-size: 19px\">Como usar capas contra poeira para velas de papel semente<\/h3>\n<p>Usar tampas de vela de papel semente \u00e9 simples e f\u00e1cil. Basta seguir estes passos:<\/p>\n<ol>\n<li>Queime sua vela como de costume.<\/li>\n<li>Quando a cera derreter e criar uma camada de poeira no topo da vela, remova a tampa contra poeira.<\/li>\n<li>Coloque a tampa contra poeira em uma panela com terra e regue regularmente.<\/li>\n<li>Veja como sua nova planta cresce!<\/li>\n<\/ol>\n<h3 style=\"font-size: 19px\">Para quem a capa contra poeira de velas de papel semente \u00e9 adequada?<\/h3>\n<p>As tampas contra poeira de velas de papel de semente s\u00e3o adequadas para indiv\u00edduos ou empresas que desejam promover pr\u00e1ticas sustent\u00e1veis e ecol\u00f3gicas. Estas capas contra poeira s\u00e3o feitas de papel reciclado que cont\u00e9m sementes que podem ser plantadas e podem ser usadas como uma alternativa sustent\u00e1vel \u00e0s tradicionais capas contra poeira de velas.<\/p>\n<p>Eles s\u00e3o particularmente adequados para consumidores com consci\u00eancia ecol\u00f3gica que procuram maneiras de reduzir o desperd\u00edcio e minimizar seu impacto no meio ambiente. Al\u00e9m disso, as empresas que priorizam a sustentabilidade podem usar a cobertura contra poeira de velas de papel semente como parte de sua embalagem ecol\u00f3gica, o que pode ajudar a melhorar a imagem de sua marca e atrair clientes ambientalmente conscientes.<\/p>\n<p>No geral, as capas contra poeira de velas de papel semente s\u00e3o uma \u00f3tima op\u00e7\u00e3o para quem deseja combinar sustentabilidade com funcionalidade e est\u00e9tica.<\/p><\/p>","protected":false},"excerpt":{"rendered":"<p><span style=\"font-family: 'PingFang SC', 'Microsoft YaHei', sans-serif;font-size: 16px\">Dimens\u00f5es<\/span><\/p>\n<p style=\"font-size: 1rem;line-height: 1.75rem\"><span style=\"font-family: 'PingFang SC', 'Microsoft YaHei', sans-serif;font-size: 16px\">Tamanho da caixa: L.20 H. 9 D.15cm<\/span><\/p>\n<p style=\"font-size: 1rem;line-height: 1.75rem\"><span style=\"font-family: 'PingFang SC', 'Microsoft YaHei', sans-serif;font-size: 16px\">Candle Potts x 2: D.6 H.5cm<\/span><\/p>\n<p><span style=\"font-family: 'PingFang SC', 'Microsoft YaHei', sans-serif;font-size: 16px\">feito de<\/span><\/p>\n<p style=\"font-size: 1rem;line-height: 1.75rem\"><span style=\"font-family: 'PingFang SC', 'Microsoft YaHei', sans-serif;font-size: 16px\">Velas: ingredientes naturais sustent\u00e1veis e de origem \u00e9tica em nossa embalagem recicl\u00e1vel ecol\u00f3gica 100%<\/span><\/p>\n<p style=\"font-size: 1rem;line-height: 1.75rem\"><span style=\"font-family: 'PingFang SC', 'Microsoft YaHei', sans-serif;font-size: 16px\">Potes: Feitos \u00e0 m\u00e3o na mais fina porcelana<\/span><\/p>\n<p style=\"font-size: 1rem;line-height: 1.75rem\"><span style=\"font-family: 'PingFang SC', 'Microsoft YaHei', sans-serif;font-size: 16px\">As tampas contra poeira de velas de papel de semente s\u00e3o um tipo de embalagem de vela ecol\u00f3gica que incorpora papel de semente. Essas tampas s\u00e3o usadas para proteger a vela de poeira e detritos e tamb\u00e9m fornecem um valor agregado por poder plantar o papel semente quando n\u00e3o for mais necess\u00e1rio.<\/span><\/p><\/p>","protected":false},"featured_media":18028,"comment_status":"closed","ping_status":"closed","template":"","meta":[],"product_cat":[225],"product_tag":[785,355,781,787,779,786,780,784,783,782],"acf":[],"_links":{"self":[{"href":"https:\/\/www.garden-kit.com\/pt\/wp-json\/wp\/v2\/product\/6829"}],"collection":[{"href":"https:\/\/www.garden-kit.com\/pt\/wp-json\/wp\/v2\/product"}],"about":[{"href":"https:\/\/www.garden-kit.com\/pt\/wp-json\/wp\/v2\/types\/product"}],"replies":[{"embeddable":true,"href":"https:\/\/www.garden-kit.com\/pt\/wp-json\/wp\/v2\/comments?post=6829"}],"wp:featuredmedia":[{"embeddable":true,"href":"https:\/\/www.garden-kit.com\/pt\/wp-json\/wp\/v2\/media\/18028"}],"wp:attachment":[{"href":"https:\/\/www.garden-kit.com\/pt\/wp-json\/wp\/v2\/media?parent=6829"}],"wp:term":[{"taxonomy":"product_cat","embeddable":true,"href":"https:\/\/www.garden-kit.com\/pt\/wp-json\/wp\/v2\/product_cat?post=6829"},{"taxonomy":"product_tag","embeddable":true,"href":"https:\/\/www.garden-kit.com\/pt\/wp-json\/wp\/v2\/product_tag?post=6829"}],"curies":[{"name":"wp","href":"https:\/\/api.w.org\/{rel}","templated":true}]}}