{"id":6834,"date":"2022-11-11T18:37:41","date_gmt":"2022-11-11T10:37:41","guid":{"rendered":"https:\/\/www.garden-kit.com\/product\/home-and-hygge-soy-wax-melt-making-kit\/"},"modified":"2024-03-07T10:32:51","modified_gmt":"2024-03-07T02:32:51","slug":"home-and-hygge-soy-wax-melt-making-kit","status":"publish","type":"product","link":"https:\/\/www.garden-kit.com\/pt\/product\/home-and-hygge-soy-wax-melt-making-kit\/","title":{"rendered":"Kit para derreter cera de soja Home And Hygge"},"content":{"rendered":"<h3 style=\"font-size: 19px\">Descri\u00e7\u00e3o do produto<\/h3>\n<p style=\"line-height: 1.5\"><span style=\"font-family: 'PingFang SC', 'Microsoft YaHei', sans-serif;font-size: 16px\">Kit para fazer cera de soja derretida Home and Hygge<\/span><\/p>\n<p><span style=\"font-family: 'PingFang SC', 'Microsoft YaHei', sans-serif;font-size: 16px\">Fa\u00e7a o seu pr\u00f3prio \u00f3leo essencial de aromaterapia, cera de soja derrete com nosso kit DIY de cera de soja ecol\u00f3gica. Perfeito para iniciantes com tudo que voc\u00ea precisa para come\u00e7ar<\/span><\/p>\n<h3 style=\"font-size: 19px\">varia\u00e7\u00f5es<\/h3>\n<p style=\"line-height: 1.5\"><span style=\"font-family: 'PingFang SC', 'Microsoft YaHei', sans-serif;font-size: 16px\">Fa\u00e7a sua pr\u00f3pria cera de soja natural usando nossos belos ingredientes sustent\u00e1veis ecologicamente corretos e instru\u00e7\u00f5es f\u00e1ceis de usar.<\/span><\/p>\n<p style=\"line-height: 1.5\"><span style=\"font-family: 'PingFang SC', 'Microsoft YaHei', sans-serif;font-size: 16px\">Nossos kits de fabrica\u00e7\u00e3o de cera de soja Home e Hygge s\u00e3o para quando voc\u00ea quer se sentir confort\u00e1vel e satisfeito e evocar uma sensa\u00e7\u00e3o de calma e conforto em sua casa.<\/span><\/p>\n<p style=\"line-height: 1.5\"><span style=\"font-family: 'PingFang SC', 'Microsoft YaHei', sans-serif;font-size: 16px\">Os \u00f3leos especialmente escolhidos de darjeeling e jasmim foram especialmente misturados para criar uma casa calmante, acolhedora e convidativa. Nossos kits de cera derretida s\u00e3o todos ecol\u00f3gicos, veganos e sustent\u00e1veis, com embalagens recicl\u00e1veis 100% e ingredientes naturais.<\/span><\/p>\n<p style=\"line-height: 1.5\"><span style=\"font-family: 'PingFang SC', 'Microsoft YaHei', sans-serif;font-size: 16px\">Como funciona:<\/span><\/p>\n<p style=\"line-height: 1.5\"><span style=\"font-family: 'PingFang SC', 'Microsoft YaHei', sans-serif;font-size: 16px\">Tudo est\u00e1 inclu\u00eddo na caixa para fazer 15 derretimentos naturais de cera de soja com \u00f3leo essencial, todos os ingredientes s\u00e3o pesados, ent\u00e3o tudo que voc\u00ea precisa fazer \u00e9 seguir nossas instru\u00e7\u00f5es simples e f\u00e1ceis de usar.<\/span><\/p>\n<p style=\"line-height: 1.5\"><span style=\"font-family: 'PingFang SC', 'Microsoft YaHei', sans-serif;font-size: 16px\">O kit inclui: cera natural de soja 100%, molde de cera recicl\u00e1vel, \u00f3leos essenciais, flores secas, instru\u00e7\u00f5es completas, livreto de cita\u00e7\u00f5es positivas<\/span><\/p>\n<p style=\"line-height: 1.5\"><span style=\"font-family: 'PingFang SC', 'Microsoft YaHei', sans-serif;font-size: 16px\">Adequado para vegetarianos e veganos<\/span><\/p>\n<p style=\"line-height: 1.5\"><span style=\"font-family: 'PingFang SC', 'Microsoft YaHei', sans-serif;font-size: 16px\">Term\u00f4metro de cozinha \u2013 extra opcional<\/span><\/p>\n<p style=\"line-height: 1.5\"><span style=\"font-family: 'PingFang SC', 'Microsoft YaHei', sans-serif;font-size: 16px\">Personalize o seu conjunto:<\/span><\/p>\n<p style=\"line-height: 1.5\"><span style=\"font-family: 'PingFang SC', 'Microsoft YaHei', sans-serif;font-size: 16px\">Se voc\u00ea optar por ter um cart\u00e3o-presente personalizado com seu kit, basta inserir seu nome e mensagem e n\u00f3s o escreveremos para voc\u00ea em nosso cart\u00e3o-presente personalizado com design bot\u00e2nico e o colocaremos dentro da caixa do kit para voc\u00ea.<\/span><\/p>\n<h3 style=\"font-size: 19px\">nossa vantagem<\/h3>\n<p style=\"line-height: 1.5\"><span style=\"font-family: 'PingFang SC', 'Microsoft YaHei', sans-serif;font-size: 16px\">As velas de aromaterapia extraem cera de soja natural como mat\u00e9ria-prima, que \u00e9 mais segura e saud\u00e1vel do que a cera de parafina<\/span><\/p>\n<ol>\n<li style=\"line-height: 1.5\"><span style=\"font-family: 'PingFang SC', 'Microsoft YaHei', sans-serif;font-size: 16px\">Limpeza: a cera de soja \u00e9 biodegrad\u00e1vel, portanto, se for derramada em toalhas de mesa ou roupas, ela tende a limpar mais facilmente do que a cera de parafina.<\/span><\/li>\n<li style=\"line-height: 1.5\"><span style=\"font-family: 'PingFang SC', 'Microsoft YaHei', sans-serif;font-size: 16px\">Queima: As velas de soja queimam de forma mais limpa e completa do que a parafina, e muitas velas de parafina cont\u00eam fragr\u00e2ncias e corantes sint\u00e9ticos que emitem part\u00edculas nocivas quando aquecidas<\/span><\/li>\n<li style=\"line-height: 1.5\"><span style=\"font-family: 'PingFang SC', 'Microsoft YaHei', sans-serif;font-size: 16px\">Reciclagem: As velas de soja n\u00e3o s\u00e3o t\u00f3xicas, s\u00e3o renov\u00e1veis e recicl\u00e1veis. Al\u00e9m disso, voc\u00ea pode reutilizar velas de soja em recipientes de vidro.<\/span><\/li>\n<li style=\"line-height: 1.5\"><span style=\"font-family: 'PingFang SC', 'Microsoft YaHei', sans-serif;font-size: 16px\">Fragr\u00e2ncia: Como as velas de soja queimam lentamente, elas liberam seus \u00f3leos essenciais por muitas horas, com um aroma suave e difuso, em vez de uma poderosa explos\u00e3o de fragr\u00e2ncias sint\u00e9ticas. Velas com aromas derivados de plantas e flores, ou \u201caromaterapia\u201d, s\u00e3o as favoritas de todos os tempos.<\/span><\/li>\n<li style=\"line-height: 1.5\"><span style=\"font-family: 'PingFang SC', 'Microsoft YaHei', sans-serif;font-size: 16px\">Custo: embora as velas de soja tendam a ser mais caras, elas tendem a queimar por mais tempo. As velas de soja geralmente vencem quando voc\u00ea considera o tempo de queima.<\/span><\/li>\n<li style=\"line-height: 1.5\"><span style=\"font-family: 'PingFang SC', 'Microsoft YaHei', sans-serif;font-size: 16px\">\u00c0 mesa de jantar: Velas de parafina liberam produtos qu\u00edmicos dextrot\u00f3xicos que podem sobrepujar o aroma dos alimentos, e velas de soja inodoras queimam por mais tempo e n\u00e3o interferem no cheiro ou sabor dos alimentos que voc\u00ea realmente usa<\/span><\/li>\n<li style=\"line-height: 1.5\"><span style=\"font-family: 'PingFang SC', 'Microsoft YaHei', sans-serif;font-size: 16px\">Do ponto de vista da energia sustent\u00e1vel; ao contr\u00e1rio da parafina extra\u00edda do petr\u00f3leo n\u00e3o renov\u00e1vel, a soja \u00e9 um recurso renov\u00e1vel.<\/span><\/li>\n<li style=\"line-height: 1.5\"><span style=\"font-family: 'PingFang SC', 'Microsoft YaHei', sans-serif;font-size: 16px\">Qualidade do ar: em compara\u00e7\u00e3o com a cera de parafina, as velas de soja totalmente naturais queimam mais completamente, sem fuma\u00e7a preta e res\u00edduos. Isso resulta em melhor qualidade geral do ar em sua casa.<\/span><\/li>\n<\/ol>\n<p>Criar suas pr\u00f3prias velas \u00e9 uma experi\u00eancia divertida, criativa e gratificante. Uma maneira de come\u00e7ar a fazer velas \u00e9 comprando um grande kit de fabrica\u00e7\u00e3o de velas. Esses kits cont\u00eam tudo o que voc\u00ea precisa para fazer uma variedade de velas em diferentes aromas, cores e tamanhos.<\/p>\n<h3 style=\"font-size: 19px\">Aqui est\u00e3o algumas das principais caracter\u00edsticas de um grande kit de fabrica\u00e7\u00e3o de velas:<\/h3>\n<p>1. Materiais inclu\u00eddos:<br \/>Um grande kit de fabrica\u00e7\u00e3o de velas normalmente inclui cera, pavios, recipientes, \u00f3leos de fragr\u00e2ncia e instru\u00e7\u00f5es. O kit tamb\u00e9m pode incluir ferramentas como um caldeir\u00e3o, term\u00f4metro e utens\u00edlio para mexer. Ter todos os materiais necess\u00e1rios em um kit torna mais f\u00e1cil para os iniciantes come\u00e7arem a fazer velas.<\/p>\n<p>2. Variedade:<br \/>Os kits de fabrica\u00e7\u00e3o de velas grandes geralmente v\u00eam com diferentes fragr\u00e2ncias e cores, permitindo que voc\u00ea crie uma variedade de velas para se adequar a diferentes ambientes e ocasi\u00f5es. Alguns kits incluem at\u00e9 moldes para ajud\u00e1-lo a criar formas e designs exclusivos.<\/p>\n<p>3. Tamanho:<br \/>Como o nome sugere, um kit de fabrica\u00e7\u00e3o de velas grandes \u00e9 projetado para pessoas que desejam fazer velas de tamanhos m\u00faltiplos ou maiores. Isso o torna perfeito para quem planeja presentear suas velas ou vend\u00ea-las em mercados.<\/p>\n<p>4. Custo-benef\u00edcio:<br \/>A compra de um grande kit de fabrica\u00e7\u00e3o de velas geralmente \u00e9 mais econ\u00f4mica do que a compra de suprimentos individuais para fabrica\u00e7\u00e3o de velas. Ele permite que voc\u00ea experimente fazer velas sem investir em equipamentos ou materiais caros.<\/p>\n<p>5. Ecol\u00f3gico:<br \/>Fazer suas pr\u00f3prias velas usando um grande kit de fabrica\u00e7\u00e3o de velas \u00e9 uma alternativa ecol\u00f3gica \u00e0s velas compradas em lojas que podem conter produtos qu\u00edmicos nocivos. Voc\u00ea pode usar ingredientes naturais e recipientes reutiliz\u00e1veis para reduzir o desperd\u00edcio e o impacto ambiental.<\/p>\n<p>6. Atividade divertida:<br \/>A fabrica\u00e7\u00e3o de velas pode ser uma atividade divertida para fazer sozinho ou com amigos e familiares. Um grande kit de fabrica\u00e7\u00e3o de velas oferece uma \u00f3tima oportunidade para passar um tempo juntos e criar algo bonito.<\/p>\n<\/p>\n<p>Se voc\u00ea \u00e9 novo na fabrica\u00e7\u00e3o de velas, \u00e9 essencial seguir as instru\u00e7\u00f5es cuidadosamente para garantir que suas velas saiam bem.<\/p>\n<h3 style=\"font-size: 19px\">Aqui est\u00e3o algumas etapas a serem seguidas ao usar um kit de fabrica\u00e7\u00e3o de velas grande:<\/h3>\n<ol style=\"list-style-type: decimal\">\n<li>\n<p>Configure seu espa\u00e7o de trabalho: antes de come\u00e7ar, certifique-se de ter um espa\u00e7o de trabalho limpo e organizado. Re\u00fana todos os materiais inclu\u00eddos no kit e coloque-os ao seu alcance.<\/p>\n<\/li>\n<li>\n<p>Derreta a cera: Coloque a cera em um caldeir\u00e3o e derreta-a de acordo com as instru\u00e7\u00f5es. Mexa de vez em quando para garantir um derretimento uniforme.<\/p>\n<\/li>\n<li>\n<p>Adicione \u00f3leo de fragr\u00e2ncia e corante: Depois que a cera derreter, adicione \u00f3leo de fragr\u00e2ncia e corante, se desejar. Misture bem para distribuir uniformemente.<\/p>\n<\/li>\n<li>\n<p>Prepare os recipientes: Prepare os recipientes prendendo as mechas no centro inferior de cada recipiente. Use um porta-pavio ou l\u00e1pis para manter o pavio centralizado.<\/p>\n<\/li>\n<li>\n<p>Despeje a cera: Despeje cuidadosamente a cera em cada recipiente, deixando cerca de \u00bd polegada de espa\u00e7o na parte superior. Deixe a cera esfriar e endurecer por v\u00e1rias horas.<\/p>\n<\/li>\n<li>\n<p>Apare o pavio: depois que as velas esfriarem e endurecerem, corte o pavio em cerca de \u00bc de polegada.<\/p>\n<\/li>\n<li>\n<p>Aproveite suas velas: Suas velas agora est\u00e3o prontas para usar ou presentear! Acenda-os e desfrute dos belos aromas e ambiente que eles criam.<\/p>\n<\/li>\n<\/ol><\/p>","protected":false},"excerpt":{"rendered":"<h2><span style=\"font-family: 'PingFang SC', 'Microsoft YaHei', sans-serif;font-size: 16px\">Vis\u00e3o geral<\/span><\/h2>\n<p><span style=\"font-family: 'PingFang SC', 'Microsoft YaHei', sans-serif;font-size: 16px\"><img decoding=\"async\" loading=\"lazy\" src=\"https:\/\/cutomer-static-bucket.s3.cn-northwest-1.amazonaws.com.cn\/public\/material\/2206293ihquj\/product\/zhinian01_1676529573815.png\" alt=\"\" width=\"24\" height=\"24\" \/>Feito na china<\/span><\/p>\n<p><span style=\"font-family: 'PingFang SC', 'Microsoft YaHei', sans-serif;font-size: 16px\"><img decoding=\"async\" loading=\"lazy\" src=\"https:\/\/cutomer-static-bucket.s3.cn-northwest-1.amazonaws.com.cn\/public\/material\/2206293ihquj\/product\/zhinian02_1676529602935.png\" alt=\"\" width=\"24\" height=\"24\" \/>Personaliza\u00e7\u00e3o dispon\u00edvel<\/span><\/p>\n<p><span style=\"font-family: 'PingFang SC', 'Microsoft YaHei', sans-serif;font-size: 16px\"><img decoding=\"async\" loading=\"lazy\" src=\"https:\/\/cutomer-static-bucket.s3.cn-northwest-1.amazonaws.com.cn\/public\/material\/2206293ihquj\/product\/zhinian03_1676529624243.png\" alt=\"\" width=\"24\" height=\"24\" \/>Embalagem para presente dispon\u00edvel<\/span><\/p>\n<h2><span style=\"font-family: 'PingFang SC', 'Microsoft YaHei', sans-serif;font-size: 16px\">Dimens\u00f5es<\/span><\/h2>\n<p><span style=\"font-family: 'PingFang SC', 'Microsoft YaHei', sans-serif;font-size: 16px\">Tamanho da caixa: Comprimento: 20cm x Altura: 9cm x Profundidade: 15cm<\/span><\/p>\n<h2><span style=\"font-family: 'PingFang SC', 'Microsoft YaHei', sans-serif;font-size: 16px\">feito de<\/span><\/h2>\n<p><span style=\"font-family: 'PingFang SC', 'Microsoft YaHei', sans-serif;font-size: 16px\">Ingredientes naturais sustent\u00e1veis e de origem \u00e9tica em nossa embalagem recicl\u00e1vel ecol\u00f3gica 100%<\/span><\/p>\n<p><span style=\"font-family: 'PingFang SC', 'Microsoft YaHei', sans-serif;font-size: 16px\">Caixa de kit kraft de cita\u00e7\u00e3o positiva<\/span><\/p>\n<p><span style=\"font-family: 'PingFang SC', 'Microsoft YaHei', sans-serif;font-size: 16px\">Um grande kit de fabrica\u00e7\u00e3o de velas normalmente inclui materiais como cera, pavios, recipientes, \u00f3leos arom\u00e1ticos e instru\u00e7\u00f5es para fazer velas. O kit tamb\u00e9m pode incluir ferramentas como um caldeir\u00e3o, term\u00f4metro e utens\u00edlio para mexer. Este tipo de kit \u00e9 projetado para pessoas que desejam fazer v\u00e1rias velas de uma s\u00f3 vez ou velas de tamanho maior.<\/span><\/p><\/p>","protected":false},"featured_media":18018,"comment_status":"open","ping_status":"closed","template":"","meta":[],"product_cat":[225],"product_tag":[401,400,767,403,402,356,768,398,399,769],"acf":[],"_links":{"self":[{"href":"https:\/\/www.garden-kit.com\/pt\/wp-json\/wp\/v2\/product\/6834"}],"collection":[{"href":"https:\/\/www.garden-kit.com\/pt\/wp-json\/wp\/v2\/product"}],"about":[{"href":"https:\/\/www.garden-kit.com\/pt\/wp-json\/wp\/v2\/types\/product"}],"replies":[{"embeddable":true,"href":"https:\/\/www.garden-kit.com\/pt\/wp-json\/wp\/v2\/comments?post=6834"}],"wp:featuredmedia":[{"embeddable":true,"href":"https:\/\/www.garden-kit.com\/pt\/wp-json\/wp\/v2\/media\/18018"}],"wp:attachment":[{"href":"https:\/\/www.garden-kit.com\/pt\/wp-json\/wp\/v2\/media?parent=6834"}],"wp:term":[{"taxonomy":"product_cat","embeddable":true,"href":"https:\/\/www.garden-kit.com\/pt\/wp-json\/wp\/v2\/product_cat?post=6834"},{"taxonomy":"product_tag","embeddable":true,"href":"https:\/\/www.garden-kit.com\/pt\/wp-json\/wp\/v2\/product_tag?post=6834"}],"curies":[{"name":"wp","href":"https:\/\/api.w.org\/{rel}","templated":true}]}}