{"id":6846,"date":"2022-11-11T18:46:28","date_gmt":"2022-11-11T10:46:28","guid":{"rendered":"https:\/\/www.garden-kit.com\/product\/diy-candle-making-kit\/"},"modified":"2024-03-07T10:14:16","modified_gmt":"2024-03-07T02:14:16","slug":"diy-candle-making-kit","status":"publish","type":"product","link":"https:\/\/www.garden-kit.com\/pt\/product\/diy-candle-making-kit\/","title":{"rendered":"Kit fa\u00e7a voc\u00ea mesmo para fazer velas ecol\u00f3gicas"},"content":{"rendered":"<h3 style=\"margin: 0px 0px 15px;font-size: 19px\">Instru\u00e7\u00f5es passo a passo<\/h3>\n<p style=\"margin: 0px 0px 15px\">Passo 1<br \/>Pegue o pavio e remova o adesivo adesivo na parte inferior e amarre o lado adesivo do pavio para baixo no vidro votivo<\/p>\n<p style=\"margin: 0px 0px 15px\">Passo 2<br \/>Adicione 200g de cera derretida no jarro medidor de vidro<\/p>\n<p style=\"margin: 0px 0px 15px\">etapa 3<br \/>Coloque o jarro de vidro em uma panela, adicione alguns cent\u00edmetros de \u00e1gua para cobrir metade da cera<\/p>\n<p style=\"margin: 0px 0px 15px\">Passo 4<br \/>Coloque a panela no fog\u00e3o e deixe ferver em fogo baixo at\u00e9 que a cera derreta.<\/p>\n<p style=\"margin: 0px 0px 15px\">Passo 5<br \/>Adicione algumas gotas do \u00f3leo essencial de sua escolha \u00e0 sua mistura de cera. Quanto mais gotas voc\u00ea adicionar, mais forte ser\u00e1 o cheiro. N\u00e3o exagere!<\/p>\n<p style=\"margin: 0px 0px 15px\">Passo 6<br \/>Usando o bast\u00e3o de madeira, misture a cera e o \u00f3leo para distribuir uniformemente o perfume<\/p>\n<p style=\"margin: 0px 0px 15px\">Passo 7<br \/>Coloque o pavio entre os pauzinhos (sem quebr\u00e1-los) para garantir sua posi\u00e7\u00e3o<\/p>\n<p style=\"margin: 0px 0px 15px\">Passo 8<br \/>Despeje sua mistura de cera perfumada no recipiente de metal<\/p>\n<p style=\"margin: 0px 0px 15px\">Passo 9<br \/>Deixe a cera endurecer e sua vela caseira est\u00e1 pronta para queimar ou presentear<\/p>\n<h3 style=\"font-size: 19px\">Vantagens do kit de fabrica\u00e7\u00e3o de velas ecol\u00f3gicas<\/h3>\n<ol>\n<li><span style=\"font-size: 16px;font-family: 'PingFang SC', 'Microsoft YaHei', sans-serif\">Ingredientes sustent\u00e1veis: os kits de fabrica\u00e7\u00e3o de velas ecol\u00f3gicas cont\u00eam ingredientes naturais e de origem sustent\u00e1vel que s\u00e3o seguros para o meio ambiente.<\/span><\/li>\n<li><span style=\"font-size: 16px;font-family: 'PingFang SC', 'Microsoft YaHei', sans-serif\">N\u00e3o t\u00f3xico: os materiais usados nos kits de fabrica\u00e7\u00e3o de velas ecol\u00f3gicas n\u00e3o s\u00e3o t\u00f3xicos e n\u00e3o liberam produtos qu\u00edmicos nocivos quando queimados.<\/span><\/li>\n<li><span style=\"font-size: 16px;font-family: 'PingFang SC', 'Microsoft YaHei', sans-serif\">Personaliz\u00e1vel: Esses kits permitem a personaliza\u00e7\u00e3o do aroma, cor e formato da sua vela de acordo com sua prefer\u00eancia.<\/span><\/li>\n<li><span style=\"font-size: 16px;font-family: 'PingFang SC', 'Microsoft YaHei', sans-serif\">Custo-benef\u00edcio: fazer velas em casa usando um kit pode ser mais econ\u00f4mico do que comprar velas de alta qualidade em uma loja.<\/span><\/li>\n<li><span style=\"font-size: 16px;font-family: 'PingFang SC', 'Microsoft YaHei', sans-serif\">Educacional: Os kits de fabrica\u00e7\u00e3o de velas ecol\u00f3gicas podem ser usados como uma ferramenta educacional para ensinar sobre sustentabilidade e a import\u00e2ncia de escolher produtos ecol\u00f3gicos.<\/span><\/li>\n<\/ol>\n<h3 style=\"font-size: 19px\">Como usar um kit de fabrica\u00e7\u00e3o de velas ecol\u00f3gicas<\/h3>\n<p><span style=\"font-size: 16px;font-family: 'PingFang SC', 'Microsoft YaHei', sans-serif\">Usar um kit de fabrica\u00e7\u00e3o de velas ecol\u00f3gicas \u00e9 simples e direto:<\/span><\/p>\n<ol>\n<li><span style=\"font-size: 16px;font-family: 'PingFang SC', 'Microsoft YaHei', sans-serif\">Configure o espa\u00e7o de trabalho: crie um espa\u00e7o de trabalho limpo, seco e com superf\u00edcie plana. Isso ajudar\u00e1 voc\u00ea a lidar com o processo de fabrica\u00e7\u00e3o de velas com facilidade.<\/span><\/li>\n<li><span style=\"font-size: 16px;font-family: 'PingFang SC', 'Microsoft YaHei', sans-serif\">Derreter Cera: Derreta a cera em banho-maria ou micro-ondas, seguindo as instru\u00e7\u00f5es fornecidas no kit.<\/span><\/li>\n<li><span style=\"font-size: 16px;font-family: 'PingFang SC', 'Microsoft YaHei', sans-serif\">Adicionar Fragr\u00e2ncia: Adicionar fragr\u00e2ncia usando \u00f3leos essenciais, seguindo a quantidade recomendada.<\/span><\/li>\n<li><span style=\"font-size: 16px;font-family: 'PingFang SC', 'Microsoft YaHei', sans-serif\">Preparo dos Frascos: Prepare os potes, prendendo o pavio com cola ou fita adesiva, seguindo as instru\u00e7\u00f5es que acompanham o kit.<\/span><\/li>\n<li><span style=\"font-size: 16px;font-family: 'PingFang SC', 'Microsoft YaHei', sans-serif\">Despeje a cera nos frascos: Despeje cuidadosamente a cera derretida nos frascos preparados, enchendo-os at\u00e9 o n\u00edvel recomendado.<\/span><\/li>\n<li><span style=\"font-size: 16px;font-family: 'PingFang SC', 'Microsoft YaHei', sans-serif\">Deixe esfriar e apare os pavios: deixe as velas esfriarem e apare os pavios no comprimento apropriado.<\/span><\/li>\n<li><span style=\"font-size: 16px;font-family: 'PingFang SC', 'Microsoft YaHei', sans-serif\">Aproveite: Depois que as velas esfriarem e endurecerem, elas estar\u00e3o prontas para serem saboreadas!<\/span><\/li>\n<\/ol>\n<h3 style=\"font-size: 19px\">Precau\u00e7\u00f5es para o kit de fabrica\u00e7\u00e3o de velas ecol\u00f3gicas<\/h3>\n<p><span style=\"font-size: 16px;font-family: 'PingFang SC', 'Microsoft YaHei', sans-serif\">Ao trabalhar com um kit de fabrica\u00e7\u00e3o de velas, \u00e9 importante tomar precau\u00e7\u00f5es para garantir sua seguran\u00e7a e a seguran\u00e7a das pessoas ao seu redor. Aqui est\u00e3o algumas precau\u00e7\u00f5es gerais a ter em mente:<\/span><\/p>\n<ol>\n<li><span style=\"font-size: 16px;font-family: 'PingFang SC', 'Microsoft YaHei', sans-serif\">Siga as instru\u00e7\u00f5es: Leia atentamente e siga as instru\u00e7\u00f5es fornecidas no ecologicamente correto. Kits diferentes podem ter instru\u00e7\u00f5es diferentes, por isso \u00e9 importante segui-los exatamente como fornecidos.<\/span><\/li>\n<li><span style=\"font-size: 16px;font-family: 'PingFang SC', 'Microsoft YaHei', sans-serif\">Use uma \u00e1rea bem ventilada: a fabrica\u00e7\u00e3o de velas pode envolver cera derretida, que pode liberar fuma\u00e7a. Certifique-se de trabalhar em uma \u00e1rea bem ventilada para evitar a inala\u00e7\u00e3o de vapores. Se poss\u00edvel, trabalhe perto de uma janela aberta ou use um ventilador para melhorar a circula\u00e7\u00e3o do ar.<\/span><\/li>\n<li><span style=\"font-size: 16px;font-family: 'PingFang SC', 'Microsoft YaHei', sans-serif\">Use equipamento de prote\u00e7\u00e3o adequado: Proteja sua pele e olhos usando equipamento de prote\u00e7\u00e3o adequado, como luvas e \u00f3culos. Isso pode ajudar a evitar queimaduras e ferimentos causados por cera quente ou outros materiais.<\/span><\/li>\n<li><span style=\"font-size: 16px;font-family: 'PingFang SC', 'Microsoft YaHei', sans-serif\">Tenha cuidado com fontes de calor: a fabrica\u00e7\u00e3o de velas geralmente envolve o uso de fontes de calor, como fog\u00f5es, pratos quentes ou aquecedores de velas. Tenha cuidado e siga as orienta\u00e7\u00f5es de seguran\u00e7a ao trabalhar com fontes de calor para evitar queimaduras ou inc\u00eandios. Nunca deixe uma fonte de calor sem vigil\u00e2ncia.<\/span><\/li>\n<li><span style=\"font-size: 16px;font-family: 'PingFang SC', 'Microsoft YaHei', sans-serif\">Mantenha crian\u00e7as e animais de estima\u00e7\u00e3o afastados: a fabrica\u00e7\u00e3o de velas pode envolver materiais quentes e ferramentas pontiagudas, por isso \u00e9 importante manter crian\u00e7as e animais de estima\u00e7\u00e3o longe de sua \u00e1rea de trabalho para evitar acidentes.<\/span><\/li>\n<li><span style=\"font-size: 16px;font-family: 'PingFang SC', 'Microsoft YaHei', sans-serif\">Use recipientes apropriados: Use recipientes projetados especificamente para fabrica\u00e7\u00e3o de velas e resistentes ao calor. Evite usar recipientes pl\u00e1sticos ou inflam\u00e1veis que possam derreter ou pegar fogo.<\/span><\/li>\n<li><span style=\"font-size: 16px;font-family: 'PingFang SC', 'Microsoft YaHei', sans-serif\">Tenha cuidado com \u00f3leos de fragr\u00e2ncia e corantes: Se o seu kit de fabrica\u00e7\u00e3o de velas ecol\u00f3gicas incluir \u00f3leos de fragr\u00e2ncia ou corantes, use-os de acordo com as instru\u00e7\u00f5es e evite o contato direto com a pele ou os olhos. Alguns \u00f3leos de fragr\u00e2ncia podem causar irrita\u00e7\u00e3o na pele ou rea\u00e7\u00f5es al\u00e9rgicas.<\/span><\/li>\n<li><span style=\"font-size: 16px;font-family: 'PingFang SC', 'Microsoft YaHei', sans-serif\">Limpe adequadamente: Limpe qualquer derramamento ou gotejamento imediatamente para evitar escorreg\u00f5es e quedas. Elimine quaisquer res\u00edduos, como restos de cera ou recipientes usados, de forma adequada e de acordo com os regulamentos locais.<\/span><\/li>\n<li><span style=\"font-size: 16px;font-family: 'PingFang SC', 'Microsoft YaHei', sans-serif\">Esteja atento aos riscos de inc\u00eandio: depois que suas velas forem feitas, esteja atento aos riscos de inc\u00eandio. Sempre corte o pavio no comprimento recomendado antes de acender a vela e nunca deixe uma vela acesa sem vigil\u00e2ncia.<\/span><\/li>\n<li><span style=\"font-size: 16px;font-family: 'PingFang SC', 'Microsoft YaHei', sans-serif\">Eduque-se: se voc\u00ea \u00e9 novo na fabrica\u00e7\u00e3o de velas, reserve um tempo para se educar sobre o processo e as melhores pr\u00e1ticas. Familiarize-se com os perigos potenciais e como lidar com eles e procure orienta\u00e7\u00e3o de fabricantes de velas experientes, se necess\u00e1rio.<\/span><\/li>\n<\/ol>\n<p><span style=\"font-size: 16px;font-family: 'PingFang SC', 'Microsoft YaHei', sans-serif\">Os kits de fabrica\u00e7\u00e3o de velas ecol\u00f3gicas s\u00e3o uma maneira fant\u00e1stica de criar suas pr\u00f3prias velas personalizadas usando ingredientes ecol\u00f3gicos e sustent\u00e1veis. Esses kits fornecem todos os materiais e instru\u00e7\u00f5es necess\u00e1rios para fazer velas em casa, tornando-o f\u00e1cil e econ\u00f4mico. Os kits de fabrica\u00e7\u00e3o de velas ecol\u00f3gicas tamb\u00e9m promovem a sustentabilidade e ingredientes n\u00e3o t\u00f3xicos, ao mesmo tempo em que promovem a criatividade e a personaliza\u00e7\u00e3o. Seguindo as instru\u00e7\u00f5es fornecidas com o kit, voc\u00ea pode fazer lindas velas perfumadas, seguras para o meio ambiente e agrad\u00e1veis de usar.<\/span><span style=\"font-size: 16px;font-family: 'PingFang SC', 'Microsoft YaHei', sans-serif\"><\/span><\/p>\n<h3 style=\"font-size: 19px\">O que \u00e9 um kit de fabrica\u00e7\u00e3o de velas ecol\u00f3gico e o que o torna ecol\u00f3gico?<\/h3>\n<p>Um kit de fabrica\u00e7\u00e3o de velas ecol\u00f3gicas \u00e9 um kit que cont\u00e9m materiais e instru\u00e7\u00f5es para fazer velas usando ingredientes ambientalmente sustent\u00e1veis e n\u00e3o t\u00f3xicos.<\/p>\n<p>O kit normalmente inclui&nbsp;<a>ceras naturais<\/a>, como&nbsp;<a>Cera de soja<\/a>&nbsp;ou cera de abelha, bem como&nbsp;<a>\u00f3leos de fragr\u00e2ncia natural<\/a>&nbsp;e mechas feitas de materiais naturais. Alguns kits de fabrica\u00e7\u00e3o de velas ecol\u00f3gicas tamb\u00e9m podem incluir recipientes reutiliz\u00e1veis, embalagens biodegrad\u00e1veis e outros materiais ambientalmente sustent\u00e1veis.<\/p>\n<p>O que torna esses kits ecol\u00f3gicos \u00e9 que eles s\u00e3o projetados para minimizar o impacto no meio ambiente usando ingredientes naturais e n\u00e3o t\u00f3xicos, reduzindo o desperd\u00edcio e promovendo a sustentabilidade. Eles s\u00e3o uma \u00f3tima alternativa ao tradicional&nbsp;<a>kits de fabrica\u00e7\u00e3o de velas<\/a>&nbsp;que costumam usar cera de parafina,&nbsp;<a>\u00f3leos de fragr\u00e2ncias sint\u00e9ticas<\/a>, e outros materiais n\u00e3o renov\u00e1veis e potencialmente nocivos.<\/p>\n<h3 style=\"font-size: 19px\">Quais s\u00e3o os diferentes tipos de kits de fabrica\u00e7\u00e3o de velas ecol\u00f3gicas dispon\u00edveis?<\/h3>\n<p>Existem v\u00e1rios tipos diferentes de kits de fabrica\u00e7\u00e3o de velas ecol\u00f3gicas dispon\u00edveis, cada um projetado para necessidades e prefer\u00eancias espec\u00edficas. Aqui est\u00e3o alguns dos tipos mais comuns:<\/p>\n<ol style=\"list-style-type: decimal\">\n<li>\n<p>Kits de fabrica\u00e7\u00e3o de velas de cera de soja: Esses kits cont\u00eam&nbsp;<a>cera natural de soja<\/a>, que \u00e9 um recurso renov\u00e1vel e biodegrad\u00e1vel.&nbsp;<a>Velas de cera de soja<\/a>&nbsp;queimar de forma limpa e ter um longo tempo de queima.<\/p>\n<\/li>\n<li>\n<p>Kits de fabrica\u00e7\u00e3o de velas de cera de abelha: Esses kits cont\u00eam cera de abelha natural, que tamb\u00e9m \u00e9 um recurso renov\u00e1vel e biodegrad\u00e1vel.&nbsp;<a>Velas de cera de abelha<\/a>&nbsp;tem um natural&nbsp;<a>cheiro de mel<\/a>&nbsp;e produzem \u00edons negativos que podem ajudar a purificar o ar.<\/p>\n<\/li>\n<li>\n<p>Kits de fabrica\u00e7\u00e3o de velas de cera de coco: Esses kits cont\u00eam&nbsp;<a>cera de coco natural<\/a>, que \u00e9 um recurso sustent\u00e1vel e renov\u00e1vel.&nbsp;<a>Velas de cera de coco<\/a>&nbsp;t\u00eam uma textura cremosa e uma queimadura limpa.<\/p>\n<\/li>\n<li>\n<p>Kits de fabrica\u00e7\u00e3o de velas de \u00f3leo essencial: Esses kits cont\u00eam&nbsp;<a>\u00f3leos essenciais naturais<\/a>, que s\u00e3o extra\u00eddos de plantas e possuem propriedades terap\u00eauticas.&nbsp;<a>Essencial<\/a>&nbsp;velas de \u00f3leo podem fornecer um aroma natural e calmante.<\/p>\n<\/li>\n<li>\n<p>vegano&nbsp;<a>kits de fabrica\u00e7\u00e3o de velas<\/a>: esses kits cont\u00eam ceras e mechas naturais \u00e0 base de plantas, sem ingredientes de origem animal. S\u00e3o uma \u00f3tima op\u00e7\u00e3o para quem segue um estilo de vida vegano.<\/p>\n<\/li>\n<li>\n<p>Kits de fabrica\u00e7\u00e3o de velas reciclados: esses kits cont\u00eam materiais que foram reaproveitados ou reciclados, como cera de vela usada ou recipientes de vidro reciclados. S\u00e3o uma \u00f3tima op\u00e7\u00e3o para quem quer reduzir o desperd\u00edcio e promover a sustentabilidade.<\/p>\n<\/li>\n<\/ol>\n<p>A escolha do kit de fabrica\u00e7\u00e3o de velas ecol\u00f3gicas depender\u00e1 das prefer\u00eancias individuais, bem como dos ingredientes e materiais espec\u00edficos usados no kit. \u00c9 importante escolher um kit que esteja alinhado com seus valores e promova a sustentabilidade.<\/p>\n<h3 style=\"font-size: 19px\">Como voc\u00ea escolhe o kit de fabrica\u00e7\u00e3o de velas ecol\u00f3gicas certo para suas necessidades?<\/h3>\n<p>Ao escolher o kit de fabrica\u00e7\u00e3o de velas ecologicamente correto para suas necessidades, h\u00e1 v\u00e1rios fatores a serem considerados. Aqui est\u00e3o alguns fatores-chave para manter em mente:<\/p>\n<ol style=\"list-style-type: decimal\">\n<li>\n<p>Tipo de cera: Considere o tipo de cera utilizada no kit. Cera de soja, cera de abelha e cera de coco s\u00e3o escolhas populares para fazer velas ecol\u00f3gicas. Cada tipo de cera tem suas pr\u00f3prias propriedades \u00fanicas, como <a>tempo de queima<\/a>&nbsp;e&nbsp;<a>lan\u00e7amento de perfume<\/a>, ent\u00e3o escolha aquele que melhor se adapta \u00e0s suas necessidades.<\/p>\n<\/li>\n<li>\n<p>\u00d3leos de fragr\u00e2ncia: Se voc\u00ea quiser&nbsp;<a>velas perfumadas<\/a>, considere o tipo de \u00f3leos de fragr\u00e2ncia usados no kit. Procure kits que usam&nbsp;<a>\u00f3leos de fragr\u00e2ncia natural<\/a>&nbsp;feito de&nbsp;<a>\u00f3leos essenciais<\/a>&nbsp;ou extratos vegetais.<\/p>\n<\/li>\n<li>\n<p><a>material de pavio<\/a>: Considere o tipo de pavio utilizado no kit. Escolha um kit que use&nbsp;<a>mechas naturais<\/a>&nbsp;feito de algod\u00e3o, c\u00e2nhamo ou outros materiais naturais.<\/p>\n<\/li>\n<li>\n<p><a>Op\u00e7\u00f5es de cont\u00eainer<\/a>: considere as op\u00e7\u00f5es de cont\u00eainer que acompanham o kit. Procure kits que incluam recipientes reutiliz\u00e1veis ou biodegrad\u00e1veis para reduzir o desperd\u00edcio.<\/p>\n<\/li>\n<li>\n<p>Facilidade de uso: considere o n\u00edvel de experi\u00eancia necess\u00e1rio para usar o kit. Procure um kit que inclua instru\u00e7\u00f5es claras e f\u00e1ceis de seguir, bem como todos os materiais necess\u00e1rios.<\/p>\n<\/li>\n<li>\n<p>Pre\u00e7o: Considere o pre\u00e7o do kit. Compare diferentes kits para encontrar um que se encaixe no seu or\u00e7amento.<\/p>\n<\/li>\n<\/ol>\n<p>Ao considerar esses fatores, voc\u00ea pode escolher um kit de fabrica\u00e7\u00e3o de velas ecologicamente correto que atenda \u00e0s suas necessidades e promova a sustentabilidade.<\/p>\n<h3 style=\"font-size: 19px\">Quais s\u00e3o os benef\u00edcios de usar um kit de fabrica\u00e7\u00e3o de velas ecol\u00f3gico?<\/h3>\n<p>Existem v\u00e1rios benef\u00edcios de usar um kit de fabrica\u00e7\u00e3o de velas ecol\u00f3gicas, incluindo:<\/p>\n<ol style=\"list-style-type: decimal\">\n<li>\n<p>Ambientalmente sustent\u00e1vel: ecologicamente correto&nbsp;<a>kits de fabrica\u00e7\u00e3o de velas<\/a>&nbsp;utilizar recursos naturais e renov\u00e1veis, como&nbsp;<a>Cera de soja<\/a>, cera de abelha e&nbsp;<a>cera de coco<\/a>, que s\u00e3o biodegrad\u00e1veis e ambientalmente sustent\u00e1veis. O uso desses tipos de materiais promove a sustentabilidade e reduz o impacto ambiental da fabrica\u00e7\u00e3o de velas.<\/p>\n<\/li>\n<li>\n<p>N\u00e3o t\u00f3xico: uso de kits de fabrica\u00e7\u00e3o de velas ecol\u00f3gicas&nbsp;<a>\u00f3leos de fragr\u00e2ncia natural<\/a>&nbsp;e mechas feitas de materiais naturais, n\u00e3o t\u00f3xicos e livres de produtos qu\u00edmicos nocivos. Isso as torna uma op\u00e7\u00e3o mais segura e saud\u00e1vel tanto para o ambiente quanto para quem utiliza as velas.<\/p>\n<\/li>\n<li>\n<p>Velas de alta qualidade: Os kits de fabrica\u00e7\u00e3o de velas ecol\u00f3gicas produzem velas de alta qualidade que queimam de forma limpa e uniforme, com um longo tempo de queima e fragr\u00e2ncia natural. Eles tamb\u00e9m s\u00e3o frequentemente derramados \u00e0 m\u00e3o, o que adiciona um toque pessoal e garante que cada vela seja \u00fanica.<\/p>\n<\/li>\n<li>\n<p>Sa\u00edda criativa: a fabrica\u00e7\u00e3o de velas pode ser uma atividade criativa e relaxante. Os kits de fabrica\u00e7\u00e3o de velas ecol\u00f3gicas permitem que voc\u00ea crie suas pr\u00f3prias velas de maneira sustent\u00e1vel e ecol\u00f3gica, ao mesmo tempo em que expressa sua criatividade.<\/p>\n<\/li>\n<li>\n<p>Custo-benef\u00edcio: fazer suas pr\u00f3prias velas com um kit de fabrica\u00e7\u00e3o de velas ecol\u00f3gico pode ser uma alternativa econ\u00f4mica \u00e0 compra de velas caras compradas em lojas. O kit cont\u00e9m todos os materiais necess\u00e1rios e voc\u00ea pode fazer quantas velas quiser.<\/p>\n<\/li>\n<\/ol>\n<p>No geral, usar um kit de fabrica\u00e7\u00e3o de velas ecol\u00f3gico \u00e9 uma \u00f3tima maneira de promover a sustentabilidade, criar velas de alta qualidade e desfrutar de um hobby criativo e relaxante.<\/p>\n<h3 style=\"font-size: 19px\">Quais s\u00e3o algumas dicas para usar um kit de fabrica\u00e7\u00e3o de velas ecologicamente correto e criar velas ecologicamente corretas?<\/h3>\n<p>Aqui est\u00e3o algumas dicas para usar um kit de fabrica\u00e7\u00e3o de velas ecol\u00f3gicas e criar velas ecol\u00f3gicas:<\/p>\n<ol style=\"list-style-type: decimal\">\n<li>\n<p>Siga as instru\u00e7\u00f5es cuidadosamente: Siga as instru\u00e7\u00f5es fornecidas com o kit cuidadosamente para garantir que voc\u00ea obtenha os melhores resultados. Isso tamb\u00e9m ajudar\u00e1 voc\u00ea a evitar erros que possam comprometer a qualidade da vela ou sua ecologia.<\/p>\n<\/li>\n<li>\n<p>Use fragr\u00e2ncias naturais: Use fragr\u00e2ncias naturais, como \u00f3leos essenciais, em vez de fragr\u00e2ncias sint\u00e9ticas. Os \u00f3leos essenciais s\u00e3o derivados de plantas e s\u00e3o uma alternativa natural \u00e0s fragr\u00e2ncias sint\u00e9ticas, que podem conter subst\u00e2ncias qu\u00edmicas nocivas.<\/p>\n<\/li>\n<li>\n<p>Usar&nbsp;<a>mechas naturais<\/a>: Use mechas naturais feitas de algod\u00e3o, c\u00e2nhamo ou outros materiais naturais. Evite mechas que contenham metal ou outros&nbsp;<a>materiais sint\u00e9ticos<\/a>, pois podem liberar produtos qu\u00edmicos nocivos quando queimados.<\/p>\n<\/li>\n<li>\n<p>Escolha recipientes ecol\u00f3gicos: Escolha recipientes ecol\u00f3gicos, como vidro, cer\u00e2mica ou metal, que podem ser reutilizados ou reciclados. Evite usar recipientes de pl\u00e1stico, que n\u00e3o s\u00e3o biodegrad\u00e1veis e podem contribuir para a polui\u00e7\u00e3o ambiental.<\/p>\n<\/li>\n<li>\n<p>Use embalagens sustent\u00e1veis: Use embalagens sustent\u00e1veis, como sacolas biodegrad\u00e1veis ou&nbsp;<a>papel reciclado<\/a>, para reduzir o desperd\u00edcio e promover a sustentabilidade.<\/p>\n<\/li>\n<li>\n<p>Esteja atento ao seu uso de energia: Esteja atento ao seu uso de energia ao fazer velas e tente usar aparelhos e ilumina\u00e7\u00e3o com baixo consumo de energia. Isso ajudar\u00e1 a reduzir o seu&nbsp;<a>pegada de carbono<\/a>&nbsp;e torne seu processo de fabrica\u00e7\u00e3o de velas mais ecol\u00f3gico.<\/p>\n<\/li>\n<li>\n<p>Descarte os res\u00edduos adequadamente: Descarte adequadamente todos os res\u00edduos do processo de fabrica\u00e7\u00e3o de velas, como excesso de cera ou materiais usados. Recicle ou descarte esses materiais de maneira respons\u00e1vel para reduzir o desperd\u00edcio.<\/p>\n<\/li>\n<\/ol>\n<p>Seguindo essas dicas, voc\u00ea pode fazer um kit de fabrica\u00e7\u00e3o de velas ecologicamente correto, seguro, sustent\u00e1vel e ecologicamente correto.<\/p><\/p>","protected":false},"excerpt":{"rendered":"<p>Nesta temporada de f\u00e9rias, aproveite ao m\u00e1ximo nosso tempo juntos. Nossos kits de fabrica\u00e7\u00e3o de velas ecol\u00f3gicos DIY encorajar\u00e3o todos a n\u00e3o ter medo de passar muito tempo com a fam\u00edlia, mas adot\u00e1-lo! Obtenha o kit como uma atividade para sua fam\u00edlia ou como um presente atencioso para algu\u00e9m especial. Presenteie algu\u00e9m com suas velas caseiras ou guarde para voc\u00ea!<\/p>\n<p>O conjunto inclui: cera de vela ecol\u00f3gica, pavios, \u00f3leos naturais perfumados (lavanda, rosa, hortel\u00e3-pimenta), jarro medidor de vidro, palitos para mexer e prender o pavio e recipientes de metal com tampa.<\/p>\n<p>Nota manuscrita (opcional)<\/p>\n<p>Isto \u00e9 um presente? Escreva uma mensagem curta e n\u00f3s incluiremos um lindo cart\u00e3o manuscrito<\/p>\n<p>Um kit de fabrica\u00e7\u00e3o de velas ecol\u00f3gicas \u00e9 um conjunto completo de materiais e instru\u00e7\u00f5es necess\u00e1rias para fazer velas usando ingredientes sustent\u00e1veis e ecol\u00f3gicos. Esses kits podem incluir cera de soja, cera de abelha, \u00f3leos essenciais, pavios, potes ou recipientes e outros materiais para fabrica\u00e7\u00e3o de velas.<\/p>","protected":false},"featured_media":17820,"comment_status":"closed","ping_status":"closed","template":"","meta":[],"product_cat":[225],"product_tag":[811,815,358,812,814,813,810,817,816],"acf":[],"_links":{"self":[{"href":"https:\/\/www.garden-kit.com\/pt\/wp-json\/wp\/v2\/product\/6846"}],"collection":[{"href":"https:\/\/www.garden-kit.com\/pt\/wp-json\/wp\/v2\/product"}],"about":[{"href":"https:\/\/www.garden-kit.com\/pt\/wp-json\/wp\/v2\/types\/product"}],"replies":[{"embeddable":true,"href":"https:\/\/www.garden-kit.com\/pt\/wp-json\/wp\/v2\/comments?post=6846"}],"wp:featuredmedia":[{"embeddable":true,"href":"https:\/\/www.garden-kit.com\/pt\/wp-json\/wp\/v2\/media\/17820"}],"wp:attachment":[{"href":"https:\/\/www.garden-kit.com\/pt\/wp-json\/wp\/v2\/media?parent=6846"}],"wp:term":[{"taxonomy":"product_cat","embeddable":true,"href":"https:\/\/www.garden-kit.com\/pt\/wp-json\/wp\/v2\/product_cat?post=6846"},{"taxonomy":"product_tag","embeddable":true,"href":"https:\/\/www.garden-kit.com\/pt\/wp-json\/wp\/v2\/product_tag?post=6846"}],"curies":[{"name":"wp","href":"https:\/\/api.w.org\/{rel}","templated":true}]}}