{"id":6859,"date":"2022-11-11T18:53:57","date_gmt":"2022-11-11T10:53:57","guid":{"rendered":"https:\/\/www.garden-kit.com\/product\/party-6-color-tie-dye-kit\/"},"modified":"2024-03-07T10:33:04","modified_gmt":"2024-03-07T02:33:04","slug":"party-6-color-tie-dye-kit","status":"publish","type":"product","link":"https:\/\/www.garden-kit.com\/pt\/product\/party-6-color-tie-dye-kit\/","title":{"rendered":"Kit de sacolinha tie dye de 6 cores para festas"},"content":{"rendered":"<p><span style=\"font-family: 'PingFang SC', 'Microsoft YaHei', sans-serif;font-size: 16px\" class=\"a-list-item\">O Tulip Party Pack 6-Color One-Step Tie-Dye Kit inclui seis tintas One-Step (16 fl. oz.) numa paleta de arco-\u00edris essencial (vermelho, laranja, amarelo, verde, turquesa, roxo), al\u00e9m de luvas, el\u00e1sticos e um guia de projectos. Tinta at\u00e9 72 projectos. Todas as tintas Tulip One-Step Dyes n\u00e3o s\u00e3o t\u00f3xicas e s\u00e3o seguras para artes\u00e3os de qualquer idade ou n\u00edvel de experi\u00eancia. As tintas One-Step s\u00e3o formuladas para serem melhores e mais brilhantes em tecidos de fibras naturais. As tintas s\u00e3o seguras para serem lavadas na m\u00e1quina - as cores mant\u00eam-se vivas durante v\u00e1rias lavagens.<\/span><\/p>\n<p><span style=\"font-family: 'PingFang SC', 'Microsoft YaHei', sans-serif;font-size: 16px\" class=\"a-list-item\"><\/span><\/p>\n<ul>\n<li><span style=\"font-family: 'PingFang SC', 'Microsoft YaHei', sans-serif;font-size: 16px\" class=\"a-list-item\">O kit inclui corante suficiente para criar at\u00e9 72 projetos<\/span><\/li>\n<li><span style=\"font-family: 'PingFang SC', 'Microsoft YaHei', sans-serif;font-size: 16px\" class=\"a-list-item\">Cores tie-dye mais vendidas em um kit tamanho jumbo<\/span><\/li>\n<li><span style=\"font-family: 'PingFang SC', 'Microsoft YaHei', sans-serif;font-size: 16px\" class=\"a-list-item\">Inclui 6 garrafas extra grandes de 16 on\u00e7as de tintas One-Step altamente concentradas e n\u00e3o t\u00f3xicas. Basta adicionar \u00e1gua para ativar<\/span><\/li>\n<li><span style=\"font-family: 'PingFang SC', 'Microsoft YaHei', sans-serif;font-size: 16px\" class=\"a-list-item\">Inclui guia de t\u00e9cnica passo a passo com mais de 8 looks tie-dye para escolher<\/span><\/li>\n<li><span style=\"font-family: 'PingFang SC', 'Microsoft YaHei', sans-serif;font-size: 16px\" class=\"a-list-item\">Os corantes podem ser lavados na m\u00e1quina \u2013 as cores permanecem brilhantes e ousadas mesmo com lavagens repetidas<\/span><\/li>\n<\/ul>\n<p><span style=\"font-family: 'PingFang SC', 'Microsoft YaHei', sans-serif;font-size: 16px\" class=\"a-list-item\"><\/span><\/p>\n<p><span style=\"font-family: 'PingFang SC', 'Microsoft YaHei', sans-serif;font-size: 16px\" class=\"a-list-item\">O n\u00famero de projectos varia consoante o tamanho da pe\u00e7a de vestu\u00e1rio e a quantidade de tinta utilizada. As tintas aparecer\u00e3o mais escuras no tecido h\u00famido antes da lavagem e clarear\u00e3o naturalmente ap\u00f3s a lavagem. As tintas aparecer\u00e3o mais escuras no tecido h\u00famido antes da lavagem e clarear\u00e3o naturalmente ap\u00f3s a lavagem.<\/span><span class=\"a-list-item\" style=\"font-size: 16px;font-family: 'PingFang SC', 'Microsoft YaHei', sans-serif\"><\/span><span style=\"font-family: 'PingFang SC', 'Microsoft YaHei', sans-serif;font-size: 16px\" class=\"a-list-item\"><\/span><\/p>\n<h3 style=\"font-size: 19px\">Como n\u00f3s?<\/h3>\n<ol>\n<li><span style=\"font-family: 'PingFang SC', 'Microsoft YaHei', sans-serif;font-size: 16px\" class=\"a-list-item\">Proteger a superf\u00edcie de trabalho com uma toalha de mesa de pl\u00e1stico ou sacos do lixo. Cubra com uma camada de toalhas de papel.<\/span><\/li>\n<li><span style=\"font-family: 'PingFang SC', 'Microsoft YaHei', sans-serif;font-size: 16px\" class=\"a-list-item\">Pr\u00e9-lavar o tecido para remover o tamanho. N\u00e3o utilizar amaciador de roupa ou folhas de secagem.<\/span><\/li>\n<li><span style=\"font-family: 'PingFang SC', 'Microsoft YaHei', sans-serif;font-size: 16px\" class=\"a-list-item\">Escolher a t\u00e9cnica desejada. Se utilizar a t\u00e9cnica h\u00famida, utilize-a diretamente da m\u00e1quina de lavar. Se utilizar a t\u00e9cnica seca, secar primeiro o tecido na m\u00e1quina de secar.<\/span><\/li>\n<li><span style=\"font-family: 'PingFang SC', 'Microsoft YaHei', sans-serif;font-size: 16px\" class=\"a-list-item\">Usando luvas de borracha, adicionar \u00e1gua \u00e0 garrafa de corante, enchendo-a at\u00e9 \u00e0 linha. Voltar a colocar a tampa com firmeza. Agite at\u00e9 que a tinta esteja dissolvida. Para cores intensas, utilize a for\u00e7a m\u00e1xima. Para obter um tom de cor mais claro, adicione mais \u00e1gua, utilizando um frasco extra, se necess\u00e1rio.<\/span><\/li>\n<li><span style=\"font-family: 'PingFang SC', 'Microsoft YaHei', sans-serif;font-size: 16px\" class=\"a-list-item\">Aplicar a tinta no tecido, verificando se a tinta penetrou nos vincos e dobras. N\u00e3o saturar demasiado o tecido. Se as cores da tinta forem aplicadas demasiado pr\u00f3ximas umas das outras, as cores podem ficar turvas. Verifique o lado de tr\u00e1s do tecido para se certificar de que a tinta penetrou no lado de tr\u00e1s. Caso contr\u00e1rio, vire cuidadosamente a pe\u00e7a de tecido e adicione a tinta. <\/span><\/li>\n<li><span style=\"font-family: 'PingFang SC', 'Microsoft YaHei', sans-serif;font-size: 16px\" class=\"a-list-item\">Cubra o tecido tingido com pel\u00edcula de pl\u00e1stico para o manter h\u00famido. Deixar atuar durante 6-8 horas ou mais para as cores mais intensas. Enxaguar completamente o tecido tingido em \u00e1gua morna at\u00e9 que todo o corante extra seja removido e a \u00e1gua saia limpa - removendo os el\u00e1sticos se usados.<\/span><\/li>\n<li><span style=\"font-family: 'PingFang SC', 'Microsoft YaHei', sans-serif;font-size: 16px\" class=\"a-list-item\">Encha a m\u00e1quina de lavar com uma carga grande, com a \u00e1gua mais quente adequada ao tecido e uma pequena quantidade de sab\u00e3o para a roupa. Lavar e secar separadamente. 8. Lave separadamente as primeiras lavagens. N\u00e3o deixe que o tecido tingido fique molhado noutros artigos.<\/span><\/li>\n<\/ol>\n<h3 style=\"font-size: 19px\">Precau\u00e7\u00f5es para usar o kit de bolsas tie dye<\/h3>\n<p>Aqui est\u00e3o algumas precau\u00e7\u00f5es para usar um kit de bolsa tie dye:<\/p>\n<ol>\n<li>Use luvas: o tie dye pode fazer sujeira e os corantes usados no kit podem manchar sua pele. Portanto, \u00e9 aconselh\u00e1vel usar luvas durante o uso do kit.<\/li>\n<li>Proteja a sua \u00e1rea de trabalho: O tie dye tamb\u00e9m pode manchar superf\u00edcies, por isso certifique-se de que est\u00e1 a trabalhar numa superf\u00edcie protegida. Pode utilizar folhas de pl\u00e1stico, jornais ou cart\u00e3o para proteger a sua \u00e1rea de trabalho.<\/li>\n<li>Use o kit em uma \u00e1rea bem ventilada: os produtos qu\u00edmicos usados no processo de tingimento podem emitir vapores que podem ser prejudiciais se inalados. Portanto, certifique-se de usar o kit em uma \u00e1rea bem ventilada.<\/li>\n<li>Siga as instru\u00e7\u00f5es cuidadosamente: Cada kit tie dye \u00e9 diferente, ent\u00e3o certifique-se de ler e seguir as instru\u00e7\u00f5es cuidadosamente. Isso garantir\u00e1 que voc\u00ea obtenha os melhores resultados do kit.<\/li>\n<li>Enx\u00e1gue bem a bolsa: Depois de tingir a bolsa, enx\u00e1gue-a bem para remover o excesso de tinta. Voc\u00ea pode usar uma mangueira ou pia para enxaguar o saco, mas certifique-se de faz\u00ea-lo em uma \u00e1rea designada onde a tinta n\u00e3o manchar\u00e1 nada.<\/li>\n<li>Lave a bolsa separadamente: Ao lavar a bolsa, lave-a separadamente das outras roupas, pois a tinta pode sangrar e manchar outras roupas.<\/li>\n<\/ol>\n<h3 style=\"font-size: 19px\">Vantagens do kit de bolsa tie dye<\/h3>\n<p>Um kit de saco tie dye tem v\u00e1rias vantagens, incluindo:<\/p>\n<ol style=\"list-style-type: decimal\">\n<li>\n<p>Criatividade e Divers\u00e3o: O tie dye \u00e9 uma atividade divertida e criativa que permite que voc\u00ea expresse sua personalidade e crie designs \u00fanicos. Com um kit de bolsa tie-dye, voc\u00ea pode fazer sua pr\u00f3pria bolsa personalizada que reflete seu estilo.<\/p>\n<\/li>\n<li>\n<p>Acess\u00edvel: os kits de bolsas tie dye geralmente s\u00e3o muito acess\u00edveis e fornecem tudo o que voc\u00ea precisa para come\u00e7ar, incluindo corantes, luvas e instru\u00e7\u00f5es.<\/p>\n<\/li>\n<li>\n<p>F\u00e1cil de usar: o tie dye \u00e9 um processo simples que requer equipamento m\u00ednimo e pode ser feito no conforto da sua casa. Com um kit de bolsa tie dye, voc\u00ea n\u00e3o precisa de nenhuma experi\u00eancia anterior para criar belos designs.<\/p>\n<\/li>\n<li>\n<p>Personaliz\u00e1vel: o tingimento de gravata permite que voc\u00ea crie designs \u00fanicos que refletem sua individualidade. Com um kit de bolsa tie dye, voc\u00ea pode escolher suas pr\u00f3prias cores e padr\u00f5es para criar uma bolsa exclusivamente sua.<\/p>\n<\/li>\n<li>\n<p>Ecologicamente correto: o tingimento de gravata \u00e9 uma atividade sustent\u00e1vel e ecol\u00f3gica que pode ser feita com corantes naturais e materiais reciclados. Com um kit de bolsa tie-dye, voc\u00ea pode reciclar uma bolsa velha e dar-lhe uma nova vida.<\/p>\n<\/li>\n<\/ol>\n<h3 style=\"font-size: 19px\">Perguntas frequentes sobre o kit de bolsas tie dye<\/h3>\n<p>1. Q: O que \u00e9 um kit de bolsa tie-dye?<br \/>R: Um kit de bolsa tie-dye \u00e9 um conjunto de materiais que permite que voc\u00ea crie seus pr\u00f3prios designs exclusivos de tie-dye em uma bolsa de tecido.<\/p>\n<p>2. P: O que normalmente vem em um kit de bolsa tie-dye?<br \/>R: Um kit de bolsa tie-dye geralmente inclui uma bolsa de tecido simples, corante, luvas, el\u00e1sticos e instru\u00e7\u00f5es.<\/p>\n<p>3. P: Como fa\u00e7o para usar um kit de bolsa tie-dye?<br \/>R: Primeiro, voc\u00ea precisa preparar sua \u00e1rea de trabalho e cal\u00e7ar as luvas. Em seguida, voc\u00ea usar\u00e1 os el\u00e1sticos para criar o padr\u00e3o desejado na bolsa. Em seguida, misture a tinta de acordo com as instru\u00e7\u00f5es e aplique na bolsa. Deixe a tinta secar pelo tempo recomendado, depois enx\u00e1gue e lave a bolsa.<\/p>\n<p>4. P: Os kits de bolsas tie dye s\u00e3o seguros de usar?<br \/>R: Sim, os kits de bolsas tie-dye geralmente s\u00e3o seguros de usar, mas \u00e9 importante seguir as instru\u00e7\u00f5es cuidadosamente e tomar as precau\u00e7\u00f5es necess\u00e1rias ao trabalhar com tinta.<\/p>\n<p>5. P: Posso usar um kit de bolsa tie-dye em outros tecidos al\u00e9m da bolsa inclu\u00edda?<br \/>R: Sim, voc\u00ea tamb\u00e9m pode usar kits de tie-dye em outros tecidos, mas certifique-se de escolher tecidos adequados para tingimento e siga as instru\u00e7\u00f5es cuidadosamente.<\/p>\n<p>6. P: Posso reutilizar um kit de bolsa tie dye?<br \/>R: N\u00e3o, os kits tie-dye geralmente s\u00e3o projetados para uso \u00fanico e podem n\u00e3o funcionar t\u00e3o bem se reutilizados. No entanto, voc\u00ea pode comprar corante adicional e outros materiais para continuar tingindo por conta pr\u00f3pria.<\/p>\n<p>7. P: Quanto tempo leva para completar uma sacola tie dye usando um kit de sacola tie dye?<br \/>R: O tempo que leva para completar um saco tie-dye usando um kit de saco tie-dye pode variar, mas normalmente leva algumas horas do in\u00edcio ao fim.<\/p>\n<\/p>\n<p>Os kits de sacos tie-dye oferecem aplica\u00e7\u00f5es vers\u00e1teis, permitindo \u00e0s pessoas explorar a sua criatividade enquanto personalizam os sacos de v\u00e1rias formas. Eis v\u00e1rias aplica\u00e7\u00f5es para os kits de sacos tie-dye:<\/p>\n<p><strong>Moda e estilo:<\/strong><\/p>\n<ul>\n<li>Acess\u00f3rios personalizados: Os kits de sacos Tie-dye permitem a cria\u00e7\u00e3o de acess\u00f3rios personalizados. Os utilizadores podem criar sacos, mochilas ou bolsas com padr\u00f5es de tie-dye \u00fanicos, acrescentando um toque de individualidade ao seu estilo.<\/li>\n<li>Declara\u00e7\u00f5es de moda: A personaliza\u00e7\u00e3o de sacos com padr\u00f5es tie-dye permite que as pessoas fa\u00e7am declara\u00e7\u00f5es de moda. Estas malas com um design \u00fanico podem complementar as roupas, mostrando o estilo pessoal e a criatividade.<\/li>\n<\/ul>\n<p><strong>Express\u00e3o art\u00edstica:<\/strong><\/p>\n<ul>\n<li>Projectos art\u00edsticos: Os kits de sacos Tie-dye s\u00e3o excelentes para projectos art\u00edsticos. Servem como uma tela para a express\u00e3o art\u00edstica, permitindo aos utilizadores experimentar diferentes t\u00e9cnicas de tingimento, combina\u00e7\u00f5es de cores e padr\u00f5es.<\/li>\n<li>Artesanato e bricolage: Estes kits s\u00e3o ideais para os entusiastas do artesanato e da bricolage. Oferecem um escape para a criatividade, permitindo a cria\u00e7\u00e3o de bolsas \u00fanicas feitas \u00e0 m\u00e3o que podem ser usadas ou oferecidas.<\/li>\n<\/ul>\n<p><strong>Aplica\u00e7\u00f5es pr\u00e1ticas:<\/strong><\/p>\n<ul>\n<li>Presentes e lembran\u00e7as: Os sacos tie-dye feitos \u00e0 m\u00e3o s\u00e3o presentes ou lembran\u00e7as muito apreciados. T\u00eam valor sentimental e podem ser personalizados para ocasi\u00f5es ou indiv\u00edduos espec\u00edficos.<\/li>\n<li>Sacos de mercado ou de compras: Os sacos Tie-dye criados a partir destes kits podem ser alternativas pr\u00e1ticas e ecol\u00f3gicas para sacos de mercado ou de compras. Os sacos personalizados podem ter estilo e reduzir a depend\u00eancia de pl\u00e1sticos de utiliza\u00e7\u00e3o \u00fanica.<\/li>\n<\/ul>\n<p><strong>Actividades e eventos de grupo:<\/strong><\/p>\n<ul>\n<li>Actividades de grupo: Os kits de sacos Tie-dye s\u00e3o perfeitos para actividades de grupo, seja em festas, eventos de forma\u00e7\u00e3o de equipas ou campos de f\u00e9rias. Incentivam a colabora\u00e7\u00e3o e a criatividade entre os participantes.<\/li>\n<li>Mercadoria para eventos: Os sacos tie-dye personalizados podem servir de mercadoria para eventos como festivais, workshops ou angaria\u00e7\u00f5es de fundos. Criam recorda\u00e7\u00f5es memor\u00e1veis e promovem um sentido de comunidade.<\/li>\n<\/ul>\n<p><strong>Aprendizagem e objectivos educativos:<\/strong><\/p>\n<ul>\n<li>Educa\u00e7\u00e3o art\u00edstica: Os kits de sacos Tie-dye podem ser utilizados no ensino art\u00edstico. Apresentam aos alunos a teoria da cor, as t\u00e9cnicas de tingimento de tecidos e o processo criativo.<\/li>\n<li>Actividades terap\u00eauticas: O envolvimento na personaliza\u00e7\u00e3o de sacos tie-dye pode ter benef\u00edcios terap\u00eauticos. O processo pode ser relaxante e aliviar o stress, oferecendo uma sa\u00edda criativa para indiv\u00edduos que procuram relaxamento atrav\u00e9s da arte.<\/li>\n<\/ul>\n<p><strong>Iniciativas ecol\u00f3gicas:<\/strong><\/p>\n<ul>\n<li>Projectos de upcycling: A utiliza\u00e7\u00e3o de kits de tie-dye para renovar sacos velhos ou simples promove a reciclagem. Prolonga o tempo de vida dos sacos existentes, reduzindo os res\u00edduos e contribuindo para pr\u00e1ticas ecol\u00f3gicas.<\/li>\n<li>Moda sustent\u00e1vel: A personaliza\u00e7\u00e3o de sacos com padr\u00f5es tie-dye est\u00e1 em linha com as tend\u00eancias da moda sustent\u00e1vel. Incentiva a reutiliza\u00e7\u00e3o e a personaliza\u00e7\u00e3o, apoiando uma abordagem \u00e0 moda mais consciente do ponto de vista ambiental.<\/li>\n<\/ul>","protected":false},"excerpt":{"rendered":"<p>Tulip Party Kit 6 Cores Tie Dye Obtenha as cores tie dye mais vendidas em um kit superdimensionado! Inclui 6 (16 on\u00e7as) paletas de arco-\u00edris essenciais (vermelho, amarelo, verde, turquesa, roxo) de corante de etapa \u00fanica, al\u00e9m de luvas e el\u00e1sticos. Inclui 6 (16 on\u00e7as) manchas de passo \u00fanico na paleta Basic Rainbow (vermelho, amarelo, verde, turquesa, roxo), al\u00e9m de luvas e el\u00e1sticos. Inclui 6 (16 on\u00e7as) manchas de etapa \u00fanica na paleta prim\u00e1ria do arco-\u00edris (vermelho, laranja, amarelo, verde, turquesa, roxo), al\u00e9m de luvas, el\u00e1sticos e guia de projeto. Este kit adicionar\u00e1 divers\u00e3o de tie-dye de arco-\u00edris brilhante ao seu guarda-roupa!<\/p>\n<p>Um kit de bolsa tie dye normalmente inclui todos os materiais necess\u00e1rios para criar sua pr\u00f3pria bolsa tie-dye exclusiva. O kit pode incluir uma lona simples ou bolsa de algod\u00e3o, corantes tie-dye em v\u00e1rias cores, luvas para proteger as m\u00e3os, el\u00e1sticos ou cordas para criar padr\u00f5es e instru\u00e7\u00f5es para t\u00e9cnicas de amarrar e tingir.<\/p><\/p>","protected":false},"featured_media":18019,"comment_status":"closed","ping_status":"closed","template":"","meta":[],"product_cat":[226],"product_tag":[670,674,673,360,676,669,671,675,677,672],"acf":[],"_links":{"self":[{"href":"https:\/\/www.garden-kit.com\/pt\/wp-json\/wp\/v2\/product\/6859"}],"collection":[{"href":"https:\/\/www.garden-kit.com\/pt\/wp-json\/wp\/v2\/product"}],"about":[{"href":"https:\/\/www.garden-kit.com\/pt\/wp-json\/wp\/v2\/types\/product"}],"replies":[{"embeddable":true,"href":"https:\/\/www.garden-kit.com\/pt\/wp-json\/wp\/v2\/comments?post=6859"}],"wp:featuredmedia":[{"embeddable":true,"href":"https:\/\/www.garden-kit.com\/pt\/wp-json\/wp\/v2\/media\/18019"}],"wp:attachment":[{"href":"https:\/\/www.garden-kit.com\/pt\/wp-json\/wp\/v2\/media?parent=6859"}],"wp:term":[{"taxonomy":"product_cat","embeddable":true,"href":"https:\/\/www.garden-kit.com\/pt\/wp-json\/wp\/v2\/product_cat?post=6859"},{"taxonomy":"product_tag","embeddable":true,"href":"https:\/\/www.garden-kit.com\/pt\/wp-json\/wp\/v2\/product_tag?post=6859"}],"curies":[{"name":"wp","href":"https:\/\/api.w.org\/{rel}","templated":true}]}}