{"id":7103,"date":"2023-02-02T10:29:21","date_gmt":"2023-02-02T02:29:21","guid":{"rendered":"https:\/\/www.garden-kit.com\/product\/casazen-organic-herb-garden-5-non-gmo-indoor-home-mini-starter-kit\/"},"modified":"2023-03-31T14:58:45","modified_gmt":"2023-03-31T06:58:45","slug":"casazen-organic-herb-garden-5-non-gmo-indoor-home-mini-starter-kit","status":"publish","type":"product","link":"https:\/\/www.garden-kit.com\/pt\/product\/casazen-organic-herb-garden-5-non-gmo-indoor-home-mini-starter-kit\/","title":{"rendered":"Jardim de ervas org\u00e2nicas 5 n\u00e3o transg\u00eanico para casa interna mini kit inicial"},"content":{"rendered":"<h3 style=\"line-height: 1.5;font-size: 19px\"><span style=\"font-family: arial, helvetica, sans-serif;font-size: 18px\">Vis\u00e3o geral<\/span><\/h3>\n<table border=\"1\" cellspacing=\"0\">\n<tbody>\n<tr>\n<td valign=\"top\" width=\"373\">\n<p><span style=\"font-family: arial, helvetica, sans-serif\">Instru\u00e7\u00f5es de cuidados com o produto<\/span><\/p>\n<\/td>\n<td valign=\"top\" width=\"373\">\n<p><span style=\"font-family: arial, helvetica, sans-serif\">Dispon\u00edvel<\/span><\/p>\n<\/td>\n<\/tr>\n<tr>\n<td valign=\"top\" width=\"373\">\n<p><span style=\"font-family: arial, helvetica, sans-serif\">Tipo de produto vegetal<\/span><\/p>\n<\/td>\n<td valign=\"top\" width=\"373\">\n<p><span style=\"font-family: arial, helvetica, sans-serif\">Erva<\/span><\/p>\n<\/td>\n<\/tr>\n<tr>\n<td valign=\"top\" width=\"373\">\n<p><span style=\"font-family: arial, helvetica, sans-serif\">Caracter\u00edstica especial<\/span><\/p>\n<\/td>\n<td valign=\"top\" width=\"373\">\n<p><span style=\"font-family: arial, helvetica, sans-serif\">Cultivo interno-externo<\/span><\/p>\n<\/td>\n<\/tr>\n<tr>\n<td valign=\"top\" width=\"373\">\n<p><span style=\"font-family: arial, helvetica, sans-serif\">Marca<\/span><\/p>\n<\/td>\n<td valign=\"top\" width=\"373\">\n<p><span style=\"font-family: arial, helvetica, sans-serif\">kit jardim<\/span><\/p>\n<\/td>\n<\/tr>\n<tr>\n<td valign=\"top\" width=\"373\">\n<p><span style=\"font-family: arial, helvetica, sans-serif\">Lugar de origem<\/span><\/p>\n<\/td>\n<td valign=\"top\" width=\"373\">\n<p><span style=\"font-family: arial, helvetica, sans-serif\">Fujian, China<\/span><\/p>\n<\/td>\n<\/tr>\n<tr>\n<td valign=\"top\" width=\"373\">\n<p><span style=\"font-family: arial, helvetica, sans-serif\">ODM\/OEM<\/span><\/p>\n<\/td>\n<td valign=\"top\" width=\"373\">\n<p><span style=\"font-family: arial, helvetica, sans-serif\">Dispon\u00edvel<\/span><\/p>\n<\/td>\n<\/tr>\n<tr>\n<td valign=\"top\" width=\"373\">\n<p><span style=\"font-family: arial, helvetica, sans-serif\">MOQ para pedido personalizado<\/span><\/p>\n<\/td>\n<td valign=\"top\" width=\"373\">\n<p><span style=\"font-family: arial, helvetica, sans-serif\">3000 unidades<\/span><\/p>\n<\/td>\n<\/tr>\n<tr>\n<td valign=\"top\" width=\"373\">\n<p><span style=\"font-family: arial, helvetica, sans-serif\">Custo da amostra<\/span><\/p>\n<\/td>\n<td valign=\"top\" width=\"373\">\n<p><span style=\"font-family: arial, helvetica, sans-serif\">US$400\/Sample, retorno total ap\u00f3s um pedido nosso<\/span><\/p>\n<\/td>\n<\/tr>\n<\/tbody>\n<\/table>\n<p style=\"line-height: 1.5\"><span style=\"font-family: arial, helvetica, sans-serif\">&nbsp;<\/span><\/p>\n<h3 style=\"line-height: 1.5;font-size: 19px\"><span style=\"font-family: arial, helvetica, sans-serif;font-size: 18px\">Descri\u00e7\u00e3o<\/span><\/h3>\n<p style=\"line-height: 1.5\"><span style=\"font-family: arial, helvetica, sans-serif\">Kit de jardinagem de flores para crian\u00e7as de 23 pe\u00e7as preparado: tudo o que seus filhos precisam para trazer a alegria de cultivar ervas para a sua vida ou para a vida de um ente querido. \u00c9 simples - nossas suposi\u00e7\u00f5es sobre o cultivo de ervas a partir de sementes, guiando voc\u00ea a cada passo do caminho. Planta isso!<\/span><\/p>\n<p style=\"line-height: 1.5\"><span style=\"font-family: arial, helvetica, sans-serif\">&nbsp;<\/span><\/p>\n<p style=\"line-height: 1.5\"><span style=\"font-family: arial, helvetica, sans-serif\">Os seguintes itens est\u00e3o inclu\u00eddos no kit.<\/span><\/p>\n<p style=\"line-height: 1.5\"><span style=\"font-family: arial, helvetica, sans-serif\">5 potes de grau aliment\u00edcio biodegrad\u00e1veis de fibra de bambu com bandejas<\/span><\/p>\n<p style=\"line-height: 1.5\"><span style=\"font-family: arial, helvetica, sans-serif\">5 bast\u00f5es de nome encorajador de bambu gravados<\/span><\/p>\n<p style=\"line-height: 1.5\"><span style=\"font-family: arial, helvetica, sans-serif\">1 pacote de pedrinhas brancas para ajudar no fluxo de ar ideal<\/span><\/p>\n<p style=\"line-height: 1.5\"><span style=\"font-family: arial, helvetica, sans-serif\">Pacote de 5 sementes de ervas org\u00e2nicas certificadas<\/span><\/p>\n<p style=\"line-height: 1.5\"><span style=\"font-family: arial, helvetica, sans-serif\">5 solo de coco com infus\u00e3o de nitrog\u00eanio<\/span><\/p>\n<p style=\"line-height: 1.5\"><span style=\"font-family: arial, helvetica, sans-serif\">1 Guia de plantio passo a passo<\/span><\/p>\n<p style=\"line-height: 1.5\"><span style=\"font-family: arial, helvetica, sans-serif\">1 caixa de presente personalizada<\/span><\/p>\n<p style=\"line-height: 1.5\"><span style=\"font-family: arial, helvetica, sans-serif\">&nbsp;<\/span><\/p>\n<p style=\"line-height: 1.5\"><span style=\"font-family: arial, helvetica, sans-serif\">Cultive seu pr\u00f3prio jardim de ervas culin\u00e1rias com sementes org\u00e2nicas n\u00e3o transg\u00eanicas. Mais do que um kit artesanal para cultivo de plantas. Este pode ser o seu primeiro passo para o autocrescimento.<\/span><\/p>\n<p style=\"line-height: 1.5\">\n<p style=\"line-height: 1.5\"><span style=\"font-family: arial, helvetica, sans-serif;font-size: 18px\">o que tem nele?<\/span><\/p>\n<p style=\"line-height: 1.5\"><span style=\"font-family: arial, helvetica, sans-serif\">\u2022 Vem com as 5 ervas mais usadas. Sabemos que voc\u00ea vai adorar coentro, cebolinha, salsa, manjeric\u00e3o e tomilho. Nossas sementes s\u00e3o org\u00e2nicas certificadas<\/span><\/p>\n<p style=\"line-height: 1.5\"><span style=\"font-family: arial, helvetica, sans-serif\">\u2022 Casca de coco, infundida com 14-0-0 OMRI como uma boa fonte de nitrog\u00eanio<\/span><\/p>\n<p style=\"line-height: 1.5\"><span style=\"font-family: arial, helvetica, sans-serif\">\u2022 Letras fofas incentivam adesivos de nome<\/span><\/p>\n<p style=\"line-height: 1.5\"><span style=\"font-family: arial, helvetica, sans-serif\">\u2022 Latas e bandejas biodegrad\u00e1veis de fibra de bambu ecologicamente corretas. (cor terracota)<\/span><\/p>\n<p style=\"line-height: 1.5\"><span style=\"font-family: arial, helvetica, sans-serif\">\u2022 Manual de instru\u00e7\u00f5es simples que pode ajud\u00e1-lo.<\/span><\/p>\n<p style=\"line-height: 1.5\"><span style=\"font-family: arial, helvetica, sans-serif\">\u2022 Pedrinhas brancas podem ser adicionadas \u00e0 bandeja. Isso ajuda a obter um fluxo de ar ideal. Estes s\u00e3o armazenados em seu pr\u00f3prio saco de juta e podem ser usados para armazenamento, compostagem e muito mais<\/span><\/p>\n<p style=\"line-height: 1.5\"><span style=\"font-family: arial, helvetica, sans-serif\">\u2022 O mais importante \u00e9 anotar esta parte. Aqui, voc\u00ea vai anotar o que deseja que se torne um novo h\u00e1bito de autocuidado. Este \u00e9 o limite.<\/span><\/p>\n<p><span style=\"font-family: arial, helvetica, sans-serif;font-size: 16px\">O solo de turfa de coco \u00e9 um solo feito de fibra de casca de coco. Possui boa reten\u00e7\u00e3o de \u00e1gua e permeabilidade ao ar, pode reduzir a perda de \u00e1gua e nutrientes e fazer com que as ra\u00edzes das plantas absorvam melhor os nutrientes e a \u00e1gua durante o processo de crescimento. Solo de turfa de coco A taxa de decomposi\u00e7\u00e3o natural \u00e9 relativamente lenta, o que pode prolongar a vida \u00fatil da matriz.<br \/>A turfa de coco \u00e9 pura celulose org\u00e2nica sem impurezas, mas tamb\u00e9m \u00e9 um meio pobre em nutrientes. Ao us\u00e1-lo, deve-se tomar cuidado para usar corretamente fertilizantes de libera\u00e7\u00e3o lenta e alguns reguladores de crescimento. Ao regar, observe a posi\u00e7\u00e3o abaixo de 5 cm do solo. S\u00f3 regue quando a \u00e1gua estiver seca e n\u00e3o regue se n\u00e3o estiver seca.<\/span><span style=\"font-family: arial, helvetica, sans-serif;font-size: 16px\"><\/span><\/p>\n<p style=\"line-height: 1.5\"><span style=\"font-family: arial, helvetica, sans-serif\"><span style=\"font-size: 18px\">Vantagens do solo de turfa de coco:<\/span><br \/>1. Possui boa reten\u00e7\u00e3o de \u00e1gua e permeabilidade ao ar, o que obviamente pode melhorar a estrutura agregada do solo e aumentar a permeabilidade ao ar do solo.<br \/>2. Econ\u00f4mico e ecologicamente correto, n\u00e3o apenas resolve os subprodutos do processamento do coco, mas tamb\u00e9m \u00e9 naturalmente degrad\u00e1vel e pertence a uma matriz ecologicamente correta.<br \/>3. A turfa de coco tem boa estabilidade, peso leve, resist\u00eancia \u00e0 corros\u00e3o e alta compatibilidade com outros substratos.<\/span><\/p>\n<p style=\"line-height: 1.5\"><span style=\"font-family: arial, helvetica, sans-serif\">Cuidar de uma planta \u00e9 um ato di\u00e1rio, e como voc\u00ea cuida dela todos os dias, queremos te lembrar de se cuidar!&nbsp;<\/span><\/p>\n<p style=\"line-height: 1.5\"><span style=\"font-family: arial, helvetica, sans-serif\">Reten\u00e7\u00e3o de \u00e1gua em solo de turfa de coco<br \/>O solo de turfa de coco tem boa reten\u00e7\u00e3o de \u00e1gua. Pode manter totalmente a \u00e1gua e os nutrientes no solo, o que \u00e9 ben\u00e9fico para as culturas absorverem nutrientes e \u00e1gua suficientes, para que as plantas possam crescer vigorosamente. Solo, areia, vermiculita e outros substratos s\u00e3o misturados e preparados.<br \/>Permeabilidade ao ar do solo de turfa de coco<br \/>O solo de turfa de coco tem boa permeabilidade ao ar, pode impedir que o sistema radicular da planta seja corro\u00eddo e pode promover o crescimento do sistema radicular das culturas. Ao cultivar, \u00e9 necess\u00e1rio deixar a \u00e1gua fluir para o solo de turfa de coco ao longo da borda do vaso e depois drenar para o fundo do vaso. Os orif\u00edcios escorrem, permitindo que o solo fique completamente encharcado.<\/span><\/p>\n<p style=\"line-height: 1.5\"><span style=\"font-family: arial, helvetica, sans-serif\">Os vasos de flores degrad\u00e1veis e ecol\u00f3gicos usam fibras vegetais como mat\u00e9ria-prima principal, t\u00eam permeabilidade ao ar muito boa, podem absorver raios infravermelhos e as subst\u00e2ncias contidas nos vasos de flores podem penetrar no solo, o que \u00e9 prop\u00edcio ao crescimento das flores.<\/span><\/p>\n<p style=\"line-height: 1.5\"><span style=\"font-family: arial, helvetica, sans-serif\">Caracter\u00edstica principal<br \/>Existem alguns nutrientes necess\u00e1rios para o crescimento das flores. Durante o processo de crescimento da planta, os nutrientes contidos podem ser liberados lentamente no solo e fornecidos ao crescimento das plantas. Vasos de fibra s\u00e3o feitos de fibras vegetais, que n\u00e3o agridem o corpo. E o vaso de flores pode ser degradado ap\u00f3s ser quebrado e n\u00e3o poluir\u00e1 o meio ambiente.<\/span><\/p>\n<p style=\"line-height: 1.5\"><span style=\"font-family: arial, helvetica, sans-serif\">Vantagens<br \/>Integra os pontos fortes de v\u00e1rias empresas e se destaca no mercado de vasos de flores. N\u00e3o s\u00f3 tem as vantagens dos vasos de flores de madeira serem leves, mas tamb\u00e9m tem as vantagens de cores vivas e muitos estilos de vasos de flores de pl\u00e1stico. Ao mesmo tempo, tamb\u00e9m tem as vantagens de boa permeabilidade ao ar e f\u00e1cil crescimento de flores e plantas feitas de vasos de barro, e a apar\u00eancia dos vasos de porcelana \u00e9 linda e nobre. As vantagens. Pode-se dizer que \u00e9 uma cole\u00e7\u00e3o dos pontos fortes de cada escola.<\/span><\/p>\n<p style=\"line-height: 1.5\"><span style=\"font-family: arial, helvetica, sans-serif;font-size: 18px\">Adicione-o ao seu projeto \u00e0 lista de tentativas!<\/span><\/p>\n<p style=\"line-height: 1.5\"><span style=\"font-family: arial, helvetica, sans-serif\">Quer voc\u00ea tenha experi\u00eancia em jardinagem ou n\u00e3o, as notas di\u00e1rias de autocuidado ir\u00e3o mant\u00ea-lo crescendo enquanto aprende! \u00c9 disso que se trata Cassis. Ajudando voc\u00ea a criar mais momentos de crescimento, que chamamos de \u201cimersos em momentos\u201d, porque a vida \u00e9 muito curta.<\/span><\/p>\n<p style=\"line-height: 1.5\"><span style=\"font-family: arial, helvetica, sans-serif\">Uma \u00f3tima escolha para presentes para o Dia das M\u00e3es, conservat\u00f3rios, damas de honra e muito mais.<\/span><\/p>\n<p style=\"line-height: 1.5\"><span style=\"font-family: arial, helvetica, sans-serif\">Quando vemos todos os tipos de flores e plantas, v\u00e1rios vasos de frutas e v\u00e1rios vasos de vegetais na varanda de nossa casa, eles est\u00e3o crescendo constantemente e cheios de vitalidade vigorosa. \u00c9 realmente uma coisa muito alegre, e h\u00e1 pequenas mudan\u00e7as todos os dias, traz-nos pequenas surpresas todos os dias, observando as plantas e vegetais verdes que plantei sozinho, crescendo cada vez mais, com mais folhas e mais exuberantes, \u00e9 realmente incr\u00edvel, feliz e fresco.<\/span><\/p><\/p>","protected":false},"excerpt":{"rendered":"<p>Kit de jardinagem de flores para crian\u00e7as de 23 pe\u00e7as preparado: tudo o que seus filhos precisam para trazer a alegria de cultivar ervas para a sua vida ou para a vida de um ente querido. \u00c9 simples - nossas suposi\u00e7\u00f5es sobre o cultivo de ervas a partir de sementes, guiando voc\u00ea a cada passo do caminho. Planta isso!<\/p>","protected":false},"featured_media":12397,"comment_status":"closed","ping_status":"closed","template":"","meta":[],"product_cat":[61],"product_tag":[179,56,365],"acf":[],"_links":{"self":[{"href":"https:\/\/www.garden-kit.com\/pt\/wp-json\/wp\/v2\/product\/7103"}],"collection":[{"href":"https:\/\/www.garden-kit.com\/pt\/wp-json\/wp\/v2\/product"}],"about":[{"href":"https:\/\/www.garden-kit.com\/pt\/wp-json\/wp\/v2\/types\/product"}],"replies":[{"embeddable":true,"href":"https:\/\/www.garden-kit.com\/pt\/wp-json\/wp\/v2\/comments?post=7103"}],"wp:featuredmedia":[{"embeddable":true,"href":"https:\/\/www.garden-kit.com\/pt\/wp-json\/wp\/v2\/media\/12397"}],"wp:attachment":[{"href":"https:\/\/www.garden-kit.com\/pt\/wp-json\/wp\/v2\/media?parent=7103"}],"wp:term":[{"taxonomy":"product_cat","embeddable":true,"href":"https:\/\/www.garden-kit.com\/pt\/wp-json\/wp\/v2\/product_cat?post=7103"},{"taxonomy":"product_tag","embeddable":true,"href":"https:\/\/www.garden-kit.com\/pt\/wp-json\/wp\/v2\/product_tag?post=7103"}],"curies":[{"name":"wp","href":"https:\/\/api.w.org\/{rel}","templated":true}]}}