{"id":16815,"date":"2023-09-20T17:08:35","date_gmt":"2023-09-20T09:08:35","guid":{"rendered":"https:\/\/www.garden-kit.com\/?page_id=16815"},"modified":"2023-09-21T17:27:55","modified_gmt":"2023-09-21T09:27:55","slug":"bonsai-starter-kit1","status":"publish","type":"page","link":"https:\/\/www.garden-kit.com\/tr\/bonsai-starter-kit1\/","title":{"rendered":"bonsai ba\u015flang\u0131\u00e7 seti"},"content":{"rendered":"<div data-elementor-type=\"wp-page\" data-elementor-id=\"16815\" class=\"elementor elementor-16815\" data-elementor-settings=\"[]\">\n\t\t\t\t\t\t\t<div class=\"elementor-section-wrap\">\n\t\t\t\t\t\t\t<section class=\"elementor-section elementor-top-section elementor-element elementor-element-3aff889 elementor-section-boxed elementor-section-height-default elementor-section-height-default\" data-id=\"3aff889\" data-element_type=\"section\">\n\t\t\t\t\t\t<div class=\"elementor-container elementor-column-gap-default\">\n\t\t\t\t\t<div class=\"elementor-column elementor-col-100 elementor-top-column elementor-element elementor-element-49ff700\" data-id=\"49ff700\" data-element_type=\"column\">\n\t\t\t<div class=\"elementor-widget-wrap elementor-element-populated\">\n\t\t\t\t\t\t\t\t<div class=\"elementor-element elementor-element-64e6f5a elementor-widget elementor-widget-woocommerce-breadcrumb\" data-id=\"64e6f5a\" data-element_type=\"widget\" data-widget_type=\"woocommerce-breadcrumb.default\">\n\t\t\t\t<div class=\"elementor-widget-container\">\n\t\t\t<nav class=\"woocommerce-breadcrumb\" data-no-translation=\"\" data-trp-gettext=\"\">Casa<\/nav>\t\t<\/div>\n\t\t\t\t<\/div>\n\t\t\t\t\t<\/div>\n\t\t<\/div>\n\t\t\t\t\t\t\t<\/div>\n\t\t<\/section>\n\t\t\t\t<section class=\"elementor-section elementor-top-section elementor-element elementor-element-f0cc7a0 elementor-section-full_width elementor-section-height-default elementor-section-height-default\" data-id=\"f0cc7a0\" data-element_type=\"section\">\n\t\t\t\t\t\t<div class=\"elementor-container elementor-column-gap-default\">\n\t\t\t\t\t<div class=\"elementor-column elementor-col-50 elementor-top-column elementor-element elementor-element-a4bafc9\" data-id=\"a4bafc9\" data-element_type=\"column\">\n\t\t\t<div class=\"elementor-widget-wrap elementor-element-populated\">\n\t\t\t\t\t\t\t\t<div class=\"elementor-element elementor-element-3e11e89 elementor-widget elementor-widget-image\" data-id=\"3e11e89\" data-element_type=\"widget\" data-widget_type=\"image.default\">\n\t\t\t\t<div class=\"elementor-widget-container\">\n\t\t\t<style>\/*! elementor - v3.5.4 - 23-01-2022 *\/\n.elementor-widget-image{text-align:center}.elementor-widget-image a{display:inline-block}.elementor-widget-image a img[src$=\".svg\"]{width:48px}.elementor-widget-image img{vertical-align:middle;display:inline-block}<\/style>\t\t\t\t\t\t\t\t\t\t\t\t<img decoding=\"async\" width=\"499\" height=\"499\" src=\"https:\/\/www.garden-kit.com\/wp-content\/uploads\/2023\/09\/bonsai-garden-kit.webp\" class=\"attachment-large size-large\" alt=\"bonsai ba\u015flang\u0131\u00e7 seti\" loading=\"lazy\" title=\"\">\t\t\t\t\t\t\t\t\t\t\t\t\t\t\t<\/div>\n\t\t\t\t<\/div>\n\t\t\t\t\t<\/div>\n\t\t<\/div>\n\t\t\t\t<div class=\"elementor-column elementor-col-50 elementor-top-column elementor-element elementor-element-ff51782\" data-id=\"ff51782\" data-element_type=\"column\">\n\t\t\t<div class=\"elementor-widget-wrap elementor-element-populated\">\n\t\t\t\t\t\t\t\t<div class=\"elementor-element elementor-element-dee6194 elementor-widget elementor-widget-heading\" data-id=\"dee6194\" data-element_type=\"widget\" data-widget_type=\"heading.default\">\n\t\t\t\t<div class=\"elementor-widget-container\">\n\t\t\t<style>\/*! elementor - v3.5.4 - 23-01-2022 *\/\n.elementor-heading-title{padding:0;margin:0;line-height:1}.elementor-widget-heading .elementor-heading-title[class*=elementor-size-]>a{color:inherit;font-size:inherit;line-height:inherit}.elementor-widget-heading .elementor-heading-title.elementor-size-small{font-size:15px}.elementor-widget-heading .elementor-heading-title.elementor-size-medium{font-size:19px}.elementor-widget-heading .elementor-heading-title.elementor-size-large{font-size:29px}.elementor-widget-heading .elementor-heading-title.elementor-size-xl{font-size:39px}.elementor-widget-heading .elementor-heading-title.elementor-size-xxl{font-size:59px}<\/style><h1 class=\"elementor-heading-title elementor-size-default\">Bonsai Ba\u015flang\u0131\u00e7 Seti<\/h1>\t\t<\/div>\n\t\t\t\t<\/div>\n\t\t\t\t<div class=\"elementor-element elementor-element-9a8935a elementor-widget elementor-widget-text-editor\" data-id=\"9a8935a\" data-element_type=\"widget\" data-widget_type=\"text-editor.default\">\n\t\t\t\t<div class=\"elementor-widget-container\">\n\t\t\t<style>\/*! elementor - v3.5.4 - 23-01-2022 *\/\n.elementor-widget-text-editor.elementor-drop-cap-view-stacked .elementor-drop-cap{background-color:#818a91;color:#fff}.elementor-widget-text-editor.elementor-drop-cap-view-framed .elementor-drop-cap{color:#818a91;border:3px solid;background-color:transparent}.elementor-widget-text-editor:not(.elementor-drop-cap-view-default) .elementor-drop-cap{margin-top:8px}.elementor-widget-text-editor:not(.elementor-drop-cap-view-default) .elementor-drop-cap-letter{width:1em;height:1em}.elementor-widget-text-editor .elementor-drop-cap{float:left;text-align:center;line-height:1;font-size:50px}.elementor-widget-text-editor .elementor-drop-cap-letter{display:inline-block}<\/style>\t\t\t\t<p>Bonsai a\u011fac\u0131n\u0131z\u0131 tohumdan b\u00fcy\u00fct\u00fcn!<\/p><p>\u00c7e\u015fitli bonsai a\u011fac\u0131 kitlerimiz ya\u015fam alan\u0131n\u0131za keyif katacak. Bonsai a\u011fac\u0131 ba\u015flang\u0131\u00e7 kitimiz, kendi bonsai a\u011fac\u0131n\u0131z\u0131 yeti\u015ftirmek i\u00e7in ihtiyac\u0131n\u0131z olan her \u015feyi i\u00e7erir. Kalitesinin s\u00fcrekli olarak iyi olmas\u0131n\u0131 sa\u011flamak i\u00e7in i\u00e7erideki her par\u00e7ay\u0131 \u00f6zenle se\u00e7iyoruz. Elbette ihtiya\u00e7lar\u0131n\u0131za g\u00f6re sizin i\u00e7in \u00f6zelle\u015ftirilmi\u015f bonsai tohum seti de sa\u011flayabiliriz. \u00c7imlenme oranlar\u0131 a\u00e7\u0131s\u0131ndan se\u00e7ilmi\u015f ve test edilmi\u015f tohumlardan olu\u015fan bonsai a\u011fac\u0131 ba\u015flang\u0131\u00e7 kitimizi ald\u0131\u011f\u0131n\u0131z anda bonsai a\u011fac\u0131 yeti\u015ftirmenin memnuniyetini ya\u015fayabilirsiniz. \u0130lk ba\u015fta minyon g\u00f6r\u00fcnse de, dayan\u0131kl\u0131d\u0131rlar ve evinize m\u00fckemmel bir katk\u0131 sa\u011flarlar.<\/p>\t\t\t\t\t\t<\/div>\n\t\t\t\t<\/div>\n\t\t\t\t<div class=\"elementor-element elementor-element-3dd92a2 elementor-widget elementor-widget-button\" data-id=\"3dd92a2\" data-element_type=\"widget\" data-widget_type=\"button.default\">\n\t\t\t\t<div class=\"elementor-widget-container\">\n\t\t\t\t\t<div class=\"elementor-button-wrapper\">\n\t\t\t<a href=\"#\" class=\"elementor-button-link elementor-button elementor-size-sm\" role=\"button\">\n\t\t\t\t\t\t<span class=\"elementor-button-content-wrapper\">\n\t\t\t\t\t\t<span class=\"elementor-button-text\">buraya t\u0131klay\u0131n<\/span>\n\t\t<\/span>\n\t\t\t\t\t<\/a>\n\t\t<\/div>\n\t\t\t\t<\/div>\n\t\t\t\t<\/div>\n\t\t\t\t\t<\/div>\n\t\t<\/div>\n\t\t\t\t\t\t\t<\/div>\n\t\t<\/section>\n\t\t\t\t<section class=\"elementor-section elementor-top-section elementor-element elementor-element-2dc8fbc elementor-section-full_width elementor-section-height-default elementor-section-height-default\" data-id=\"2dc8fbc\" data-element_type=\"section\">\n\t\t\t\t\t\t<div class=\"elementor-container elementor-column-gap-default\">\n\t\t\t\t\t<div class=\"elementor-column elementor-col-50 elementor-top-column elementor-element elementor-element-e7bdc87\" data-id=\"e7bdc87\" data-element_type=\"column\">\n\t\t\t<div class=\"elementor-widget-wrap elementor-element-populated\">\n\t\t\t\t\t\t\t\t<div class=\"elementor-element elementor-element-90372c0 elementor-widget elementor-widget-heading\" data-id=\"90372c0\" data-element_type=\"widget\" data-widget_type=\"heading.default\">\n\t\t\t\t<div class=\"elementor-widget-container\">\n\t\t\t<h2 class=\"elementor-heading-title elementor-size-default\">Neden tohum yeti\u015ftirme kitlerimiz?<\/h2>\t\t<\/div>\n\t\t\t\t<\/div>\n\t\t\t\t<div class=\"elementor-element elementor-element-7d6a7fc elementor-widget elementor-widget-text-editor\" data-id=\"7d6a7fc\" data-element_type=\"widget\" data-widget_type=\"text-editor.default\">\n\t\t\t\t<div class=\"elementor-widget-container\">\n\t\t\t\t\t\t\t<ol><li>Biz profesyonel bir bonsai ba\u015flang\u0131\u00e7 seti fabrikas\u0131y\u0131z. Bir\u00e7ok b\u00fcy\u00fck Amazon sat\u0131c\u0131s\u0131na ve b\u00fcy\u00fck s\u00fcpermarkete hizmet verdik. \u00c7ok zengin bir deneyime sahibiz.<\/li><li>Bonsai ba\u015flang\u0131\u00e7 kitimizin toptan fiyat\u0131 \u00e7ok iyi, d\u00fc\u015f\u00fck MOQ!<\/li><li>Eksiksiz sertifikalar, USDA sertifikas\u0131, OMRI sertifikas\u0131 ve ithalat i\u00e7in ihtiyac\u0131n\u0131z olan sertifikalar\u0131 sa\u011fl\u0131yoruz!<\/li><li>Her bonsai tohum seti aileniz, arkada\u015flar\u0131n\u0131z ve \u00f6\u011fretmenleriniz i\u00e7in m\u00fckemmel bir hediye olabilir<\/li><\/ol><p>\u00a0<\/p><p>Birlikte \u00e7al\u0131\u015fmak i\u00e7in her f\u0131rsat\u0131 \u00e7ok ciddiye al\u0131yoruz; bu nedenle \u00fcretim s\u00fcre\u00e7lerimizi m\u00fckemmelle\u015ftirmek, tohumlar\u0131m\u0131z\u0131 test etmek ve her partiyi sat\u0131lmadan \u00f6nce b\u00fcy\u00fctmek i\u00e7in \u00f6nemli miktarda zaman ve para yat\u0131r\u0131m\u0131 yap\u0131yoruz. \u00c7\u00fcnk\u00fc her tohumun filizlenip b\u00fcy\u00fcyebilmesini sa\u011flamak istiyoruz.<\/p>\t\t\t\t\t\t<\/div>\n\t\t\t\t<\/div>\n\t\t\t\t\t<\/div>\n\t\t<\/div>\n\t\t\t\t<div class=\"elementor-column elementor-col-50 elementor-top-column elementor-element elementor-element-aebafe3\" data-id=\"aebafe3\" data-element_type=\"column\">\n\t\t\t<div class=\"elementor-widget-wrap elementor-element-populated\">\n\t\t\t\t\t\t\t\t<div class=\"elementor-element elementor-element-bd942d6 elementor-widget elementor-widget-image\" data-id=\"bd942d6\" data-element_type=\"widget\" data-widget_type=\"image.default\">\n\t\t\t\t<div class=\"elementor-widget-container\">\n\t\t\t\t\t\t\t\t\t\t\t\t\t\t\t<img decoding=\"async\" width=\"450\" height=\"450\" src=\"https:\/\/www.garden-kit.com\/wp-content\/uploads\/2023\/09\/Why-our-seed-growing-kits.webp\" class=\"attachment-medium_large size-medium_large\" alt=\"Neden tohum yeti\u015ftirme kitlerimiz\" loading=\"lazy\" title=\"\">\t\t\t\t\t\t\t\t\t\t\t\t\t\t\t<\/div>\n\t\t\t\t<\/div>\n\t\t\t\t\t<\/div>\n\t\t<\/div>\n\t\t\t\t\t\t\t<\/div>\n\t\t<\/section>\n\t\t\t\t<section class=\"elementor-section elementor-top-section elementor-element elementor-element-6a29830 elementor-section-full_width elementor-section-height-default elementor-section-height-default\" data-id=\"6a29830\" data-element_type=\"section\">\n\t\t\t\t\t\t<div class=\"elementor-container elementor-column-gap-default\">\n\t\t\t\t\t<div class=\"elementor-column elementor-col-50 elementor-top-column elementor-element elementor-element-8d206b1\" data-id=\"8d206b1\" data-element_type=\"column\">\n\t\t\t<div class=\"elementor-widget-wrap elementor-element-populated\">\n\t\t\t\t\t\t\t\t<div class=\"elementor-element elementor-element-6a06b34 elementor-widget elementor-widget-image\" data-id=\"6a06b34\" data-element_type=\"widget\" data-widget_type=\"image.default\">\n\t\t\t\t<div class=\"elementor-widget-container\">\n\t\t\t\t\t\t\t\t\t\t\t\t\t\t\t<img decoding=\"async\" width=\"800\" height=\"481\" src=\"https:\/\/advich-wordpress-static-resources.s3.us-west-2.amazonaws.com\/test\/20230904151659\/1693812267035.png\" class=\"attachment-large size-large\" alt=\"bonsai a\u011fac\u0131 \u00e7e\u015fitleri\" loading=\"lazy\" srcset=\"https:\/\/advich-wordpress-static-resources.s3.us-west-2.amazonaws.com\/test\/20230904151659\/1693812267035.png 801w, https:\/\/advich-wordpress-static-resources.s3.us-west-2.amazonaws.com\/test\/20230904151659\/1693812267035-300x181.png 300w, https:\/\/advich-wordpress-static-resources.s3.us-west-2.amazonaws.com\/test\/20230904151659\/1693812267035-768x462.png 768w, https:\/\/advich-wordpress-static-resources.s3.us-west-2.amazonaws.com\/test\/20230904151659\/1693812267035-18x12.png 18w, https:\/\/advich-wordpress-static-resources.s3.us-west-2.amazonaws.com\/test\/20230904151659\/1693812267035-600x361.png 600w\" sizes=\"(max-width: 800px) 100vw, 800px\" title=\"\">\t\t\t\t\t\t\t\t\t\t\t\t\t\t\t<\/div>\n\t\t\t\t<\/div>\n\t\t\t\t\t<\/div>\n\t\t<\/div>\n\t\t\t\t<div class=\"elementor-column elementor-col-50 elementor-top-column elementor-element elementor-element-dcdeb0b\" data-id=\"dcdeb0b\" data-element_type=\"column\">\n\t\t\t<div class=\"elementor-widget-wrap elementor-element-populated\">\n\t\t\t\t\t\t\t\t<div class=\"elementor-element elementor-element-424d7cb elementor-widget elementor-widget-heading\" data-id=\"424d7cb\" data-element_type=\"widget\" data-widget_type=\"heading.default\">\n\t\t\t\t<div class=\"elementor-widget-container\">\n\t\t\t<h2 class=\"elementor-heading-title elementor-size-default\">Kendi Bonsai A\u011fac\u0131n\u0131z\u0131 Yeti\u015ftirin Ba\u015flang\u0131\u00e7 Kiti - A\u015fa\u011f\u0131daki bonsai a\u011fac\u0131 \u00e7e\u015fitlerini \u00f6neriyoruz:<\/h2>\t\t<\/div>\n\t\t\t\t<\/div>\n\t\t\t\t<div class=\"elementor-element elementor-element-4fccb77 elementor-widget elementor-widget-text-editor\" data-id=\"4fccb77\" data-element_type=\"widget\" data-widget_type=\"text-editor.default\">\n\t\t\t\t<div class=\"elementor-widget-container\">\n\t\t\t\t\t\t\t<ul><li>Acer palmatum(K\u0131rm\u0131z\u0131 Ak\u00e7aa\u011fa\u00e7)<\/li><li>Delonix Regia(Alev a\u011fac\u0131)<\/li><li>Jacaranda mimosifolia (E\u011freltiotu a\u011fac\u0131)<\/li><li>Lagerstroemia indica (krep mersini)<\/li><li>Picea Abies(Ladin)<\/li><li>Picea Mariana(Kara Ladin)<\/li><li>Picea pungens (mavi ladin)<\/li><li>Pinus Aristata(Bristlecone \u00c7am\u0131)<\/li><li>Pinus elliottii (e\u011fik \u00e7am)<\/li><li>Pinus tabuliformis(\u00c7in k\u0131z\u0131l\u00e7am\u0131)<\/li><li>michaelhagedorn morsalk\u0131m<\/li><li>sinensis(\u00c7in morsalk\u0131m\u0131)<\/li><\/ul>\t\t\t\t\t\t<\/div>\n\t\t\t\t<\/div>\n\t\t\t\t\t<\/div>\n\t\t<\/div>\n\t\t\t\t\t\t\t<\/div>\n\t\t<\/section>\n\t\t\t\t<section class=\"elementor-section elementor-top-section elementor-element elementor-element-7c83c71 elementor-section-full_width elementor-section-height-default elementor-section-height-default\" data-id=\"7c83c71\" data-element_type=\"section\">\n\t\t\t\t\t\t<div class=\"elementor-container elementor-column-gap-default\">\n\t\t\t\t\t<div class=\"elementor-column elementor-col-50 elementor-top-column elementor-element elementor-element-9b3ec75\" data-id=\"9b3ec75\" data-element_type=\"column\">\n\t\t\t<div class=\"elementor-widget-wrap elementor-element-populated\">\n\t\t\t\t\t\t\t\t<div class=\"elementor-element elementor-element-e2591fc elementor-widget elementor-widget-heading\" data-id=\"e2591fc\" data-element_type=\"widget\" data-widget_type=\"heading.default\">\n\t\t\t\t<div class=\"elementor-widget-container\">\n\t\t\t<h2 class=\"elementor-heading-title elementor-size-default\">B\u00fcy\u00fcyen kitler listemiz?<\/h2>\t\t<\/div>\n\t\t\t\t<\/div>\n\t\t\t\t<div class=\"elementor-element elementor-element-ddc082f elementor-widget elementor-widget-text-editor\" data-id=\"ddc082f\" data-element_type=\"widget\" data-widget_type=\"text-editor.default\">\n\t\t\t\t<div class=\"elementor-widget-container\">\n\t\t\t\t\t\t\t<p>Bonsai kitlerimizin her biri benzersizdir, her bonsai ba\u015flang\u0131\u00e7 kitinde size \u00e7ok \u00e7e\u015fitli bonsai a\u011fac\u0131 tohumlar\u0131 sa\u011fl\u0131yoruz ve ayr\u0131ca kendi bonsai a\u011fac\u0131n\u0131z\u0131 b\u00fcy\u00fctmek i\u00e7in ihtiyac\u0131n\u0131z olan her \u015feyi sa\u011flad\u0131\u011f\u0131m\u0131zdan emin oluyoruz, ekim s\u0131k\u0131nt\u0131s\u0131 olmayacak Endi\u015felenmeyin ara\u00e7lar hakk\u0131nda.<\/p><p>Her bonsai seti \u015funlar\u0131 i\u00e7erebilir: \u0130htiya\u00e7lar\u0131n\u0131za g\u00f6re e\u015fle\u015ftirin<\/p><ul><li>\u00c7e\u015fitli do\u011fal bonsai a\u011fac\u0131 tohumlar\u0131 (morsalk\u0131m, alev a\u011fac\u0131, Japon kara\u00e7am\u0131, nar, jakaranda ve okalipt\u00fcs).<\/li><li>Biyobozunur saks\u0131lar<\/li><li>plastik havza<\/li><li>hindistan cevizi hindistan cevizi lifi<\/li><li>ah\u015fap isim etiketi<\/li><li>bitki d\u00fczeltici<\/li><li>ah\u015fap alet seti<\/li><li>K\u00f6k bonsai e\u011fitimi<\/li><li>tel (1mm)<\/li><li>B\u00fcy\u00fcme Rehberi<\/li><li>Higrometre<\/li><\/ul>\t\t\t\t\t\t<\/div>\n\t\t\t\t<\/div>\n\t\t\t\t\t<\/div>\n\t\t<\/div>\n\t\t\t\t<div class=\"elementor-column elementor-col-50 elementor-top-column elementor-element elementor-element-4fe30ca\" data-id=\"4fe30ca\" data-element_type=\"column\">\n\t\t\t<div class=\"elementor-widget-wrap elementor-element-populated\">\n\t\t\t\t\t\t\t\t<div class=\"elementor-element elementor-element-8684c01 elementor-widget elementor-widget-image\" data-id=\"8684c01\" data-element_type=\"widget\" data-widget_type=\"image.default\">\n\t\t\t\t<div class=\"elementor-widget-container\">\n\t\t\t\t\t\t\t\t\t\t\t\t\t\t\t<img decoding=\"async\" width=\"800\" height=\"807\" src=\"https:\/\/advich-wordpress-static-resources.s3.us-west-2.amazonaws.com\/test\/20230904142924\/p3apn7h50f_1661262082924.jpg\" class=\"attachment-large size-large\" alt=\"B\u00fcy\u00fcyen kitler listesi\" loading=\"lazy\" srcset=\"https:\/\/advich-wordpress-static-resources.s3.us-west-2.amazonaws.com\/test\/20230904142924\/p3apn7h50f_1661262082924.jpg 850w, https:\/\/advich-wordpress-static-resources.s3.us-west-2.amazonaws.com\/test\/20230904142924\/p3apn7h50f_1661262082924-298x300.jpg 298w, https:\/\/advich-wordpress-static-resources.s3.us-west-2.amazonaws.com\/test\/20230904142924\/p3apn7h50f_1661262082924-150x150.jpg 150w, https:\/\/advich-wordpress-static-resources.s3.us-west-2.amazonaws.com\/test\/20230904142924\/p3apn7h50f_1661262082924-768x774.jpg 768w, https:\/\/advich-wordpress-static-resources.s3.us-west-2.amazonaws.com\/test\/20230904142924\/p3apn7h50f_1661262082924-12x12.jpg 12w, https:\/\/advich-wordpress-static-resources.s3.us-west-2.amazonaws.com\/test\/20230904142924\/p3apn7h50f_1661262082924-600x605.jpg 600w, https:\/\/advich-wordpress-static-resources.s3.us-west-2.amazonaws.com\/test\/20230904142924\/p3apn7h50f_1661262082924-100x100.jpg 100w\" sizes=\"(max-width: 800px) 100vw, 800px\" title=\"\">\t\t\t\t\t\t\t\t\t\t\t\t\t\t\t<\/div>\n\t\t\t\t<\/div>\n\t\t\t\t\t<\/div>\n\t\t<\/div>\n\t\t\t\t\t\t\t<\/div>\n\t\t<\/section>\n\t\t\t\t<section class=\"elementor-section elementor-top-section elementor-element elementor-element-03dd56c elementor-section-full_width elementor-section-height-default elementor-section-height-default\" data-id=\"03dd56c\" data-element_type=\"section\">\n\t\t\t\t\t\t<div class=\"elementor-container elementor-column-gap-default\">\n\t\t\t\t\t<div class=\"elementor-column elementor-col-100 elementor-top-column elementor-element elementor-element-777a3d0\" data-id=\"777a3d0\" data-element_type=\"column\">\n\t\t\t<div class=\"elementor-widget-wrap\">\n\t\t\t\t\t\t\t\t\t<\/div>\n\t\t<\/div>\n\t\t\t\t\t\t\t<\/div>\n\t\t<\/section>\n\t\t\t\t\t\t<\/div>\n\t\t\t\t\t<\/div>","protected":false},"excerpt":{"rendered":"<p>Bonsai Ba\u015flang\u0131\u00e7 Kiti Bonsai a\u011fac\u0131n\u0131z\u0131 tohumdan yeti\u015ftirin! \u00c7e\u015fitli bonsai a\u011fac\u0131 kitlerimiz ya\u015fam alan\u0131n\u0131za ne\u015fe katacak. Bonsai a\u011fac\u0131 ba\u015flang\u0131\u00e7 kitimiz, kendi bonsai a\u011fac\u0131n\u0131z\u0131 yeti\u015ftirmek i\u00e7in ihtiyac\u0131n\u0131z olan her \u015feyi i\u00e7erir. Kalitesinin s\u00fcrekli olarak iyi olmas\u0131n\u0131 sa\u011flamak i\u00e7in i\u00e7indeki her par\u00e7ay\u0131 sizin i\u00e7in \u00f6zenle se\u00e7iyoruz. [...]<\/p>","protected":false},"author":3,"featured_media":16714,"parent":0,"menu_order":0,"comment_status":"closed","ping_status":"closed","template":"","meta":[],"acf":[],"_links":{"self":[{"href":"https:\/\/www.garden-kit.com\/tr\/wp-json\/wp\/v2\/pages\/16815"}],"collection":[{"href":"https:\/\/www.garden-kit.com\/tr\/wp-json\/wp\/v2\/pages"}],"about":[{"href":"https:\/\/www.garden-kit.com\/tr\/wp-json\/wp\/v2\/types\/page"}],"author":[{"embeddable":true,"href":"https:\/\/www.garden-kit.com\/tr\/wp-json\/wp\/v2\/users\/3"}],"replies":[{"embeddable":true,"href":"https:\/\/www.garden-kit.com\/tr\/wp-json\/wp\/v2\/comments?post=16815"}],"version-history":[{"count":0,"href":"https:\/\/www.garden-kit.com\/tr\/wp-json\/wp\/v2\/pages\/16815\/revisions"}],"wp:featuredmedia":[{"embeddable":true,"href":"https:\/\/www.garden-kit.com\/tr\/wp-json\/wp\/v2\/media\/16714"}],"wp:attachment":[{"href":"https:\/\/www.garden-kit.com\/tr\/wp-json\/wp\/v2\/media?parent=16815"}],"curies":[{"name":"wp","href":"https:\/\/api.w.org\/{rel}","templated":true}]}}