{"id":17041,"date":"2023-11-03T14:10:05","date_gmt":"2023-11-03T06:10:05","guid":{"rendered":"https:\/\/www.garden-kit.com\/?page_id=17041"},"modified":"2023-11-03T16:03:17","modified_gmt":"2023-11-03T08:03:17","slug":"customized-herb-starter-kit","status":"publish","type":"page","link":"https:\/\/www.garden-kit.com\/tr\/customized-herb-starter-kit\/","title":{"rendered":"\u00d6zelle\u015ftirilmi\u015f Bitki Ba\u015flang\u0131\u00e7 Kiti"},"content":{"rendered":"<div data-elementor-type=\"wp-page\" data-elementor-id=\"17041\" class=\"elementor elementor-17041\" data-elementor-settings=\"[]\">\n\t\t\t\t\t\t\t<div class=\"elementor-section-wrap\">\n\t\t\t\t\t\t\t<section class=\"elementor-section elementor-top-section elementor-element elementor-element-12add90c elementor-section-full_width elementor-section-height-min-height elementor-section-height-default elementor-section-items-middle\" data-id=\"12add90c\" data-element_type=\"section\" data-settings=\"{&quot;background_background&quot;:&quot;classic&quot;}\">\n\t\t\t\t\t\t\t<div class=\"elementor-background-overlay\"><\/div>\n\t\t\t\t\t\t\t<div class=\"elementor-container elementor-column-gap-default\">\n\t\t\t\t\t<div class=\"elementor-column elementor-col-100 elementor-top-column elementor-element elementor-element-25d6e5e2\" data-id=\"25d6e5e2\" data-element_type=\"column\">\n\t\t\t<div class=\"elementor-widget-wrap elementor-element-populated\">\n\t\t\t\t\t\t\t\t<section class=\"elementor-section elementor-inner-section elementor-element elementor-element-623d8c21 elementor-section-boxed elementor-section-height-default elementor-section-height-default\" data-id=\"623d8c21\" data-element_type=\"section\">\n\t\t\t\t\t\t<div class=\"elementor-container elementor-column-gap-default\">\n\t\t\t\t\t<div class=\"elementor-column elementor-col-100 elementor-inner-column elementor-element elementor-element-2435a5d\" data-id=\"2435a5d\" data-element_type=\"column\">\n\t\t\t<div class=\"elementor-widget-wrap elementor-element-populated\">\n\t\t\t\t\t\t\t\t<div class=\"elementor-element elementor-element-6827f684 elementor-widget elementor-widget-woocommerce-breadcrumb\" data-id=\"6827f684\" data-element_type=\"widget\" data-widget_type=\"woocommerce-breadcrumb.default\">\n\t\t\t\t<div class=\"elementor-widget-container\">\n\t\t\t<nav class=\"woocommerce-breadcrumb\" data-no-translation=\"\" data-trp-gettext=\"\">Home<\/nav>\t\t<\/div>\n\t\t\t\t<\/div>\n\t\t\t\t\t<\/div>\n\t\t<\/div>\n\t\t\t\t\t\t\t<\/div>\n\t\t<\/section>\n\t\t\t\t\t<\/div>\n\t\t<\/div>\n\t\t\t\t\t\t\t<\/div>\n\t\t<\/section>\n\t\t\t\t<section class=\"elementor-section elementor-top-section elementor-element elementor-element-08eb45c elementor-section-boxed elementor-section-height-default elementor-section-height-default\" data-id=\"08eb45c\" data-element_type=\"section\">\n\t\t\t\t\t\t<div class=\"elementor-container elementor-column-gap-default\">\n\t\t\t\t\t<div class=\"elementor-column elementor-col-100 elementor-top-column elementor-element elementor-element-38fa081\" data-id=\"38fa081\" data-element_type=\"column\">\n\t\t\t<div class=\"elementor-widget-wrap elementor-element-populated\">\n\t\t\t\t\t\t\t\t<div class=\"elementor-element elementor-element-c18ec6a elementor-widget elementor-widget-text-editor\" data-id=\"c18ec6a\" data-element_type=\"widget\" data-widget_type=\"text-editor.default\">\n\t\t\t\t<div class=\"elementor-widget-container\">\n\t\t\t<style>\/*! elementor - v3.5.4 - 23-01-2022 *\/\n.elementor-widget-text-editor.elementor-drop-cap-view-stacked .elementor-drop-cap{background-color:#818a91;color:#fff}.elementor-widget-text-editor.elementor-drop-cap-view-framed .elementor-drop-cap{color:#818a91;border:3px solid;background-color:transparent}.elementor-widget-text-editor:not(.elementor-drop-cap-view-default) .elementor-drop-cap{margin-top:8px}.elementor-widget-text-editor:not(.elementor-drop-cap-view-default) .elementor-drop-cap-letter{width:1em;height:1em}.elementor-widget-text-editor .elementor-drop-cap{float:left;text-align:center;line-height:1;font-size:50px}.elementor-widget-text-editor .elementor-drop-cap-letter{display:inline-block}<\/style>\t\t\t\t<p><strong>TOHUMLAR: <\/strong><\/p><p>Herb ba\u015flang\u0131\u00e7 kiti fesle\u011fen, biberiye, nane, kekik, ki\u015fni\u015f ve daha fazlas\u0131 gibi \u00e7e\u015fitli bitki tohumlar\u0131n\u0131 i\u00e7erir. Bu tohumlar genellikle GDO'suzdur ve i\u00e7 veya d\u0131\u015f mekanlarda yeti\u015ftirilebilir.<\/p><p><strong>K\u00fclt\u00fcr ortam\u0131: <\/strong><\/p><p>Tipik olarak kitler, toprak, turba veya hindistan cevizi lifi gibi tohum \u00e7imlenmesi ve bitki b\u00fcy\u00fcmesi i\u00e7in uygun bir k\u00fclt\u00fcr ortam\u0131 i\u00e7erir.<\/p><p><strong>Konteynerler: <\/strong><\/p><p>Baz\u0131 bitki ba\u015flang\u0131\u00e7 kitleri, plastik saks\u0131lar, saks\u0131lar, tohum tepsileri veya dikim torbalar\u0131 gibi dikim kaplar\u0131 i\u00e7erir. Bu kaplar genellikle bitkilerin a\u015f\u0131r\u0131 sulanmamas\u0131n\u0131 sa\u011flamak i\u00e7in drenaj deliklerine sahiptir.<\/p><p><strong>Kullan\u0131m k\u0131lavuzlar\u0131: <\/strong><\/p><p>Kitler genellikle bitki bitkilerinin nas\u0131l ekilece\u011fi, bak\u0131m\u0131n\u0131n nas\u0131l yap\u0131laca\u011f\u0131 ve hasat edilece\u011fi konusunda ayr\u0131nt\u0131l\u0131 talimatlar sa\u011flar. Bu k\u0131lavuzlar genellikle s\u0131cakl\u0131k, nem, \u0131\u015f\u0131k ve sulama gereksinimleri hakk\u0131nda bilgiler i\u00e7erir.<\/p><p><strong>I\u015f\u0131k: <\/strong><\/p><p>Bitki bitkileri b\u00fcy\u00fcmek i\u00e7in genellikle yeterli g\u00fcne\u015f \u0131\u015f\u0131\u011f\u0131na ihtiya\u00e7 duyar, bu nedenle yeterli do\u011fal \u0131\u015f\u0131k sa\u011flad\u0131\u011f\u0131n\u0131zdan emin olun veya yapay bitki yeti\u015ftirme \u0131\u015f\u0131klar\u0131 kullan\u0131n.<\/p><p><strong>S\u0131cakl\u0131k ve nem:<\/strong><\/p><p>Farkl\u0131 bitki t\u00fcrleri farkl\u0131 s\u0131cakl\u0131k ve nem ko\u015fullar\u0131 gerektirebilir. Kitin k\u0131lavuzu genellikle bu ko\u015fullar hakk\u0131nda bilgi verecektir.<\/p><p><strong>Sulama: <\/strong><\/p><p>D\u00fczenli sulama, bitki yeti\u015ftirmenin anahtar\u0131d\u0131r. Kitin k\u0131lavuzu genellikle a\u015f\u0131r\u0131 veya yetersiz sulamadan ka\u00e7\u0131nmak i\u00e7in nas\u0131l d\u00fczg\u00fcn sulama yap\u0131laca\u011f\u0131 konusunda tavsiyelerde bulunacakt\u0131r.<\/p><p><strong>Hasat: <\/strong><\/p><p>Ot bitkileri genellikle olgunla\u015ft\u0131klar\u0131nda hasat edilebilir. K\u0131lavuzlar size bu bitkileri nas\u0131l d\u00fczg\u00fcn bir \u015fekilde hasat edece\u011finizi ve kullanaca\u011f\u0131n\u0131z\u0131 anlatacakt\u0131r.<\/p><p><strong>Yenilebilir Kullan\u0131m Alanlar\u0131: <\/strong><\/p><p>Bitki bitkileri yemek pi\u015firme, tatland\u0131rma, \u00e7ay yapma, t\u0131bbi kullan\u0131mlar ve daha fazlas\u0131 gibi \u00e7e\u015fitli ama\u00e7lar i\u00e7in kullan\u0131labilir. Kitler genellikle bu bitkilerin nas\u0131l kullan\u0131laca\u011f\u0131na dair tavsiyeler verecektir.<\/p><p><strong>Ot se\u00e7imi: <\/strong><\/p><p>Farkl\u0131 bitki bitkilerinin farkl\u0131 tatlar\u0131 ve kullan\u0131mlar\u0131 vard\u0131r, bu nedenle ki\u015fisel zevkleriniz ve ihtiya\u00e7lar\u0131n\u0131z i\u00e7in do\u011fru bitki bitkisini se\u00e7ebilirsiniz.<\/p>\t\t\t\t\t\t<\/div>\n\t\t\t\t<\/div>\n\t\t\t\t\t<\/div>\n\t\t<\/div>\n\t\t\t\t\t\t\t<\/div>\n\t\t<\/section>\n\t\t\t\t\t\t<\/div>\n\t\t\t\t\t<\/div>","protected":false},"excerpt":{"rendered":"<p>TOHUMLAR: Bitki ba\u015flang\u0131\u00e7 kiti, fesle\u011fen, biberiye, nane, kekik, ki\u015fni\u015f ve daha fazlas\u0131 gibi \u00e7e\u015fitli bitki tohumlar\u0131n\u0131 i\u00e7erir. Bu tohumlar genellikle GDO'suzdur ve i\u00e7 veya d\u0131\u015f mekanlarda yeti\u015ftirilebilir. K\u00fclt\u00fcr ortam\u0131: Tipik olarak, kitler toprak, turba veya hindistan cevizi gibi tohum \u00e7imlenmesi ve bitki b\u00fcy\u00fcmesi i\u00e7in uygun bir k\u00fclt\u00fcr ortam\u0131 i\u00e7erir [...]<\/p>","protected":false},"author":5,"featured_media":0,"parent":0,"menu_order":0,"comment_status":"closed","ping_status":"closed","template":"","meta":[],"acf":[],"_links":{"self":[{"href":"https:\/\/www.garden-kit.com\/tr\/wp-json\/wp\/v2\/pages\/17041"}],"collection":[{"href":"https:\/\/www.garden-kit.com\/tr\/wp-json\/wp\/v2\/pages"}],"about":[{"href":"https:\/\/www.garden-kit.com\/tr\/wp-json\/wp\/v2\/types\/page"}],"author":[{"embeddable":true,"href":"https:\/\/www.garden-kit.com\/tr\/wp-json\/wp\/v2\/users\/5"}],"replies":[{"embeddable":true,"href":"https:\/\/www.garden-kit.com\/tr\/wp-json\/wp\/v2\/comments?post=17041"}],"version-history":[{"count":0,"href":"https:\/\/www.garden-kit.com\/tr\/wp-json\/wp\/v2\/pages\/17041\/revisions"}],"wp:attachment":[{"href":"https:\/\/www.garden-kit.com\/tr\/wp-json\/wp\/v2\/media?parent=17041"}],"curies":[{"name":"wp","href":"https:\/\/api.w.org\/{rel}","templated":true}]}}