{"id":1413,"date":"2022-08-23T23:31:35","date_gmt":"2022-08-23T15:31:35","guid":{"rendered":"http:\/\/www.garden-kit.com\/product\/bonsai-tree-growing-kit\/"},"modified":"2024-03-07T10:13:01","modified_gmt":"2024-03-07T02:13:01","slug":"bonsai-tree-growing-kit","status":"publish","type":"product","link":"https:\/\/www.garden-kit.com\/tr\/product\/bonsai-tree-growing-kit\/","title":{"rendered":"Bonsai Mini A\u011fa\u00e7 Yeti\u015ftirme Kiti"},"content":{"rendered":"<h3 style=\"font-size: 19px\"><span style=\"font-family: 'PingFang SC', 'Microsoft YaHei', sans-serif\">Genel Bak\u0131\u015f<\/span><\/h3>\n<table style=\"border-collapse: collapse;width: 100%;height: 196px\">\n<tbody>\n<tr style=\"height: 22px\">\n<td style=\"width: 49.4196%;height: 22px\" width=\"298\"><span style=\"font-family: 'PingFang SC', 'Microsoft YaHei', sans-serif;font-size: 16px\">\u00dcr\u00fcn Bak\u0131m Talimatlar\u0131<\/span><\/td>\n<td style=\"width: 49.4196%;height: 22px\" width=\"298\"><span style=\"font-family: 'PingFang SC', 'Microsoft YaHei', sans-serif;font-size: 16px\">Mevcut<\/span><\/td>\n<\/tr>\n<tr style=\"height: 22px\">\n<td style=\"width: 49.4196%;height: 22px\" width=\"298\"><span style=\"font-family: 'PingFang SC', 'Microsoft YaHei', sans-serif;font-size: 16px\">Bitki \u00dcr\u00fcn Tipi<\/span><\/td>\n<td style=\"width: 49.4196%;height: 22px\" width=\"298\"><span style=\"font-family: 'PingFang SC', 'Microsoft YaHei', sans-serif;font-size: 16px\">Bonsai a\u011fac\u0131<\/span><\/td>\n<\/tr>\n<tr style=\"height: 22px\">\n<td style=\"width: 49.4196%;height: 22px\" width=\"298\"><span style=\"font-family: 'PingFang SC', 'Microsoft YaHei', sans-serif;font-size: 16px\">\u00d6zel \u00f6zellik<\/span><\/td>\n<td style=\"width: 49.4196%;height: 22px\" width=\"298\"><span style=\"font-family: 'PingFang SC', 'Microsoft YaHei', sans-serif;font-size: 16px\">Kapal\u0131-A\u00e7\u0131k Yeti\u015ftirme<\/span><\/td>\n<\/tr>\n<tr style=\"height: 22px\">\n<td style=\"width: 49.4196%;height: 22px\" width=\"298\"><span style=\"font-family: 'PingFang SC', 'Microsoft YaHei', sans-serif;font-size: 16px\">Marka<\/span><\/td>\n<td style=\"width: 49.4196%;height: 22px\" width=\"298\"><span style=\"font-family: 'PingFang SC', 'Microsoft YaHei', sans-serif;font-size: 16px\">Bah\u00e7e Seti<\/span><\/td>\n<\/tr>\n<tr style=\"height: 22px\">\n<td style=\"width: 49.4196%;height: 22px\" width=\"298\"><span style=\"font-family: 'PingFang SC', 'Microsoft YaHei', sans-serif;font-size: 16px\">Anavatan<\/span><\/td>\n<td style=\"width: 49.4196%;height: 22px\" width=\"298\"><span style=\"font-family: 'PingFang SC', 'Microsoft YaHei', sans-serif;font-size: 16px\">Fujian, \u00c7in<\/span><\/td>\n<\/tr>\n<tr style=\"height: 22px\">\n<td style=\"width: 49.4196%;height: 22px\" width=\"298\"><span style=\"font-family: 'PingFang SC', 'Microsoft YaHei', sans-serif;font-size: 16px\">ODM\/OEM<\/span><\/td>\n<td style=\"width: 49.4196%;height: 22px\" width=\"298\"><span style=\"font-family: 'PingFang SC', 'Microsoft YaHei', sans-serif;font-size: 16px\">Mevcut<\/span><\/td>\n<\/tr>\n<tr style=\"height: 22px\">\n<td style=\"width: 49.4196%;height: 22px\" width=\"298\"><span style=\"font-family: 'PingFang SC', 'Microsoft YaHei', sans-serif;font-size: 16px\">\u00d6zelle\u015ftirilmi\u015f sipari\u015f i\u00e7in MOQ<\/span><\/td>\n<td style=\"width: 49.4196%;height: 22px\" width=\"298\"><span style=\"font-family: 'PingFang SC', 'Microsoft YaHei', sans-serif;font-size: 16px\">3000 adet<\/span><\/td>\n<\/tr>\n<tr style=\"height: 42px\">\n<td style=\"width: 49.4196%;height: 42px\" width=\"298\"><span style=\"font-family: 'PingFang SC', 'Microsoft YaHei', sans-serif;font-size: 16px\">\u00d6rnek maliyet<\/span><\/td>\n<td style=\"width: 49.4196%;height: 42px\" width=\"298\"><span style=\"font-family: 'PingFang SC', 'Microsoft YaHei', sans-serif;font-size: 16px\">US$400\/\u00d6rnek, bizden sipari\u015f verdikten sonra tam iade<\/span><\/td>\n<\/tr>\n<\/tbody>\n<\/table>\n<p style=\"line-height: 1.5\"><span style=\"font-family: 'PingFang SC', 'Microsoft YaHei', sans-serif\">&nbsp;<\/span><\/p>\n<p><span style=\"font-family: 'PingFang SC', 'Microsoft YaHei', sans-serif\">Haz\u0131rlanm\u0131\u015f 18 Par\u00e7a Bonsai Yeti\u015ftirme Kiti: \u00c7ok kolay - tohumdan bir bonsai a\u011fac\u0131 yeti\u015ftirmenin tahminlerini ortadan kald\u0131r\u0131yor, her ad\u0131mda size rehberlik ediyoruz. Bonsai keyfini kendinizin veya sevdiklerinizin hayat\u0131na ta\u015f\u0131mak i\u00e7in ihtiyac\u0131n\u0131z olan her \u015fey g\u00fczel bir ah\u015fap hediye kutusunda. Dikin!<\/span><\/p>\n<p><span style=\"font-family: 'PingFang SC', 'Microsoft YaHei', sans-serif\">&nbsp;<\/span><\/p>\n<p><span style=\"font-family: 'PingFang SC', 'Microsoft YaHei', sans-serif\">A\u015fa\u011f\u0131daki \u00f6\u011feler kit i\u00e7erisinde yer almaktad\u0131r.<\/span><\/p>\n<p><span style=\"font-family: 'PingFang SC', 'Microsoft YaHei', sans-serif\">4 adet su ge\u00e7irmez \u00e7uval bezi saks\u0131<\/span><\/p>\n<p><span style=\"font-family: 'PingFang SC', 'Microsoft YaHei', sans-serif\">1 \u00f6nceden g\u00fcbrelenmi\u015f toprak dis<\/span><\/p>\n<p><span style=\"font-family: 'PingFang SC', 'Microsoft YaHei', sans-serif\">4 adet taze kalan tohum paketi<\/span><\/p>\n<p><span style=\"font-family: 'PingFang SC', 'Microsoft YaHei', sans-serif\">2 bambu damlama tepsisi<\/span><\/p>\n<p><span style=\"font-family: 'PingFang SC', 'Microsoft YaHei', sans-serif\">1 budama makas\u0131<\/span><\/p>\n<p><span style=\"font-family: 'PingFang SC', 'Microsoft YaHei', sans-serif\">4 adet bambu bitki belirteci<\/span><\/p>\n<p><span style=\"font-family: 'PingFang SC', 'Microsoft YaHei', sans-serif\">101 Temel \u0130pucu kitab\u0131<\/span><\/p>\n<p><span style=\"font-family: 'PingFang SC', 'Microsoft YaHei', sans-serif\">1 Ad\u0131m ad\u0131m ekim k\u0131lavuzu<\/span><\/p>\n<p><span style=\"font-family: 'PingFang SC', 'Microsoft YaHei', sans-serif\">1 Ah\u015fap saks\u0131 kutusu<\/span><\/p>\n<p><span style=\"font-family: 'PingFang SC', 'Microsoft YaHei', sans-serif\">1 Saks\u0131: 4 j\u00fct saks\u0131 ve 2 damlama tepsisi - \u0130yi drene edilmi\u015f fide b\u00fcy\u00fcmesi i\u00e7in idealdir. Saklay\u0131n ve yeniden kullan\u0131n.<\/span><\/p>\n<p><span style=\"font-family: 'PingFang SC', 'Microsoft YaHei', sans-serif\">2 Dikim: 4 Paket Premium Tohum - 4 Farkl\u0131 T\u00fcr \u0130\u00e7erir: Rocky Mountain Pine, Royal Phoenix, Jacaranda, Norway Spruce. T\u00fcm tohumlar en y\u00fcksek \u00e7imlenme oran\u0131 i\u00e7in test edilmi\u015ftir.<\/span><\/p>\n<p><span style=\"font-family: 'PingFang SC', 'Microsoft YaHei', sans-serif\">3 Besleme: Besin a\u00e7\u0131s\u0131ndan zengin, \u00f6nceden g\u00fcbrelenmi\u015f toprak diskleri - su ekleyin ve 6-8 kat daha fazla geni\u015flesinler.<\/span><\/p>\n<p><span style=\"font-family: 'PingFang SC', 'Microsoft YaHei', sans-serif\">4 \u0130\u015faretleme: 4 Bambu \u0130\u015faretleyici - \u0130\u015faretleyiciler, fidelerinizi b\u00fcy\u00fcd\u00fck\u00e7e tan\u0131mlaman\u0131za yard\u0131mc\u0131 olur. E\u011fitin: Buday\u0131c\u0131lar - Fazla yapraklar\u0131 ve k\u00f6kleri kesmek i\u00e7in idealdir.<\/span><\/p>\n<p><span style=\"font-family: 'PingFang SC', 'Microsoft YaHei', sans-serif\">5 Ba\u015far\u0131l\u0131: Bonsai uzman\u0131 Harry Tomlinson'un (DK Press) 72 tam renkli resimli sayfas\u0131yla \u00e7ok satan 'Bonsai: 101 Temel \u0130pucu' kitab\u0131n\u0131 i\u00e7erir. Bonsai bak\u0131m\u0131, bak\u0131m\u0131, tasar\u0131m\u0131 ve d\u00fczenlemesi hakk\u0131nda bilmeniz gereken her \u015fey. Bonsai'nin ne oldu\u011funu net bir \u015fekilde a\u00e7\u0131klayan bu 101 kolay ipucu, istedi\u011finiz sonu\u00e7lar\u0131 elde etmek i\u00e7in ihtiyac\u0131n\u0131z olan her \u015feye sahip.<\/span><\/p>\n<\/p>\n<p><span style=\"font-family: 'PingFang SC', 'Microsoft YaHei', sans-serif\">Mini a\u011fa\u00e7 yeti\u015ftirme kiti, bireylerin s\u0131n\u0131rl\u0131 bir alanda kendi a\u011fa\u00e7lar\u0131n\u0131 yeti\u015ftirmelerine yard\u0131mc\u0131 olmak i\u00e7in tasarlanm\u0131\u015f k\u00fc\u00e7\u00fck, ba\u011f\u0131ms\u0131z bir bah\u00e7e kitidir. Bu kitler genellikle toprak, tohumlar ve dikim kaplar\u0131 dahil olmak \u00fczere bir a\u011fa\u00e7 yeti\u015ftirmeye ba\u015flamak i\u00e7in gereken her \u015feyle birlikte gelir.<\/span><\/p>\n<h3 style=\"font-size: 19px\"><span style=\"font-family: 'PingFang SC', 'Microsoft YaHei', sans-serif\">Mini A\u011fa\u00e7 Yeti\u015ftirme Kitlerinin Faydalar\u0131<\/span><\/h3>\n<p><span style=\"font-family: 'PingFang SC', 'Microsoft YaHei', sans-serif\">1. Yerden Tasarruf<\/span><br \/><span style=\"font-family: 'PingFang SC', 'Microsoft YaHei', sans-serif\">Mini a\u011fa\u00e7 yeti\u015ftirme kitleri, apartman daireleri, balkonlar veya teraslar gibi s\u0131n\u0131rl\u0131 alana sahip olanlar i\u00e7in m\u00fckemmeldir. Kitin kompakt boyutu, b\u00fcy\u00fck bir bah\u00e7eye veya a\u00e7\u0131k alana sahip olmadan a\u011fa\u00e7 yeti\u015ftirmeyi kolayla\u015ft\u0131r\u0131r.<\/span><\/p>\n<p><span style=\"font-family: 'PingFang SC', 'Microsoft YaHei', sans-serif\">2. E\u011fitim<\/span><br \/><span style=\"font-family: 'PingFang SC', 'Microsoft YaHei', sans-serif\">Tohumdan bir a\u011fa\u00e7 yeti\u015ftirmek e\u011fitici bir deneyim olabilir. \u00c7ocuklar bitkilerin ya\u015fam d\u00f6ng\u00fcs\u00fc, fotosentez ve a\u011fa\u00e7lar\u0131n \u00e7evremiz i\u00e7in \u00f6nemi hakk\u0131nda bilgi edinebilirler. Bu ayn\u0131 zamanda onlara sorumlulu\u011fu ve canl\u0131lara bakman\u0131n de\u011ferini \u00f6\u011fretmek i\u00e7in m\u00fckemmel bir f\u0131rsatt\u0131r.<\/span><\/p>\n<p><span style=\"font-family: 'PingFang SC', 'Microsoft YaHei', sans-serif\">3. Uygun Maliyetli<\/span><br \/><span style=\"font-family: 'PingFang SC', 'Microsoft YaHei', sans-serif\">Mini a\u011fa\u00e7 yeti\u015ftirme kitleri genellikle bir fidanl\u0131ktan tamamen yeti\u015fmi\u015f bir a\u011fa\u00e7 sat\u0131n almaktan daha ucuzdur. Ayr\u0131ca, tohumdan bir a\u011fa\u00e7 yeti\u015ftirerek tam olarak ne t\u00fcr bir a\u011fa\u00e7 yeti\u015ftirmek istedi\u011finizi se\u00e7ebilir ve ihtiya\u00e7lar\u0131n\u0131z i\u00e7in do\u011fru a\u011fac\u0131 alman\u0131z\u0131 sa\u011flayabilirsiniz.<\/span><\/p>\n<p><span style=\"font-family: 'PingFang SC', 'Microsoft YaHei', sans-serif\">4. \u00c7evre Dostu<\/span><br \/><span style=\"font-family: 'PingFang SC', 'Microsoft YaHei', sans-serif\">A\u011fa\u00e7 yeti\u015ftirmek \u00e7evreye katk\u0131da bulunman\u0131n \u00e7evre dostu bir yoludur. A\u011fa\u00e7lar karbondioksit seviyesini d\u00fc\u015f\u00fcrmek, hava kalitesini iyile\u015ftirmek ve vah\u015fi ya\u015fam i\u00e7in habitat sa\u011flamak gibi \u00e7ok say\u0131da fayda sa\u011flar.<\/span><\/p>\n<p><span style=\"font-family: 'PingFang SC', 'Microsoft YaHei', sans-serif\">5. Dekoratif<\/span><br \/><span style=\"font-family: 'PingFang SC', 'Microsoft YaHei', sans-serif\">Bir kitten yeti\u015ftirilen mini bir a\u011fa\u00e7, herhangi bir i\u00e7 veya d\u0131\u015f mekan i\u00e7in \u00e7ekici bir ek olabilir. Belirli \u015fekillerde e\u011fitilebilir veya do\u011fal olarak b\u00fcy\u00fcyebilirler, bu da size bitkinizi zevkinize uyacak \u015fekilde \u00f6zelle\u015ftirme \u00f6zg\u00fcrl\u00fc\u011f\u00fc verir.<\/span><\/p>\n<h3 style=\"font-size: 19px\"><span style=\"font-family: 'PingFang SC', 'Microsoft YaHei', sans-serif\">Mini A\u011fa\u00e7 Yeti\u015ftirme Kiti Nas\u0131l Kullan\u0131l\u0131r?<\/span><\/h3>\n<p><span style=\"font-family: 'PingFang SC', 'Microsoft YaHei', sans-serif\">Mini a\u011fa\u00e7 yeti\u015ftirme kiti kullanmak basit ve anla\u015f\u0131l\u0131rd\u0131r. Kit genellikle toprak, tohumlar ve kaplar dahil olmak \u00fczere gerekli t\u00fcm bile\u015fenlerle birlikte gelir. \u0130\u015fte temel ad\u0131mlar:<\/span><\/p>\n<ol>\n<li><span style=\"font-family: 'PingFang SC', 'Microsoft YaHei', sans-serif\">Kab\u0131 Haz\u0131rlay\u0131n: Kab\u0131 toprakla doldurun ve iyice nemlendirin.<\/span><\/li>\n<li><span style=\"font-family: 'PingFang SC', 'Microsoft YaHei', sans-serif\">Tohumlar\u0131 ekin: Tohumlar\u0131 topra\u011fa yerle\u015ftirin ve \u00fczerlerini ince bir toprak tabakas\u0131yla \u00f6rt\u00fcn.<\/span><\/li>\n<li><span style=\"font-family: 'PingFang SC', 'Microsoft YaHei', sans-serif\">Tohumlar\u0131 Sulay\u0131n: Tohumlar\u0131n iyice nemlendi\u011finden emin olmak i\u00e7in kab\u0131 sulay\u0131n.<\/span><\/li>\n<li><span style=\"font-family: 'PingFang SC', 'Microsoft YaHei', sans-serif\">Kab\u0131 G\u00fcne\u015fli Bir Noktaya Yerle\u015ftirin: A\u011fa\u00e7lar b\u00fcy\u00fcmek i\u00e7in g\u00fcne\u015f \u0131\u015f\u0131\u011f\u0131na ihtiya\u00e7 duyar, bu nedenle kab\u0131 g\u00fcne\u015fli bir alana yerle\u015ftirin.<\/span><\/li>\n<li><span style=\"font-family: 'PingFang SC', 'Microsoft YaHei', sans-serif\">A\u011fac\u0131n Bak\u0131m\u0131: A\u011fac\u0131n b\u00fcy\u00fcmesini izleyin ve d\u00fczenli olarak sulay\u0131n. A\u011fa\u00e7 belirli bir boyuta ula\u015ft\u0131\u011f\u0131nda, daha b\u00fcy\u00fck bir saks\u0131ya veya d\u0131\u015f mekana nakledebilirsiniz.<\/span><\/li>\n<\/ol>\n<h3 style=\"list-style-type: revert;font-size: 19px\">Mini A\u011fa\u00e7 Yeti\u015ftirme Kitinizi Etkili Kullanman\u0131n Ad\u0131mlar\u0131<\/h3>\n<p style=\"list-style-type: revert\">Mini a\u011fac\u0131n\u0131z\u0131 yeti\u015ftirmenin ilk ad\u0131m\u0131 do\u011fru kiti se\u00e7mektir. \u0130yi bir mini a\u011fa\u00e7 yeti\u015ftirme kiti bir saks\u0131, toprak, tohumlar ve ayr\u0131nt\u0131l\u0131 talimatlar i\u00e7erecektir. Bu bile\u015fenlerin kalitesi, mini a\u011fac\u0131n\u0131z\u0131n b\u00fcy\u00fcmesini ve genel sa\u011fl\u0131\u011f\u0131n\u0131 b\u00fcy\u00fck \u00f6l\u00e7\u00fcde etkileyebilir.<\/p>\n<p style=\"list-style-type: revert\">Kitinizi se\u00e7tikten sonra s\u0131ra tohumlar\u0131n\u0131z\u0131 ekmeye gelir. Topra\u011f\u0131 verilen saks\u0131ya yerle\u015ftirin, ard\u0131ndan tohumlar\u0131 hafif\u00e7e topra\u011fa bast\u0131r\u0131n. \u00c7ok derine g\u00f6mmeyin, sadece \u00fczerlerini \u00f6rtecek kadar g\u00f6m\u00fcn.<\/p>\n<p style=\"list-style-type: revert\">Sulama bir sonraki \u00f6nemli ad\u0131md\u0131r. Mini a\u011fac\u0131n\u0131z\u0131 d\u00fczg\u00fcn bir \u015fekilde sulamak hassas bir dengedir. \u00c7ok fazla su k\u00f6k \u00e7\u00fcr\u00fcmesine yol a\u00e7abilirken, \u00e7ok az su da a\u011fac\u0131n\u0131z\u0131n kurumas\u0131na ve \u00f6lmesine neden olabilir. Mini a\u011fac\u0131n\u0131z\u0131 g\u00fcnde bir kez sulaman\u0131z \u00f6nerilir, ancak bu a\u011fac\u0131n t\u00fcr\u00fcne ve ya\u015fad\u0131\u011f\u0131n\u0131z iklime ba\u011fl\u0131 olarak de\u011fi\u015febilir.<\/p>\n<h3 style=\"list-style-type: revert;font-size: 19px\">Mini A\u011fa\u00e7 Yeti\u015ftirirken S\u0131k Kar\u015f\u0131la\u015f\u0131lan Sorunlar ve Bunlar\u0131n Nas\u0131l \u00c7\u00f6z\u00fclece\u011fi<\/h3>\n<p style=\"list-style-type: revert\">En iyi \u00e7abalar\u0131n\u0131za ra\u011fmen, mini a\u011fac\u0131n\u0131z\u0131 yeti\u015ftirirken birka\u00e7 sorunla kar\u015f\u0131la\u015fabilirsiniz. Endi\u015felenmeyin, bu sorunlar yayg\u0131nd\u0131r ve bunlar i\u00e7in \u00e7\u00f6z\u00fcmler vard\u0131r.<\/p>\n<p style=\"list-style-type: revert\">Yayg\u0131n sorunlardan biri yapraklar\u0131n sar\u0131ya veya kahverengiye d\u00f6nmesidir. Bunun nedeni a\u015f\u0131r\u0131 sulama, az sulama ya da yeterli g\u00fcne\u015f \u0131\u015f\u0131\u011f\u0131 olmamas\u0131 olabilir. \u00d6ncelikle topra\u011f\u0131n nem seviyesini kontrol edin. E\u011fer \u00e7ok kuruysa, sulama s\u0131kl\u0131\u011f\u0131n\u0131z\u0131 art\u0131r\u0131n. \u00c7ok \u0131slaksa, tekrar sulamadan \u00f6nce kurumas\u0131n\u0131 bekleyin. Sorun devam ederse, mini a\u011fac\u0131n\u0131z\u0131 daha fazla g\u00fcne\u015f \u0131\u015f\u0131\u011f\u0131 alan bir yere ta\u015f\u0131may\u0131 deneyin.<\/p>\n<p style=\"list-style-type: revert\">Ha\u015fereler bir di\u011fer yayg\u0131n sorundur. Yapraklarda k\u00fc\u00e7\u00fck delikler veya y\u00fczeyde yap\u0131\u015fkan bir kal\u0131nt\u0131 fark ederseniz, mini a\u011fac\u0131n\u0131zda ha\u015fereler olabilir. Bunu \u00e7\u00f6zmek i\u00e7in do\u011fal bir b\u00f6cek ilac\u0131 veya su ve bula\u015f\u0131k sabunu kar\u0131\u015f\u0131m\u0131 kullanabilirsiniz. Ha\u015fereler yok olana kadar bu sol\u00fcsyonu haftada bir yapraklara p\u00fcsk\u00fcrt\u00fcn.<\/p>\n<h3 style=\"list-style-type: revert;font-size: 19px\">Mini A\u011fac\u0131n\u0131z\u0131n Sa\u011fl\u0131kl\u0131 Bak\u0131m\u0131 \u0130\u00e7in \u0130pu\u00e7lar\u0131<\/h3>\n<p style=\"list-style-type: revert\">Mini a\u011fac\u0131n\u0131z\u0131 sa\u011fl\u0131kl\u0131 bir \u015fekilde korumak d\u00fczenli bak\u0131m ve dikkat gerektirir. \u0130\u015fte bu s\u00fcre\u00e7te size yard\u0131mc\u0131 olacak baz\u0131 ipu\u00e7lar\u0131.<\/p>\n<p style=\"list-style-type: revert\">Budama, mini a\u011fac\u0131n\u0131z\u0131n \u015feklini ve boyutunu korumak i\u00e7in \u00f6nemlidir. D\u00fczg\u00fcn g\u00f6r\u00fcnmesini sa\u011flamak ve sa\u011fl\u0131kl\u0131 b\u00fcy\u00fcmeyi te\u015fvik etmek i\u00e7in a\u011fac\u0131n\u0131z\u0131 d\u00fczenli olarak buday\u0131n. Hastal\u0131\u011f\u0131 ve a\u011fac\u0131n zarar g\u00f6rmesini \u00f6nlemek i\u00e7in temiz, keskin makas kullanmay\u0131 unutmay\u0131n.<\/p>\n<p style=\"list-style-type: revert\">Mini a\u011fac\u0131n\u0131z\u0131 beslemek de \u00e7ok \u00f6nemlidir. Mini a\u011fa\u00e7lar, t\u0131pk\u0131 di\u011fer bitkiler gibi b\u00fcy\u00fcmek i\u00e7in besin maddelerine ihtiya\u00e7 duyar. Bonsai'ye \u00f6zel bir g\u00fcbre kullan\u0131n ve ambalaj \u00fczerinde verilen talimatlar\u0131 izleyin.<\/p>\n<p style=\"list-style-type: revert\">Son olarak, mini a\u011fac\u0131n\u0131z\u0131n yeterince g\u00fcne\u015f \u0131\u015f\u0131\u011f\u0131 ald\u0131\u011f\u0131ndan emin olun. Mini a\u011fa\u00e7lar genellikle d\u0131\u015f mekan bitkileridir ve do\u011fal g\u00fcne\u015f \u0131\u015f\u0131\u011f\u0131nda geli\u015firler. A\u011fac\u0131n\u0131z\u0131 i\u00e7 mekanda tutuyorsan\u0131z, bol \u0131\u015f\u0131k alabilece\u011fi bir pencerenin yak\u0131n\u0131na yerle\u015ftirin.<\/p>\n<h3 style=\"list-style-type: revert;font-size: 19px\">Yeti\u015ftirebilece\u011finiz Mini A\u011fa\u00e7 \u00c7e\u015fitleri<\/h3>\n<p style=\"list-style-type: revert\">Her biri kendine \u00f6zg\u00fc \u00f6zelliklere ve bak\u0131m gereksinimlerine sahip, yeti\u015ftirebilece\u011finiz \u00e7ok say\u0131da mini a\u011fa\u00e7 \u00e7e\u015fidi vard\u0131r. Baz\u0131 pop\u00fcler \u00e7e\u015fitler aras\u0131nda Ard\u0131\u00e7, Ficus, Ak\u00e7aa\u011fa\u00e7 ve \u00c7am bulunur.<\/p>\n<p style=\"list-style-type: revert\">Ard\u0131\u00e7 a\u011fa\u00e7lar\u0131 dayan\u0131kl\u0131 olduklar\u0131 ve \u00e7e\u015fitli ko\u015fullar\u0131 tolere edebildikleri i\u00e7in yeni ba\u015flayanlar i\u00e7in idealdir. Ficus a\u011fa\u00e7lar\u0131 da \u00f6zellikle s\u0131cak iklimlerde ya\u015fayanlar i\u00e7in iyi bir se\u00e7imdir. Yemye\u015fil yapraklar\u0131 ve sa\u011flam b\u00fcy\u00fcmeleriyle bilinirler.<\/p>\n<p style=\"list-style-type: revert\">Ak\u00e7aa\u011fa\u00e7 a\u011fa\u00e7lar\u0131 \u00e7arp\u0131c\u0131 sonbahar renkleriyle sevilir. \u00d6zellikle sulama ve g\u00fcne\u015f \u0131\u015f\u0131\u011f\u0131na maruz kalma s\u00f6z konusu oldu\u011funda biraz daha fazla bak\u0131m ve dikkat gerektirirler. \u00d6te yandan \u00e7am a\u011fa\u00e7lar\u0131 yaprak d\u00f6kmez ve t\u00fcm y\u0131l boyunca evinize veya ofisinize k\u0131\u015f cazibesi katabilir.<\/p>\n<h3 style=\"list-style-type: revert;font-size: 19px\">Mini A\u011fa\u00e7 Yeti\u015ftirme Kiti Evinize veya Ofisinize Nas\u0131l De\u011fer Katabilir?<\/h3>\n<p style=\"list-style-type: revert\">Mini bir a\u011fa\u00e7 yeti\u015ftirme kiti e\u011flenceli bir hobiden daha fazlas\u0131d\u0131r - evinize veya ofisinize de de\u011fer katabilir. Ye\u015filliklerin varl\u0131\u011f\u0131 bir alan\u0131 d\u00f6n\u00fc\u015ft\u00fcrebilir, daha s\u0131cak ve rahatlat\u0131c\u0131 hale getirebilir.<\/p>\n<p style=\"list-style-type: revert\">Ye\u015fillik, stresi azaltma, hava kalitesini iyile\u015ftirme ve ruh halini iyile\u015ftirme gibi \u00e7ok say\u0131da sa\u011fl\u0131k yarar\u0131yla ili\u015fkilendirilmi\u015ftir. \u00c7al\u0131\u015fma ortam\u0131nda, masan\u0131zda mini bir a\u011fa\u00e7 bulundurmak i\u015f stresini azaltmaya ve \u00fcretkenli\u011fi art\u0131rmaya yard\u0131mc\u0131 olabilir.<\/p>\n<p style=\"list-style-type: revert\">Ayr\u0131ca, mini bir a\u011fa\u00e7 yeti\u015ftirmek sohbet ba\u015flat\u0131c\u0131 olabilir. Misafirlerle veya i\u015f arkada\u015flar\u0131yla sohbet ba\u015flatabilecek benzersiz ve ilgin\u00e7 bir par\u00e7ad\u0131r. Ayr\u0131ca, bir\u00e7ok ki\u015fi taraf\u0131ndan takdir edilebilecek sabr\u0131n\u0131z\u0131n ve yeti\u015ftirme yeteneklerinizin bir kan\u0131t\u0131d\u0131r.<\/p>\n<p style=\"list-style-type: revert\">Sonu\u00e7 olarak, mini bir a\u011fa\u00e7 yeti\u015ftirmek herkesin keyif alabilece\u011fi \u00f6d\u00fcllendirici bir deneyimdir. Do\u011fru kit ve bak\u0131mla, evinizde veya ofisinizde g\u00fczel bir do\u011fa par\u00e7as\u0131 yeti\u015ftirebilirsiniz. \u00d6yleyse neden bekleyelim? Mini a\u011fa\u00e7 yeti\u015ftirme yolculu\u011funuza bug\u00fcn ba\u015flay\u0131n!<\/p>","protected":false},"excerpt":{"rendered":"<p>DIY Bonsai Yeti\u015ftirme Hediyesi - Yeti\u015fkinler, Kad\u0131nlar ve Erkekler i\u00e7in Bah\u00e7e Hobileri: 4 Benzersiz A\u011fa\u00e7 Tohumu, Toprak, Saks\u0131lar, Budama Makas\u0131, Bitki \u0130\u015faretleyicileri + Ah\u015fap Hediye Kutusu<\/p>\n<p>Mini a\u011fa\u00e7 yeti\u015ftirme kiti, s\u0131n\u0131rl\u0131 bir alanda a\u011fa\u00e7 yeti\u015ftirmek i\u00e7in gereken her \u015feyi i\u00e7eren k\u00fc\u00e7\u00fck, ba\u011f\u0131ms\u0131z bir bah\u00e7e kitidir. Tipik olarak kit toprak, tohumlar ve ekim kaplar\u0131n\u0131 i\u00e7erir. Tohumdan a\u011fa\u00e7 yeti\u015ftirmenin m\u00fckemmel bir yoludur ve \u00e7ocuklar\u0131n bitkilerin ya\u015fam d\u00f6ng\u00fclerini ve a\u011fa\u00e7lar\u0131n \u00e7evre i\u00e7in \u00f6nemini \u00f6\u011frenmeleri i\u00e7in e\u011fitici bir deneyim olabilir. Mini a\u011fa\u00e7 yeti\u015ftirme kitleri uygun maliyetli, \u00e7evre dostu ve dekoratif olup, onlar\u0131 her t\u00fcrl\u00fc i\u00e7 veya d\u0131\u015f mekana m\u00fckemmel bir katk\u0131 haline getirir. Kullan\u0131m\u0131 kolayd\u0131r ve minimum d\u00fczeyde bak\u0131m gerektirirler; bu da onlar\u0131 s\u0131n\u0131rl\u0131 zaman\u0131, alan\u0131 veya bah\u00e7ecilik deneyimi olan ki\u015filer i\u00e7in ideal k\u0131lar.<\/p><\/p>","protected":false},"featured_media":17812,"comment_status":"closed","ping_status":"closed","template":"","meta":[],"product_cat":[40],"product_tag":[48,41,103,45,807,112,805,806,809,808],"acf":[],"_links":{"self":[{"href":"https:\/\/www.garden-kit.com\/tr\/wp-json\/wp\/v2\/product\/1413"}],"collection":[{"href":"https:\/\/www.garden-kit.com\/tr\/wp-json\/wp\/v2\/product"}],"about":[{"href":"https:\/\/www.garden-kit.com\/tr\/wp-json\/wp\/v2\/types\/product"}],"replies":[{"embeddable":true,"href":"https:\/\/www.garden-kit.com\/tr\/wp-json\/wp\/v2\/comments?post=1413"}],"wp:featuredmedia":[{"embeddable":true,"href":"https:\/\/www.garden-kit.com\/tr\/wp-json\/wp\/v2\/media\/17812"}],"wp:attachment":[{"href":"https:\/\/www.garden-kit.com\/tr\/wp-json\/wp\/v2\/media?parent=1413"}],"wp:term":[{"taxonomy":"product_cat","embeddable":true,"href":"https:\/\/www.garden-kit.com\/tr\/wp-json\/wp\/v2\/product_cat?post=1413"},{"taxonomy":"product_tag","embeddable":true,"href":"https:\/\/www.garden-kit.com\/tr\/wp-json\/wp\/v2\/product_tag?post=1413"}],"curies":[{"name":"wp","href":"https:\/\/api.w.org\/{rel}","templated":true}]}}