{"id":1419,"date":"2022-08-23T23:32:04","date_gmt":"2022-08-23T15:32:04","guid":{"rendered":"http:\/\/www.garden-kit.com\/product\/bonsai-seed-kit\/"},"modified":"2023-09-02T14:30:56","modified_gmt":"2023-09-02T06:30:56","slug":"bonsai-seed-kit","status":"publish","type":"product","link":"https:\/\/www.garden-kit.com\/tr\/product\/bonsai-seed-kit\/","title":{"rendered":"Bonsai Tohum Seti"},"content":{"rendered":"<h1>Bonsai Tohum Seti<\/h1>\n<h3 style=\"line-height: 1.5; font-size: 19px;\"><span style=\"font-family: arial, helvetica, sans-serif; font-size: 16px;\">Genel Bak\u0131\u015f<\/span><\/h3>\n<table style=\"border-collapse: collapse; width: 100%; height: 168px;\">\n<tbody>\n<tr style=\"height: 21px;\">\n<td style=\"height: 21px;\" width=\"298\"><span style=\"font-family: arial, helvetica, sans-serif; font-size: 16px;\">\u00dcr\u00fcn Bak\u0131m Talimatlar\u0131<\/span><\/td>\n<td style=\"height: 21px;\" width=\"298\"><span style=\"font-family: arial, helvetica, sans-serif; font-size: 16px;\">Mevcut<\/span><\/td>\n<\/tr>\n<tr style=\"height: 21px;\">\n<td style=\"height: 21px;\" width=\"298\"><span style=\"font-family: arial, helvetica, sans-serif; font-size: 16px;\">Bitki \u00dcr\u00fcn Tipi<\/span><\/td>\n<td style=\"height: 21px;\" width=\"298\"><span style=\"font-family: arial, helvetica, sans-serif; font-size: 16px;\">Bonsai a\u011fac\u0131<\/span><\/td>\n<\/tr>\n<tr style=\"height: 21px;\">\n<td style=\"height: 21px;\" width=\"298\"><span style=\"font-family: arial, helvetica, sans-serif; font-size: 16px;\">\u00d6zel \u00f6zellik<\/span><\/td>\n<td style=\"height: 21px;\" width=\"298\"><span style=\"font-family: arial, helvetica, sans-serif; font-size: 16px;\">Kapal\u0131-A\u00e7\u0131k Yeti\u015ftirme<\/span><\/td>\n<\/tr>\n<tr style=\"height: 21px;\">\n<td style=\"height: 21px;\" width=\"298\"><span style=\"font-family: arial, helvetica, sans-serif; font-size: 16px;\">Marka<\/span><\/td>\n<td style=\"height: 21px;\" width=\"298\"><span style=\"font-family: arial, helvetica, sans-serif; font-size: 16px;\">Bah\u00e7e Seti<\/span><\/td>\n<\/tr>\n<tr style=\"height: 21px;\">\n<td style=\"height: 21px;\" width=\"298\"><span style=\"font-family: arial, helvetica, sans-serif; font-size: 16px;\">Anavatan<\/span><\/td>\n<td style=\"height: 21px;\" width=\"298\"><span style=\"font-family: arial, helvetica, sans-serif; font-size: 16px;\">Fujian, \u00c7in<\/span><\/td>\n<\/tr>\n<tr style=\"height: 21px;\">\n<td style=\"height: 21px;\" width=\"298\"><span style=\"font-family: arial, helvetica, sans-serif; font-size: 16px;\">ODM\/OEM<\/span><\/td>\n<td style=\"height: 21px;\" width=\"298\"><span style=\"font-family: arial, helvetica, sans-serif; font-size: 16px;\">Mevcut<\/span><\/td>\n<\/tr>\n<tr style=\"height: 21px;\">\n<td style=\"height: 21px;\" width=\"298\"><span style=\"font-family: arial, helvetica, sans-serif; font-size: 16px;\">\u00d6zelle\u015ftirilmi\u015f sipari\u015f i\u00e7in MOQ<\/span><\/td>\n<td style=\"height: 21px;\" width=\"298\"><span style=\"font-family: arial, helvetica, sans-serif; font-size: 16px;\">3000 adet<\/span><\/td>\n<\/tr>\n<tr style=\"height: 21px;\">\n<td style=\"height: 21px;\" width=\"298\"><span style=\"font-family: arial, helvetica, sans-serif; font-size: 16px;\">\u00d6rnek maliyet<\/span><\/td>\n<td style=\"height: 21px;\" width=\"298\"><span style=\"font-family: arial, helvetica, sans-serif; font-size: 16px;\">US$400\/\u00d6rnek, bizden sipari\u015f verdikten sonra tam iade<\/span><\/td>\n<\/tr>\n<\/tbody>\n<\/table>\n<p style=\"line-height: 1.5;\"><span style=\"font-family: arial, helvetica, sans-serif; font-size: 16px;\">Tan\u0131m<\/span><\/p>\n<p style=\"line-height: 1.5;\"><span style=\"font-family: arial, helvetica, sans-serif; font-size: 16px;\">Haz\u0131rlanm\u0131\u015f 15 Par\u00e7a Bonsai Yeti\u015ftirme Kiti: Saks\u0131 keyfini sizin ya da sevdiklerinizin hayat\u0131na sokmak i\u00e7in ihtiyac\u0131n\u0131z olan her \u015fey \u015f\u0131k bir kutuda: 4 tohum i\u00e7erir (Pinus aristata, Jacaranda mimosifolia, Picea abies, Delonix regia). Daha iyi \u00e7imlenme i\u00e7in tohuma zarar vermeyen bir ambalajda saklan\u0131r, 4 adet iyi drene edilmi\u015f Saks\u0131, 1 adet Geni\u015fleyen Toprak tepsisi, 4 adet Bambu Bitki \u0130\u015faretleyici, 1 adet Bonsai Makas\u0131 ve g\u00fczel, kapsaml\u0131 ve basit bir kullan\u0131m k\u0131lavuzu.<\/span><\/p>\n<p style=\"line-height: 1.5;\"><span style=\"font-family: arial, helvetica, sans-serif;\">\u00a0<\/span><\/p>\n<p style=\"line-height: 1.5;\"><span style=\"font-family: arial, helvetica, sans-serif; font-size: 16px;\">A\u015fa\u011f\u0131daki \u00f6\u011feler kit i\u00e7erisinde yer almaktad\u0131r.<\/span><\/p>\n<p style=\"line-height: 1.5;\"><span style=\"font-family: arial, helvetica, sans-serif; font-size: 16px;\">4 adet su ge\u00e7irmez \u00e7uval bezi saks\u0131<\/span><\/p>\n<p style=\"line-height: 1.5;\"><span style=\"font-family: arial, helvetica, sans-serif; font-size: 16px;\">1 \u00f6nceden g\u00fcbrelenmi\u015f toprak dis<\/span><\/p>\n<p style=\"line-height: 1.5;\"><span style=\"font-family: arial, helvetica, sans-serif; font-size: 16px;\">4 adet taze kalan tohum paketi<\/span><\/p>\n<p style=\"line-height: 1.5;\"><span style=\"font-family: arial, helvetica, sans-serif; font-size: 16px;\">4 adet iyi drene edilmi\u015f j\u00fct saks\u0131<\/span><\/p>\n<p style=\"line-height: 1.5;\"><span style=\"font-family: arial, helvetica, sans-serif; font-size: 16px;\">1 budama makas\u0131<\/span><\/p>\n<p style=\"line-height: 1.5;\"><span style=\"font-family: arial, helvetica, sans-serif; font-size: 16px;\">1 toprak diski<\/span><\/p>\n<p style=\"line-height: 1.5;\"><span style=\"font-family: arial, helvetica, sans-serif; font-size: 16px;\">4 bambu kalem<\/span><\/p>\n<p style=\"line-height: 1.5;\"><span style=\"font-family: arial, helvetica, sans-serif; font-size: 16px;\">1 Ad\u0131m ad\u0131m ekim k\u0131lavuzu<\/span><\/p>\n<p style=\"line-height: 1.5;\"><span style=\"font-family: arial, helvetica, sans-serif; font-size: 16px;\">1 Saks\u0131: 4 j\u00fct Saks\u0131 - \u0130yi drene edilmi\u015f fide b\u00fcy\u00fcmesi i\u00e7in idealdir. Saklay\u0131n ve yeniden kullan\u0131n.<\/span><\/p>\n<p style=\"line-height: 1.5;\"><span style=\"font-family: arial, helvetica, sans-serif; font-size: 16px;\">2 Dikim: 4 Paket Premium Tohum - 4 Farkl\u0131 T\u00fcr \u0130\u00e7erir: Rocky Mountain Pine, Royal Phoenix, Jacaranda, Norway Spruce. T\u00fcm tohumlar en y\u00fcksek \u00e7imlenme oran\u0131 i\u00e7in test edilmi\u015ftir.<\/span><\/p>\n<p style=\"line-height: 1.5;\"><span style=\"font-family: arial, helvetica, sans-serif; font-size: 16px;\">3 Besleme: Besin a\u00e7\u0131s\u0131ndan zengin, \u00f6nceden g\u00fcbrelenmi\u015f toprak diskleri - su ekleyin ve 6-8 kat daha fazla geni\u015flesinler.<\/span><\/p>\n<p style=\"line-height: 1.5;\"><span style=\"font-family: arial, helvetica, sans-serif; font-size: 16px;\">4 \u0130\u015faretleme: 4 Bambu \u0130\u015faretleyici - \u0130\u015faretleyiciler, fidelerinizi b\u00fcy\u00fcd\u00fck\u00e7e tan\u0131mlaman\u0131za yard\u0131mc\u0131 olur. E\u011fitin: Buday\u0131c\u0131lar - Fazla yapraklar\u0131 ve k\u00f6kleri kesmek i\u00e7in idealdir.<\/span><\/p>\n<p style=\"line-height: 1.5;\"><span style=\"font-family: arial, helvetica, sans-serif;\">\u00a0<\/span><\/p>\n<p style=\"line-height: 1.5;\"><span style=\"font-family: arial, helvetica, sans-serif; font-size: 16px;\">\u00c7imlenme oran\u0131 y\u00fcksek tohumlar: Tohumlar, uygun \u00e7imlenmeyi sa\u011flamak i\u00e7in Tohum G\u00fcvenlik Paketimizde saklan\u0131r.<\/span><\/p>\n<p style=\"line-height: 1.5;\"><span style=\"font-family: arial, helvetica, sans-serif; font-size: 16px;\">M\u00dcKEMMEL KENDIN YAP HEDIYESI: Anne, baba, erkek veya kad\u0131n i\u00e7in do\u011fum g\u00fcn\u00fc, y\u0131ld\u00f6n\u00fcm\u00fc, tatil, yeni eve ta\u015f\u0131nma partisi veya ba\u015fka herhangi bir durum i\u00e7in m\u00fckemmel bir hediyedir - hem yeni ba\u015flayanlar, hem ustalar hem de \u00e7ocuklar i\u00e7in idealdir. Kapal\u0131 alanda bir bonsai a\u011fac\u0131 yeti\u015ftirmeyi deneyimlediklerinde g\u00f6zlerindeki heyecan\u0131 g\u00f6r\u00fcn.<\/span><\/p>\n<p style=\"line-height: 1.5;\"><span style=\"font-family: arial, helvetica, sans-serif;\">\u00a0<\/span><\/p>\n<p style=\"line-height: 1.5;\"><span style=\"font-family: arial, helvetica, sans-serif; font-size: 16px;\">Ye\u015fil ellere gerek yok: sadece ad\u0131m ad\u0131m kolay talimatlar\u0131 izleyin ve haz\u0131rs\u0131n\u0131z! 4 a\u011fac\u0131n t\u00fcm\u00fc, herhangi bir tohumun tabakala\u015fmas\u0131na gerek kalmadan y\u0131l\u0131n herhangi bir zaman\u0131nda i\u00e7 ve d\u0131\u015f mekanlarda ekilebilir ve muhafaza edilebilir. Birlikte verilen kitap\u00e7\u0131k kapsaml\u0131 ve g\u00fczel bir \u015fekilde tasarlanm\u0131\u015ft\u0131r, b\u00f6ylece her tohumun yolculu\u011funu, tarihini ve filizlenmesini sa\u011flamak i\u00e7in en iyi ekim yolunu takip edebilirsiniz.<\/span><\/p>","protected":false},"excerpt":{"rendered":"<p>Kad\u0131nlar ve Erkekler i\u00e7in Bonsai Tohumu Seti \u2013 Bonsai A\u011fac\u0131 B\u00fcy\u00fctme Bah\u00e7e El Sanatlar\u0131 Yeti\u015fkinler i\u00e7in Hobi Setleri, Bitki Severler i\u00e7in Benzersiz Kendin Yap Hobiler \u2013 S\u0131rad\u0131\u015f\u0131 Y\u0131lba\u015f\u0131 Hediyeleri Fikirleri veya Bah\u00e7\u0131van Anne<\/p>","protected":false},"featured_media":12453,"comment_status":"closed","ping_status":"closed","template":"","meta":[],"product_cat":[40],"product_tag":[104,42,214,102,103,112],"acf":[],"_links":{"self":[{"href":"https:\/\/www.garden-kit.com\/tr\/wp-json\/wp\/v2\/product\/1419"}],"collection":[{"href":"https:\/\/www.garden-kit.com\/tr\/wp-json\/wp\/v2\/product"}],"about":[{"href":"https:\/\/www.garden-kit.com\/tr\/wp-json\/wp\/v2\/types\/product"}],"replies":[{"embeddable":true,"href":"https:\/\/www.garden-kit.com\/tr\/wp-json\/wp\/v2\/comments?post=1419"}],"wp:featuredmedia":[{"embeddable":true,"href":"https:\/\/www.garden-kit.com\/tr\/wp-json\/wp\/v2\/media\/12453"}],"wp:attachment":[{"href":"https:\/\/www.garden-kit.com\/tr\/wp-json\/wp\/v2\/media?parent=1419"}],"wp:term":[{"taxonomy":"product_cat","embeddable":true,"href":"https:\/\/www.garden-kit.com\/tr\/wp-json\/wp\/v2\/product_cat?post=1419"},{"taxonomy":"product_tag","embeddable":true,"href":"https:\/\/www.garden-kit.com\/tr\/wp-json\/wp\/v2\/product_tag?post=1419"}],"curies":[{"name":"wp","href":"https:\/\/api.w.org\/{rel}","templated":true}]}}