{"id":1438,"date":"2022-08-23T23:33:46","date_gmt":"2022-08-23T15:33:46","guid":{"rendered":"http:\/\/www.garden-kit.com\/product\/bonsai-tree-starter-kit\/"},"modified":"2024-03-13T15:38:52","modified_gmt":"2024-03-13T07:38:52","slug":"bonsai-tree-starter-kit","status":"publish","type":"product","link":"https:\/\/www.garden-kit.com\/tr\/product\/bonsai-tree-starter-kit\/","title":{"rendered":"Yeti\u015ftiricilerin Se\u00e7imi Bonsai Ba\u015flang\u0131\u00e7 Seti"},"content":{"rendered":"<h3 style=\"font-size: 19px\">Genel Bak\u0131\u015f<\/h3>\n<table style=\"border-collapse: collapse;width: 100%;height: 170px\">\n<tbody>\n<tr style=\"height: 21.25px\">\n<td style=\"height: 21.25px\" width=\"298\"><span style=\"color: #000000;font-family: 'PingFang SC', 'Microsoft YaHei', sans-serif;font-size: 16px\">\u00dcr\u00fcn Bak\u0131m Talimatlar\u0131<\/span><\/td>\n<td style=\"height: 21.25px\" width=\"298\"><span style=\"color: #000000;font-family: 'PingFang SC', 'Microsoft YaHei', sans-serif;font-size: 16px\">Mevcut<\/span><\/td>\n<\/tr>\n<tr style=\"height: 21.25px\">\n<td style=\"height: 21.25px\" width=\"298\"><span style=\"color: #000000;font-family: 'PingFang SC', 'Microsoft YaHei', sans-serif;font-size: 16px\">Bitki \u00dcr\u00fcn Tipi<\/span><\/td>\n<td style=\"height: 21.25px\" width=\"298\"><span style=\"color: #000000;font-family: 'PingFang SC', 'Microsoft YaHei', sans-serif;font-size: 16px\">Bonsai a\u011fac\u0131<\/span><\/td>\n<\/tr>\n<tr style=\"height: 21.25px\">\n<td style=\"height: 21.25px\" width=\"298\"><span style=\"color: #000000;font-family: 'PingFang SC', 'Microsoft YaHei', sans-serif;font-size: 16px\">\u00d6zel \u00f6zellik<\/span><\/td>\n<td style=\"height: 21.25px\" width=\"298\"><span style=\"color: #000000;font-family: 'PingFang SC', 'Microsoft YaHei', sans-serif;font-size: 16px\">Kapal\u0131-A\u00e7\u0131k Yeti\u015ftirme<\/span><\/td>\n<\/tr>\n<tr style=\"height: 21.25px\">\n<td style=\"height: 21.25px\" width=\"298\"><span style=\"color: #000000;font-family: 'PingFang SC', 'Microsoft YaHei', sans-serif;font-size: 16px\">Marka<\/span><\/td>\n<td style=\"height: 21.25px\" width=\"298\"><span style=\"color: #000000;font-family: 'PingFang SC', 'Microsoft YaHei', sans-serif;font-size: 16px\">Bah\u00e7e Seti<\/span><\/td>\n<\/tr>\n<tr style=\"height: 21.25px\">\n<td style=\"height: 21.25px\" width=\"298\"><span style=\"color: #000000;font-family: 'PingFang SC', 'Microsoft YaHei', sans-serif;font-size: 16px\">Anavatan<\/span><\/td>\n<td style=\"height: 21.25px\" width=\"298\"><span style=\"color: #000000;font-family: 'PingFang SC', 'Microsoft YaHei', sans-serif;font-size: 16px\">Fujian, \u00c7in<\/span><\/td>\n<\/tr>\n<tr style=\"height: 21.25px\">\n<td style=\"height: 21.25px\" width=\"298\"><span style=\"color: #000000;font-family: 'PingFang SC', 'Microsoft YaHei', sans-serif;font-size: 16px\">ODM\/OEM<\/span><\/td>\n<td style=\"height: 21.25px\" width=\"298\"><span style=\"color: #000000;font-family: 'PingFang SC', 'Microsoft YaHei', sans-serif;font-size: 16px\">Mevcut<\/span><\/td>\n<\/tr>\n<tr style=\"height: 21.25px\">\n<td style=\"height: 21.25px\" width=\"298\"><span style=\"color: #000000;font-family: 'PingFang SC', 'Microsoft YaHei', sans-serif;font-size: 16px\">\u00d6zelle\u015ftirilmi\u015f sipari\u015f i\u00e7in MOQ<\/span><\/td>\n<td style=\"height: 21.25px\" width=\"298\"><span style=\"color: #000000;font-family: 'PingFang SC', 'Microsoft YaHei', sans-serif;font-size: 16px\">3000 adet<\/span><\/td>\n<\/tr>\n<tr style=\"height: 21.25px\">\n<td style=\"height: 21.25px\" width=\"298\"><span style=\"color: #000000;font-family: 'PingFang SC', 'Microsoft YaHei', sans-serif;font-size: 16px\">\u00d6rnek maliyet<\/span><\/td>\n<td style=\"height: 21.25px\" width=\"298\"><span style=\"color: #000000;font-family: 'PingFang SC', 'Microsoft YaHei', sans-serif;font-size: 16px\">US$400\/\u00d6rnek, bizden sipari\u015f verdikten sonra tam iade<\/span><\/td>\n<\/tr>\n<\/tbody>\n<\/table>\n<p style=\"line-height: 1.5\"><span style=\"color: #000000;font-family: 'PingFang SC', 'Microsoft YaHei', sans-serif;font-size: 16px\"><\/span><\/p>\n<h3 style=\"font-size: 19px\">Tan\u0131m<\/h3>\n<p>Stadyum eko-yeti\u015ftirme kitimiz ile tohumdan kendi Bonsai a\u011fa\u00e7lar\u0131n\u0131z\u0131 yeti\u015ftirin. Bu a\u011fa\u00e7lardan birini tohumdan yeti\u015ftirmek zor olsa da, Bonsai'nizi tohumdan yeti\u015ftirmek inan\u0131lmaz derecede \u00f6d\u00fcllendiricidir. Sa\u011flam bir b\u00fcy\u00fcme elde etti\u011finizde, a\u011fac\u0131n\u0131z\u0131 istedi\u011finiz \u015fekil ve boyuta getirmek i\u00e7in yarat\u0131c\u0131 olabilir, e\u011fitebilir ve budayabilirsiniz.<\/p>\n<p>Kendi Bonsai'nizi yeti\u015ftirmeye ba\u015flamak kolayd\u0131r, sadece ba\u015flang\u0131\u00e7 kitini evde kurun, ard\u0131ndan fideleri idare edebilecek kadar b\u00fcy\u00fcd\u00fcklerinde kendi b\u00fcy\u00fck saks\u0131lar\u0131n\u0131za nakledin. Nakil a\u015famas\u0131nda ekstra yeti\u015ftirme ortam\u0131na ihtiya\u00e7 duyulacakt\u0131r ve yerel bah\u00e7e merkezinizden sat\u0131n al\u0131nabilir. G\u00fczel bonsai yeti\u015ftirmek kolayd\u0131r: Bir bonsai se\u00e7erken, en g\u00fczel a\u011fac\u0131 se\u00e7mek mant\u0131kl\u0131d\u0131r, de\u011fil mi? Bu y\u00fczden bonsai tohum yeti\u015ftirme kitlerimiz i\u00e7in yaln\u0131zca en renkli a\u011fa\u00e7lar\u0131 se\u00e7iyoruz. Bu ate\u015fli k\u0131rm\u0131z\u0131lar\u0131n, lezzetli morlar\u0131n ve aromatik ye\u015fillerin tad\u0131n\u0131 \u00e7\u0131kar\u0131n ve evinizde besleyin.&nbsp;<\/p>\n<p>Her Bonsai eko yeti\u015ftirme kiti talimatlarla birlikte gelir, baz\u0131 \u00e7e\u015fitlerin di\u011ferlerinden daha fazla ad\u0131m\u0131 vard\u0131r. T\u00fcm kitler birden fazla ekim i\u00e7in yeterli tohum ve yeti\u015ftirmeye ba\u015flamak i\u00e7in ihtiyac\u0131n\u0131z olan her \u015feyi i\u00e7erir!<\/p>\n<p>A\u015fa\u011f\u0131daki \u00f6\u011feler kit i\u00e7erisinde yer almaktad\u0131r.<\/p>\n<p>4 tepsili 4 bambu fiber saks\u0131<\/p>\n<p>4 \u00f6nceden g\u00fcbrelenmi\u015f toprak dics<\/p>\n<p>4 adet taze kalan tohum paketi<\/p>\n<p>4 adet bambu bitki belirteci<\/p>\n<p>1 beslenme paketi<\/p>\n<p>1 perlit paketi<\/p>\n<p>1 ad\u0131m ad\u0131m talimat<\/p>\n<p>Ye\u015fil Ba\u015fparmak Gerekmez: Bonsai Ba\u015flang\u0131\u00e7 Kitiniz ( 4 ) tohum \u00e7e\u015fidi ile birlikte gelir:<\/p>\n<p>&nbsp; &nbsp; &nbsp; &nbsp;Delonix Regia (Alev A\u011fac\u0131) - Delonix regia, fasulyegiller (Fabaceae) familyas\u0131n\u0131n Caesalpinioideae alt familyas\u0131ndan Madagaskar'a \u00f6zg\u00fc bir \u00e7i\u00e7ekli bitki t\u00fcr\u00fcd\u00fcr. E\u011frelti otu benzeri yapraklar\u0131 ve yaz boyunca turuncu-k\u0131rm\u0131z\u0131 \u00e7i\u00e7eklerin g\u00f6steri\u015fli g\u00f6r\u00fcnt\u00fcs\u00fcyle dikkat \u00e7eker. D\u00fcnyan\u0131n bir\u00e7ok tropikal b\u00f6lgesinde s\u00fcs a\u011fac\u0131 olarak yeti\u015ftirilir ve \u0130ngilizce'de royal poinciana, flamboyant, phoenix flower, the flame of the forest veya flame tree olarak adland\u0131r\u0131l\u0131r.<\/p>\n<p>&nbsp; &nbsp; &nbsp; &nbsp; Picea Abies (Ladin) - Picea abies, Norve\u00e7 ladini Avrupa ladini, Kuzey, Orta ve Do\u011fu Avrupa'ya \u00f6zg\u00fc bir ladin t\u00fcr\u00fcd\u00fcr.<\/p>\n<p>&nbsp; &nbsp; &nbsp; &nbsp; Pinus Aristata (Bristlecone Pine) - Pinus aristata, Rocky Mountain bristlecone pine (veya Colorado bristlecone pine), Amerika Birle\u015fik Devletleri'ne \u00f6zg\u00fc uzun \u00f6m\u00fcrl\u00fc bir bristlecone pine a\u011fac\u0131 t\u00fcr\u00fcd\u00fcr<\/p>\n<p>&nbsp; &nbsp; &nbsp; &nbsp; Jacaranda mimosifolia (E\u011frelti A\u011fac\u0131) - Jacaranda mimosifolia, \u00e7ekici ve uzun \u00f6m\u00fcrl\u00fc menek\u015fe renkli \u00e7i\u00e7ekleri nedeniyle ba\u015fka yerlerde yayg\u0131n olarak dikilen, g\u00fcney-orta G\u00fcney Amerika'ya \u00f6zg\u00fc bir sub-tropikal a\u011fa\u00e7t\u0131r. Jakaranda, mavi jakaranda, siyah poui, Nupur veya e\u011frelti otu a\u011fac\u0131 olarak da bilinir. Her tohum taze ve \u00e7imlenmeye haz\u0131rd\u0131r. Bildi\u011finiz gibi, bazen fideler k\u00f6t\u00fc bir g\u00fcn ge\u00e7irir, bu y\u00fczden ekstralar ekliyoruz!<\/p>\n<\/p>\n<p>&nbsp; &nbsp; &nbsp; &nbsp; &nbsp;Hepsi bir arada, aksesuarlar dahil: Bonsai A\u011fac\u0131 Bitki Yeti\u015ftirme Kitiniz \u015funlar\u0131 i\u00e7erir: (4) Dayan\u0131kl\u0131 Saks\u0131, (5) Damlama Tepsisi, (4) Ah\u015fap Bitki \u0130\u015faretleyicileri, (3) Turba Topra\u011f\u0131, (1) Bonsai G\u00fcbre Paketi ve (1) Talimatlar. Profesyonel ipu\u00e7lar\u0131 ve bak\u0131m i\u00e7in internette arama yapmak zorunda kalmaman\u0131z i\u00e7in size dijital rehberimizi de veriyoruz.<\/p>\n<\/p>\n<p>&nbsp; &nbsp; &nbsp; &nbsp; &nbsp;Garden Kit GDO'suz tohumlar ve torf i\u00e7eren i\u00e7 mekan bah\u00e7e kitleri ve dayan\u0131kl\u0131 saks\u0131larla tamamlanm\u0131\u015ft\u0131r. Bu g\u00fczel bir hediyedir, ayn\u0131 zamanda gezegeni \u00f6nemseyenler ve \u00e7ocuklara do\u011fan\u0131n ham g\u00fczelli\u011fini \u00f6\u011fretmek i\u00e7in m\u00fckemmel bir bitki sever hediyesidir!<\/p>\n<p>D\u00fc\u015f\u00fcnceli bir hediye - muhte\u015fem g\u00fczelli\u011fi, renkli bitki dekorasyonu ve kullan\u0131m kolayl\u0131\u011f\u0131 ile evde yeti\u015ftirilen mini bonsai a\u011fac\u0131 bitki setini sevin, yoksa t\u00fcm bitki setinizi de\u011fi\u015ftiririz veya her kuru\u015funu iade ederiz. \u0130\u00e7 veya d\u0131\u015f mekanda bonsai a\u011fa\u00e7lar\u0131 dikin (rehberimizi takip edin) ve sonu\u00e7lar\u0131 seveceksiniz. \u015eimdi deneyin!<\/p>\n<p>M\u00fc\u015fterilerden gelen yorumlar&nbsp;<\/p>\n<p>Scott H.&nbsp;<\/p>\n<p>Seti k\u0131z\u0131m i\u00e7in hediye olarak ald\u0131m. Kendi Bonzai'sini yeti\u015ftiriyor olmas\u0131na bay\u0131l\u0131yor.<\/p>\n<\/p>\n<p>Keith S.<\/p>\n<p>Harika! Bu k\u00fc\u00e7\u00fck kit, 4 a\u011fa\u00e7 t\u00fcr\u00fc i\u00e7in 4 tohumla birlikte geliyor. B\u00fcy\u00fcmek i\u00e7in g\u00fczel bir ortam, lil cool saks\u0131lar, deniz yosunu g\u00fcbresi ve talimatlar. Buna bay\u0131lacaks\u0131n\u0131z. M\u00fckemmel fiyatl\u0131!<\/p>\n<\/p>\n<p>Jano<\/p>\n<p>\u0130yi fiyat, \u00e7ok iyi fiyat, nas\u0131l b\u00fcy\u00fcd\u00fcklerini seviyorum. Her \u015fey kutunun i\u00e7inde.<\/p>\n<\/p>\n<p>Suzypunkypunk<\/p>\n<p>Bu \u00e7ok e\u011flenceli ve \u00e7ok kolayd\u0131! Ben b\u00fcy\u00fck bir bitki merakl\u0131s\u0131y\u0131m ama \u00e7ocuklar\u0131m nadiren bu i\u015fe dahil olmak istiyor. \u0130lk defa bitki dikme konusunda ger\u00e7ekten heyecanland\u0131lar! Bu kiti kullanarak bir aile olarak \u00e7ok g\u00fczel zaman ge\u00e7irdik ve kendi bonsailerinin b\u00fcy\u00fcmeye ba\u015flad\u0131\u011f\u0131n\u0131 g\u00f6rmek i\u00e7in \u00e7ok heyecanl\u0131lar! Bunu \u00e7ocuklar\u0131mla yapmak i\u00e7in anneler g\u00fcn\u00fcne kadar bekledim ve d\u00fcr\u00fcst olmak gerekirse, bu sonsuza kadar de\u011fer verece\u011fimiz bir an\u0131 olacak. Kitte ekstra tohumlar da dahil olmak \u00fczere ihtiyac\u0131m\u0131z olan her \u015fey vard\u0131. Saks\u0131lar\u0131n kalitesi ve i\u00e7erdi\u011fi her \u015fey beni \u00e7ok heyecanland\u0131rd\u0131. Bu hafta sukulent ve kedi kiti almay\u0131 planl\u0131yorum \u00e7\u00fcnk\u00fc bu \u00e7ok harikayd\u0131!<\/p>\n<\/p>\n<p>Blake<\/p>\n<p>Buna bay\u0131ld\u0131m! Talimatlar\u0131 takip ettim ve \u015fu ana kadar 6 g\u00fcn i\u00e7inde resimdeki 1 ayl\u0131k olacak. \u00c7ok g\u00fczel ve daha da b\u00fcy\u00fcmesini g\u00f6rmek i\u00e7in sab\u0131rs\u0131zlan\u0131yorum! Di\u011fer 3 tohum t\u00fcr\u00fc b\u00fcy\u00fcmedi ve yanl\u0131\u015f yap\u0131p yapmad\u0131\u011f\u0131mdan emin de\u011filim, bu y\u00fczden daha fazla tohum al\u0131p almayaca\u011f\u0131m\u0131 g\u00f6rece\u011fim. Bunlar\u0131 arkada\u015flar\u0131ma veya aileme hediye edebilece\u011fimi ve gelecekte kendim i\u00e7in daha fazla sat\u0131n alabilece\u011fimi g\u00f6rebiliyorum.<span style=\"font-family: 'PingFang SC', 'Microsoft YaHei', sans-serif;font-size: 16px\"><\/span><\/p>\n<h3 style=\"font-size: 19px\"><strong>Giri\u015f:<\/strong><\/h3>\n<p>Bonsai yeti\u015ftirme sanat\u0131, bah\u00e7ecilik ve sanatsal ifadenin e\u015fsiz bir kar\u0131\u015f\u0131m\u0131n\u0131 sunarak y\u00fczy\u0131llard\u0131r merakl\u0131lar\u0131n\u0131 b\u00fcy\u00fclemi\u015ftir. Minyat\u00fcr a\u011fa\u00e7lar\u0131 yeti\u015ftirme ve \u015fekillendirme yolculu\u011funa \u00e7\u0131kmak isteyenler i\u00e7in Planters' Choice Bonsai Ba\u015flang\u0131\u00e7 Kiti cazip bir giri\u015f noktas\u0131 sunuyor. Bu kapsaml\u0131 kit, \"Planters' Choice Bonsai Ba\u015flang\u0131\u00e7 Kiti\" anahtar kelimesi etraf\u0131nda \u015fekillendirilmi\u015f, \u00f6d\u00fcllendirici bir bonsai maceras\u0131na ba\u015flamak i\u00e7in gereken t\u00fcm temel unsurlar\u0131 sa\u011flar.<\/p>\n<h3 style=\"font-size: 19px\"><strong>Planters Choice Bonsai Ba\u015flang\u0131\u00e7 Kiti'nin tan\u0131t\u0131m\u0131:<\/strong><\/h3>\n<p>The <strong><a href=\"https:\/\/www.garden-kit.com\/tr\/planters-choice-bonsai-starter-kit-cultivate-miniature-beauty-at-your-fingertips\/\">Yeti\u015ftiricilerin Se\u00e7imi Bonsai Ba\u015flang\u0131\u00e7 Seti<\/a><\/strong> bonsai d\u00fcnyas\u0131na a\u00e7\u0131lan bir kap\u0131 g\u00f6revi g\u00f6r\u00fcr ve \u00f6zenle se\u00e7ilmi\u015f bir ara\u00e7 ve malzeme koleksiyonu sunar. Hem yeni ba\u015flayanlar hem de merakl\u0131lar d\u00fc\u015f\u00fcn\u00fclerek tasarlanan bu kit, bonsai yeti\u015ftiricili\u011fi sanat\u0131na kusursuz bir giri\u015f sa\u011flar.<\/p>\n<h3 style=\"font-size: 19px\"><strong>Anahtar Bile\u015fenler:<\/strong><\/h3>\n<ul>\n<li>\n<p><strong>Bonsai A\u011fac\u0131 Se\u00e7imi:<\/strong> Her bonsai yolculu\u011funun kalbi a\u011fa\u00e7 t\u00fcrlerinin se\u00e7iminde yatar. Ekicilerin se\u00e7imi bonsai ba\u015flang\u0131\u00e7 kiti, farkl\u0131 tercihlere ve iklimlere uyacak \u015fekilde \u00f6zenle se\u00e7ilmi\u015f bir dizi bonsai tohumu veya fidan\u0131 i\u00e7erir.<\/p>\n<\/li>\n<li>\n<p><strong>Kaliteli Bonsai Saks\u0131lar\u0131:<\/strong> Bonsai a\u011fa\u00e7lar\u0131n\u0131n sa\u011fl\u0131\u011f\u0131 ve geli\u015fimi i\u00e7in uygun kaplar \u015fartt\u0131r. Kit, optimum k\u00f6k b\u00fcy\u00fcmesini destekleyen ve otantik bir estetik sa\u011flayan \u00f6zel olarak tasarlanm\u0131\u015f bonsai saks\u0131lar\u0131na sahiptir.<\/p>\n<\/li>\n<li>\n<p><strong>\u00d6zel Saks\u0131 Topra\u011f\u0131:<\/strong> Bonsai a\u011fa\u00e7lar\u0131 iyi drene olan toprak kar\u0131\u015f\u0131mlar\u0131nda geli\u015fir. Kit, sa\u011fl\u0131kl\u0131 b\u00fcy\u00fcme i\u00e7in gerekli besinleri korurken yeterli drenaj\u0131 sa\u011flamak \u00fczere form\u00fcle edilmi\u015f birinci s\u0131n\u0131f bonsai topra\u011f\u0131 i\u00e7erir.<\/p>\n<\/li>\n<li>\n<p><strong>Hassas Aletler:<\/strong> Budama makas\u0131, e\u011fitim teli ve di\u011fer aletler bonsai a\u011fa\u00e7lar\u0131n\u0131 \u015fekillendirmek ve e\u011fitmek i\u00e7in vazge\u00e7ilmezdir. Planters Choice bonsai ba\u015flang\u0131\u00e7 kiti, merakl\u0131lar\u0131n a\u011fa\u00e7lar\u0131n\u0131 hassas ve \u00f6zenli bir \u015fekilde \u015fekillendirmelerini sa\u011flayan y\u00fcksek kaliteli ara\u00e7lar sunar.<\/p>\n<\/li>\n<li>\n<p><strong>Kapsaml\u0131 E\u011fitim Materyali:<\/strong> Planters Choice bonsai ba\u015flang\u0131\u00e7 kitinin \u00f6nemli bir \u00f6zelli\u011fi de ayr\u0131nt\u0131l\u0131 e\u011fitim k\u0131lavuzudur. Bu k\u0131lavuz, sulama, budama, kablolama ve saks\u0131 de\u011fi\u015fimi gibi temel konular\u0131 ele alarak bonsai sanat\u0131n\u0131n gizemini ortadan kald\u0131r\u0131r. Yeni ba\u015flayanlar bu teknikleri g\u00fcvenle kullanabilirken, deneyimli merakl\u0131lar da becerilerini geli\u015ftirebilir.<\/p>\n<\/li>\n<li>\n<p><strong>Beslenme i\u00e7in G\u00fcbre:<\/strong> Bonsai a\u011fa\u00e7lar\u0131 optimum b\u00fcy\u00fcme i\u00e7in \u00f6zel beslenmeye ihtiya\u00e7 duyar. Kit, a\u011fa\u00e7lar\u0131n geli\u015fmek i\u00e7in ihtiya\u00e7 duyduklar\u0131 temel besinleri almalar\u0131n\u0131 sa\u011flayan bonsai'ye \u00f6zel g\u00fcbre i\u00e7erir.<\/p>\n<\/li>\n<\/ul>\n<h3 style=\"font-size: 19px\"><strong>Planters' Choice Bonsai Ba\u015flang\u0131\u00e7 Kitinin Faydalar\u0131:<\/strong><\/h3>\n<ul>\n<li>\n<p><strong>Kullan\u0131c\u0131 Dostu:<\/strong> Hem acemilere hem de deneyimli merakl\u0131lara y\u00f6nelik olarak tasarlanan ekicilerin se\u00e7imi bonsai ba\u015flang\u0131\u00e7 kiti, farkl\u0131 beceri seviyelerine uygun eri\u015filebilir bilgiler ve ara\u00e7lar sunar.<\/p>\n<\/li>\n<li>\n<p><strong>Kapsaml\u0131 \u00d6\u011frenme:<\/strong> Ayr\u0131nt\u0131l\u0131 e\u011fitim k\u0131lavuzu, bonsai sanat\u0131n\u0131 bir muamma olmaktan \u00e7\u0131kar\u0131p keyifli bir \u00f6\u011frenme deneyimine d\u00f6n\u00fc\u015ft\u00fcrerek bireylerin bu sanatta ustala\u015fmas\u0131n\u0131 sa\u011fl\u0131yor.<\/p>\n<\/li>\n<li>\n<p><strong>Sanatsal \u0130fade:<\/strong> Kit, kullan\u0131c\u0131lar\u0131n bonsai a\u011fa\u00e7lar\u0131n\u0131 dikkatli bir \u015fekilde \u015fekillendirerek ve bi\u00e7imlendirerek yarat\u0131c\u0131l\u0131klar\u0131n\u0131 ve sanatsal yeteneklerini ortaya \u00e7\u0131karmalar\u0131n\u0131 sa\u011flar.<\/p>\n<\/li>\n<li>\n<p><strong>Kalite G\u00fcvencesi:<\/strong> Planters' Choice markas\u0131 kalite ile e\u015f anlaml\u0131d\u0131r. Merakl\u0131lar, sa\u011flanan malzeme ve aletlerin dayan\u0131kl\u0131l\u0131k ve optimum sonu\u00e7lar i\u00e7in tasarland\u0131\u011f\u0131na g\u00fcvenebilirler.<\/p>\n<\/li>\n<li>\n<p><strong>\u0130deal Hediye:<\/strong> Planters Choice Bonsai Ba\u015flang\u0131\u00e7 Kiti, do\u011fa severler i\u00e7in d\u00fc\u015f\u00fcnceli ve ilgi \u00e7ekici bir hediye olup, rahatlama ve sanatsal ifadenin e\u015fsiz bir kar\u0131\u015f\u0131m\u0131n\u0131 sunar.<\/p>\n<\/li>\n<\/ul>\n<h3 style=\"font-size: 19px\">Saks\u0131 se\u00e7iminin avantajlar\u0131 bonsai ba\u015flang\u0131\u00e7 kiti<\/h3>\n<p>Planters Choice Bonsai Ba\u015flang\u0131\u00e7 Kiti, yeni ba\u015flayanlar i\u00e7in bonsai sanat\u0131na ba\u015flaman\u0131n harika bir yoludur. Bu kitin avantajlar\u0131ndan baz\u0131lar\u0131 \u015funlard\u0131r:<\/p>\n<p>Eksiksiz paket: Kit, bonsai saks\u0131s\u0131, toprak, budama makas\u0131 ve kapsaml\u0131 bir rehber kitap dahil olmak \u00fczere bonsai yeti\u015ftiricili\u011fine ba\u015flamak i\u00e7in ihtiyac\u0131n\u0131z olan her \u015feyle birlikte gelir.<\/p>\n<p>Y\u00fcksek kaliteli malzemeler: Kitte bulunan malzemeler y\u00fcksek kalitededir ve bonsai bitkinizin sa\u011fl\u0131kl\u0131 ve g\u00fc\u00e7l\u00fc b\u00fcy\u00fcmesini sa\u011flar.<\/p>\n<p>\u00c7ok y\u00f6nl\u00fcl\u00fck: Kit \u00e7ok y\u00f6nl\u00fcd\u00fcr, yani \u00e7ok \u00e7e\u015fitli bonsai t\u00fcrleri i\u00e7in uygundur.<\/p>\n<p>Kolay kullan\u0131m: Kit, bonsai yeti\u015ftiricili\u011fi konusunda \u00f6nceden deneyimi olmayan yeni ba\u015flayanlar i\u00e7in bile kullan\u0131c\u0131 dostu ve kullan\u0131m\u0131 kolayd\u0131r.<\/p>\n<p>Harika bir hediye fikri: Kit, bonsai merakl\u0131lar\u0131 veya bah\u00e7ecilikle ilgilenen herkes i\u00e7in harika bir hediye fikri olu\u015fturur.<\/p>\n<p>M\u00fc\u015fteri deste\u011fi: Planters' Choice markas\u0131 m\u00fckemmel m\u00fc\u015fteri deste\u011fi sunar, bu da ihtiyac\u0131n\u0131z oldu\u011funda yard\u0131m ve tavsiye alabilece\u011finiz anlam\u0131na gelir.<\/p>\n<h3 style=\"font-size: 19px\"><strong>Do\u011fa ile Ba\u011f Kurmak:<\/strong><\/h3>\n<p>Planters Choice Bonsai Ba\u015flang\u0131\u00e7 Kitinin en dikkat \u00e7ekici y\u00f6nlerinden biri, do\u011fayla daha derin bir ba\u011f kurmay\u0131 te\u015fvik etmesidir. Bireyler bonsai a\u011fa\u00e7lar\u0131na bakma yolculu\u011funa \u00e7\u0131kt\u0131klar\u0131nda, karma\u015f\u0131k b\u00fcy\u00fcme modellerini, yapraklardaki ince de\u011fi\u015fiklikleri ve a\u011fa\u00e7 ile \u00e7evresi aras\u0131ndaki simbiyotik ili\u015fkiyi g\u00f6zlemlemeye davet edilirler. Bu s\u00fcr\u00fckleyici deneyim, do\u011fal d\u00fcnyaya ili\u015fkin fark\u0131ndal\u0131\u011f\u0131n artmas\u0131n\u0131 ve canl\u0131 bir varl\u0131\u011f\u0131 beslemenin getirdi\u011fi fark\u0131ndal\u0131k duygusunu te\u015fvik etmektedir.<\/p>\n<h3 style=\"font-size: 19px\"><strong>Sab\u0131r ve D\u00fc\u015f\u00fcnme Yolculu\u011fu:<\/strong><\/h3>\n<p>Bonsai yeti\u015ftiricili\u011fi sadece bah\u00e7ecilik tekniklerinden ibaret de\u011fildir; sab\u0131r ve i\u00e7 g\u00f6zlem \u00fczerine bir derstir. Bir bonsai a\u011fac\u0131n\u0131n kademeli geli\u015fimi, ya\u015fam\u0131n kendi yolculu\u011funu yans\u0131t\u0131r. Merakl\u0131lar\u0131 a\u011fa\u00e7lar\u0131n\u0131 zaman i\u00e7inde dikkatle budad\u0131k\u00e7a, telle ba\u011flad\u0131k\u00e7a ve \u015fekillendirdik\u00e7e, kontrol ile do\u011fan\u0131n ak\u0131\u015f\u0131na b\u0131rakmak aras\u0131ndaki hassas dengeye dair derin bir anlay\u0131\u015f geli\u015ftirirler. Bu sanat formu, fark\u0131ndal\u0131\u011f\u0131 ve zaman\u0131n ge\u00e7i\u015finde bulunan g\u00fczelli\u011fin takdir edilmesini te\u015fvik eder.<\/p>\n<h3 style=\"font-size: 19px\"><strong>Ki\u015fiselle\u015ftirilmi\u015f \u0130fade:<\/strong><\/h3>\n<p>Planters Choice Bonsai Ba\u015flang\u0131\u00e7 Kiti ki\u015fisel ifade i\u00e7in bir tuval g\u00f6revi g\u00f6r\u00fcr. T\u0131pk\u0131 sanat\u00e7\u0131lar\u0131n duygular\u0131n\u0131 bir tuvale resmetmeleri gibi, bonsai merakl\u0131lar\u0131 da vizyonlar\u0131n\u0131 a\u011fa\u00e7lar\u0131n\u0131n fiziksel formuna yontarlar. Kit, s\u0131radan bir a\u011fac\u0131, bireyin yarat\u0131c\u0131 dokunu\u015funu benzersiz bir \u015fekilde yans\u0131tan canl\u0131 bir sanat eserine d\u00f6n\u00fc\u015ft\u00fcrmek i\u00e7in gerekli ara\u00e7lar\u0131 ve bilgiyi sa\u011flar.<\/p>\n<h3 style=\"font-size: 19px\"><strong>Ya\u015fam Boyu Beceri Olu\u015fturma:<\/strong><\/h3>\n<p>Bonsai yeti\u015ftiricili\u011fi, t\u0131pk\u0131 a\u011fa\u00e7lar\u0131n kendileri gibi zamanla geli\u015fen bir beceridir. Planters Choice Bonsai Ba\u015flang\u0131\u00e7 Kiti'nin sundu\u011fu rehberlikle, yeni ba\u015flayanlar s\u00fcrekli geli\u015fime y\u00f6nelik \u00f6d\u00fcllendirici bir yolculu\u011fa \u00e7\u0131kabilirler. Deneyim kazand\u0131k\u00e7a, ileri teknikleri deneyebilir, farkl\u0131 a\u011fa\u00e7 t\u00fcrlerini ke\u015ffedebilir ve kendi imza stillerini geli\u015ftirebilirler.<\/p>\n<h3 style=\"font-size: 19px\"><strong>Kal\u0131c\u0131 Bir Miras:<\/strong><\/h3>\n<p>Bonsai a\u011fa\u00e7lar\u0131 nesilleri a\u015fan kal\u0131c\u0131 bir mirasa sahiptir. Bu sanat formunun k\u00f6kleri eski geleneklere dayan\u0131r ve y\u00fczy\u0131llar boyunca k\u00fclt\u00fcrler aras\u0131nda aktar\u0131lm\u0131\u015ft\u0131r. Bonsai a\u011fa\u00e7lar\u0131 yeti\u015ftirerek, merakl\u0131lar bu miras\u0131n bir par\u00e7as\u0131 haline gelir ve bonsai sanat\u0131n\u0131n s\u00fcregelen anlat\u0131s\u0131na kendi benzersiz b\u00f6l\u00fcmlerini eklerler.<\/p>\n<p>Planters Choice Bonsai Ba\u015flang\u0131\u00e7 Kiti, bah\u00e7ecilik sanat\u0131n\u0131n b\u00fcy\u00fcleyici d\u00fcnyas\u0131n\u0131n kap\u0131lar\u0131n\u0131 a\u00e7\u0131yor. Titizlikle se\u00e7ilmi\u015f bile\u015fenleri, e\u011fitim kaynaklar\u0131 ve kullan\u0131c\u0131 dostu yakla\u015f\u0131m\u0131 ile bireyleri bonsai yeti\u015ftiricili\u011fi yolculu\u011funa \u00e7\u0131kmalar\u0131 i\u00e7in g\u00fc\u00e7lendirir. \u0130ster bitkilere merak\u0131 olan bir acemi ister yeni bir meydan okuma arayan deneyimli bir bah\u00e7\u0131van olun, bu kit kendi bonsai \u015faheserinizi beslemek ve \u015fekillendirmek i\u00e7in gerekli ara\u00e7lar\u0131 ve bilgiyi sunar.<\/p>","protected":false},"excerpt":{"rendered":"<p>Evde Yeti\u015ftirilen Bonsai A\u011fac\u0131 Seti \u2013 Premium Bonsai A\u011fac\u0131 Ba\u015flang\u0131\u00e7 Seti \u2013 4 \u00c7e\u015fit Tohum: Japon Ak\u00e7aa\u011fac\u0131, Kutsal \u0130ncir, Japon Ak\u00e7aa\u011fac\u0131. Privet, Cotoneaster \u2013 Kendi Bonsai A\u011fa\u00e7lar\u0131n\u0131z\u0131 Yeti\u015ftirin \u2013 Bah\u00e7\u0131vanlar i\u00e7in Babalar G\u00fcn\u00fc Hediyeleri<\/p>\n<p>Planters Choice Bonsai Ba\u015flang\u0131\u00e7 Seti, bir bonsai a\u011fac\u0131n\u0131n b\u00fcy\u00fcmesi ve bak\u0131m\u0131 i\u00e7in gereken her \u015feyi i\u00e7eren bir settir. D\u00f6rt t\u00fcr tohum, biyolojik olarak par\u00e7alanabilen saks\u0131lar, toprak diskleri, budama makas\u0131 ve sa\u011fl\u0131kl\u0131 bir bonsai a\u011fac\u0131n\u0131n nas\u0131l yeti\u015ftirilip bak\u0131m\u0131n\u0131n yap\u0131laca\u011f\u0131na dair ipu\u00e7lar\u0131 i\u00e7eren bir kullan\u0131m k\u0131lavuzu i\u00e7erir.<\/p><\/p>","protected":false},"featured_media":18041,"comment_status":"closed","ping_status":"closed","template":"","meta":[],"product_cat":[40],"product_tag":[104,214,41,103,215,45,846,852,844,848],"acf":[],"_links":{"self":[{"href":"https:\/\/www.garden-kit.com\/tr\/wp-json\/wp\/v2\/product\/1438"}],"collection":[{"href":"https:\/\/www.garden-kit.com\/tr\/wp-json\/wp\/v2\/product"}],"about":[{"href":"https:\/\/www.garden-kit.com\/tr\/wp-json\/wp\/v2\/types\/product"}],"replies":[{"embeddable":true,"href":"https:\/\/www.garden-kit.com\/tr\/wp-json\/wp\/v2\/comments?post=1438"}],"wp:featuredmedia":[{"embeddable":true,"href":"https:\/\/www.garden-kit.com\/tr\/wp-json\/wp\/v2\/media\/18041"}],"wp:attachment":[{"href":"https:\/\/www.garden-kit.com\/tr\/wp-json\/wp\/v2\/media?parent=1438"}],"wp:term":[{"taxonomy":"product_cat","embeddable":true,"href":"https:\/\/www.garden-kit.com\/tr\/wp-json\/wp\/v2\/product_cat?post=1438"},{"taxonomy":"product_tag","embeddable":true,"href":"https:\/\/www.garden-kit.com\/tr\/wp-json\/wp\/v2\/product_tag?post=1438"}],"curies":[{"name":"wp","href":"https:\/\/api.w.org\/{rel}","templated":true}]}}