{"id":1467,"date":"2022-08-23T23:36:38","date_gmt":"2022-08-23T15:36:38","guid":{"rendered":"http:\/\/www.garden-kit.com\/product\/easy-bonsai-starter-kit\/"},"modified":"2023-04-11T17:04:01","modified_gmt":"2023-04-11T09:04:01","slug":"easy-bonsai-starter-kit-2-2","status":"publish","type":"product","link":"https:\/\/www.garden-kit.com\/tr\/product\/easy-bonsai-starter-kit-2-2\/","title":{"rendered":"Kolay Bonsai Ba\u015flang\u0131\u00e7 Seti"},"content":{"rendered":"<h3 style=\"font-size: 19px\"><span style=\"color: #000000;font-family: arial, helvetica, sans-serif\"><strong><strong>Genel Bak\u0131\u015f<\/strong><\/strong><\/span><\/h3>\n<table style=\"border-collapse: collapse;width: 100%\">\n<tbody>\n<tr>\n<td width=\"298\"><span style=\"color: #000000;font-family: arial, helvetica, sans-serif\">\u00dcr\u00fcn Bak\u0131m Talimatlar\u0131<\/span><\/td>\n<td width=\"298\"><span style=\"color: #000000;font-family: arial, helvetica, sans-serif\">Mevcut<\/span><\/td>\n<\/tr>\n<tr>\n<td width=\"298\"><span style=\"color: #000000;font-family: arial, helvetica, sans-serif\">Bitki \u00dcr\u00fcn Tipi<\/span><\/td>\n<td width=\"298\"><span style=\"color: #000000;font-family: arial, helvetica, sans-serif\">Bonsai a\u011fac\u0131<\/span><\/td>\n<\/tr>\n<tr>\n<td width=\"298\"><span style=\"color: #000000;font-family: arial, helvetica, sans-serif\">\u00d6zel \u00f6zellik<\/span><\/td>\n<td width=\"298\"><span style=\"color: #000000;font-family: arial, helvetica, sans-serif\">Kapal\u0131-A\u00e7\u0131k Yeti\u015ftirme<\/span><\/td>\n<\/tr>\n<tr>\n<td width=\"298\"><span style=\"color: #000000;font-family: arial, helvetica, sans-serif\">Marka<\/span><\/td>\n<td width=\"298\"><span style=\"color: #000000;font-family: arial, helvetica, sans-serif\">Bah\u00e7e Seti<\/span><\/td>\n<\/tr>\n<tr>\n<td width=\"298\"><span style=\"color: #000000;font-family: arial, helvetica, sans-serif\">Anavatan<\/span><\/td>\n<td width=\"298\"><span style=\"color: #000000;font-family: arial, helvetica, sans-serif\">Fujian, \u00c7in<\/span><\/td>\n<\/tr>\n<tr>\n<td width=\"298\"><span style=\"color: #000000;font-family: arial, helvetica, sans-serif\">ODM\/OEM<\/span><\/td>\n<td width=\"298\"><span style=\"color: #000000;font-family: arial, helvetica, sans-serif\">Mevcut<\/span><\/td>\n<\/tr>\n<tr>\n<td width=\"298\"><span style=\"color: #000000;font-family: arial, helvetica, sans-serif\">\u00d6zelle\u015ftirilmi\u015f sipari\u015f i\u00e7in MOQ<\/span><\/td>\n<td width=\"298\"><span style=\"color: #000000;font-family: arial, helvetica, sans-serif\">3000 adet<\/span><\/td>\n<\/tr>\n<tr>\n<td width=\"298\"><span style=\"color: #000000;font-family: arial, helvetica, sans-serif\">\u00d6rnek maliyet<\/span><\/td>\n<td width=\"298\"><span style=\"color: #000000;font-family: arial, helvetica, sans-serif\">US$400\/\u00d6rnek, bizden sipari\u015f verdikten sonra tam iade<\/span><\/td>\n<\/tr>\n<\/tbody>\n<\/table>\n<p>&nbsp;<\/p>\n<p><span style=\"color: #000000;font-family: arial, helvetica, sans-serif\">Haz\u0131rlanm\u0131\u015f 32 Par\u00e7a Bonsai Yeti\u015ftirme Kiti: \u00c7ok kolay - tohumdan bir bonsai a\u011fac\u0131 yeti\u015ftirmenin tahminlerini ortadan kald\u0131r\u0131yor, her ad\u0131mda size rehberlik ediyoruz. Bonsai keyfini kendinizin veya sevdiklerinizin hayat\u0131na ta\u015f\u0131mak i\u00e7in ihtiyac\u0131n\u0131z olan her \u015fey g\u00fczel bir ah\u015fap hediye kutusunda. Dikin!<\/span><\/p>\n<p>&nbsp;<\/p>\n<h3 style=\"font-size: 19px\"><span style=\"color: #000000;font-family: arial, helvetica, sans-serif\"><strong><strong>A\u015fa\u011f\u0131daki \u00f6\u011feler kit i\u00e7erisinde yer almaktad\u0131r.<\/strong><\/strong><\/span><\/h3>\n<p><span style=\"color: #000000;font-family: arial, helvetica, sans-serif\">5 \u00c7uval bezi saks\u0131 - Neredeyse do\u011fal el yap\u0131m\u0131 pamuk ve j\u00fct dokuma saks\u0131lar<\/span><\/p>\n<p><span style=\"color: #000000;font-family: arial, helvetica, sans-serif\">5 adet \u00f6nceden g\u00fcbrelenmi\u015f toprak peleti - Saks\u0131 topra\u011f\u0131 olarak kullan\u0131l\u0131r, \u00f6zellikle Ev-Bah\u00e7e ama\u00e7l\u0131d\u0131r ve farkl\u0131 a\u011f\u0131rl\u0131klarda ve farkl\u0131 boyutlarda mevcuttur. S\u0131k\u0131\u015ft\u0131r\u0131lm\u0131\u015f disk gerekli hacme geni\u015fleyene kadar \u0131slat\u0131n veya biraz su ekleyin&nbsp;<\/span><\/p>\n<p><span style=\"color: #000000;font-family: arial, helvetica, sans-serif\">5 taze kalan tohum paketi - Vakumla paketlenmi\u015ftir ve tohumlar\u0131n \u00f6mr\u00fcn\u00fc ve \u00e7imlenme oran\u0131n\u0131 b\u00fcy\u00fck \u00f6l\u00e7\u00fcde art\u0131rabilen 100% hava bariyerini garanti edebilir.&nbsp;<\/span><\/p>\n<p><span style=\"color: #000000;font-family: arial, helvetica, sans-serif\">5 bitki i\u015faretleyici - 100% \u00e7evre dostu malzemelerden yap\u0131lm\u0131\u015ft\u0131r.<\/span><\/p>\n<p><span style=\"color: #000000;font-family: arial, helvetica, sans-serif\">3 bah\u00e7e aleti - Bunlar, tohumlardan bonsai dikmeniz gerekti\u011finde sizin i\u00e7in haz\u0131rd\u0131r. Ve ayr\u0131ca bonsai fidelerini daha b\u00fcy\u00fck saks\u0131lardan naklederken.<\/span><\/p>\n<p><span style=\"color: #000000;font-family: arial, helvetica, sans-serif\">1 c\u0131mb\u0131z - Tohum paketlerinden tohumlar\u0131 alman\u0131z gerekti\u011finde bu sizin i\u00e7in haz\u0131rd\u0131r.<\/span><\/p>\n<p><span style=\"color: #000000;font-family: arial, helvetica, sans-serif\">1 d\u00fczeltme makas\u0131 - Bu, sevimli bonsainize iyi bir \u015fekil vermeniz i\u00e7in haz\u0131rd\u0131r.<\/span><\/p>\n<p><span style=\"color: #000000;font-family: arial, helvetica, sans-serif\">1 ad\u0131m ad\u0131m talimat - Bu talimat kitab\u0131n\u0131 kullanarak g\u00fczel bonsainizi nas\u0131l yeti\u015ftirece\u011finize dair cevaplar bulacaks\u0131n\u0131z.<\/span><\/p>\n<p>&nbsp;<\/p>\n<p><span style=\"color: #000000;font-family: arial, helvetica, sans-serif\">Eksiksiz Bir Bonsai Ba\u015flang\u0131\u00e7 Kiti - Garden Kit'in DIY Bonsai A\u011fa\u00e7 Kiti, kendi \u00f6zel mini a\u011fac\u0131n\u0131z\u0131 yeti\u015ftirmek i\u00e7in ihtiyac\u0131n\u0131z olan her \u015feyi i\u00e7erir<\/span><\/p>\n<p><span style=\"color: #000000;font-family: arial, helvetica, sans-serif\">5 \u00c7e\u015fit Bonsai tohumu - E\u011frelti A\u011fac\u0131 (Jacaranda) \u3001Bazilya G\u00fcla\u011fac\u0131 (Jacaranda Mimosifolia) \u3001Kolorado Mavi Ladini \uff08Picea Pungens Glauca San Juan\uff09 \u3001Siyah Ladin \uff08Picea Mariana\uff09 \u3001Alev A\u011fac\u0131 \uff08Delonix Regia\uff09<\/span><\/p>\n<p><span style=\"font-family: arial, helvetica, sans-serif\"><img decoding=\"async\" src=\"https:\/\/data.adwebcloud.com\/public\/material\/2206293ihquj\/product\/imageFile_1663664041276.jpg\" alt=\"masa\" width=\"100%\" title=\"\"><\/span><\/p>\n<p><span style=\"font-family: arial, helvetica, sans-serif\">Al\u0131\u015f\u0131lmad\u0131k bir hediye olarak - i\u00e7 mekanda yeti\u015ftirmek sadece bir zevktir! Bonsai kitleri her durum i\u00e7in harika bir hediyedir - do\u011fum g\u00fcnleri, Anneler G\u00fcn\u00fc, Noel ve daha fazlas\u0131. Kad\u0131nlar ve erkekler i\u00e7in uygundur<\/span><\/p>\n<p><span style=\"font-family: arial, helvetica, sans-serif\">Yeti\u015ftirmesi kolay - bonsai a\u011fa\u00e7lar\u0131n\u0131n \u00e7imlenmesi zor olabilir. Tohumlar\u0131m\u0131z y\u00fcksek \u00e7imlenme oran\u0131na sahip olsa da, ba\u015far\u0131 \u015fans\u0131n\u0131z\u0131 art\u0131rmak i\u00e7in ekstra tohumlar ekledik<\/span><\/p>\n<h3 style=\"font-size: 19px\"><span style=\"font-family: arial, helvetica, sans-serif\"><strong><span style=\"font-size: 24px\"><span style=\"font-size: 18px\">Dikkat<\/span> - si\u0307zi\u0307n i\u0307\u00e7i\u0307n profesyonel \u00f6zel \u00e7ali\u015fma sunuyoruz, y\u00fczlerce perakendeci\u0307ye hi\u0307zmet verdi\u0307k<\/span><\/strong><\/span><\/h3>\n<h3 style=\"font-size: 19px\"><span style=\"color: #000000;font-family: arial, helvetica, sans-serif\"><strong>I\u0307HTI\u0307YACINIZ OLAN HER \u015eEY TEK BI\u0307R BA\u015eLANGI\u00c7 KI\u0307TI\u0307NDE<\/strong><\/span><\/h3>\n<h3 style=\"font-size: 19px\"><span style=\"font-family: arial, helvetica, sans-serif\">BONSAI\u0307 ALET KI\u0307TI\u0307<\/span><\/h3>\n<p><span style=\"font-family: arial, helvetica, sans-serif\">\u00d6zel, y\u00fcksek kaliteli Bonsai bah\u00e7e aletleri \u015funlar\u0131 i\u00e7erir:<\/span><\/p>\n<ul>\n<li style=\"list-style-type: disc\"><span style=\"font-family: arial, helvetica, sans-serif\">Ma\u00e7a<\/span><\/li>\n<li style=\"list-style-type: disc\"><span style=\"font-family: arial, helvetica, sans-serif\">Dikim K\u00fcre\u011fi<\/span><\/li>\n<li style=\"list-style-type: disc\"><span style=\"font-family: arial, helvetica, sans-serif\">\u00c7atal<\/span><\/li>\n<li style=\"list-style-type: disc\"><span style=\"font-family: arial, helvetica, sans-serif\">Budama Makas\u0131<\/span><\/li>\n<li style=\"list-style-type: disc\"><span style=\"font-family: arial, helvetica, sans-serif\">C\u0131mb\u0131z<\/span><\/li>\n<\/ul>\n<h3 style=\"font-size: 19px\"><span style=\"font-family: arial, helvetica, sans-serif\">TOHUMLAR<\/span><\/h3>\n<p><span style=\"font-family: arial, helvetica, sans-serif\">5 farkl\u0131 bitki yeti\u015ftirmek i\u00e7in 5 \u00e7e\u015fit Bonsai tohumu. Tohumlar, maksimum \u00e7imlenmeyi sa\u011flamak i\u00e7in neme dayan\u0131kl\u0131 tohum \u015fi\u015felerinde size gelir.<\/span><\/p>\n<h3 style=\"font-size: 19px\"><span style=\"font-family: arial, helvetica, sans-serif\">\u00c7UVAL BEZI SAKSILAR<\/span><\/h3>\n<p><span style=\"font-family: arial, helvetica, sans-serif\">5 \u00c7uval bezi saks\u0131lar tohumlar\u0131n\u0131z\u0131 ekmeyi ve ard\u0131ndan saks\u0131lara yeniden ekmeyi kolayla\u015ft\u0131r\u0131r.<\/span><\/p>\n<p><span style=\"font-family: arial, helvetica, sans-serif\">Tohumlar \u00e7imlenip birka\u00e7 santim y\u00fcksekli\u011fe ula\u015ft\u0131\u011f\u0131nda, \u00e7uval bezi saks\u0131larla birlikte kal\u0131c\u0131 saks\u0131lar\u0131na ekebilirsiniz.<\/span><\/p>\n<h3 style=\"font-size: 19px\"><span style=\"font-family: arial, helvetica, sans-serif\">GENI\u015eLETILEBILIR TOHUM BA\u015eLATICI TOPRAK DISKLERI<\/span><\/h3>\n<p><span style=\"font-family: arial, helvetica, sans-serif\">Bonsai a\u011fa\u00e7lar\u0131n\u0131z\u0131 yeti\u015ftirmenin en kolay ve en verimli yolu tohumdan elde etmektir.<\/span><\/p>\n<p><span style=\"font-family: arial, helvetica, sans-serif\">Basit talimatlar\u0131 izleyin ve ortaya \u00e7\u0131kan sonu\u00e7lar\u0131n tad\u0131n\u0131 \u00e7\u0131kar\u0131n.<\/span><\/p>\n<p><span style=\"font-family: arial, helvetica, sans-serif\">Bu sistem \u00e7uval bezi saks\u0131larla birlikte konteynerinize veya saks\u0131n\u0131za \u015foksuz nakil sa\u011flar.<\/span><\/p>\n<h3 style=\"font-size: 19px\"><span style=\"font-family: arial, helvetica, sans-serif\">BI\u0307TKI\u0307 I\u0307\u015eARETLERI\u0307<\/span><\/h3>\n<p><span style=\"font-family: arial, helvetica, sans-serif\">5 \u00c7ekici ve okunmas\u0131 kolay bitki etiketleri sayesinde hangi tohumun nereye ekildi\u011fini her zaman bileceksiniz.<\/span><\/p>\n<p><span style=\"font-family: arial, helvetica, sans-serif\">Bitkileriniz i\u00e7in m\u00fckemmel boyuttad\u0131rlar ve saks\u0131da \u00e7ok fazla yer kaplamazlar, tohumlar\u0131n \u00e7imlenmesi i\u00e7in bolca alan b\u0131rak\u0131rlar.<\/span><\/p>\n<p><span style=\"font-family: arial, helvetica, sans-serif\">T \u015feklindeki tasar\u0131m etiketi topra\u011fa yerle\u015ftirildi\u011finde bitkinin k\u00f6klerine zarar vermeyecektir.<\/span><\/p>\n<h3 style=\"font-size: 19px\"><span style=\"font-family: arial, helvetica, sans-serif\">AH\u015eAP KUTU<\/span><\/h3>\n<p><span style=\"font-family: arial, helvetica, sans-serif\">Bu kullan\u0131\u015fl\u0131 ve \u00e7ok estetik kutu, t\u00fcm kiti m\u00fckemmel bir hediyeye d\u00f6n\u00fc\u015ft\u00fcr\u00fcyor. Sadece g\u00fczel de\u011fil, ayn\u0131 zamanda kullan\u0131\u015fl\u0131 da. Tohumlar\u0131 \u00e7imlendirirken \u00e7uval bezi saks\u0131lar\u0131n\u0131z\u0131 tutmak i\u00e7in tasarlanm\u0131\u015ft\u0131r ve daha sonra onlar\u0131 kal\u0131c\u0131 evlerine aktard\u0131\u011f\u0131n\u0131zda, kutuyu evinizin etraf\u0131nda her t\u00fcrl\u00fc ama\u00e7 i\u00e7in kullanabilirsiniz.<\/span><\/p><\/p>","protected":false},"excerpt":{"rendered":"<p>Benzersiz Japon Bonsai A\u011fa\u00e7lar\u0131, Bonsai Tohumlar\u0131, Aletler ve Ekicilerle Bitki B\u00fcy\u00fctmek i\u00e7in Komple \u0130\u00e7 Mekan Ba\u015flang\u0131\u00e7 Seti - Kad\u0131nlar ve Erkekler i\u00e7in Bah\u00e7ecilik Hediyeleri<\/p>","protected":false},"featured_media":13946,"comment_status":"closed","ping_status":"closed","template":"","meta":[],"product_cat":[40],"product_tag":[104,41,49,105,169,106],"acf":[],"_links":{"self":[{"href":"https:\/\/www.garden-kit.com\/tr\/wp-json\/wp\/v2\/product\/1467"}],"collection":[{"href":"https:\/\/www.garden-kit.com\/tr\/wp-json\/wp\/v2\/product"}],"about":[{"href":"https:\/\/www.garden-kit.com\/tr\/wp-json\/wp\/v2\/types\/product"}],"replies":[{"embeddable":true,"href":"https:\/\/www.garden-kit.com\/tr\/wp-json\/wp\/v2\/comments?post=1467"}],"wp:featuredmedia":[{"embeddable":true,"href":"https:\/\/www.garden-kit.com\/tr\/wp-json\/wp\/v2\/media\/13946"}],"wp:attachment":[{"href":"https:\/\/www.garden-kit.com\/tr\/wp-json\/wp\/v2\/media?parent=1467"}],"wp:term":[{"taxonomy":"product_cat","embeddable":true,"href":"https:\/\/www.garden-kit.com\/tr\/wp-json\/wp\/v2\/product_cat?post=1467"},{"taxonomy":"product_tag","embeddable":true,"href":"https:\/\/www.garden-kit.com\/tr\/wp-json\/wp\/v2\/product_tag?post=1467"}],"curies":[{"name":"wp","href":"https:\/\/api.w.org\/{rel}","templated":true}]}}