{"id":1476,"date":"2022-08-23T23:37:39","date_gmt":"2022-08-23T15:37:39","guid":{"rendered":"http:\/\/www.garden-kit.com\/product\/indoor-herb-starter-kit\/"},"modified":"2023-03-31T16:35:11","modified_gmt":"2023-03-31T08:35:11","slug":"indoor-herb-starter-kit","status":"publish","type":"product","link":"https:\/\/www.garden-kit.com\/tr\/product\/indoor-herb-starter-kit\/","title":{"rendered":"\u0130\u00e7 Mekan Bitki Ba\u015flang\u0131\u00e7 Kiti"},"content":{"rendered":"<p style=\"line-height: 1.5\"><span style=\"font-family: 'PingFang SC', 'Microsoft YaHei', sans-serif\">\u0130\u00e7 Mekan Bitki Ba\u015flang\u0131\u00e7 Kiti<\/span><\/p>\n<p style=\"line-height: 1.5\"><span style=\"font-family: 'PingFang SC', 'Microsoft YaHei', sans-serif\">Kad\u0131nlar ve Erkekler i\u00e7in Benzersiz Bah\u00e7ecilik Hediyeleri A\u015f\u00e7\u0131 - Mutfak Pencere Yeti\u015ftirme Seti + 9 Bitkiyi Kolayca Yeti\u015ftirme K\u0131lavuzu - Yemek Pi\u015firmek i\u00e7in En S\u0131rad\u0131\u015f\u0131 Do\u011fum G\u00fcn\u00fc Hediyesi <\/span><br \/><span style=\"font-family: 'PingFang SC', 'Microsoft YaHei', sans-serif\">Taze otlar\u0131n aromas\u0131n\u0131 a\u00e7\u0131\u011fa \u00e7\u0131karman\u0131n genellikle \u00fc\u00e7 yolu vard\u0131r: do\u011frama, ovalama ve \u00f6\u011f\u00fctme ve \u0131s\u0131tma. Sert otlar aromalar\u0131n\u0131 a\u00e7\u0131\u011fa \u00e7\u0131karmak i\u00e7in \u0131s\u0131t\u0131l\u0131rken, yumu\u015fak otlar en son eklenir.<\/span><br \/><span style=\"font-family: 'PingFang SC', 'Microsoft YaHei', sans-serif\">Ko\u015fullar\u0131n\u0131z varsa ve evde s\u0131k s\u0131k yemek yapan \u00f6\u011frencilerseniz, evde baz\u0131 otlar yeti\u015ftirmeniz ve bunlar\u0131 giderken kullanman\u0131z \u00f6nerilir. Fesle\u011fen, nane ve biberiyenin beslenmesi daha kolayd\u0131r, b\u00f6ylece eve her gitti\u011finizde s\u00fcpermarketten \u00e7ok fazla sat\u0131n almak zorunda kalmazs\u0131n\u0131z. Sadece biraz kullan\u0131n, hepsini kullanam\u0131yorsan\u0131z y\u0131kamay\u0131n, nemi emmesi i\u00e7in mutfak ka\u011f\u0131d\u0131yla hafif\u00e7e bast\u0131r\u0131n, ard\u0131ndan temiz mutfak ka\u011f\u0131d\u0131yla sar\u0131n ve gizli bir yiyecek torbas\u0131na koyun, buzdolab\u0131nda saklay\u0131n, yakla\u015f\u0131k 1-2 hafta saklanabilir<\/span><\/p>\n<h3 style=\"line-height: 1.5;font-size: 19px\"><span style=\"font-family: 'PingFang SC', 'Microsoft YaHei', sans-serif;font-size: 16px\">Genel Bak\u0131\u015f<\/span><\/h3>\n<table style=\"border-collapse: collapse;width: 100%;height: 300px\">\n<tbody>\n<tr style=\"height: 44px\">\n<td style=\"width: 47.3101%;height: 44px\" width=\"298\">\n<pre><span style=\"font-family: 'PingFang SC', 'Microsoft YaHei', sans-serif;font-size: 16px\">\u00dcr\u00fcn Bak\u0131m Talimatlar\u0131<\/span><\/pre>\n<\/td>\n<td style=\"width: 52.6899%;height: 44px\" width=\"298\">\n<pre><span style=\"font-family: 'PingFang SC', 'Microsoft YaHei', sans-serif;font-size: 16px\">Mevcut<\/span><\/pre>\n<\/td>\n<\/tr>\n<tr style=\"height: 44px\">\n<td style=\"width: 47.3101%;height: 44px\" width=\"298\">\n<pre><span style=\"font-family: 'PingFang SC', 'Microsoft YaHei', sans-serif;font-size: 16px\">Bitki \u00dcr\u00fcn Tipi<\/span><\/pre>\n<\/td>\n<td style=\"width: 52.6899%;height: 44px\" width=\"298\">\n<pre><span style=\"font-family: 'PingFang SC', 'Microsoft YaHei', sans-serif;font-size: 16px\">Otlar<\/span><\/pre>\n<\/td>\n<\/tr>\n<tr style=\"height: 44px\">\n<td style=\"width: 47.3101%;height: 44px\" width=\"298\">\n<pre><span style=\"font-family: 'PingFang SC', 'Microsoft YaHei', sans-serif;font-size: 16px\">\u00d6zel \u00f6zellik<\/span><\/pre>\n<\/td>\n<td style=\"width: 52.6899%;height: 44px\" width=\"298\">\n<pre><span style=\"font-family: 'PingFang SC', 'Microsoft YaHei', sans-serif;font-size: 16px\">Kapal\u0131-A\u00e7\u0131k Yeti\u015ftirme<\/span><\/pre>\n<\/td>\n<\/tr>\n<tr style=\"height: 44px\">\n<td style=\"width: 47.3101%;height: 44px\" width=\"298\">\n<pre><span style=\"font-family: 'PingFang SC', 'Microsoft YaHei', sans-serif;font-size: 16px\">Marka<\/span><\/pre>\n<\/td>\n<td style=\"width: 52.6899%;height: 44px\" width=\"298\">\n<pre><span style=\"font-family: 'PingFang SC', 'Microsoft YaHei', sans-serif;font-size: 16px\">Bah\u00e7e Seti<\/span><\/pre>\n<\/td>\n<\/tr>\n<tr style=\"height: 44px\">\n<td style=\"width: 47.3101%;height: 44px\" width=\"298\">\n<pre><span style=\"font-family: 'PingFang SC', 'Microsoft YaHei', sans-serif;font-size: 16px\">Anavatan<\/span><\/pre>\n<\/td>\n<td style=\"width: 52.6899%;height: 44px\" width=\"298\">\n<pre><span style=\"font-family: 'PingFang SC', 'Microsoft YaHei', sans-serif;font-size: 16px\">Fujian, \u00c7in<\/span><\/pre>\n<\/td>\n<\/tr>\n<tr style=\"height: 44px\">\n<td style=\"width: 47.3101%;height: 44px\" width=\"298\">\n<pre><span style=\"font-family: 'PingFang SC', 'Microsoft YaHei', sans-serif;font-size: 16px\">ODM\/OEM<\/span><\/pre>\n<\/td>\n<td style=\"width: 52.6899%;height: 44px\" width=\"298\">\n<pre><span style=\"font-family: 'PingFang SC', 'Microsoft YaHei', sans-serif;font-size: 16px\">Mevcut<\/span><\/pre>\n<\/td>\n<\/tr>\n<tr style=\"height: 44px\">\n<td style=\"width: 47.3101%;height: 44px\" width=\"298\">\n<pre><span style=\"font-family: 'PingFang SC', 'Microsoft YaHei', sans-serif;font-size: 16px\">\u00d6zelle\u015ftirilmi\u015f sipari\u015f i\u00e7in MOQ<\/span><\/pre>\n<\/td>\n<td style=\"width: 52.6899%;height: 44px\" width=\"298\">\n<pre><span style=\"font-family: 'PingFang SC', 'Microsoft YaHei', sans-serif;font-size: 16px\">3000 adet<\/span><\/pre>\n<\/td>\n<\/tr>\n<tr style=\"height: 44px\">\n<td style=\"width: 47.3101%;height: 44px\" width=\"298\">\n<pre><span style=\"font-family: 'PingFang SC', 'Microsoft YaHei', sans-serif;font-size: 16px\">\u00d6rnek maliyet<\/span><\/pre>\n<\/td>\n<td style=\"width: 52.6899%;height: 44px\" width=\"298\">\n<pre><span style=\"font-family: 'PingFang SC', 'Microsoft YaHei', sans-serif;font-size: 16px\">US$400\/\u00d6rnek, bizden sipari\u015f verdikten sonra tam iade<\/span><\/pre>\n<\/td>\n<\/tr>\n<\/tbody>\n<\/table>\n<p style=\"line-height: 1.5\"><span style=\"font-family: 'PingFang SC', 'Microsoft YaHei', sans-serif\">\u015eifal\u0131 bitki olarak da bilinen vanilya, \u015fifal\u0131 bitkiler ve baharat bitkilerinin ortak \u00f6zelliklerine sahip bir bitki grubudur. D\u00fcnyada lavanta, biberiye, kekik, ageratum, citronella, nane, fesle\u011fen ve di\u011fer \u00fcnl\u00fc \u00e7e\u015fitleri de dahil olmak \u00fczere 3.000'den fazla t\u00fcr\u00fc vard\u0131r. Aile ekimi, aile \u00fcyeleri, ebeveynler ve \u00e7ocuklar\u0131n birlikte yapmalar\u0131 i\u00e7in uygun, e\u011flenceli bir ya\u015fam bi\u00e7imidir!<\/span><\/p>\n<p style=\"line-height: 1.5\">\n<p style=\"line-height: 1.5\"><span style=\"font-family: 'PingFang SC', 'Microsoft YaHei', sans-serif\">Haz\u0131rlanm\u0131\u015f 34 Par\u00e7a \u0130\u00e7 Mekan Bitki Ba\u015flang\u0131\u00e7 Seti: Kendinizin veya sevdi\u011finiz birinin hayat\u0131na lezzetli otlar yeti\u015ftirmenin keyfini katmak i\u00e7in ihtiyac\u0131n\u0131z olan her \u015fey. \u00c7ok basit - tohumdan bitki yeti\u015ftirme konusundaki tahminlerimiz, her ad\u0131mda size rehberlik ediyor. Dikin!<\/span><\/p>\n<ul>\n<li><span style=\"font-family: 'PingFang SC', 'Microsoft YaHei', sans-serif\">A\u015fa\u011f\u0131daki \u00f6\u011feler kit i\u00e7erisinde yer almaktad\u0131r.<\/span><br \/><span style=\"font-family: 'PingFang SC', 'Microsoft YaHei', sans-serif\">9 adet bambu elyaf saks\u0131<\/span><br \/><span style=\"font-family: 'PingFang SC', 'Microsoft YaHei', sans-serif\">3 \u00f6nceden g\u00fcbrelenmi\u015f toprak dis<\/span><br \/><span style=\"font-family: 'PingFang SC', 'Microsoft YaHei', sans-serif\">9 adet taze kalan tohum paketi<\/span><br \/><span style=\"font-family: 'PingFang SC', 'Microsoft YaHei', sans-serif\">9 adet bambu bitki belirteci<\/span><br \/><span style=\"font-family: 'PingFang SC', 'Microsoft YaHei', sans-serif\">1 Ad\u0131m ad\u0131m ekim k\u0131lavuzu<\/span><br \/><span style=\"font-family: 'PingFang SC', 'Microsoft YaHei', sans-serif\">1 adet \u00f6zelle\u015ftirilmi\u015f hediye kutusu<\/span><\/li>\n<\/ul>\n<p style=\"line-height: 1.5\"><span style=\"font-family: 'PingFang SC', 'Microsoft YaHei', sans-serif\">Saks\u0131: 9 adet yeniden kullan\u0131labilir saks\u0131 - fideler i\u00e7in do\u011fru boyutta, geni\u015f drenaj ve yenilik\u00e7i damlama tepsileri. Tasarruf edin ve yeniden kullan\u0131n.<\/span><\/p>\n<p style=\"line-height: 1.5\"><span style=\"font-family: 'PingFang SC', 'Microsoft YaHei', sans-serif\">Besleyin: Besin a\u00e7\u0131s\u0131ndan zengin 3 toprak diski - su ekleyin ve orijinal boyutlar\u0131n\u0131n 6-8 kat\u0131na kadar \u015fi\u015feceklerdir. \u00d6n g\u00fcbreleme.<\/span><\/p>\n<p style=\"line-height: 1.5\"><span style=\"font-family: 'PingFang SC', 'Microsoft YaHei', sans-serif\">Grow It: 9 Paket Premium Tohum - 9 farkl\u0131 bitki i\u00e7erir: dereotu, fesle\u011fen, frenk so\u011fan\u0131, kekik, maydanoz, kekik, ki\u015fni\u015f, ada\u00e7ay\u0131 ve hardal. T\u00fcm tohumlar en y\u00fcksek \u00e7imlenme oranlar\u0131 i\u00e7in test edilmi\u015ftir.<\/span><\/p>\n<p style=\"line-height: 1.5\"><span style=\"font-family: 'PingFang SC', 'Microsoft YaHei', sans-serif\">\u0130\u015faretleyin: 9 Bambu \u0130\u015faretleyici - \u0130\u015faretleyiciler, fidelerinizi b\u00fcy\u00fcd\u00fck\u00e7e tan\u0131mlaman\u0131za yard\u0131mc\u0131 olur.<\/span><\/p>\n<p style=\"line-height: 1.5\"><span style=\"font-family: 'PingFang SC', 'Microsoft YaHei', sans-serif\">Ba\u015far\u0131l\u0131 olun: Nas\u0131l Kullan\u0131l\u0131r - Muhte\u015fem bitkiler yeti\u015ftirebilmeniz i\u00e7in size ad\u0131m ad\u0131m yol g\u00f6steriyoruz.<\/span><\/p>\n<p style=\"line-height: 1.5\"><span style=\"font-family: 'PingFang SC', 'Microsoft YaHei', sans-serif\">Ne\u015fe yolunuzu dikin: sevin ya da paran\u0131z\u0131 geri al\u0131n! S\u00fcrecin herhangi bir y\u00f6n\u00fcyle ilgili zorluklarla kar\u015f\u0131la\u015f\u0131rsan\u0131z, l\u00fctfen bizimle ileti\u015fime ge\u00e7mekten \u00e7ekinmeyin. \u0130stedi\u011finiz sonu\u00e7lar\u0131 elde edene kadar size yard\u0131mc\u0131 olmaya kararl\u0131y\u0131z. Bununla birlikte, kitimiz i\u00e7in k\u00f6t\u00fc bir kalite varsa, paran\u0131z\u0131n 100%'sini size iade edece\u011fiz.<\/span><\/p>\n<h3 style=\"font-size: 19px;line-height: 1.5\"><span style=\"font-family: 'PingFang SC', 'Microsoft YaHei', sans-serif;font-size: 16px\">\u00d6nlemler:<\/span><\/h3>\n<p style=\"font-size: 16px;line-height: 1.5\"><span style=\"font-family: 'PingFang SC', 'Microsoft YaHei', sans-serif;font-size: 16px\">Saks\u0131 bitkilerinin yerle\u015fimini makul bir \u015fekilde d\u00fczenleyin<br \/>Y\u00f6nlendirme ve ayd\u0131nlatma konular\u0131nda genellikle herkesin baz\u0131 fikirleri vard\u0131r. Ancak ayn\u0131 g\u00fcne\u015f \u0131\u015f\u0131\u011f\u0131 alt\u0131nda bir araya getirildi\u011finde g\u00fcne\u015f \u0131\u015f\u0131\u011f\u0131n\u0131n e\u015fit olmayan da\u011f\u0131l\u0131m\u0131na gelince, bu ay\u0131rt edici bir g\u00f6z gerektirir.<br \/>Bazen bitkilerin \u00f6zellikleri nedeniyle, tohumlar ayn\u0131 anda ekilse bile, zaman ge\u00e7tik\u00e7e fidelerin baz\u0131lar\u0131 uzayabilir ve baz\u0131lar\u0131 hala \u00e7ok k\u0131sa olabilir, \u00f6rne\u011fin domates ve kiraz turpu, kiraz turpu Bitkinin boyu domatesi ge\u00e7meyecek, de\u011fil mi? O zaman saks\u0131da yan yana duran domatesler, \u00f6zellikle balkona dikildiklerinde kiraz turplar\u0131n\u0131n g\u00fcne\u015flenmesini engelleyebilir. \u00d6ndeki bitkiler arka s\u0131ray\u0131 kapat\u0131rsa, arka s\u0131ra kelimenin tam anlam\u0131yla hi\u00e7bir zaman do\u011frudan g\u00fcne\u015f \u0131\u015f\u0131\u011f\u0131 alamaz. Bu nedenle, saks\u0131lar\u0131n\u0131z\u0131n d\u00fczeninin bilimsel olup olmad\u0131\u011f\u0131n\u0131 her zaman kontrol edin. Ayn\u0131 \u0131\u015f\u0131k talebi alt\u0131nda bitkiler, ayn\u0131 g\u00fcne\u015f \u0131\u015f\u0131\u011f\u0131n\u0131 uyumlu bir \u015fekilde payla\u015fmalar\u0131n\u0131 sa\u011flamak i\u00e7in k\u0131sadan uzuna do\u011fru d\u00fczenlenmelidir.<br \/>Vanilya ve di\u011fer bitkiler a\u00e7\u0131k havada dikim i\u00e7in uygun olsa da, oda ayd\u0131nl\u0131k ve havadar ise, k\u00f6\u015feye birka\u00e7 saks\u0131 vanilya da yerle\u015ftirebilirsiniz, bu da oday\u0131 do\u011fal bir atmosferle doldurabilir ve ev atmosferini daha canl\u0131 hale getirebilir. Geceleri d\u0131\u015far\u0131 \u00e7\u0131kar\u0131n ve ertesi sabah i\u00e7eriye getirin, bu vanilyan\u0131n b\u00fcy\u00fcmesi i\u00e7in daha elveri\u015flidir.<br \/><\/span><\/p><\/p>","protected":false},"excerpt":{"rendered":"<p>Kad\u0131nlar ve Erkekler i\u00e7in Benzersiz Bah\u00e7ecilik Hediyeleri A\u015f\u00e7\u0131 - Mutfak Pencere Yeti\u015ftirme Seti + 9 Bitkiyi Kolayca Yeti\u015ftirme K\u0131lavuzu - Yemek Pi\u015firmek i\u00e7in En S\u0131rad\u0131\u015f\u0131 Do\u011fum G\u00fcn\u00fc Hediyesi<\/p>","protected":false},"featured_media":13096,"comment_status":"open","ping_status":"closed","template":"","meta":[],"product_cat":[50],"product_tag":[179,501,176,177,56,51,178],"acf":[],"_links":{"self":[{"href":"https:\/\/www.garden-kit.com\/tr\/wp-json\/wp\/v2\/product\/1476"}],"collection":[{"href":"https:\/\/www.garden-kit.com\/tr\/wp-json\/wp\/v2\/product"}],"about":[{"href":"https:\/\/www.garden-kit.com\/tr\/wp-json\/wp\/v2\/types\/product"}],"replies":[{"embeddable":true,"href":"https:\/\/www.garden-kit.com\/tr\/wp-json\/wp\/v2\/comments?post=1476"}],"wp:featuredmedia":[{"embeddable":true,"href":"https:\/\/www.garden-kit.com\/tr\/wp-json\/wp\/v2\/media\/13096"}],"wp:attachment":[{"href":"https:\/\/www.garden-kit.com\/tr\/wp-json\/wp\/v2\/media?parent=1476"}],"wp:term":[{"taxonomy":"product_cat","embeddable":true,"href":"https:\/\/www.garden-kit.com\/tr\/wp-json\/wp\/v2\/product_cat?post=1476"},{"taxonomy":"product_tag","embeddable":true,"href":"https:\/\/www.garden-kit.com\/tr\/wp-json\/wp\/v2\/product_tag?post=1476"}],"curies":[{"name":"wp","href":"https:\/\/api.w.org\/{rel}","templated":true}]}}