{"id":1485,"date":"2022-08-23T23:38:19","date_gmt":"2022-08-23T15:38:19","guid":{"rendered":"http:\/\/www.garden-kit.com\/product\/herb-garden-growing-kit\/"},"modified":"2023-04-03T11:37:14","modified_gmt":"2023-04-03T03:37:14","slug":"herb-garden-growing-kit","status":"publish","type":"product","link":"https:\/\/www.garden-kit.com\/tr\/product\/herb-garden-growing-kit\/","title":{"rendered":"Bitki Bah\u00e7esi Yeti\u015ftirme Kiti"},"content":{"rendered":"<p style=\"font-size: 16px\"><span style=\"font-family: arial, helvetica, sans-serif\">Bitki Bah\u00e7esi Yeti\u015ftirme Kiti - Komple Kit - Tohumlardan 4 \u0130\u00e7 Mekan Bitkisini (Fesle\u011fen, Ki\u015fni\u015f, Frenk So\u011fan\u0131 ve Maydanoz) Kolayca Yeti\u015ftirin ve Kapsaml\u0131 K\u0131lavuz - Kad\u0131nlar ve Erkekler i\u00e7in Benzersiz Bah\u00e7e Hediyeleri: Bitki Ba\u015flang\u0131\u00e7 Kiti Vanilya bitkileri, bu bitki t\u00fcr\u00fc e\u015fsiz bir kokuya sahiptir ve genellikle baharat yapma, baharat yapma veya u\u00e7ucu ya\u011flar\u0131 \u00e7\u0131karma i\u015flevlerine sahiptir.<\/span><br \/><span style=\"font-family: arial, helvetica, sans-serif\">\u00c7i\u00e7eklerle kar\u015f\u0131la\u015ft\u0131r\u0131ld\u0131\u011f\u0131nda, be\u011fenilebilir ve yenilebilirler ve pratiktirler. Sebzelerle kar\u015f\u0131la\u015ft\u0131r\u0131ld\u0131\u011f\u0131nda, g\u00fczel ve bak\u0131m\u0131 kolayd\u0131r ve ev dikimi i\u00e7in daha uygundurlar. Bitki bitkileri yabanc\u0131 \u00fclkelerde de \u00e7ok pop\u00fclerdir. Bir\u00e7ok aile ayd\u0131nl\u0131k mutfaklar\u0131na birka\u00e7 saks\u0131 bitki eker. Yemek pi\u015firirken sadece iki yaprak kopar\u0131n ve lezzetli yemekler pi\u015firmek i\u00e7in tencereye at\u0131n.<\/span><\/p>\n<h3 style=\"font-size: 19px\"><span style=\"font-family: arial, helvetica, sans-serif\">Genel Bak\u0131\u015f<\/span><\/h3>\n<table>\n<tbody>\n<tr>\n<td width=\"298\">\n<p style=\"font-size: 16px\">\u00dcr\u00fcn Bak\u0131m Talimatlar\u0131<\/p>\n<\/td>\n<td width=\"298\">\n<p style=\"font-size: 16px\">Mevcut<\/p>\n<\/td>\n<\/tr>\n<tr>\n<td width=\"298\">\n<p style=\"font-size: 16px\">Bitki \u00dcr\u00fcn Tipi<\/p>\n<\/td>\n<td width=\"298\">\n<p style=\"font-size: 16px\">Otlar<\/p>\n<\/td>\n<\/tr>\n<tr>\n<td width=\"298\">\n<p style=\"font-size: 16px\">\u00d6zel \u00f6zellik<\/p>\n<\/td>\n<td width=\"298\">\n<p style=\"font-size: 16px\">Kapal\u0131-A\u00e7\u0131k Yeti\u015ftirme<\/p>\n<\/td>\n<\/tr>\n<tr>\n<td width=\"298\">\n<p style=\"font-size: 16px\">Marka<\/p>\n<\/td>\n<td width=\"298\">\n<p style=\"font-size: 16px\">Bah\u00e7e Seti<\/p>\n<\/td>\n<\/tr>\n<tr>\n<td width=\"298\">\n<p style=\"font-size: 16px\">Anavatan<\/p>\n<\/td>\n<td width=\"298\">\n<p style=\"font-size: 16px\">Fujian, \u00c7in<\/p>\n<\/td>\n<\/tr>\n<tr>\n<td width=\"298\">\n<p style=\"font-size: 16px\">ODM\/OEM<\/p>\n<\/td>\n<td width=\"298\">\n<p style=\"font-size: 16px\">Mevcut<\/p>\n<\/td>\n<\/tr>\n<tr>\n<td width=\"298\">\n<p style=\"font-size: 16px\">\u00d6zelle\u015ftirilmi\u015f sipari\u015f i\u00e7in MOQ<\/p>\n<\/td>\n<td width=\"298\">\n<p style=\"font-size: 16px\">3000 adet<\/p>\n<\/td>\n<\/tr>\n<tr>\n<td width=\"298\">\n<p style=\"font-size: 16px\">\u00d6rnek maliyet<\/p>\n<\/td>\n<td width=\"298\">\n<p style=\"font-size: 16px\">US$400\/\u00d6rnek, bizden sipari\u015f verdikten sonra tam iade<\/p>\n<\/td>\n<\/tr>\n<\/tbody>\n<\/table>\n<p style=\"font-size: 16px;line-height: 1.5\"><span style=\"font-family: arial, helvetica, sans-serif\">Haz\u0131rlanan 18 Par\u00e7a \u0130\u00e7 Mekan Bitki Ba\u015flang\u0131\u00e7 Seti: Lezzetli \u015fifal\u0131 bitkiler yeti\u015ftirmenin keyfini sizin veya sevdi\u011finiz birinin hayat\u0131na ta\u015f\u0131mak i\u00e7in ihtiyac\u0131n\u0131z olan her \u015fey. \u00c7ok basit; tohumdan bitki yeti\u015ftirme konusundaki tahminlerimiz size yolun her ad\u0131m\u0131nda rehberlik ediyor. Dik! <\/span><br \/><span style=\"font-family: arial, helvetica, sans-serif\">Kit i\u00e7erisinde a\u015fa\u011f\u0131daki \u00fcr\u00fcnler bulunmaktad\u0131r. 4 bambu fiber saks\u0131 4 \u00f6nceden g\u00fcbrelenmi\u015f toprak dis 4 taze tohum paketi 4 bambu bitki i\u015faretleyici 1 nem \u00f6l\u00e7er 1 Ad\u0131m ad\u0131m dikim k\u0131lavuzu 1 \u00f6zelle\u015ftirilmi\u015f hediye kutusu Pot It: 4 yeniden kullan\u0131labilir saks\u0131 - fideler i\u00e7in do\u011fru boyutta, geni\u015f drenaj ve yenilik\u00e7i damlama tepsileri. Tasarruf edin ve yeniden kullan\u0131n. Dikim: 4 paket birinci s\u0131n\u0131f tohum - 4 farkl\u0131 bitki: fesle\u011fen, maydanoz, frenk so\u011fan\u0131 ve ki\u015fni\u015f. T\u00fcm tohumlar en y\u00fcksek \u00e7imlenme oranlar\u0131 i\u00e7in test edilmi\u015ftir. Besleyin: 4 adet besin a\u00e7\u0131s\u0131ndan zengin toprak diski - su ekledi\u011finizde orijinal boyutlar\u0131n\u0131n 6-8 kat\u0131na kadar \u015fi\u015feceklerdir. \u00d6n g\u00fcbreleme. Nem \u00d6l\u00e7er - Bitkileri Asla Fazla veya Az Suyun Alt\u0131nda B\u0131rakmay\u0131n! Bitkilerinizin ne kadar suya ihtiyac\u0131 oldu\u011funu \u015fimdi g\u00f6r\u00fcn. \u0130\u015faretleyin: 4 Bambu \u0130\u015faretleyici - \u0130\u015faretleyiciler fideleriniz b\u00fcy\u00fcrken onlar\u0131 tan\u0131mlaman\u0131za yard\u0131mc\u0131 olur. As! :Nas\u0131l Kullan\u0131l\u0131r - Muhte\u015fem bitkiler yeti\u015ftirebilmeniz i\u00e7in size ad\u0131m ad\u0131m yol g\u00f6steriyoruz. Ne\u015fe yolunuzu dikin: sevin ya da paran\u0131z\u0131 geri al\u0131n! S\u00fcrecin herhangi bir y\u00f6n\u00fcyle ilgili zorluklarla kar\u015f\u0131la\u015f\u0131rsan\u0131z, l\u00fctfen bizimle ileti\u015fime ge\u00e7mekten \u00e7ekinmeyin. \u0130stedi\u011finiz sonu\u00e7lar\u0131 elde edene kadar size yard\u0131mc\u0131 olmaya kararl\u0131y\u0131z.<\/span><\/p>\n<h3 style=\"font-size: 19px\"><span style=\"font-family: arial, helvetica, sans-serif\">Reyhan:<\/span><\/h3>\n<p style=\"font-size: 16px\"><span style=\"font-family: arial, helvetica, sans-serif;font-size: 16px\">\u00c7i\u00e7eklenme d\u00f6nemi: Temmuz - Ekim aras\u0131<\/span><br \/><span style=\"font-family: arial, helvetica, sans-serif;font-size: 16px\">Kategori: iki y\u0131ll\u0131k bitki<\/span><br \/><span style=\"font-family: arial, helvetica, sans-serif;font-size: 16px\">Aile: Lamiaceae<\/span><br \/><span style=\"font-family: arial, helvetica, sans-serif;font-size: 16px\">Al\u0131\u015fkanl\u0131klar: S\u0131cak ve g\u00fcne\u015fli yerleri severim, toprak verimli olmal\u0131 ve 20 derecenin alt\u0131nda \u00e7imlenmesi zordur<\/span><br \/><span style=\"font-family: arial, helvetica, sans-serif;font-size: 16px\">So\u011fuk direnci: zay\u0131f<\/span><br \/><span style=\"font-family: arial, helvetica, sans-serif;font-size: 16px\">Bitki boyu: 50~80cm<\/span><br \/><span style=\"font-family: arial, helvetica, sans-serif;font-size: 16px\">\u00c7o\u011faltma: ekim (orta boy tohumlara aittir, fide bloklar\u0131 veya delikli tepsilerle ekilebilir, delik ba\u015f\u0131na 2 tohum veya canl\u0131 yay\u0131n), \u00e7elikler<\/span><br \/><span style=\"font-family: arial, helvetica, sans-serif;font-size: 16px\">\u00c7imlenme i\u00e7in uygun s\u0131cakl\u0131k: 20~30 derece<\/span><br \/><span style=\"font-family: arial, helvetica, sans-serif;font-size: 16px\">\u00c7imlenme s\u00fcresi: 5~10 g\u00fcn<\/span><br \/><span style=\"font-family: arial, helvetica, sans-serif;font-size: 16px\">B\u00fcy\u00fcme i\u00e7in uygun s\u0131cakl\u0131k: 20~35 derece<\/span><\/p>\n<p style=\"font-size: 16px;line-height: 1.5\"><span style=\"font-family: arial, helvetica, sans-serif\">Tohum \u00e7imlenmesi i\u00e7in \u00fc\u00e7 temel ko\u015ful: s\u0131cakl\u0131k, \u0131\u015f\u0131k ve nem<\/span><br \/><span style=\"font-family: arial, helvetica, sans-serif\">S\u0131cakl\u0131k: Genel olarak vanilya tohumlar\u0131n\u0131n \u00e7imlenme s\u0131cakl\u0131\u011f\u0131 t\u00fcrlere g\u00f6re de\u011fi\u015fmekle birlikte 20-30 derece aras\u0131ndad\u0131r. \u00d6rne\u011fin lavantan\u0131n \u00e7imlenme s\u0131cakl\u0131\u011f\u0131 28-30 derecedir. Nane i\u00e7in ise 20-25 derecelerde olabilir.<\/span><br \/><span style=\"font-family: arial, helvetica, sans-serif\">Ayd\u0131nlatma: Tohum \u00e7imlenmesi i\u00e7in \u0131\u015f\u0131k gereksinimlerine g\u00f6re, \u00fc\u00e7 t\u00fcre ayr\u0131l\u0131r: iyi \u0131\u015f\u0131k, \u0131\u015f\u0131ktan ka\u00e7\u0131nan ve e\u015fzamanl\u0131 \u0131\u015f\u0131k. \u0130yi \u0131\u015f\u0131k, tohumlar\u0131n \u00e7imlenme i\u00e7in \u0131\u015f\u0131\u011fa maruz kalmas\u0131 gerekti\u011fi anlam\u0131na gelir ve \u0131\u015f\u0131ktan ka\u00e7\u0131nan, tohumlar\u0131n \u00e7imlenme i\u00e7in \u00f6rt\u00fclmesi gerekti\u011fi anlam\u0131na gelir. \u00c7imlenme ve fotofobi alt\u0131nda, tohumlar\u0131n \u00e7imlenmesinin \u0131\u015f\u0131k \u00fczerinde kat\u0131 gereksinimleri yoktur. Yayg\u0131n otlar genellikle \u0131\u015f\u0131ktan ka\u00e7\u0131nan tohumlard\u0131r. Yani, tohumlar\u0131n \u00e7imlenmek i\u00e7in \u0131\u015f\u0131\u011fa ihtiyac\u0131 yoktur.<\/span><br \/><span style=\"font-family: arial, helvetica, sans-serif\">Nem: \u00c7imlenme s\u00fcreci boyunca, tohumlar t\u00fcm \u00e7imlenme s\u00fcrecini tamamlamak i\u00e7in yeterli suya sahip olmal\u0131d\u0131r.<\/span><\/p>\n<h3 style=\"font-size: 19px;line-height: 1.5\"><span style=\"font-family: arial, helvetica, sans-serif\">Ekim sonras\u0131 y\u00f6netim:<\/span><\/h3>\n<p style=\"font-size: 16px;line-height: 1.5\"><span style=\"font-family: arial, helvetica, sans-serif\">Ekim i\u00e7in tohum kutusu do\u011frudan g\u00fcne\u015f \u0131\u015f\u0131\u011f\u0131 almayan serin bir yere yerle\u015ftirilmelidir. Kutu cam veya plastik bir bezle kapat\u0131labilir ve tohumlar \u00e7imlendikten sonra a\u00e7\u0131labilir. Karanl\u0131kta \u00e7imlenmesi gereken tohumlar\u0131n \u00fczeri bir kat siyah bez veya gazete ile \u00f6rt\u00fclebilir. Sulama, tohumlar\u0131n y\u0131kanmamas\u0131 i\u00e7in son derece dikkatli yap\u0131lmal\u0131d\u0131r.<\/span><\/p><\/p>","protected":false},"excerpt":{"rendered":"<p>Bitki Bah\u00e7esi Yeti\u015ftirme Seti - Komple Kit - Tohumlardan 4 \u0130\u00e7 Mekan Bitkisini Kolayca Yeti\u015ftirin (Fesle\u011fen, Ki\u015fni\u015f, Frenk So\u011fan\u0131 ve Maydanoz) ve Kapsaml\u0131 K\u0131lavuz - Kad\u0131nlar ve Erkekler i\u00e7in Benzersiz Bah\u00e7ecilik Hediyeleri: Bitki Ba\u015flang\u0131\u00e7 Seti<\/p>","protected":false},"featured_media":13349,"comment_status":"open","ping_status":"closed","template":"","meta":[],"product_cat":[50],"product_tag":[183,52,179,176,568,181,178],"acf":[],"_links":{"self":[{"href":"https:\/\/www.garden-kit.com\/tr\/wp-json\/wp\/v2\/product\/1485"}],"collection":[{"href":"https:\/\/www.garden-kit.com\/tr\/wp-json\/wp\/v2\/product"}],"about":[{"href":"https:\/\/www.garden-kit.com\/tr\/wp-json\/wp\/v2\/types\/product"}],"replies":[{"embeddable":true,"href":"https:\/\/www.garden-kit.com\/tr\/wp-json\/wp\/v2\/comments?post=1485"}],"wp:featuredmedia":[{"embeddable":true,"href":"https:\/\/www.garden-kit.com\/tr\/wp-json\/wp\/v2\/media\/13349"}],"wp:attachment":[{"href":"https:\/\/www.garden-kit.com\/tr\/wp-json\/wp\/v2\/media?parent=1485"}],"wp:term":[{"taxonomy":"product_cat","embeddable":true,"href":"https:\/\/www.garden-kit.com\/tr\/wp-json\/wp\/v2\/product_cat?post=1485"},{"taxonomy":"product_tag","embeddable":true,"href":"https:\/\/www.garden-kit.com\/tr\/wp-json\/wp\/v2\/product_tag?post=1485"}],"curies":[{"name":"wp","href":"https:\/\/api.w.org\/{rel}","templated":true}]}}